{"id":126841,"date":"2024-11-06T12:11:51","date_gmt":"2024-11-06T12:11:51","guid":{"rendered":"https:\/\/gloopbaby.com\/?post_type=product&#038;p=126841"},"modified":"2024-11-06T12:26:36","modified_gmt":"2024-11-06T12:26:36","slug":"manta-soft-grey-100x70cm","status":"publish","type":"product","link":"https:\/\/gloopbaby.com\/es\/producto\/outlet-es\/cama-outlet-es\/manta-soft-grey-100x70cm\/","title":{"rendered":"Manta Soft Grey 100x70cm"},"content":{"rendered":"<p>Con tela de pa\u00f1al, la manta gloop! de textura suave, es pr\u00e1ctica y c\u00f3moda. Es ideal para acompa\u00f1ar al beb\u00e9 en las noches de sue\u00f1o o durante el d\u00eda para sentirse c\u00f3modo. El exterior est\u00e1 hecho de nuestro tejido de algod\u00f3n org\u00e1nico 100% certificado y el interior de poli\u00e9ster. Fabricado en Portugal Tama\u00f1o: 100x70cm<\/p>\n","protected":false},"excerpt":{"rendered":"<p>Con tela de pa\u00f1al, la manta gloop! de textura suave, es pr\u00e1ctica y c\u00f3moda. Es ideal para acompa\u00f1ar al beb\u00e9 en las noches de sue\u00f1o o durante el d\u00eda para sentirse c\u00f3modo. El exterior est\u00e1 hecho de nuestro tejido de algod\u00f3n org\u00e1nico 100% certificado y el interior de poli\u00e9ster. Fabricado en Portugal Tama\u00f1o: 100x70cm<\/p>\n","protected":false},"featured_media":126852,"comment_status":"closed","ping_status":"closed","template":"","meta":{"_acf_changed":false},"product_brand":[],"product_cat":[1207,1206],"product_tag":[],"class_list":{"0":"post-126841","1":"product","2":"type-product","3":"status-publish","4":"has-post-thumbnail","6":"product_cat-cama-outlet-es","7":"product_cat-outlet-es","9":"first","10":"instock","11":"sale","12":"taxable","13":"shipping-taxable","14":"purchasable","15":"product-type-simple"},"acf":[],"yoast_head":"<!-- This site is optimized with the Yoast SEO plugin v27.3 - https:\/\/yoast.com\/product\/yoast-seo-wordpress\/ -->\n<title>Manta Soft Grey 100x70cm - Gloop Baby<\/title>\n<meta name=\"robots\" content=\"index, follow, max-snippet:-1, max-image-preview:large, max-video-preview:-1\" \/>\n<link rel=\"canonical\" href=\"https:\/\/gloopbaby.com\/es\/producto\/outlet-es\/cama-outlet-es\/manta-soft-grey-100x70cm\/\" \/>\n<meta property=\"og:locale\" content=\"es_ES\" \/>\n<meta property=\"og:type\" content=\"article\" \/>\n<meta property=\"og:title\" content=\"Manta Soft Grey 100x70cm - Gloop Baby\" \/>\n<meta property=\"og:description\" content=\"Con tela de pa\u00f1al, la manta gloop! de textura suave, es pr\u00e1ctica y c\u00f3moda. Es ideal para acompa\u00f1ar al beb\u00e9 en las noches de sue\u00f1o o durante el d\u00eda para sentirse c\u00f3modo. El exterior est\u00e1 hecho de nuestro tejido de algod\u00f3n org\u00e1nico 100% certificado y el interior de poli\u00e9ster. Fabricado en Portugal Tama\u00f1o: 100x70cm\" \/>\n<meta property=\"og:url\" content=\"https:\/\/gloopbaby.com\/es\/producto\/outlet-es\/cama-outlet-es\/manta-soft-grey-100x70cm\/\" \/>\n<meta property=\"og:site_name\" content=\"Gloop Baby\" \/>\n<meta property=\"article:modified_time\" content=\"2024-11-06T12:26:36+00:00\" \/>\n<meta property=\"og:image\" content=\"https:\/\/gloopbaby.com\/wp-content\/uploads\/2024\/11\/manta-18.jpg\" \/>\n\t<meta property=\"og:image:width\" content=\"600\" \/>\n\t<meta property=\"og:image:height\" content=\"900\" \/>\n\t<meta property=\"og:image:type\" content=\"image\/jpeg\" \/>\n<meta name=\"twitter:card\" content=\"summary_large_image\" \/>\n<script type=\"application\/ld+json\" class=\"yoast-schema-graph\">{\"@context\":\"https:\\\/\\\/schema.org\",\"@graph\":[{\"@type\":\"WebPage\",\"@id\":\"https:\\\/\\\/gloopbaby.com\\\/es\\\/producto\\\/outlet-es\\\/cama-outlet-es\\\/manta-soft-grey-100x70cm\\\/\",\"url\":\"https:\\\/\\\/gloopbaby.com\\\/es\\\/producto\\\/outlet-es\\\/cama-outlet-es\\\/manta-soft-grey-100x70cm\\\/\",\"name\":\"Manta Soft Grey 100x70cm - Gloop Baby\",\"isPartOf\":{\"@id\":\"https:\\\/\\\/gloopbaby.com\\\/es\\\/#website\"},\"primaryImageOfPage\":{\"@id\":\"https:\\\/\\\/gloopbaby.com\\\/es\\\/producto\\\/outlet-es\\\/cama-outlet-es\\\/manta-soft-grey-100x70cm\\\/#primaryimage\"},\"image\":{\"@id\":\"https:\\\/\\\/gloopbaby.com\\\/es\\\/producto\\\/outlet-es\\\/cama-outlet-es\\\/manta-soft-grey-100x70cm\\\/#primaryimage\"},\"thumbnailUrl\":\"https:\\\/\\\/gloopbaby.com\\\/wp-content\\\/uploads\\\/2024\\\/11\\\/manta-18.jpg\",\"datePublished\":\"2024-11-06T12:11:51+00:00\",\"dateModified\":\"2024-11-06T12:26:36+00:00\",\"breadcrumb\":{\"@id\":\"https:\\\/\\\/gloopbaby.com\\\/es\\\/producto\\\/outlet-es\\\/cama-outlet-es\\\/manta-soft-grey-100x70cm\\\/#breadcrumb\"},\"inLanguage\":\"es\",\"potentialAction\":[{\"@type\":\"ReadAction\",\"target\":[\"https:\\\/\\\/gloopbaby.com\\\/es\\\/producto\\\/outlet-es\\\/cama-outlet-es\\\/manta-soft-grey-100x70cm\\\/\"]}]},{\"@type\":\"ImageObject\",\"inLanguage\":\"es\",\"@id\":\"https:\\\/\\\/gloopbaby.com\\\/es\\\/producto\\\/outlet-es\\\/cama-outlet-es\\\/manta-soft-grey-100x70cm\\\/#primaryimage\",\"url\":\"https:\\\/\\\/gloopbaby.com\\\/wp-content\\\/uploads\\\/2024\\\/11\\\/manta-18.jpg\",\"contentUrl\":\"https:\\\/\\\/gloopbaby.com\\\/wp-content\\\/uploads\\\/2024\\\/11\\\/manta-18.jpg\",\"width\":600,\"height\":900},{\"@type\":\"BreadcrumbList\",\"@id\":\"https:\\\/\\\/gloopbaby.com\\\/es\\\/producto\\\/outlet-es\\\/cama-outlet-es\\\/manta-soft-grey-100x70cm\\\/#breadcrumb\",\"itemListElement\":[{\"@type\":\"ListItem\",\"position\":1,\"name\":\"In\u00edcio\",\"item\":\"https:\\\/\\\/gloopbaby.com\\\/es\\\/\"},{\"@type\":\"ListItem\",\"position\":2,\"name\":\"Shop\",\"item\":\"https:\\\/\\\/gloopbaby.com\\\/loja\\\/\"},{\"@type\":\"ListItem\",\"position\":3,\"name\":\"Manta Soft Grey 100x70cm\"}]},{\"@type\":\"WebSite\",\"@id\":\"https:\\\/\\\/gloopbaby.com\\\/es\\\/#website\",\"url\":\"https:\\\/\\\/gloopbaby.com\\\/es\\\/\",\"name\":\"Gloop Baby\",\"description\":\"\",\"publisher\":{\"@id\":\"https:\\\/\\\/gloopbaby.com\\\/es\\\/#organization\"},\"potentialAction\":[{\"@type\":\"SearchAction\",\"target\":{\"@type\":\"EntryPoint\",\"urlTemplate\":\"https:\\\/\\\/gloopbaby.com\\\/es\\\/?s={search_term_string}\"},\"query-input\":{\"@type\":\"PropertyValueSpecification\",\"valueRequired\":true,\"valueName\":\"search_term_string\"}}],\"inLanguage\":\"es\"},{\"@type\":\"Organization\",\"@id\":\"https:\\\/\\\/gloopbaby.com\\\/es\\\/#organization\",\"name\":\"Gloop Baby\",\"url\":\"https:\\\/\\\/gloopbaby.com\\\/es\\\/\",\"logo\":{\"@type\":\"ImageObject\",\"inLanguage\":\"es\",\"@id\":\"https:\\\/\\\/gloopbaby.com\\\/es\\\/#\\\/schema\\\/logo\\\/image\\\/\",\"url\":\"https:\\\/\\\/gloopbaby.com\\\/wp-content\\\/uploads\\\/2023\\\/06\\\/gloop-logo.svg\",\"contentUrl\":\"https:\\\/\\\/gloopbaby.com\\\/wp-content\\\/uploads\\\/2023\\\/06\\\/gloop-logo.svg\",\"width\":100,\"height\":100,\"caption\":\"Gloop Baby\"},\"image\":{\"@id\":\"https:\\\/\\\/gloopbaby.com\\\/es\\\/#\\\/schema\\\/logo\\\/image\\\/\"}}]}<\/script>\n<!-- \/ Yoast SEO plugin. -->","yoast_head_json":{"title":"Manta Soft Grey 100x70cm - Gloop Baby","robots":{"index":"index","follow":"follow","max-snippet":"max-snippet:-1","max-image-preview":"max-image-preview:large","max-video-preview":"max-video-preview:-1"},"canonical":"https:\/\/gloopbaby.com\/es\/producto\/outlet-es\/cama-outlet-es\/manta-soft-grey-100x70cm\/","og_locale":"es_ES","og_type":"article","og_title":"Manta Soft Grey 100x70cm - Gloop Baby","og_description":"Con tela de pa\u00f1al, la manta gloop! de textura suave, es pr\u00e1ctica y c\u00f3moda. Es ideal para acompa\u00f1ar al beb\u00e9 en las noches de sue\u00f1o o durante el d\u00eda para sentirse c\u00f3modo. El exterior est\u00e1 hecho de nuestro tejido de algod\u00f3n org\u00e1nico 100% certificado y el interior de poli\u00e9ster. Fabricado en Portugal Tama\u00f1o: 100x70cm","og_url":"https:\/\/gloopbaby.com\/es\/producto\/outlet-es\/cama-outlet-es\/manta-soft-grey-100x70cm\/","og_site_name":"Gloop Baby","article_modified_time":"2024-11-06T12:26:36+00:00","og_image":[{"width":600,"height":900,"url":"https:\/\/gloopbaby.com\/wp-content\/uploads\/2024\/11\/manta-18.jpg","type":"image\/jpeg"}],"twitter_card":"summary_large_image","schema":{"@context":"https:\/\/schema.org","@graph":[{"@type":"WebPage","@id":"https:\/\/gloopbaby.com\/es\/producto\/outlet-es\/cama-outlet-es\/manta-soft-grey-100x70cm\/","url":"https:\/\/gloopbaby.com\/es\/producto\/outlet-es\/cama-outlet-es\/manta-soft-grey-100x70cm\/","name":"Manta Soft Grey 100x70cm - Gloop Baby","isPartOf":{"@id":"https:\/\/gloopbaby.com\/es\/#website"},"primaryImageOfPage":{"@id":"https:\/\/gloopbaby.com\/es\/producto\/outlet-es\/cama-outlet-es\/manta-soft-grey-100x70cm\/#primaryimage"},"image":{"@id":"https:\/\/gloopbaby.com\/es\/producto\/outlet-es\/cama-outlet-es\/manta-soft-grey-100x70cm\/#primaryimage"},"thumbnailUrl":"https:\/\/gloopbaby.com\/wp-content\/uploads\/2024\/11\/manta-18.jpg","datePublished":"2024-11-06T12:11:51+00:00","dateModified":"2024-11-06T12:26:36+00:00","breadcrumb":{"@id":"https:\/\/gloopbaby.com\/es\/producto\/outlet-es\/cama-outlet-es\/manta-soft-grey-100x70cm\/#breadcrumb"},"inLanguage":"es","potentialAction":[{"@type":"ReadAction","target":["https:\/\/gloopbaby.com\/es\/producto\/outlet-es\/cama-outlet-es\/manta-soft-grey-100x70cm\/"]}]},{"@type":"ImageObject","inLanguage":"es","@id":"https:\/\/gloopbaby.com\/es\/producto\/outlet-es\/cama-outlet-es\/manta-soft-grey-100x70cm\/#primaryimage","url":"https:\/\/gloopbaby.com\/wp-content\/uploads\/2024\/11\/manta-18.jpg","contentUrl":"https:\/\/gloopbaby.com\/wp-content\/uploads\/2024\/11\/manta-18.jpg","width":600,"height":900},{"@type":"BreadcrumbList","@id":"https:\/\/gloopbaby.com\/es\/producto\/outlet-es\/cama-outlet-es\/manta-soft-grey-100x70cm\/#breadcrumb","itemListElement":[{"@type":"ListItem","position":1,"name":"In\u00edcio","item":"https:\/\/gloopbaby.com\/es\/"},{"@type":"ListItem","position":2,"name":"Shop","item":"https:\/\/gloopbaby.com\/loja\/"},{"@type":"ListItem","position":3,"name":"Manta Soft Grey 100x70cm"}]},{"@type":"WebSite","@id":"https:\/\/gloopbaby.com\/es\/#website","url":"https:\/\/gloopbaby.com\/es\/","name":"Gloop Baby","description":"","publisher":{"@id":"https:\/\/gloopbaby.com\/es\/#organization"},"potentialAction":[{"@type":"SearchAction","target":{"@type":"EntryPoint","urlTemplate":"https:\/\/gloopbaby.com\/es\/?s={search_term_string}"},"query-input":{"@type":"PropertyValueSpecification","valueRequired":true,"valueName":"search_term_string"}}],"inLanguage":"es"},{"@type":"Organization","@id":"https:\/\/gloopbaby.com\/es\/#organization","name":"Gloop Baby","url":"https:\/\/gloopbaby.com\/es\/","logo":{"@type":"ImageObject","inLanguage":"es","@id":"https:\/\/gloopbaby.com\/es\/#\/schema\/logo\/image\/","url":"https:\/\/gloopbaby.com\/wp-content\/uploads\/2023\/06\/gloop-logo.svg","contentUrl":"https:\/\/gloopbaby.com\/wp-content\/uploads\/2023\/06\/gloop-logo.svg","width":100,"height":100,"caption":"Gloop Baby"},"image":{"@id":"https:\/\/gloopbaby.com\/es\/#\/schema\/logo\/image\/"}}]}},"_links":{"self":[{"href":"https:\/\/gloopbaby.com\/es\/wp-json\/wp\/v2\/product\/126841","targetHints":{"allow":["GET"]}}],"collection":[{"href":"https:\/\/gloopbaby.com\/es\/wp-json\/wp\/v2\/product"}],"about":[{"href":"https:\/\/gloopbaby.com\/es\/wp-json\/wp\/v2\/types\/product"}],"replies":[{"embeddable":true,"href":"https:\/\/gloopbaby.com\/es\/wp-json\/wp\/v2\/comments?post=126841"}],"wp:featuredmedia":[{"embeddable":true,"href":"https:\/\/gloopbaby.com\/es\/wp-json\/wp\/v2\/media\/126852"}],"wp:attachment":[{"href":"https:\/\/gloopbaby.com\/es\/wp-json\/wp\/v2\/media?parent=126841"}],"wp:term":[{"taxonomy":"product_brand","embeddable":true,"href":"https:\/\/gloopbaby.com\/es\/wp-json\/wp\/v2\/product_brand?post=126841"},{"taxonomy":"product_cat","embeddable":true,"href":"https:\/\/gloopbaby.com\/es\/wp-json\/wp\/v2\/product_cat?post=126841"},{"taxonomy":"product_tag","embeddable":true,"href":"https:\/\/gloopbaby.com\/es\/wp-json\/wp\/v2\/product_tag?post=126841"}],"curies":[{"name":"wp","href":"https:\/\/api.w.org\/{rel}","templated":true}]}}