{"id":123094,"date":"2024-09-16T14:58:57","date_gmt":"2024-09-16T14:58:57","guid":{"rendered":"https:\/\/gloopbaby.com\/?post_type=product&#038;p=123094"},"modified":"2024-10-25T07:45:48","modified_gmt":"2024-10-25T07:45:48","slug":"babero-xl-little-deer","status":"publish","type":"product","link":"https:\/\/gloopbaby.com\/es\/producto\/outlet-es\/baberos-es\/babero-xl-little-deer\/","title":{"rendered":"Babero XL Little Deer"},"content":{"rendered":"<p>Babero suave, pr\u00e1ctico y s\u00faper absorbente que facilitar\u00e1 la alimentaci\u00f3n de su beb\u00e9. 100% algod\u00f3n org\u00e1nico y fabricado en Portugal. Tama\u00f1o: 40x25cm<\/p>\n","protected":false},"excerpt":{"rendered":"<p>Babero suave, pr\u00e1ctico y s\u00faper absorbente que facilitar\u00e1 la alimentaci\u00f3n de su beb\u00e9. 100% algod\u00f3n org\u00e1nico y fabricado en Portugal. Tama\u00f1o: 40x25cm<\/p>\n","protected":false},"featured_media":125840,"comment_status":"closed","ping_status":"closed","template":"","meta":{"_acf_changed":false},"product_brand":[],"product_cat":[1213,1206],"product_tag":[],"class_list":{"0":"post-123094","1":"product","2":"type-product","3":"status-publish","4":"has-post-thumbnail","6":"product_cat-baberos-es","7":"product_cat-outlet-es","9":"first","10":"instock","11":"sale","12":"taxable","13":"shipping-taxable","14":"purchasable","15":"product-type-simple"},"acf":[],"yoast_head":"<!-- This site is optimized with the Yoast SEO plugin v27.3 - https:\/\/yoast.com\/product\/yoast-seo-wordpress\/ -->\n<title>Babero XL Little Deer - Gloop Baby<\/title>\n<meta name=\"robots\" content=\"index, follow, max-snippet:-1, max-image-preview:large, max-video-preview:-1\" \/>\n<link rel=\"canonical\" href=\"https:\/\/gloopbaby.com\/es\/producto\/outlet-es\/baberos-es\/babero-xl-little-deer\/\" \/>\n<meta property=\"og:locale\" content=\"es_ES\" \/>\n<meta property=\"og:type\" content=\"article\" \/>\n<meta property=\"og:title\" content=\"Babero XL Little Deer - Gloop Baby\" \/>\n<meta property=\"og:description\" content=\"Babero suave, pr\u00e1ctico y s\u00faper absorbente que facilitar\u00e1 la alimentaci\u00f3n de su beb\u00e9. 100% algod\u00f3n org\u00e1nico y fabricado en Portugal. Tama\u00f1o: 40x25cm\" \/>\n<meta property=\"og:url\" content=\"https:\/\/gloopbaby.com\/es\/producto\/outlet-es\/baberos-es\/babero-xl-little-deer\/\" \/>\n<meta property=\"og:site_name\" content=\"Gloop Baby\" \/>\n<meta property=\"article:modified_time\" content=\"2024-10-25T07:45:48+00:00\" \/>\n<meta property=\"og:image\" content=\"https:\/\/gloopbaby.com\/wp-content\/uploads\/2024\/09\/babete-xl-54.jpg\" \/>\n\t<meta property=\"og:image:width\" content=\"600\" \/>\n\t<meta property=\"og:image:height\" content=\"900\" \/>\n\t<meta property=\"og:image:type\" content=\"image\/jpeg\" \/>\n<meta name=\"twitter:card\" content=\"summary_large_image\" \/>\n<script type=\"application\/ld+json\" class=\"yoast-schema-graph\">{\"@context\":\"https:\\\/\\\/schema.org\",\"@graph\":[{\"@type\":\"WebPage\",\"@id\":\"https:\\\/\\\/gloopbaby.com\\\/es\\\/producto\\\/outlet-es\\\/baberos-es\\\/babero-xl-little-deer\\\/\",\"url\":\"https:\\\/\\\/gloopbaby.com\\\/es\\\/producto\\\/outlet-es\\\/baberos-es\\\/babero-xl-little-deer\\\/\",\"name\":\"Babero XL Little Deer - Gloop Baby\",\"isPartOf\":{\"@id\":\"https:\\\/\\\/gloopbaby.com\\\/es\\\/#website\"},\"primaryImageOfPage\":{\"@id\":\"https:\\\/\\\/gloopbaby.com\\\/es\\\/producto\\\/outlet-es\\\/baberos-es\\\/babero-xl-little-deer\\\/#primaryimage\"},\"image\":{\"@id\":\"https:\\\/\\\/gloopbaby.com\\\/es\\\/producto\\\/outlet-es\\\/baberos-es\\\/babero-xl-little-deer\\\/#primaryimage\"},\"thumbnailUrl\":\"https:\\\/\\\/gloopbaby.com\\\/wp-content\\\/uploads\\\/2024\\\/09\\\/babete-xl-54.jpg\",\"datePublished\":\"2024-09-16T14:58:57+00:00\",\"dateModified\":\"2024-10-25T07:45:48+00:00\",\"breadcrumb\":{\"@id\":\"https:\\\/\\\/gloopbaby.com\\\/es\\\/producto\\\/outlet-es\\\/baberos-es\\\/babero-xl-little-deer\\\/#breadcrumb\"},\"inLanguage\":\"es\",\"potentialAction\":[{\"@type\":\"ReadAction\",\"target\":[\"https:\\\/\\\/gloopbaby.com\\\/es\\\/producto\\\/outlet-es\\\/baberos-es\\\/babero-xl-little-deer\\\/\"]}]},{\"@type\":\"ImageObject\",\"inLanguage\":\"es\",\"@id\":\"https:\\\/\\\/gloopbaby.com\\\/es\\\/producto\\\/outlet-es\\\/baberos-es\\\/babero-xl-little-deer\\\/#primaryimage\",\"url\":\"https:\\\/\\\/gloopbaby.com\\\/wp-content\\\/uploads\\\/2024\\\/09\\\/babete-xl-54.jpg\",\"contentUrl\":\"https:\\\/\\\/gloopbaby.com\\\/wp-content\\\/uploads\\\/2024\\\/09\\\/babete-xl-54.jpg\",\"width\":600,\"height\":900,\"caption\":\"babete xl beb\u00e9 em algod\u00e3o org\u00e2nico Colorful stars\"},{\"@type\":\"BreadcrumbList\",\"@id\":\"https:\\\/\\\/gloopbaby.com\\\/es\\\/producto\\\/outlet-es\\\/baberos-es\\\/babero-xl-little-deer\\\/#breadcrumb\",\"itemListElement\":[{\"@type\":\"ListItem\",\"position\":1,\"name\":\"In\u00edcio\",\"item\":\"https:\\\/\\\/gloopbaby.com\\\/es\\\/\"},{\"@type\":\"ListItem\",\"position\":2,\"name\":\"Shop\",\"item\":\"https:\\\/\\\/gloopbaby.com\\\/loja\\\/\"},{\"@type\":\"ListItem\",\"position\":3,\"name\":\"Babero XL Little Deer\"}]},{\"@type\":\"WebSite\",\"@id\":\"https:\\\/\\\/gloopbaby.com\\\/es\\\/#website\",\"url\":\"https:\\\/\\\/gloopbaby.com\\\/es\\\/\",\"name\":\"Gloop Baby\",\"description\":\"\",\"publisher\":{\"@id\":\"https:\\\/\\\/gloopbaby.com\\\/es\\\/#organization\"},\"potentialAction\":[{\"@type\":\"SearchAction\",\"target\":{\"@type\":\"EntryPoint\",\"urlTemplate\":\"https:\\\/\\\/gloopbaby.com\\\/es\\\/?s={search_term_string}\"},\"query-input\":{\"@type\":\"PropertyValueSpecification\",\"valueRequired\":true,\"valueName\":\"search_term_string\"}}],\"inLanguage\":\"es\"},{\"@type\":\"Organization\",\"@id\":\"https:\\\/\\\/gloopbaby.com\\\/es\\\/#organization\",\"name\":\"Gloop Baby\",\"url\":\"https:\\\/\\\/gloopbaby.com\\\/es\\\/\",\"logo\":{\"@type\":\"ImageObject\",\"inLanguage\":\"es\",\"@id\":\"https:\\\/\\\/gloopbaby.com\\\/es\\\/#\\\/schema\\\/logo\\\/image\\\/\",\"url\":\"https:\\\/\\\/gloopbaby.com\\\/wp-content\\\/uploads\\\/2023\\\/06\\\/gloop-logo.svg\",\"contentUrl\":\"https:\\\/\\\/gloopbaby.com\\\/wp-content\\\/uploads\\\/2023\\\/06\\\/gloop-logo.svg\",\"width\":100,\"height\":100,\"caption\":\"Gloop Baby\"},\"image\":{\"@id\":\"https:\\\/\\\/gloopbaby.com\\\/es\\\/#\\\/schema\\\/logo\\\/image\\\/\"}}]}<\/script>\n<!-- \/ Yoast SEO plugin. -->","yoast_head_json":{"title":"Babero XL Little Deer - Gloop Baby","robots":{"index":"index","follow":"follow","max-snippet":"max-snippet:-1","max-image-preview":"max-image-preview:large","max-video-preview":"max-video-preview:-1"},"canonical":"https:\/\/gloopbaby.com\/es\/producto\/outlet-es\/baberos-es\/babero-xl-little-deer\/","og_locale":"es_ES","og_type":"article","og_title":"Babero XL Little Deer - Gloop Baby","og_description":"Babero suave, pr\u00e1ctico y s\u00faper absorbente que facilitar\u00e1 la alimentaci\u00f3n de su beb\u00e9. 100% algod\u00f3n org\u00e1nico y fabricado en Portugal. Tama\u00f1o: 40x25cm","og_url":"https:\/\/gloopbaby.com\/es\/producto\/outlet-es\/baberos-es\/babero-xl-little-deer\/","og_site_name":"Gloop Baby","article_modified_time":"2024-10-25T07:45:48+00:00","og_image":[{"width":600,"height":900,"url":"https:\/\/gloopbaby.com\/wp-content\/uploads\/2024\/09\/babete-xl-54.jpg","type":"image\/jpeg"}],"twitter_card":"summary_large_image","schema":{"@context":"https:\/\/schema.org","@graph":[{"@type":"WebPage","@id":"https:\/\/gloopbaby.com\/es\/producto\/outlet-es\/baberos-es\/babero-xl-little-deer\/","url":"https:\/\/gloopbaby.com\/es\/producto\/outlet-es\/baberos-es\/babero-xl-little-deer\/","name":"Babero XL Little Deer - Gloop Baby","isPartOf":{"@id":"https:\/\/gloopbaby.com\/es\/#website"},"primaryImageOfPage":{"@id":"https:\/\/gloopbaby.com\/es\/producto\/outlet-es\/baberos-es\/babero-xl-little-deer\/#primaryimage"},"image":{"@id":"https:\/\/gloopbaby.com\/es\/producto\/outlet-es\/baberos-es\/babero-xl-little-deer\/#primaryimage"},"thumbnailUrl":"https:\/\/gloopbaby.com\/wp-content\/uploads\/2024\/09\/babete-xl-54.jpg","datePublished":"2024-09-16T14:58:57+00:00","dateModified":"2024-10-25T07:45:48+00:00","breadcrumb":{"@id":"https:\/\/gloopbaby.com\/es\/producto\/outlet-es\/baberos-es\/babero-xl-little-deer\/#breadcrumb"},"inLanguage":"es","potentialAction":[{"@type":"ReadAction","target":["https:\/\/gloopbaby.com\/es\/producto\/outlet-es\/baberos-es\/babero-xl-little-deer\/"]}]},{"@type":"ImageObject","inLanguage":"es","@id":"https:\/\/gloopbaby.com\/es\/producto\/outlet-es\/baberos-es\/babero-xl-little-deer\/#primaryimage","url":"https:\/\/gloopbaby.com\/wp-content\/uploads\/2024\/09\/babete-xl-54.jpg","contentUrl":"https:\/\/gloopbaby.com\/wp-content\/uploads\/2024\/09\/babete-xl-54.jpg","width":600,"height":900,"caption":"babete xl beb\u00e9 em algod\u00e3o org\u00e2nico Colorful stars"},{"@type":"BreadcrumbList","@id":"https:\/\/gloopbaby.com\/es\/producto\/outlet-es\/baberos-es\/babero-xl-little-deer\/#breadcrumb","itemListElement":[{"@type":"ListItem","position":1,"name":"In\u00edcio","item":"https:\/\/gloopbaby.com\/es\/"},{"@type":"ListItem","position":2,"name":"Shop","item":"https:\/\/gloopbaby.com\/loja\/"},{"@type":"ListItem","position":3,"name":"Babero XL Little Deer"}]},{"@type":"WebSite","@id":"https:\/\/gloopbaby.com\/es\/#website","url":"https:\/\/gloopbaby.com\/es\/","name":"Gloop Baby","description":"","publisher":{"@id":"https:\/\/gloopbaby.com\/es\/#organization"},"potentialAction":[{"@type":"SearchAction","target":{"@type":"EntryPoint","urlTemplate":"https:\/\/gloopbaby.com\/es\/?s={search_term_string}"},"query-input":{"@type":"PropertyValueSpecification","valueRequired":true,"valueName":"search_term_string"}}],"inLanguage":"es"},{"@type":"Organization","@id":"https:\/\/gloopbaby.com\/es\/#organization","name":"Gloop Baby","url":"https:\/\/gloopbaby.com\/es\/","logo":{"@type":"ImageObject","inLanguage":"es","@id":"https:\/\/gloopbaby.com\/es\/#\/schema\/logo\/image\/","url":"https:\/\/gloopbaby.com\/wp-content\/uploads\/2023\/06\/gloop-logo.svg","contentUrl":"https:\/\/gloopbaby.com\/wp-content\/uploads\/2023\/06\/gloop-logo.svg","width":100,"height":100,"caption":"Gloop Baby"},"image":{"@id":"https:\/\/gloopbaby.com\/es\/#\/schema\/logo\/image\/"}}]}},"_links":{"self":[{"href":"https:\/\/gloopbaby.com\/es\/wp-json\/wp\/v2\/product\/123094","targetHints":{"allow":["GET"]}}],"collection":[{"href":"https:\/\/gloopbaby.com\/es\/wp-json\/wp\/v2\/product"}],"about":[{"href":"https:\/\/gloopbaby.com\/es\/wp-json\/wp\/v2\/types\/product"}],"replies":[{"embeddable":true,"href":"https:\/\/gloopbaby.com\/es\/wp-json\/wp\/v2\/comments?post=123094"}],"wp:featuredmedia":[{"embeddable":true,"href":"https:\/\/gloopbaby.com\/es\/wp-json\/wp\/v2\/media\/125840"}],"wp:attachment":[{"href":"https:\/\/gloopbaby.com\/es\/wp-json\/wp\/v2\/media?parent=123094"}],"wp:term":[{"taxonomy":"product_brand","embeddable":true,"href":"https:\/\/gloopbaby.com\/es\/wp-json\/wp\/v2\/product_brand?post=123094"},{"taxonomy":"product_cat","embeddable":true,"href":"https:\/\/gloopbaby.com\/es\/wp-json\/wp\/v2\/product_cat?post=123094"},{"taxonomy":"product_tag","embeddable":true,"href":"https:\/\/gloopbaby.com\/es\/wp-json\/wp\/v2\/product_tag?post=123094"}],"curies":[{"name":"wp","href":"https:\/\/api.w.org\/{rel}","templated":true}]}}