{"id":108758,"date":"2024-02-22T16:36:08","date_gmt":"2024-02-22T16:36:08","guid":{"rendered":"https:\/\/gloopbaby.com\/?post_type=product&#038;p=108758"},"modified":"2025-10-02T15:42:41","modified_gmt":"2025-10-02T15:42:41","slug":"babygrow-zebra","status":"publish","type":"product","link":"https:\/\/gloopbaby.com\/es\/producto\/collections-es\/zebra-es\/babygrow-zebra\/","title":{"rendered":"Babygrow Invierno Zebra"},"content":{"rendered":"<p>Acogedor, c\u00e1lido y pr\u00e1ctico, el babygrow de invierno gloop! est\u00e1 dise\u00f1ado para una comodidad perfecta para tu beb\u00e9. Babygrow de manga larga con cuello laminado 100% algod\u00f3n org\u00e1nico. Muelles de presi\u00f3n en la parte delantera y patas. 100% algod\u00f3n org\u00e1nico y fabricado en Portugal. Tama\u00f1o: 0 meses (50cm-55cm) | 1-3 meses (55cm-62cm) | 3-6 meses (62cm-68cm) | 6-9 meses (68cm-74cm).<\/p>\n","protected":false},"excerpt":{"rendered":"<p>Acogedor, c\u00e1lido y pr\u00e1ctico, el babygrow de invierno gloop! est\u00e1 dise\u00f1ado para una comodidad perfecta para tu beb\u00e9. Babygrow de manga larga con cuello laminado 100% algod\u00f3n org\u00e1nico. Muelles de presi\u00f3n en la parte delantera y patas. 100% algod\u00f3n org\u00e1nico y fabricado en Portugal. Tama\u00f1o: 0 meses (50cm-55cm) | 1-3 meses (55cm-62cm) | 3-6 meses [&hellip;]<\/p>\n","protected":false},"featured_media":109069,"comment_status":"closed","ping_status":"closed","template":"","meta":{"_acf_changed":false},"product_brand":[],"product_cat":[1225,1258,1339,1216,1696],"product_tag":[],"class_list":{"0":"post-108758","1":"product","2":"type-product","3":"status-publish","4":"has-post-thumbnail","6":"product_cat-babygrow-es","7":"product_cat-babygrow-invierno","8":"product_cat-collections-es","9":"product_cat-clothing-es","10":"product_cat-zebra-es","12":"first","13":"instock","14":"taxable","15":"shipping-taxable","16":"purchasable","17":"product-type-variable"},"acf":[],"yoast_head":"<!-- This site is optimized with the Yoast SEO plugin v27.3 - https:\/\/yoast.com\/product\/yoast-seo-wordpress\/ -->\n<title>Babygrow Invierno Zebra de algod\u00f3n org\u00e1nico | Productos beb\u00e9 - Gloop Baby<\/title>\n<meta name=\"description\" content=\"Acogedor y pr\u00e1ctico, el babygrow de invierno gloop! ideal para tu beb\u00e9. Babygrow de manga larga con cuello laminado 100% algod\u00f3n org\u00e1nico.\" \/>\n<meta name=\"robots\" content=\"index, follow, max-snippet:-1, max-image-preview:large, max-video-preview:-1\" \/>\n<link rel=\"canonical\" href=\"https:\/\/gloopbaby.com\/es\/producto\/collections-es\/zebra-es\/babygrow-zebra\/\" \/>\n<meta property=\"og:locale\" content=\"es_ES\" \/>\n<meta property=\"og:type\" content=\"article\" \/>\n<meta property=\"og:title\" content=\"Babygrow Invierno Zebra de algod\u00f3n org\u00e1nico | Productos beb\u00e9 - Gloop Baby\" \/>\n<meta property=\"og:description\" content=\"Acogedor y pr\u00e1ctico, el babygrow de invierno gloop! ideal para tu beb\u00e9. Babygrow de manga larga con cuello laminado 100% algod\u00f3n org\u00e1nico.\" \/>\n<meta property=\"og:url\" content=\"https:\/\/gloopbaby.com\/es\/producto\/collections-es\/zebra-es\/babygrow-zebra\/\" \/>\n<meta property=\"og:site_name\" content=\"Gloop Baby\" \/>\n<meta property=\"article:modified_time\" content=\"2025-10-02T15:42:41+00:00\" \/>\n<meta property=\"og:image\" content=\"https:\/\/gloopbaby.com\/wp-content\/uploads\/2024\/02\/Gloop-SS24-0463-jpg.webp\" \/>\n\t<meta property=\"og:image:width\" content=\"1075\" \/>\n\t<meta property=\"og:image:height\" content=\"1613\" \/>\n\t<meta property=\"og:image:type\" content=\"image\/jpeg\" \/>\n<meta name=\"twitter:card\" content=\"summary_large_image\" \/>\n<meta name=\"twitter:label1\" content=\"Tiempo de lectura\" \/>\n\t<meta name=\"twitter:data1\" content=\"1 minuto\" \/>\n<script type=\"application\/ld+json\" class=\"yoast-schema-graph\">{\"@context\":\"https:\\\/\\\/schema.org\",\"@graph\":[{\"@type\":\"WebPage\",\"@id\":\"https:\\\/\\\/gloopbaby.com\\\/es\\\/producto\\\/collections-es\\\/zebra-es\\\/babygrow-zebra\\\/\",\"url\":\"https:\\\/\\\/gloopbaby.com\\\/es\\\/producto\\\/collections-es\\\/zebra-es\\\/babygrow-zebra\\\/\",\"name\":\"Babygrow Invierno Zebra de algod\u00f3n org\u00e1nico | Productos beb\u00e9 - Gloop Baby\",\"isPartOf\":{\"@id\":\"https:\\\/\\\/gloopbaby.com\\\/es\\\/#website\"},\"primaryImageOfPage\":{\"@id\":\"https:\\\/\\\/gloopbaby.com\\\/es\\\/producto\\\/collections-es\\\/zebra-es\\\/babygrow-zebra\\\/#primaryimage\"},\"image\":{\"@id\":\"https:\\\/\\\/gloopbaby.com\\\/es\\\/producto\\\/collections-es\\\/zebra-es\\\/babygrow-zebra\\\/#primaryimage\"},\"thumbnailUrl\":\"https:\\\/\\\/gloopbaby.com\\\/wp-content\\\/uploads\\\/2024\\\/02\\\/Gloop-SS24-0463-jpg.webp\",\"datePublished\":\"2024-02-22T16:36:08+00:00\",\"dateModified\":\"2025-10-02T15:42:41+00:00\",\"description\":\"Acogedor y pr\u00e1ctico, el babygrow de invierno gloop! ideal para tu beb\u00e9. Babygrow de manga larga con cuello laminado 100% algod\u00f3n org\u00e1nico.\",\"breadcrumb\":{\"@id\":\"https:\\\/\\\/gloopbaby.com\\\/es\\\/producto\\\/collections-es\\\/zebra-es\\\/babygrow-zebra\\\/#breadcrumb\"},\"inLanguage\":\"es\",\"potentialAction\":[{\"@type\":\"ReadAction\",\"target\":[\"https:\\\/\\\/gloopbaby.com\\\/es\\\/producto\\\/collections-es\\\/zebra-es\\\/babygrow-zebra\\\/\"]}]},{\"@type\":\"ImageObject\",\"inLanguage\":\"es\",\"@id\":\"https:\\\/\\\/gloopbaby.com\\\/es\\\/producto\\\/collections-es\\\/zebra-es\\\/babygrow-zebra\\\/#primaryimage\",\"url\":\"https:\\\/\\\/gloopbaby.com\\\/wp-content\\\/uploads\\\/2024\\\/02\\\/Gloop-SS24-0463-jpg.webp\",\"contentUrl\":\"https:\\\/\\\/gloopbaby.com\\\/wp-content\\\/uploads\\\/2024\\\/02\\\/Gloop-SS24-0463-jpg.webp\",\"width\":1075,\"height\":1613,\"caption\":\"Babygrow inverno em algod\u00e3o org\u00e2nico zebra\"},{\"@type\":\"BreadcrumbList\",\"@id\":\"https:\\\/\\\/gloopbaby.com\\\/es\\\/producto\\\/collections-es\\\/zebra-es\\\/babygrow-zebra\\\/#breadcrumb\",\"itemListElement\":[{\"@type\":\"ListItem\",\"position\":1,\"name\":\"In\u00edcio\",\"item\":\"https:\\\/\\\/gloopbaby.com\\\/es\\\/\"},{\"@type\":\"ListItem\",\"position\":2,\"name\":\"Shop\",\"item\":\"https:\\\/\\\/gloopbaby.com\\\/loja\\\/\"},{\"@type\":\"ListItem\",\"position\":3,\"name\":\"Babygrow Invierno Zebra\"}]},{\"@type\":\"WebSite\",\"@id\":\"https:\\\/\\\/gloopbaby.com\\\/es\\\/#website\",\"url\":\"https:\\\/\\\/gloopbaby.com\\\/es\\\/\",\"name\":\"Gloop Baby\",\"description\":\"\",\"publisher\":{\"@id\":\"https:\\\/\\\/gloopbaby.com\\\/es\\\/#organization\"},\"potentialAction\":[{\"@type\":\"SearchAction\",\"target\":{\"@type\":\"EntryPoint\",\"urlTemplate\":\"https:\\\/\\\/gloopbaby.com\\\/es\\\/?s={search_term_string}\"},\"query-input\":{\"@type\":\"PropertyValueSpecification\",\"valueRequired\":true,\"valueName\":\"search_term_string\"}}],\"inLanguage\":\"es\"},{\"@type\":\"Organization\",\"@id\":\"https:\\\/\\\/gloopbaby.com\\\/es\\\/#organization\",\"name\":\"Gloop Baby\",\"url\":\"https:\\\/\\\/gloopbaby.com\\\/es\\\/\",\"logo\":{\"@type\":\"ImageObject\",\"inLanguage\":\"es\",\"@id\":\"https:\\\/\\\/gloopbaby.com\\\/es\\\/#\\\/schema\\\/logo\\\/image\\\/\",\"url\":\"https:\\\/\\\/gloopbaby.com\\\/wp-content\\\/uploads\\\/2023\\\/06\\\/gloop-logo.svg\",\"contentUrl\":\"https:\\\/\\\/gloopbaby.com\\\/wp-content\\\/uploads\\\/2023\\\/06\\\/gloop-logo.svg\",\"width\":100,\"height\":100,\"caption\":\"Gloop Baby\"},\"image\":{\"@id\":\"https:\\\/\\\/gloopbaby.com\\\/es\\\/#\\\/schema\\\/logo\\\/image\\\/\"}}]}<\/script>\n<!-- \/ Yoast SEO plugin. -->","yoast_head_json":{"title":"Babygrow Invierno Zebra de algod\u00f3n org\u00e1nico | Productos beb\u00e9 - Gloop Baby","description":"Acogedor y pr\u00e1ctico, el babygrow de invierno gloop! ideal para tu beb\u00e9. Babygrow de manga larga con cuello laminado 100% algod\u00f3n org\u00e1nico.","robots":{"index":"index","follow":"follow","max-snippet":"max-snippet:-1","max-image-preview":"max-image-preview:large","max-video-preview":"max-video-preview:-1"},"canonical":"https:\/\/gloopbaby.com\/es\/producto\/collections-es\/zebra-es\/babygrow-zebra\/","og_locale":"es_ES","og_type":"article","og_title":"Babygrow Invierno Zebra de algod\u00f3n org\u00e1nico | Productos beb\u00e9 - Gloop Baby","og_description":"Acogedor y pr\u00e1ctico, el babygrow de invierno gloop! ideal para tu beb\u00e9. Babygrow de manga larga con cuello laminado 100% algod\u00f3n org\u00e1nico.","og_url":"https:\/\/gloopbaby.com\/es\/producto\/collections-es\/zebra-es\/babygrow-zebra\/","og_site_name":"Gloop Baby","article_modified_time":"2025-10-02T15:42:41+00:00","og_image":[{"width":1075,"height":1613,"url":"https:\/\/gloopbaby.com\/wp-content\/uploads\/2024\/02\/Gloop-SS24-0463-jpg.webp","type":"image\/jpeg"}],"twitter_card":"summary_large_image","twitter_misc":{"Tiempo de lectura":"1 minuto"},"schema":{"@context":"https:\/\/schema.org","@graph":[{"@type":"WebPage","@id":"https:\/\/gloopbaby.com\/es\/producto\/collections-es\/zebra-es\/babygrow-zebra\/","url":"https:\/\/gloopbaby.com\/es\/producto\/collections-es\/zebra-es\/babygrow-zebra\/","name":"Babygrow Invierno Zebra de algod\u00f3n org\u00e1nico | Productos beb\u00e9 - Gloop Baby","isPartOf":{"@id":"https:\/\/gloopbaby.com\/es\/#website"},"primaryImageOfPage":{"@id":"https:\/\/gloopbaby.com\/es\/producto\/collections-es\/zebra-es\/babygrow-zebra\/#primaryimage"},"image":{"@id":"https:\/\/gloopbaby.com\/es\/producto\/collections-es\/zebra-es\/babygrow-zebra\/#primaryimage"},"thumbnailUrl":"https:\/\/gloopbaby.com\/wp-content\/uploads\/2024\/02\/Gloop-SS24-0463-jpg.webp","datePublished":"2024-02-22T16:36:08+00:00","dateModified":"2025-10-02T15:42:41+00:00","description":"Acogedor y pr\u00e1ctico, el babygrow de invierno gloop! ideal para tu beb\u00e9. Babygrow de manga larga con cuello laminado 100% algod\u00f3n org\u00e1nico.","breadcrumb":{"@id":"https:\/\/gloopbaby.com\/es\/producto\/collections-es\/zebra-es\/babygrow-zebra\/#breadcrumb"},"inLanguage":"es","potentialAction":[{"@type":"ReadAction","target":["https:\/\/gloopbaby.com\/es\/producto\/collections-es\/zebra-es\/babygrow-zebra\/"]}]},{"@type":"ImageObject","inLanguage":"es","@id":"https:\/\/gloopbaby.com\/es\/producto\/collections-es\/zebra-es\/babygrow-zebra\/#primaryimage","url":"https:\/\/gloopbaby.com\/wp-content\/uploads\/2024\/02\/Gloop-SS24-0463-jpg.webp","contentUrl":"https:\/\/gloopbaby.com\/wp-content\/uploads\/2024\/02\/Gloop-SS24-0463-jpg.webp","width":1075,"height":1613,"caption":"Babygrow inverno em algod\u00e3o org\u00e2nico zebra"},{"@type":"BreadcrumbList","@id":"https:\/\/gloopbaby.com\/es\/producto\/collections-es\/zebra-es\/babygrow-zebra\/#breadcrumb","itemListElement":[{"@type":"ListItem","position":1,"name":"In\u00edcio","item":"https:\/\/gloopbaby.com\/es\/"},{"@type":"ListItem","position":2,"name":"Shop","item":"https:\/\/gloopbaby.com\/loja\/"},{"@type":"ListItem","position":3,"name":"Babygrow Invierno Zebra"}]},{"@type":"WebSite","@id":"https:\/\/gloopbaby.com\/es\/#website","url":"https:\/\/gloopbaby.com\/es\/","name":"Gloop Baby","description":"","publisher":{"@id":"https:\/\/gloopbaby.com\/es\/#organization"},"potentialAction":[{"@type":"SearchAction","target":{"@type":"EntryPoint","urlTemplate":"https:\/\/gloopbaby.com\/es\/?s={search_term_string}"},"query-input":{"@type":"PropertyValueSpecification","valueRequired":true,"valueName":"search_term_string"}}],"inLanguage":"es"},{"@type":"Organization","@id":"https:\/\/gloopbaby.com\/es\/#organization","name":"Gloop Baby","url":"https:\/\/gloopbaby.com\/es\/","logo":{"@type":"ImageObject","inLanguage":"es","@id":"https:\/\/gloopbaby.com\/es\/#\/schema\/logo\/image\/","url":"https:\/\/gloopbaby.com\/wp-content\/uploads\/2023\/06\/gloop-logo.svg","contentUrl":"https:\/\/gloopbaby.com\/wp-content\/uploads\/2023\/06\/gloop-logo.svg","width":100,"height":100,"caption":"Gloop Baby"},"image":{"@id":"https:\/\/gloopbaby.com\/es\/#\/schema\/logo\/image\/"}}]}},"_links":{"self":[{"href":"https:\/\/gloopbaby.com\/es\/wp-json\/wp\/v2\/product\/108758","targetHints":{"allow":["GET"]}}],"collection":[{"href":"https:\/\/gloopbaby.com\/es\/wp-json\/wp\/v2\/product"}],"about":[{"href":"https:\/\/gloopbaby.com\/es\/wp-json\/wp\/v2\/types\/product"}],"replies":[{"embeddable":true,"href":"https:\/\/gloopbaby.com\/es\/wp-json\/wp\/v2\/comments?post=108758"}],"wp:featuredmedia":[{"embeddable":true,"href":"https:\/\/gloopbaby.com\/es\/wp-json\/wp\/v2\/media\/109069"}],"wp:attachment":[{"href":"https:\/\/gloopbaby.com\/es\/wp-json\/wp\/v2\/media?parent=108758"}],"wp:term":[{"taxonomy":"product_brand","embeddable":true,"href":"https:\/\/gloopbaby.com\/es\/wp-json\/wp\/v2\/product_brand?post=108758"},{"taxonomy":"product_cat","embeddable":true,"href":"https:\/\/gloopbaby.com\/es\/wp-json\/wp\/v2\/product_cat?post=108758"},{"taxonomy":"product_tag","embeddable":true,"href":"https:\/\/gloopbaby.com\/es\/wp-json\/wp\/v2\/product_tag?post=108758"}],"curies":[{"name":"wp","href":"https:\/\/api.w.org\/{rel}","templated":true}]}}