{"id":108715,"date":"2024-02-22T15:43:15","date_gmt":"2024-02-22T15:43:15","guid":{"rendered":"https:\/\/gloopbaby.com\/?post_type=product&#038;p=108715"},"modified":"2024-06-27T08:27:18","modified_gmt":"2024-06-27T08:27:18","slug":"manta-para-coche-zebra","status":"publish","type":"product","link":"https:\/\/gloopbaby.com\/es\/producto\/on-the-go-es\/accesorios-para-cochecitos\/manta-para-coche\/manta-para-coche-zebra\/","title":{"rendered":"Manta para coche Zebra"},"content":{"rendered":"<p>La Manta para Coche gloop! le permite cambiar el beb\u00e9 de su regazo al huevo\/babycoque sin tener que descubrirlo. Las aberturas pr\u00e1cticas facilitan que el beb\u00e9 entre y salga del huevo, incluso mientras duerme. El exterior est\u00e1 hecho de nuestro tejido de algod\u00f3n org\u00e1nico 100% certificado y el interior de poli\u00e9ster. Fabricado en Portugal Tama\u00f1o: 100x100cm<\/p>\n","protected":false},"excerpt":{"rendered":"<p>La Manta para Coche gloop! le permite cambiar el beb\u00e9 de su regazo al huevo\/babycoque sin tener que descubrirlo. Las aberturas pr\u00e1cticas facilitan que el beb\u00e9 entre y salga del huevo, incluso mientras duerme. El exterior est\u00e1 hecho de nuestro tejido de algod\u00f3n org\u00e1nico 100% certificado y el interior de poli\u00e9ster. Fabricado en Portugal Tama\u00f1o: [&hellip;]<\/p>\n","protected":false},"featured_media":109139,"comment_status":"closed","ping_status":"closed","template":"","meta":{"_acf_changed":false},"product_brand":[],"product_cat":[1910,1339,1244,1243,1696],"product_tag":[],"class_list":{"0":"post-108715","1":"product","2":"type-product","3":"status-publish","4":"has-post-thumbnail","6":"product_cat-accesorios-para-cochecitos","7":"product_cat-collections-es","8":"product_cat-manta-para-coche","9":"product_cat-on-the-go-es","10":"product_cat-zebra-es","12":"first","13":"instock","14":"taxable","15":"shipping-taxable","16":"purchasable","17":"product-type-simple"},"acf":[],"yoast_head":"<!-- This site is optimized with the Yoast SEO plugin v27.3 - https:\/\/yoast.com\/product\/yoast-seo-wordpress\/ -->\n<title>Manta para coche Zebra - Gloop Baby<\/title>\n<meta name=\"robots\" content=\"index, follow, max-snippet:-1, max-image-preview:large, max-video-preview:-1\" \/>\n<link rel=\"canonical\" href=\"https:\/\/gloopbaby.com\/es\/producto\/on-the-go-es\/accesorios-para-cochecitos\/manta-para-coche\/manta-para-coche-zebra\/\" \/>\n<meta property=\"og:locale\" content=\"es_ES\" \/>\n<meta property=\"og:type\" content=\"article\" \/>\n<meta property=\"og:title\" content=\"Manta para coche Zebra - Gloop Baby\" \/>\n<meta property=\"og:description\" content=\"La Manta para Coche gloop! le permite cambiar el beb\u00e9 de su regazo al huevo\/babycoque sin tener que descubrirlo. Las aberturas pr\u00e1cticas facilitan que el beb\u00e9 entre y salga del huevo, incluso mientras duerme. El exterior est\u00e1 hecho de nuestro tejido de algod\u00f3n org\u00e1nico 100% certificado y el interior de poli\u00e9ster. Fabricado en Portugal Tama\u00f1o: [&hellip;]\" \/>\n<meta property=\"og:url\" content=\"https:\/\/gloopbaby.com\/es\/producto\/on-the-go-es\/accesorios-para-cochecitos\/manta-para-coche\/manta-para-coche-zebra\/\" \/>\n<meta property=\"og:site_name\" content=\"Gloop Baby\" \/>\n<meta property=\"article:modified_time\" content=\"2024-06-27T08:27:18+00:00\" \/>\n<meta property=\"og:image\" content=\"https:\/\/gloopbaby.com\/wp-content\/uploads\/2024\/02\/Gloop-SS24-0568-jpg.webp\" \/>\n\t<meta property=\"og:image:width\" content=\"1075\" \/>\n\t<meta property=\"og:image:height\" content=\"1613\" \/>\n\t<meta property=\"og:image:type\" content=\"image\/jpeg\" \/>\n<meta name=\"twitter:card\" content=\"summary_large_image\" \/>\n<script type=\"application\/ld+json\" class=\"yoast-schema-graph\">{\"@context\":\"https:\\\/\\\/schema.org\",\"@graph\":[{\"@type\":\"WebPage\",\"@id\":\"https:\\\/\\\/gloopbaby.com\\\/es\\\/producto\\\/on-the-go-es\\\/accesorios-para-cochecitos\\\/manta-para-coche\\\/manta-para-coche-zebra\\\/\",\"url\":\"https:\\\/\\\/gloopbaby.com\\\/es\\\/producto\\\/on-the-go-es\\\/accesorios-para-cochecitos\\\/manta-para-coche\\\/manta-para-coche-zebra\\\/\",\"name\":\"Manta para coche Zebra - Gloop Baby\",\"isPartOf\":{\"@id\":\"https:\\\/\\\/gloopbaby.com\\\/es\\\/#website\"},\"primaryImageOfPage\":{\"@id\":\"https:\\\/\\\/gloopbaby.com\\\/es\\\/producto\\\/on-the-go-es\\\/accesorios-para-cochecitos\\\/manta-para-coche\\\/manta-para-coche-zebra\\\/#primaryimage\"},\"image\":{\"@id\":\"https:\\\/\\\/gloopbaby.com\\\/es\\\/producto\\\/on-the-go-es\\\/accesorios-para-cochecitos\\\/manta-para-coche\\\/manta-para-coche-zebra\\\/#primaryimage\"},\"thumbnailUrl\":\"https:\\\/\\\/gloopbaby.com\\\/wp-content\\\/uploads\\\/2024\\\/02\\\/Gloop-SS24-0568-jpg.webp\",\"datePublished\":\"2024-02-22T15:43:15+00:00\",\"dateModified\":\"2024-06-27T08:27:18+00:00\",\"breadcrumb\":{\"@id\":\"https:\\\/\\\/gloopbaby.com\\\/es\\\/producto\\\/on-the-go-es\\\/accesorios-para-cochecitos\\\/manta-para-coche\\\/manta-para-coche-zebra\\\/#breadcrumb\"},\"inLanguage\":\"es\",\"potentialAction\":[{\"@type\":\"ReadAction\",\"target\":[\"https:\\\/\\\/gloopbaby.com\\\/es\\\/producto\\\/on-the-go-es\\\/accesorios-para-cochecitos\\\/manta-para-coche\\\/manta-para-coche-zebra\\\/\"]}]},{\"@type\":\"ImageObject\",\"inLanguage\":\"es\",\"@id\":\"https:\\\/\\\/gloopbaby.com\\\/es\\\/producto\\\/on-the-go-es\\\/accesorios-para-cochecitos\\\/manta-para-coche\\\/manta-para-coche-zebra\\\/#primaryimage\",\"url\":\"https:\\\/\\\/gloopbaby.com\\\/wp-content\\\/uploads\\\/2024\\\/02\\\/Gloop-SS24-0568-jpg.webp\",\"contentUrl\":\"https:\\\/\\\/gloopbaby.com\\\/wp-content\\\/uploads\\\/2024\\\/02\\\/Gloop-SS24-0568-jpg.webp\",\"width\":1075,\"height\":1613,\"caption\":\"manta ovo em algod\u00e3o org\u00e2nico zebra\"},{\"@type\":\"BreadcrumbList\",\"@id\":\"https:\\\/\\\/gloopbaby.com\\\/es\\\/producto\\\/on-the-go-es\\\/accesorios-para-cochecitos\\\/manta-para-coche\\\/manta-para-coche-zebra\\\/#breadcrumb\",\"itemListElement\":[{\"@type\":\"ListItem\",\"position\":1,\"name\":\"In\u00edcio\",\"item\":\"https:\\\/\\\/gloopbaby.com\\\/es\\\/\"},{\"@type\":\"ListItem\",\"position\":2,\"name\":\"Shop\",\"item\":\"https:\\\/\\\/gloopbaby.com\\\/loja\\\/\"},{\"@type\":\"ListItem\",\"position\":3,\"name\":\"Manta para coche Zebra\"}]},{\"@type\":\"WebSite\",\"@id\":\"https:\\\/\\\/gloopbaby.com\\\/es\\\/#website\",\"url\":\"https:\\\/\\\/gloopbaby.com\\\/es\\\/\",\"name\":\"Gloop Baby\",\"description\":\"\",\"publisher\":{\"@id\":\"https:\\\/\\\/gloopbaby.com\\\/es\\\/#organization\"},\"potentialAction\":[{\"@type\":\"SearchAction\",\"target\":{\"@type\":\"EntryPoint\",\"urlTemplate\":\"https:\\\/\\\/gloopbaby.com\\\/es\\\/?s={search_term_string}\"},\"query-input\":{\"@type\":\"PropertyValueSpecification\",\"valueRequired\":true,\"valueName\":\"search_term_string\"}}],\"inLanguage\":\"es\"},{\"@type\":\"Organization\",\"@id\":\"https:\\\/\\\/gloopbaby.com\\\/es\\\/#organization\",\"name\":\"Gloop Baby\",\"url\":\"https:\\\/\\\/gloopbaby.com\\\/es\\\/\",\"logo\":{\"@type\":\"ImageObject\",\"inLanguage\":\"es\",\"@id\":\"https:\\\/\\\/gloopbaby.com\\\/es\\\/#\\\/schema\\\/logo\\\/image\\\/\",\"url\":\"https:\\\/\\\/gloopbaby.com\\\/wp-content\\\/uploads\\\/2023\\\/06\\\/gloop-logo.svg\",\"contentUrl\":\"https:\\\/\\\/gloopbaby.com\\\/wp-content\\\/uploads\\\/2023\\\/06\\\/gloop-logo.svg\",\"width\":100,\"height\":100,\"caption\":\"Gloop Baby\"},\"image\":{\"@id\":\"https:\\\/\\\/gloopbaby.com\\\/es\\\/#\\\/schema\\\/logo\\\/image\\\/\"}}]}<\/script>\n<!-- \/ Yoast SEO plugin. -->","yoast_head_json":{"title":"Manta para coche Zebra - Gloop Baby","robots":{"index":"index","follow":"follow","max-snippet":"max-snippet:-1","max-image-preview":"max-image-preview:large","max-video-preview":"max-video-preview:-1"},"canonical":"https:\/\/gloopbaby.com\/es\/producto\/on-the-go-es\/accesorios-para-cochecitos\/manta-para-coche\/manta-para-coche-zebra\/","og_locale":"es_ES","og_type":"article","og_title":"Manta para coche Zebra - Gloop Baby","og_description":"La Manta para Coche gloop! le permite cambiar el beb\u00e9 de su regazo al huevo\/babycoque sin tener que descubrirlo. Las aberturas pr\u00e1cticas facilitan que el beb\u00e9 entre y salga del huevo, incluso mientras duerme. El exterior est\u00e1 hecho de nuestro tejido de algod\u00f3n org\u00e1nico 100% certificado y el interior de poli\u00e9ster. Fabricado en Portugal Tama\u00f1o: [&hellip;]","og_url":"https:\/\/gloopbaby.com\/es\/producto\/on-the-go-es\/accesorios-para-cochecitos\/manta-para-coche\/manta-para-coche-zebra\/","og_site_name":"Gloop Baby","article_modified_time":"2024-06-27T08:27:18+00:00","og_image":[{"width":1075,"height":1613,"url":"https:\/\/gloopbaby.com\/wp-content\/uploads\/2024\/02\/Gloop-SS24-0568-jpg.webp","type":"image\/jpeg"}],"twitter_card":"summary_large_image","schema":{"@context":"https:\/\/schema.org","@graph":[{"@type":"WebPage","@id":"https:\/\/gloopbaby.com\/es\/producto\/on-the-go-es\/accesorios-para-cochecitos\/manta-para-coche\/manta-para-coche-zebra\/","url":"https:\/\/gloopbaby.com\/es\/producto\/on-the-go-es\/accesorios-para-cochecitos\/manta-para-coche\/manta-para-coche-zebra\/","name":"Manta para coche Zebra - Gloop Baby","isPartOf":{"@id":"https:\/\/gloopbaby.com\/es\/#website"},"primaryImageOfPage":{"@id":"https:\/\/gloopbaby.com\/es\/producto\/on-the-go-es\/accesorios-para-cochecitos\/manta-para-coche\/manta-para-coche-zebra\/#primaryimage"},"image":{"@id":"https:\/\/gloopbaby.com\/es\/producto\/on-the-go-es\/accesorios-para-cochecitos\/manta-para-coche\/manta-para-coche-zebra\/#primaryimage"},"thumbnailUrl":"https:\/\/gloopbaby.com\/wp-content\/uploads\/2024\/02\/Gloop-SS24-0568-jpg.webp","datePublished":"2024-02-22T15:43:15+00:00","dateModified":"2024-06-27T08:27:18+00:00","breadcrumb":{"@id":"https:\/\/gloopbaby.com\/es\/producto\/on-the-go-es\/accesorios-para-cochecitos\/manta-para-coche\/manta-para-coche-zebra\/#breadcrumb"},"inLanguage":"es","potentialAction":[{"@type":"ReadAction","target":["https:\/\/gloopbaby.com\/es\/producto\/on-the-go-es\/accesorios-para-cochecitos\/manta-para-coche\/manta-para-coche-zebra\/"]}]},{"@type":"ImageObject","inLanguage":"es","@id":"https:\/\/gloopbaby.com\/es\/producto\/on-the-go-es\/accesorios-para-cochecitos\/manta-para-coche\/manta-para-coche-zebra\/#primaryimage","url":"https:\/\/gloopbaby.com\/wp-content\/uploads\/2024\/02\/Gloop-SS24-0568-jpg.webp","contentUrl":"https:\/\/gloopbaby.com\/wp-content\/uploads\/2024\/02\/Gloop-SS24-0568-jpg.webp","width":1075,"height":1613,"caption":"manta ovo em algod\u00e3o org\u00e2nico zebra"},{"@type":"BreadcrumbList","@id":"https:\/\/gloopbaby.com\/es\/producto\/on-the-go-es\/accesorios-para-cochecitos\/manta-para-coche\/manta-para-coche-zebra\/#breadcrumb","itemListElement":[{"@type":"ListItem","position":1,"name":"In\u00edcio","item":"https:\/\/gloopbaby.com\/es\/"},{"@type":"ListItem","position":2,"name":"Shop","item":"https:\/\/gloopbaby.com\/loja\/"},{"@type":"ListItem","position":3,"name":"Manta para coche Zebra"}]},{"@type":"WebSite","@id":"https:\/\/gloopbaby.com\/es\/#website","url":"https:\/\/gloopbaby.com\/es\/","name":"Gloop Baby","description":"","publisher":{"@id":"https:\/\/gloopbaby.com\/es\/#organization"},"potentialAction":[{"@type":"SearchAction","target":{"@type":"EntryPoint","urlTemplate":"https:\/\/gloopbaby.com\/es\/?s={search_term_string}"},"query-input":{"@type":"PropertyValueSpecification","valueRequired":true,"valueName":"search_term_string"}}],"inLanguage":"es"},{"@type":"Organization","@id":"https:\/\/gloopbaby.com\/es\/#organization","name":"Gloop Baby","url":"https:\/\/gloopbaby.com\/es\/","logo":{"@type":"ImageObject","inLanguage":"es","@id":"https:\/\/gloopbaby.com\/es\/#\/schema\/logo\/image\/","url":"https:\/\/gloopbaby.com\/wp-content\/uploads\/2023\/06\/gloop-logo.svg","contentUrl":"https:\/\/gloopbaby.com\/wp-content\/uploads\/2023\/06\/gloop-logo.svg","width":100,"height":100,"caption":"Gloop Baby"},"image":{"@id":"https:\/\/gloopbaby.com\/es\/#\/schema\/logo\/image\/"}}]}},"_links":{"self":[{"href":"https:\/\/gloopbaby.com\/es\/wp-json\/wp\/v2\/product\/108715","targetHints":{"allow":["GET"]}}],"collection":[{"href":"https:\/\/gloopbaby.com\/es\/wp-json\/wp\/v2\/product"}],"about":[{"href":"https:\/\/gloopbaby.com\/es\/wp-json\/wp\/v2\/types\/product"}],"replies":[{"embeddable":true,"href":"https:\/\/gloopbaby.com\/es\/wp-json\/wp\/v2\/comments?post=108715"}],"wp:featuredmedia":[{"embeddable":true,"href":"https:\/\/gloopbaby.com\/es\/wp-json\/wp\/v2\/media\/109139"}],"wp:attachment":[{"href":"https:\/\/gloopbaby.com\/es\/wp-json\/wp\/v2\/media?parent=108715"}],"wp:term":[{"taxonomy":"product_brand","embeddable":true,"href":"https:\/\/gloopbaby.com\/es\/wp-json\/wp\/v2\/product_brand?post=108715"},{"taxonomy":"product_cat","embeddable":true,"href":"https:\/\/gloopbaby.com\/es\/wp-json\/wp\/v2\/product_cat?post=108715"},{"taxonomy":"product_tag","embeddable":true,"href":"https:\/\/gloopbaby.com\/es\/wp-json\/wp\/v2\/product_tag?post=108715"}],"curies":[{"name":"wp","href":"https:\/\/api.w.org\/{rel}","templated":true}]}}