{"id":33248,"date":"2023-06-13T13:38:56","date_gmt":"2023-06-13T13:38:56","guid":{"rendered":"https:\/\/gloopbaby.com\/carro-de-la-compra\/"},"modified":"2025-09-26T14:04:22","modified_gmt":"2025-09-26T14:04:22","slug":"carro-de-la-compra","status":"publish","type":"page","link":"https:\/\/gloopbaby.com\/es\/carro-de-la-compra\/","title":{"rendered":"Carro de la compra"},"content":{"rendered":"\t\t<div data-elementor-type=\"wp-page\" data-elementor-id=\"33248\" class=\"elementor elementor-33248 elementor-8\" data-elementor-post-type=\"page\">\n\t\t\t\t<div class=\"elementor-element elementor-element-6a446f12 e-flex e-con-boxed e-con e-parent\" data-id=\"6a446f12\" data-element_type=\"container\" data-e-type=\"container\">\n\t\t\t\t\t<div class=\"e-con-inner\">\n\t\t\t\t<div class=\"elementor-element elementor-element-2d8961 elementor-widget elementor-widget-heading\" data-id=\"2d8961\" data-element_type=\"widget\" data-e-type=\"widget\" data-widget_type=\"heading.default\">\n\t\t\t\t<div class=\"elementor-widget-container\">\n\t\t\t\t\t<h2 class=\"elementor-heading-title elementor-size-default\">Carro de la compra<\/h2>\t\t\t\t<\/div>\n\t\t\t\t<\/div>\n\t\t\t\t\t<\/div>\n\t\t\t\t<\/div>\n\t\t\t\t<\/div>\n\t\t","protected":false},"excerpt":{"rendered":"<p>Remover este item Imagem em miniatura Produto Pre\u00e7o Quantidade Subtotal &times; Manta para Beb\u00e9 Farm 0-3 meses em Algod\u00e3o Org\u00e2nico 29.90&nbsp;&euro; Quantidade de Manta para Beb\u00e9 Farm 0-3 meses em Algod\u00e3o Org\u00e2nico&nbsp; 29.90&nbsp;&euro; Aplicar cup\u00f3n Total en carrito Subtotal 29.90&nbsp;&euro; Envio BATCH &#8211; Standard Delivery: 4.95&nbsp;&euro; Envio para Rua Brito e Cunha 180 3d, 4450-082 [&hellip;]<\/p>\n","protected":false},"author":1,"featured_media":0,"parent":0,"menu_order":0,"comment_status":"closed","ping_status":"closed","template":"","meta":{"_acf_changed":false,"footnotes":""},"class_list":["post-33248","page","type-page","status-publish","hentry"],"acf":[],"yoast_head":"<!-- This site is optimized with the Yoast SEO plugin v27.5 - https:\/\/yoast.com\/product\/yoast-seo-wordpress\/ -->\n<title>Carro de la compra - Gloop Baby<\/title>\n<meta name=\"robots\" content=\"index, follow, max-snippet:-1, max-image-preview:large, max-video-preview:-1\" \/>\n<link rel=\"canonical\" href=\"https:\/\/gloopbaby.com\/es\/carro-de-la-compra\/\" \/>\n<meta property=\"og:locale\" content=\"es_ES\" \/>\n<meta property=\"og:type\" content=\"article\" \/>\n<meta property=\"og:title\" content=\"Carro de la compra - Gloop Baby\" \/>\n<meta property=\"og:description\" content=\"Remover este item Imagem em miniatura Produto Pre\u00e7o Quantidade Subtotal &times; Manta para Beb\u00e9 Farm 0-3 meses em Algod\u00e3o Org\u00e2nico 29.90&nbsp;&euro; Quantidade de Manta para Beb\u00e9 Farm 0-3 meses em Algod\u00e3o Org\u00e2nico&nbsp; 29.90&nbsp;&euro; Aplicar cup\u00f3n Total en carrito Subtotal 29.90&nbsp;&euro; Envio BATCH &#8211; Standard Delivery: 4.95&nbsp;&euro; Envio para Rua Brito e Cunha 180 3d, 4450-082 [&hellip;]\" \/>\n<meta property=\"og:url\" content=\"https:\/\/gloopbaby.com\/es\/carro-de-la-compra\/\" \/>\n<meta property=\"og:site_name\" content=\"Gloop Baby\" \/>\n<meta property=\"article:modified_time\" content=\"2025-09-26T14:04:22+00:00\" \/>\n<meta property=\"og:image\" content=\"https:\/\/gloopbaby.com\/wp-content\/uploads\/2023\/06\/manta-3.jpg\" \/>\n<meta name=\"twitter:card\" content=\"summary_large_image\" \/>\n<meta name=\"twitter:label1\" content=\"Tiempo de lectura\" \/>\n\t<meta name=\"twitter:data1\" content=\"2 minutos\" \/>\n<script type=\"application\/ld+json\" class=\"yoast-schema-graph\">{\"@context\":\"https:\\\/\\\/schema.org\",\"@graph\":[{\"@type\":\"WebPage\",\"@id\":\"https:\\\/\\\/gloopbaby.com\\\/es\\\/carro-de-la-compra\\\/\",\"url\":\"https:\\\/\\\/gloopbaby.com\\\/es\\\/carro-de-la-compra\\\/\",\"name\":\"Carro de la compra - Gloop Baby\",\"isPartOf\":{\"@id\":\"https:\\\/\\\/gloopbaby.com\\\/es\\\/#website\"},\"primaryImageOfPage\":{\"@id\":\"https:\\\/\\\/gloopbaby.com\\\/es\\\/carro-de-la-compra\\\/#primaryimage\"},\"image\":{\"@id\":\"https:\\\/\\\/gloopbaby.com\\\/es\\\/carro-de-la-compra\\\/#primaryimage\"},\"thumbnailUrl\":\"https:\\\/\\\/gloopbaby.com\\\/wp-content\\\/uploads\\\/2023\\\/06\\\/manta-3.jpg\",\"datePublished\":\"2023-06-13T13:38:56+00:00\",\"dateModified\":\"2025-09-26T14:04:22+00:00\",\"breadcrumb\":{\"@id\":\"https:\\\/\\\/gloopbaby.com\\\/es\\\/carro-de-la-compra\\\/#breadcrumb\"},\"inLanguage\":\"es\",\"potentialAction\":[{\"@type\":\"ReadAction\",\"target\":[\"https:\\\/\\\/gloopbaby.com\\\/es\\\/carro-de-la-compra\\\/\"]}]},{\"@type\":\"ImageObject\",\"inLanguage\":\"es\",\"@id\":\"https:\\\/\\\/gloopbaby.com\\\/es\\\/carro-de-la-compra\\\/#primaryimage\",\"url\":\"https:\\\/\\\/gloopbaby.com\\\/wp-content\\\/uploads\\\/2023\\\/06\\\/manta-3.jpg\",\"contentUrl\":\"https:\\\/\\\/gloopbaby.com\\\/wp-content\\\/uploads\\\/2023\\\/06\\\/manta-3.jpg\"},{\"@type\":\"BreadcrumbList\",\"@id\":\"https:\\\/\\\/gloopbaby.com\\\/es\\\/carro-de-la-compra\\\/#breadcrumb\",\"itemListElement\":[{\"@type\":\"ListItem\",\"position\":1,\"name\":\"In\u00edcio\",\"item\":\"https:\\\/\\\/gloopbaby.com\\\/es\\\/\"},{\"@type\":\"ListItem\",\"position\":2,\"name\":\"Carro de la compra\"}]},{\"@type\":\"WebSite\",\"@id\":\"https:\\\/\\\/gloopbaby.com\\\/es\\\/#website\",\"url\":\"https:\\\/\\\/gloopbaby.com\\\/es\\\/\",\"name\":\"Gloop Baby\",\"description\":\"\",\"publisher\":{\"@id\":\"https:\\\/\\\/gloopbaby.com\\\/es\\\/#organization\"},\"potentialAction\":[{\"@type\":\"SearchAction\",\"target\":{\"@type\":\"EntryPoint\",\"urlTemplate\":\"https:\\\/\\\/gloopbaby.com\\\/es\\\/?s={search_term_string}\"},\"query-input\":{\"@type\":\"PropertyValueSpecification\",\"valueRequired\":true,\"valueName\":\"search_term_string\"}}],\"inLanguage\":\"es\"},{\"@type\":\"Organization\",\"@id\":\"https:\\\/\\\/gloopbaby.com\\\/es\\\/#organization\",\"name\":\"Gloop Baby\",\"url\":\"https:\\\/\\\/gloopbaby.com\\\/es\\\/\",\"logo\":{\"@type\":\"ImageObject\",\"inLanguage\":\"es\",\"@id\":\"https:\\\/\\\/gloopbaby.com\\\/es\\\/#\\\/schema\\\/logo\\\/image\\\/\",\"url\":\"https:\\\/\\\/gloopbaby.com\\\/wp-content\\\/uploads\\\/2023\\\/06\\\/gloop-logo.svg\",\"contentUrl\":\"https:\\\/\\\/gloopbaby.com\\\/wp-content\\\/uploads\\\/2023\\\/06\\\/gloop-logo.svg\",\"width\":100,\"height\":100,\"caption\":\"Gloop Baby\"},\"image\":{\"@id\":\"https:\\\/\\\/gloopbaby.com\\\/es\\\/#\\\/schema\\\/logo\\\/image\\\/\"}}]}<\/script>\n<!-- \/ Yoast SEO plugin. -->","yoast_head_json":{"title":"Carro de la compra - Gloop Baby","robots":{"index":"index","follow":"follow","max-snippet":"max-snippet:-1","max-image-preview":"max-image-preview:large","max-video-preview":"max-video-preview:-1"},"canonical":"https:\/\/gloopbaby.com\/es\/carro-de-la-compra\/","og_locale":"es_ES","og_type":"article","og_title":"Carro de la compra - Gloop Baby","og_description":"Remover este item Imagem em miniatura Produto Pre\u00e7o Quantidade Subtotal &times; Manta para Beb\u00e9 Farm 0-3 meses em Algod\u00e3o Org\u00e2nico 29.90&nbsp;&euro; Quantidade de Manta para Beb\u00e9 Farm 0-3 meses em Algod\u00e3o Org\u00e2nico&nbsp; 29.90&nbsp;&euro; Aplicar cup\u00f3n Total en carrito Subtotal 29.90&nbsp;&euro; Envio BATCH &#8211; Standard Delivery: 4.95&nbsp;&euro; Envio para Rua Brito e Cunha 180 3d, 4450-082 [&hellip;]","og_url":"https:\/\/gloopbaby.com\/es\/carro-de-la-compra\/","og_site_name":"Gloop Baby","article_modified_time":"2025-09-26T14:04:22+00:00","og_image":[{"url":"https:\/\/gloopbaby.com\/wp-content\/uploads\/2023\/06\/manta-3.jpg","type":"","width":"","height":""}],"twitter_card":"summary_large_image","twitter_misc":{"Tiempo de lectura":"2 minutos"},"schema":{"@context":"https:\/\/schema.org","@graph":[{"@type":"WebPage","@id":"https:\/\/gloopbaby.com\/es\/carro-de-la-compra\/","url":"https:\/\/gloopbaby.com\/es\/carro-de-la-compra\/","name":"Carro de la compra - Gloop Baby","isPartOf":{"@id":"https:\/\/gloopbaby.com\/es\/#website"},"primaryImageOfPage":{"@id":"https:\/\/gloopbaby.com\/es\/carro-de-la-compra\/#primaryimage"},"image":{"@id":"https:\/\/gloopbaby.com\/es\/carro-de-la-compra\/#primaryimage"},"thumbnailUrl":"https:\/\/gloopbaby.com\/wp-content\/uploads\/2023\/06\/manta-3.jpg","datePublished":"2023-06-13T13:38:56+00:00","dateModified":"2025-09-26T14:04:22+00:00","breadcrumb":{"@id":"https:\/\/gloopbaby.com\/es\/carro-de-la-compra\/#breadcrumb"},"inLanguage":"es","potentialAction":[{"@type":"ReadAction","target":["https:\/\/gloopbaby.com\/es\/carro-de-la-compra\/"]}]},{"@type":"ImageObject","inLanguage":"es","@id":"https:\/\/gloopbaby.com\/es\/carro-de-la-compra\/#primaryimage","url":"https:\/\/gloopbaby.com\/wp-content\/uploads\/2023\/06\/manta-3.jpg","contentUrl":"https:\/\/gloopbaby.com\/wp-content\/uploads\/2023\/06\/manta-3.jpg"},{"@type":"BreadcrumbList","@id":"https:\/\/gloopbaby.com\/es\/carro-de-la-compra\/#breadcrumb","itemListElement":[{"@type":"ListItem","position":1,"name":"In\u00edcio","item":"https:\/\/gloopbaby.com\/es\/"},{"@type":"ListItem","position":2,"name":"Carro de la compra"}]},{"@type":"WebSite","@id":"https:\/\/gloopbaby.com\/es\/#website","url":"https:\/\/gloopbaby.com\/es\/","name":"Gloop Baby","description":"","publisher":{"@id":"https:\/\/gloopbaby.com\/es\/#organization"},"potentialAction":[{"@type":"SearchAction","target":{"@type":"EntryPoint","urlTemplate":"https:\/\/gloopbaby.com\/es\/?s={search_term_string}"},"query-input":{"@type":"PropertyValueSpecification","valueRequired":true,"valueName":"search_term_string"}}],"inLanguage":"es"},{"@type":"Organization","@id":"https:\/\/gloopbaby.com\/es\/#organization","name":"Gloop Baby","url":"https:\/\/gloopbaby.com\/es\/","logo":{"@type":"ImageObject","inLanguage":"es","@id":"https:\/\/gloopbaby.com\/es\/#\/schema\/logo\/image\/","url":"https:\/\/gloopbaby.com\/wp-content\/uploads\/2023\/06\/gloop-logo.svg","contentUrl":"https:\/\/gloopbaby.com\/wp-content\/uploads\/2023\/06\/gloop-logo.svg","width":100,"height":100,"caption":"Gloop Baby"},"image":{"@id":"https:\/\/gloopbaby.com\/es\/#\/schema\/logo\/image\/"}}]}},"_links":{"self":[{"href":"https:\/\/gloopbaby.com\/es\/wp-json\/wp\/v2\/pages\/33248","targetHints":{"allow":["GET"]}}],"collection":[{"href":"https:\/\/gloopbaby.com\/es\/wp-json\/wp\/v2\/pages"}],"about":[{"href":"https:\/\/gloopbaby.com\/es\/wp-json\/wp\/v2\/types\/page"}],"author":[{"embeddable":true,"href":"https:\/\/gloopbaby.com\/es\/wp-json\/wp\/v2\/users\/1"}],"replies":[{"embeddable":true,"href":"https:\/\/gloopbaby.com\/es\/wp-json\/wp\/v2\/comments?post=33248"}],"version-history":[{"count":2,"href":"https:\/\/gloopbaby.com\/es\/wp-json\/wp\/v2\/pages\/33248\/revisions"}],"predecessor-version":[{"id":137549,"href":"https:\/\/gloopbaby.com\/es\/wp-json\/wp\/v2\/pages\/33248\/revisions\/137549"}],"wp:attachment":[{"href":"https:\/\/gloopbaby.com\/es\/wp-json\/wp\/v2\/media?parent=33248"}],"curies":[{"name":"wp","href":"https:\/\/api.w.org\/{rel}","templated":true}]}}