{"id":33241,"date":"2023-06-27T10:16:45","date_gmt":"2023-06-27T10:16:45","guid":{"rendered":"https:\/\/gloopbaby.com\/gloop\/"},"modified":"2023-11-24T12:35:29","modified_gmt":"2023-11-24T12:35:29","slug":"gloop","status":"publish","type":"page","link":"https:\/\/gloopbaby.com\/es\/gloop\/","title":{"rendered":"sobre nosotros"},"content":{"rendered":"\t\t<div data-elementor-type=\"wp-page\" data-elementor-id=\"33241\" class=\"elementor elementor-33241 elementor-6101\" data-elementor-post-type=\"page\">\n\t\t\t\t<div class=\"elementor-element elementor-element-3ef0c58 e-flex e-con-boxed e-con e-parent\" data-id=\"3ef0c58\" data-element_type=\"container\" data-e-type=\"container\">\n\t\t\t\t\t<div class=\"e-con-inner\">\n\t\t<div class=\"elementor-element elementor-element-31bd52b e-flex e-con-boxed e-con e-child\" data-id=\"31bd52b\" data-element_type=\"container\" data-e-type=\"container\">\n\t\t\t\t\t<div class=\"e-con-inner\">\n\t\t<div class=\"elementor-element elementor-element-0f3b52e e-con-full e-flex e-con e-child\" data-id=\"0f3b52e\" data-element_type=\"container\" data-e-type=\"container\">\n\t\t\t\t<div class=\"elementor-element elementor-element-e7afb3f elementor-widget elementor-widget-image\" data-id=\"e7afb3f\" data-element_type=\"widget\" data-e-type=\"widget\" data-widget_type=\"image.default\">\n\t\t\t\t<div class=\"elementor-widget-container\">\n\t\t\t\t\t\t\t\t\t\t\t\t\t\t\t<img fetchpriority=\"high\" decoding=\"async\" width=\"683\" height=\"1024\" src=\"https:\/\/gloopbaby.com\/wp-content\/uploads\/2023\/09\/Gloop-baby-AW-24-0165-683x1024.jpg\" class=\"attachment-large size-large wp-image-101118\" alt=\"\" srcset=\"https:\/\/gloopbaby.com\/wp-content\/uploads\/2023\/09\/Gloop-baby-AW-24-0165-683x1024.jpg 683w, https:\/\/gloopbaby.com\/wp-content\/uploads\/2023\/09\/Gloop-baby-AW-24-0165-200x300.jpg 200w, https:\/\/gloopbaby.com\/wp-content\/uploads\/2023\/09\/Gloop-baby-AW-24-0165-768x1152.jpg 768w, https:\/\/gloopbaby.com\/wp-content\/uploads\/2023\/09\/Gloop-baby-AW-24-0165-600x900.jpg 600w, https:\/\/gloopbaby.com\/wp-content\/uploads\/2023\/09\/Gloop-baby-AW-24-0165-900x1350.jpg 900w, https:\/\/gloopbaby.com\/wp-content\/uploads\/2023\/09\/Gloop-baby-AW-24-0165.jpg 1000w\" sizes=\"(max-width: 683px) 100vw, 683px\" \/>\t\t\t\t\t\t\t\t\t\t\t\t\t\t\t<\/div>\n\t\t\t\t<\/div>\n\t\t\t\t<\/div>\n\t\t<div class=\"elementor-element elementor-element-8ae7824 e-flex e-con-boxed e-con e-child\" data-id=\"8ae7824\" data-element_type=\"container\" data-e-type=\"container\">\n\t\t\t\t\t<div class=\"e-con-inner\">\n\t\t\t\t<div class=\"elementor-element elementor-element-77a94a3 elementor-widget elementor-widget-heading\" data-id=\"77a94a3\" data-element_type=\"widget\" data-e-type=\"widget\" data-widget_type=\"heading.default\">\n\t\t\t\t<div class=\"elementor-widget-container\">\n\t\t\t\t\t<h2 class=\"elementor-heading-title elementor-size-default\">Somos una marca portuguesa<\/h2>\t\t\t\t<\/div>\n\t\t\t\t<\/div>\n\t\t\t\t<div class=\"elementor-element elementor-element-7a6a4fa elementor-widget elementor-widget-text-editor\" data-id=\"7a6a4fa\" data-element_type=\"widget\" data-e-type=\"widget\" data-widget_type=\"text-editor.default\">\n\t\t\t\t<div class=\"elementor-widget-container\">\n\t\t\t\t\t\t\t\t\t<p>con sede en Portugal, fabrica sus propios productos, la marca est\u00e1 \u00edntegramente hecha y dise\u00f1ada por nuestro equipo. La producci\u00f3n de tejidos y la estampaci\u00f3n tambi\u00e9n se realizan en el norte de Portugal. Con todo el proceso productivo geogr\u00e1ficamente cercano y la experiencia de nuestro equipo de alrededor de 40 a\u00f1os, podemos garantizar la m\u00e1xima calidad de nuestros productos y la disponibilidad de todos los productos del cat\u00e1logo.<\/p>\n<p>\u00a1Gloop! es una empresa que se preocupa mucho por la b\u00fasqueda de la sostentabilidad ambiental global, y en la responsabilidad social. El dise\u00f1o de patrones propios impresos con tintas al agua, aumentan la demanda por nuestra marca. Nuestro proposito es fabricar productos ecol\u00f3gicamente sostenibles y con enfoque en el bienestar, para nuestros peque\u00f1os clientes.<\/p>\n\t\t\t\t\t\t\t\t<\/div>\n\t\t\t\t<\/div>\n\t\t\t\t\t<\/div>\n\t\t\t\t<\/div>\n\t\t\t\t\t<\/div>\n\t\t\t\t<\/div>\n\t\t<div class=\"elementor-element elementor-element-95f8f78 e-flex e-con-boxed e-con e-child\" data-id=\"95f8f78\" data-element_type=\"container\" data-e-type=\"container\">\n\t\t\t\t\t<div class=\"e-con-inner\">\n\t\t<div class=\"elementor-element elementor-element-6a866df e-flex e-con-boxed e-con e-child\" data-id=\"6a866df\" data-element_type=\"container\" data-e-type=\"container\">\n\t\t\t\t\t<div class=\"e-con-inner\">\n\t\t\t\t<div class=\"elementor-element elementor-element-166b37b elementor-widget elementor-widget-heading\" data-id=\"166b37b\" data-element_type=\"widget\" data-e-type=\"widget\" data-widget_type=\"heading.default\">\n\t\t\t\t<div class=\"elementor-widget-container\">\n\t\t\t\t\t<h2 class=\"elementor-heading-title elementor-size-default\">El algod\u00f3n org\u00e1nico<\/h2>\t\t\t\t<\/div>\n\t\t\t\t<\/div>\n\t\t\t\t<div class=\"elementor-element elementor-element-6d82042 elementor-widget elementor-widget-text-editor\" data-id=\"6d82042\" data-element_type=\"widget\" data-e-type=\"widget\" data-widget_type=\"text-editor.default\">\n\t\t\t\t<div class=\"elementor-widget-container\">\n\t\t\t\t\t\t\t\t\t<p>es hipoalerg\u00e9nico porque no se somete a ning\u00fan tratamiento qu\u00edmico desde su producci\u00f3n hasta su transformaci\u00f3n en ropa.<\/p>\n<p>Su cultivo, basado en la agricultura org\u00e1nica, se realiza con fertilizantes y pesticidas naturales, requiere menos agua, preserva la fertilidad del suelo al alternarse con otros cultivos y permite un algod\u00f3n con fibras m\u00e1s suaves y resistentes.<\/p>\n\t\t\t\t\t\t\t\t<\/div>\n\t\t\t\t<\/div>\n\t\t\t\t<div class=\"elementor-element elementor-element-07929c9 elementor-widget elementor-widget-image\" data-id=\"07929c9\" data-element_type=\"widget\" data-e-type=\"widget\" data-widget_type=\"image.default\">\n\t\t\t\t<div class=\"elementor-widget-container\">\n\t\t\t\t\t\t\t\t\t\t\t\t\t\t\t<img decoding=\"async\" width=\"768\" height=\"485\" src=\"https:\/\/gloopbaby.com\/wp-content\/uploads\/2023\/07\/bio-organic-cotton.jpg\" class=\"attachment-large size-large wp-image-36250\" alt=\"\" srcset=\"https:\/\/gloopbaby.com\/wp-content\/uploads\/2023\/07\/bio-organic-cotton.jpg 768w, https:\/\/gloopbaby.com\/wp-content\/uploads\/2023\/07\/bio-organic-cotton-300x189.jpg 300w\" sizes=\"(max-width: 768px) 100vw, 768px\" \/>\t\t\t\t\t\t\t\t\t\t\t\t\t\t\t<\/div>\n\t\t\t\t<\/div>\n\t\t\t\t\t<\/div>\n\t\t\t\t<\/div>\n\t\t<div class=\"elementor-element elementor-element-33c593d e-con-full e-flex e-con e-child\" data-id=\"33c593d\" data-element_type=\"container\" data-e-type=\"container\">\n\t\t\t\t<div class=\"elementor-element elementor-element-a5eee60 elementor-widget elementor-widget-image\" data-id=\"a5eee60\" data-element_type=\"widget\" data-e-type=\"widget\" data-widget_type=\"image.default\">\n\t\t\t\t<div class=\"elementor-widget-container\">\n\t\t\t\t\t\t\t\t\t\t\t\t\t\t\t<img decoding=\"async\" width=\"683\" height=\"1024\" src=\"https:\/\/gloopbaby.com\/wp-content\/uploads\/2023\/09\/Gloop-baby-AW-24-0282-683x1024.jpg\" class=\"attachment-large size-large wp-image-101534\" alt=\"\" srcset=\"https:\/\/gloopbaby.com\/wp-content\/uploads\/2023\/09\/Gloop-baby-AW-24-0282-683x1024.jpg 683w, https:\/\/gloopbaby.com\/wp-content\/uploads\/2023\/09\/Gloop-baby-AW-24-0282-200x300.jpg 200w, https:\/\/gloopbaby.com\/wp-content\/uploads\/2023\/09\/Gloop-baby-AW-24-0282-768x1152.jpg 768w, https:\/\/gloopbaby.com\/wp-content\/uploads\/2023\/09\/Gloop-baby-AW-24-0282-600x900.jpg 600w, https:\/\/gloopbaby.com\/wp-content\/uploads\/2023\/09\/Gloop-baby-AW-24-0282-900x1350.jpg 900w, https:\/\/gloopbaby.com\/wp-content\/uploads\/2023\/09\/Gloop-baby-AW-24-0282.jpg 1000w\" sizes=\"(max-width: 683px) 100vw, 683px\" \/>\t\t\t\t\t\t\t\t\t\t\t\t\t\t\t<\/div>\n\t\t\t\t<\/div>\n\t\t\t\t<\/div>\n\t\t\t\t\t<\/div>\n\t\t\t\t<\/div>\n\t\t\t\t\t<\/div>\n\t\t\t\t<\/div>\n\t\t<div class=\"elementor-element elementor-element-d2159f5 e-flex e-con-boxed e-con e-parent\" data-id=\"d2159f5\" data-element_type=\"container\" data-e-type=\"container\">\n\t\t\t\t\t<div class=\"e-con-inner\">\n\t\t<div class=\"elementor-element elementor-element-28bd75b e-flex e-con-boxed e-con e-child\" data-id=\"28bd75b\" data-element_type=\"container\" data-e-type=\"container\">\n\t\t\t\t\t<div class=\"e-con-inner\">\n\t\t\t\t<div class=\"elementor-element elementor-element-176d0b9 elementor-widget elementor-widget-heading\" data-id=\"176d0b9\" data-element_type=\"widget\" data-e-type=\"widget\" data-widget_type=\"heading.default\">\n\t\t\t\t<div class=\"elementor-widget-container\">\n\t\t\t\t\t<h2 class=\"elementor-heading-title elementor-size-default\">A nossa confec\u00e7\u00e3o<\/h2>\t\t\t\t<\/div>\n\t\t\t\t<\/div>\n\t\t\t\t<div class=\"elementor-element elementor-element-680a00f elementor-widget elementor-widget-jet-woo-product-gallery-grid\" data-id=\"680a00f\" data-element_type=\"widget\" data-e-type=\"widget\" data-widget_type=\"jet-woo-product-gallery-grid.default\">\n\t\t\t\t<div class=\"elementor-widget-container\">\n\t\t\t\t\t<div class=\"jet-woo-product-gallery\" data-gallery-settings=\"{&quot;enableGallery&quot;:false,&quot;enableZoom&quot;:false,&quot;zoomMagnify&quot;:1,&quot;caption&quot;:true,&quot;zoom&quot;:true,&quot;fullscreen&quot;:true,&quot;share&quot;:true,&quot;counter&quot;:true,&quot;arrows&quot;:true,&quot;hasVideo&quot;:false,&quot;videoType&quot;:&quot;&quot;,&quot;videoIn&quot;:&quot;content&quot;,&quot;videoAutoplay&quot;:false,&quot;videoLoop&quot;:false,&quot;videoFirst&quot;:false}\">\n<div class=\"jet-woo-product-gallery__content  jet-woo-product-gallery-grid-primary-\" data-featured-image=\"\">\n\t<div class=\"jet-woo-product-gallery-grid grid-col-desk-3 grid-col-tab-3 grid-col-mob-2\">\n\t\t\n\t\t\t\n<div class=\"jet-woo-product-gallery__image-item\">\n\t<div class=\"jet-woo-product-gallery__image\">\n\t\t<a class=\"jet-woo-product-gallery__image-link\" href=\"https:\/\/gloopbaby.com\/wp-content\/uploads\/2023\/10\/imagm1-site.jpg\" itemprop=\"image\" title=\"imagm1-site\" rel=\"prettyPhoto[jet-gallery]\" data-e-disable-page-transition=\"\"><img loading=\"lazy\" decoding=\"async\" width=\"630\" height=\"840\" src=\"https:\/\/gloopbaby.com\/wp-content\/uploads\/2023\/10\/imagm1-site.jpg\" class=\"wp-post-gallery\" alt=\"\" title=\"imagm1-site\" data-caption=\"\" data-src=\"https:\/\/gloopbaby.com\/wp-content\/uploads\/2023\/10\/imagm1-site.jpg\" data-large_image=\"https:\/\/gloopbaby.com\/wp-content\/uploads\/2023\/10\/imagm1-site.jpg\" data-large_image_width=\"630\" data-large_image_height=\"840\" \/><\/a>\t<\/div>\n<\/div>\n<div class=\"jet-woo-product-gallery__image-item\">\n\t<div class=\"jet-woo-product-gallery__image\">\n\t\t<a class=\"jet-woo-product-gallery__image-link\" href=\"https:\/\/gloopbaby.com\/wp-content\/uploads\/2023\/10\/iamgem5-site.jpg\" itemprop=\"image\" title=\"iamgem5-site\" rel=\"prettyPhoto[jet-gallery]\" data-e-disable-page-transition=\"\"><img loading=\"lazy\" decoding=\"async\" width=\"630\" height=\"840\" src=\"https:\/\/gloopbaby.com\/wp-content\/uploads\/2023\/10\/iamgem5-site.jpg\" class=\"wp-post-gallery\" alt=\"\" title=\"iamgem5-site\" data-caption=\"\" data-src=\"https:\/\/gloopbaby.com\/wp-content\/uploads\/2023\/10\/iamgem5-site.jpg\" data-large_image=\"https:\/\/gloopbaby.com\/wp-content\/uploads\/2023\/10\/iamgem5-site.jpg\" data-large_image_width=\"630\" data-large_image_height=\"840\" \/><\/a>\t<\/div>\n<\/div>\n<div class=\"jet-woo-product-gallery__image-item\">\n\t<div class=\"jet-woo-product-gallery__image\">\n\t\t<a class=\"jet-woo-product-gallery__image-link\" href=\"https:\/\/gloopbaby.com\/wp-content\/uploads\/2023\/10\/imagem2-site.jpg\" itemprop=\"image\" title=\"imagem2-site\" rel=\"prettyPhoto[jet-gallery]\" data-e-disable-page-transition=\"\"><img loading=\"lazy\" decoding=\"async\" width=\"630\" height=\"840\" src=\"https:\/\/gloopbaby.com\/wp-content\/uploads\/2023\/10\/imagem2-site.jpg\" class=\"wp-post-gallery\" alt=\"\" title=\"imagem2-site\" data-caption=\"\" data-src=\"https:\/\/gloopbaby.com\/wp-content\/uploads\/2023\/10\/imagem2-site.jpg\" data-large_image=\"https:\/\/gloopbaby.com\/wp-content\/uploads\/2023\/10\/imagem2-site.jpg\" data-large_image_width=\"630\" data-large_image_height=\"840\" \/><\/a>\t<\/div>\n<\/div>\n<div class=\"jet-woo-product-gallery__image-item\">\n\t<div class=\"jet-woo-product-gallery__image\">\n\t\t<a class=\"jet-woo-product-gallery__image-link\" href=\"https:\/\/gloopbaby.com\/wp-content\/uploads\/2023\/10\/imagem3-site.jpg\" itemprop=\"image\" title=\"imagem3-site\" rel=\"prettyPhoto[jet-gallery]\" data-e-disable-page-transition=\"\"><img loading=\"lazy\" decoding=\"async\" width=\"630\" height=\"840\" src=\"https:\/\/gloopbaby.com\/wp-content\/uploads\/2023\/10\/imagem3-site.jpg\" class=\"wp-post-gallery\" alt=\"\" title=\"imagem3-site\" data-caption=\"\" data-src=\"https:\/\/gloopbaby.com\/wp-content\/uploads\/2023\/10\/imagem3-site.jpg\" data-large_image=\"https:\/\/gloopbaby.com\/wp-content\/uploads\/2023\/10\/imagem3-site.jpg\" data-large_image_width=\"630\" data-large_image_height=\"840\" \/><a class=\"jet-woo-product-gallery__image-overlay\"><span>+ 2 More Images<\/span><\/a><\/a>\t<\/div>\n<\/div>\n<div class=\"jet-woo-product-gallery__image-item item-hidden\">\n\t<div class=\"jet-woo-product-gallery__image\">\n\t\t<a class=\"jet-woo-product-gallery__image-link\" href=\"https:\/\/gloopbaby.com\/wp-content\/uploads\/2023\/10\/imagem4-site.jpg\" itemprop=\"image\" title=\"imagem4-site\" rel=\"prettyPhoto[jet-gallery]\" data-e-disable-page-transition=\"\"><img loading=\"lazy\" decoding=\"async\" width=\"630\" height=\"840\" src=\"https:\/\/gloopbaby.com\/wp-content\/uploads\/2023\/10\/imagem4-site.jpg\" class=\"wp-post-gallery\" alt=\"\" title=\"imagem4-site\" data-caption=\"\" data-src=\"https:\/\/gloopbaby.com\/wp-content\/uploads\/2023\/10\/imagem4-site.jpg\" data-large_image=\"https:\/\/gloopbaby.com\/wp-content\/uploads\/2023\/10\/imagem4-site.jpg\" data-large_image_width=\"630\" data-large_image_height=\"840\" \/><\/a>\t<\/div>\n<\/div>\n<div class=\"jet-woo-product-gallery__image-item item-hidden\">\n\t<div class=\"jet-woo-product-gallery__image\">\n\t\t<a class=\"jet-woo-product-gallery__image-link\" href=\"https:\/\/gloopbaby.com\/wp-content\/uploads\/2023\/10\/imgem6-site.jpg\" itemprop=\"image\" title=\"imgem6-site\" rel=\"prettyPhoto[jet-gallery]\" data-e-disable-page-transition=\"\"><img loading=\"lazy\" decoding=\"async\" width=\"630\" height=\"840\" src=\"https:\/\/gloopbaby.com\/wp-content\/uploads\/2023\/10\/imgem6-site.jpg\" class=\"wp-post-gallery\" alt=\"\" title=\"imgem6-site\" data-caption=\"\" data-src=\"https:\/\/gloopbaby.com\/wp-content\/uploads\/2023\/10\/imgem6-site.jpg\" data-large_image=\"https:\/\/gloopbaby.com\/wp-content\/uploads\/2023\/10\/imgem6-site.jpg\" data-large_image_width=\"630\" data-large_image_height=\"840\" \/><\/a>\t<\/div>\n<\/div>\n\t\t\t<\/div>\n<\/div><\/div>\t\t\t\t<\/div>\n\t\t\t\t<\/div>\n\t\t\t\t\t<\/div>\n\t\t\t\t<\/div>\n\t\t\t\t\t<\/div>\n\t\t\t\t<\/div>\n\t\t\t\t<\/div>\n\t\t","protected":false},"excerpt":{"rendered":"<p>Somos una marca portuguesa con sede en Portugal, fabrica sus propios productos, la marca est\u00e1 \u00edntegramente hecha y dise\u00f1ada por nuestro equipo. La producci\u00f3n de tejidos y la estampaci\u00f3n tambi\u00e9n se realizan en el norte de Portugal. Con todo el proceso productivo geogr\u00e1ficamente cercano y la experiencia de nuestro equipo de alrededor de 40 a\u00f1os, [&hellip;]<\/p>\n","protected":false},"author":1,"featured_media":0,"parent":0,"menu_order":0,"comment_status":"closed","ping_status":"closed","template":"","meta":{"_acf_changed":false,"footnotes":""},"class_list":["post-33241","page","type-page","status-publish","hentry"],"acf":[],"yoast_head":"<!-- This site is optimized with the Yoast SEO plugin v27.3 - https:\/\/yoast.com\/product\/yoast-seo-wordpress\/ -->\n<title>sobre nosotros - Gloop Baby<\/title>\n<meta name=\"robots\" content=\"index, follow, max-snippet:-1, max-image-preview:large, max-video-preview:-1\" \/>\n<link rel=\"canonical\" href=\"https:\/\/gloopbaby.com\/es\/gloop\/\" \/>\n<meta property=\"og:locale\" content=\"es_ES\" \/>\n<meta property=\"og:type\" content=\"article\" \/>\n<meta property=\"og:title\" content=\"sobre nosotros - Gloop Baby\" \/>\n<meta property=\"og:description\" content=\"Somos una marca portuguesa con sede en Portugal, fabrica sus propios productos, la marca est\u00e1 \u00edntegramente hecha y dise\u00f1ada por nuestro equipo. La producci\u00f3n de tejidos y la estampaci\u00f3n tambi\u00e9n se realizan en el norte de Portugal. Con todo el proceso productivo geogr\u00e1ficamente cercano y la experiencia de nuestro equipo de alrededor de 40 a\u00f1os, [&hellip;]\" \/>\n<meta property=\"og:url\" content=\"https:\/\/gloopbaby.com\/es\/gloop\/\" \/>\n<meta property=\"og:site_name\" content=\"Gloop Baby\" \/>\n<meta property=\"article:modified_time\" content=\"2023-11-24T12:35:29+00:00\" \/>\n<meta property=\"og:image\" content=\"https:\/\/gloopbaby.com\/wp-content\/uploads\/2023\/09\/Gloop-baby-AW-24-0165-683x1024.jpg\" \/>\n<meta name=\"twitter:card\" content=\"summary_large_image\" \/>\n<meta name=\"twitter:label1\" content=\"Tiempo de lectura\" \/>\n\t<meta name=\"twitter:data1\" content=\"1 minuto\" \/>\n<script type=\"application\/ld+json\" class=\"yoast-schema-graph\">{\"@context\":\"https:\\\/\\\/schema.org\",\"@graph\":[{\"@type\":\"WebPage\",\"@id\":\"https:\\\/\\\/gloopbaby.com\\\/es\\\/gloop\\\/\",\"url\":\"https:\\\/\\\/gloopbaby.com\\\/es\\\/gloop\\\/\",\"name\":\"sobre nosotros - Gloop Baby\",\"isPartOf\":{\"@id\":\"https:\\\/\\\/gloopbaby.com\\\/es\\\/#website\"},\"primaryImageOfPage\":{\"@id\":\"https:\\\/\\\/gloopbaby.com\\\/es\\\/gloop\\\/#primaryimage\"},\"image\":{\"@id\":\"https:\\\/\\\/gloopbaby.com\\\/es\\\/gloop\\\/#primaryimage\"},\"thumbnailUrl\":\"https:\\\/\\\/gloopbaby.com\\\/wp-content\\\/uploads\\\/2023\\\/09\\\/Gloop-baby-AW-24-0165-683x1024.jpg\",\"datePublished\":\"2023-06-27T10:16:45+00:00\",\"dateModified\":\"2023-11-24T12:35:29+00:00\",\"breadcrumb\":{\"@id\":\"https:\\\/\\\/gloopbaby.com\\\/es\\\/gloop\\\/#breadcrumb\"},\"inLanguage\":\"es\",\"potentialAction\":[{\"@type\":\"ReadAction\",\"target\":[\"https:\\\/\\\/gloopbaby.com\\\/es\\\/gloop\\\/\"]}]},{\"@type\":\"ImageObject\",\"inLanguage\":\"es\",\"@id\":\"https:\\\/\\\/gloopbaby.com\\\/es\\\/gloop\\\/#primaryimage\",\"url\":\"https:\\\/\\\/gloopbaby.com\\\/wp-content\\\/uploads\\\/2023\\\/09\\\/Gloop-baby-AW-24-0165-683x1024.jpg\",\"contentUrl\":\"https:\\\/\\\/gloopbaby.com\\\/wp-content\\\/uploads\\\/2023\\\/09\\\/Gloop-baby-AW-24-0165-683x1024.jpg\"},{\"@type\":\"BreadcrumbList\",\"@id\":\"https:\\\/\\\/gloopbaby.com\\\/es\\\/gloop\\\/#breadcrumb\",\"itemListElement\":[{\"@type\":\"ListItem\",\"position\":1,\"name\":\"In\u00edcio\",\"item\":\"https:\\\/\\\/gloopbaby.com\\\/es\\\/\"},{\"@type\":\"ListItem\",\"position\":2,\"name\":\"sobre nosotros\"}]},{\"@type\":\"WebSite\",\"@id\":\"https:\\\/\\\/gloopbaby.com\\\/es\\\/#website\",\"url\":\"https:\\\/\\\/gloopbaby.com\\\/es\\\/\",\"name\":\"Gloop Baby\",\"description\":\"\",\"publisher\":{\"@id\":\"https:\\\/\\\/gloopbaby.com\\\/es\\\/#organization\"},\"potentialAction\":[{\"@type\":\"SearchAction\",\"target\":{\"@type\":\"EntryPoint\",\"urlTemplate\":\"https:\\\/\\\/gloopbaby.com\\\/es\\\/?s={search_term_string}\"},\"query-input\":{\"@type\":\"PropertyValueSpecification\",\"valueRequired\":true,\"valueName\":\"search_term_string\"}}],\"inLanguage\":\"es\"},{\"@type\":\"Organization\",\"@id\":\"https:\\\/\\\/gloopbaby.com\\\/es\\\/#organization\",\"name\":\"Gloop Baby\",\"url\":\"https:\\\/\\\/gloopbaby.com\\\/es\\\/\",\"logo\":{\"@type\":\"ImageObject\",\"inLanguage\":\"es\",\"@id\":\"https:\\\/\\\/gloopbaby.com\\\/es\\\/#\\\/schema\\\/logo\\\/image\\\/\",\"url\":\"https:\\\/\\\/gloopbaby.com\\\/wp-content\\\/uploads\\\/2023\\\/06\\\/gloop-logo.svg\",\"contentUrl\":\"https:\\\/\\\/gloopbaby.com\\\/wp-content\\\/uploads\\\/2023\\\/06\\\/gloop-logo.svg\",\"width\":100,\"height\":100,\"caption\":\"Gloop Baby\"},\"image\":{\"@id\":\"https:\\\/\\\/gloopbaby.com\\\/es\\\/#\\\/schema\\\/logo\\\/image\\\/\"}}]}<\/script>\n<!-- \/ Yoast SEO plugin. -->","yoast_head_json":{"title":"sobre nosotros - Gloop Baby","robots":{"index":"index","follow":"follow","max-snippet":"max-snippet:-1","max-image-preview":"max-image-preview:large","max-video-preview":"max-video-preview:-1"},"canonical":"https:\/\/gloopbaby.com\/es\/gloop\/","og_locale":"es_ES","og_type":"article","og_title":"sobre nosotros - Gloop Baby","og_description":"Somos una marca portuguesa con sede en Portugal, fabrica sus propios productos, la marca est\u00e1 \u00edntegramente hecha y dise\u00f1ada por nuestro equipo. La producci\u00f3n de tejidos y la estampaci\u00f3n tambi\u00e9n se realizan en el norte de Portugal. Con todo el proceso productivo geogr\u00e1ficamente cercano y la experiencia de nuestro equipo de alrededor de 40 a\u00f1os, [&hellip;]","og_url":"https:\/\/gloopbaby.com\/es\/gloop\/","og_site_name":"Gloop Baby","article_modified_time":"2023-11-24T12:35:29+00:00","og_image":[{"url":"https:\/\/gloopbaby.com\/wp-content\/uploads\/2023\/09\/Gloop-baby-AW-24-0165-683x1024.jpg","type":"","width":"","height":""}],"twitter_card":"summary_large_image","twitter_misc":{"Tiempo de lectura":"1 minuto"},"schema":{"@context":"https:\/\/schema.org","@graph":[{"@type":"WebPage","@id":"https:\/\/gloopbaby.com\/es\/gloop\/","url":"https:\/\/gloopbaby.com\/es\/gloop\/","name":"sobre nosotros - Gloop Baby","isPartOf":{"@id":"https:\/\/gloopbaby.com\/es\/#website"},"primaryImageOfPage":{"@id":"https:\/\/gloopbaby.com\/es\/gloop\/#primaryimage"},"image":{"@id":"https:\/\/gloopbaby.com\/es\/gloop\/#primaryimage"},"thumbnailUrl":"https:\/\/gloopbaby.com\/wp-content\/uploads\/2023\/09\/Gloop-baby-AW-24-0165-683x1024.jpg","datePublished":"2023-06-27T10:16:45+00:00","dateModified":"2023-11-24T12:35:29+00:00","breadcrumb":{"@id":"https:\/\/gloopbaby.com\/es\/gloop\/#breadcrumb"},"inLanguage":"es","potentialAction":[{"@type":"ReadAction","target":["https:\/\/gloopbaby.com\/es\/gloop\/"]}]},{"@type":"ImageObject","inLanguage":"es","@id":"https:\/\/gloopbaby.com\/es\/gloop\/#primaryimage","url":"https:\/\/gloopbaby.com\/wp-content\/uploads\/2023\/09\/Gloop-baby-AW-24-0165-683x1024.jpg","contentUrl":"https:\/\/gloopbaby.com\/wp-content\/uploads\/2023\/09\/Gloop-baby-AW-24-0165-683x1024.jpg"},{"@type":"BreadcrumbList","@id":"https:\/\/gloopbaby.com\/es\/gloop\/#breadcrumb","itemListElement":[{"@type":"ListItem","position":1,"name":"In\u00edcio","item":"https:\/\/gloopbaby.com\/es\/"},{"@type":"ListItem","position":2,"name":"sobre nosotros"}]},{"@type":"WebSite","@id":"https:\/\/gloopbaby.com\/es\/#website","url":"https:\/\/gloopbaby.com\/es\/","name":"Gloop Baby","description":"","publisher":{"@id":"https:\/\/gloopbaby.com\/es\/#organization"},"potentialAction":[{"@type":"SearchAction","target":{"@type":"EntryPoint","urlTemplate":"https:\/\/gloopbaby.com\/es\/?s={search_term_string}"},"query-input":{"@type":"PropertyValueSpecification","valueRequired":true,"valueName":"search_term_string"}}],"inLanguage":"es"},{"@type":"Organization","@id":"https:\/\/gloopbaby.com\/es\/#organization","name":"Gloop Baby","url":"https:\/\/gloopbaby.com\/es\/","logo":{"@type":"ImageObject","inLanguage":"es","@id":"https:\/\/gloopbaby.com\/es\/#\/schema\/logo\/image\/","url":"https:\/\/gloopbaby.com\/wp-content\/uploads\/2023\/06\/gloop-logo.svg","contentUrl":"https:\/\/gloopbaby.com\/wp-content\/uploads\/2023\/06\/gloop-logo.svg","width":100,"height":100,"caption":"Gloop Baby"},"image":{"@id":"https:\/\/gloopbaby.com\/es\/#\/schema\/logo\/image\/"}}]}},"_links":{"self":[{"href":"https:\/\/gloopbaby.com\/es\/wp-json\/wp\/v2\/pages\/33241","targetHints":{"allow":["GET"]}}],"collection":[{"href":"https:\/\/gloopbaby.com\/es\/wp-json\/wp\/v2\/pages"}],"about":[{"href":"https:\/\/gloopbaby.com\/es\/wp-json\/wp\/v2\/types\/page"}],"author":[{"embeddable":true,"href":"https:\/\/gloopbaby.com\/es\/wp-json\/wp\/v2\/users\/1"}],"replies":[{"embeddable":true,"href":"https:\/\/gloopbaby.com\/es\/wp-json\/wp\/v2\/comments?post=33241"}],"version-history":[{"count":0,"href":"https:\/\/gloopbaby.com\/es\/wp-json\/wp\/v2\/pages\/33241\/revisions"}],"wp:attachment":[{"href":"https:\/\/gloopbaby.com\/es\/wp-json\/wp\/v2\/media?parent=33241"}],"curies":[{"name":"wp","href":"https:\/\/api.w.org\/{rel}","templated":true}]}}