{"id":33231,"date":"2023-06-27T10:18:10","date_gmt":"2023-06-27T10:18:10","guid":{"rendered":"https:\/\/gloopbaby.com\/terminos-y-condiciones\/"},"modified":"2025-10-31T12:33:04","modified_gmt":"2025-10-31T12:33:04","slug":"terminos-y-condiciones","status":"publish","type":"page","link":"https:\/\/gloopbaby.com\/es\/terminos-y-condiciones\/","title":{"rendered":"T\u00e9rminos y condiciones"},"content":{"rendered":"\n<p><strong>COMO ORDENAR<\/strong><\/p>\n\n\n\n<p>Para ordenar nuestros art\u00edculos en nuestra tienda online debe seguir estos pasos:<\/p>\n\n\n\n<ul class=\"wp-block-list\">\n<li>Haga clic en la foto o el t\u00edtulo para ingresar a la lista de productos y poder ver no solo las diversas fotograf\u00edas del producto, sino tambi\u00e9n toda la informaci\u00f3n;<\/li>\n\n\n\n<li>Para comprar el art\u00edculo, simplemente haga clic en \u201cAgregar\u201d. Luego puede elegir si desea continuar comprando o ir directamente al carrito de compras;<\/li>\n\n\n\n<li>Si desea continuar comprando, repita el proceso;<\/li>\n\n\n\n<li>Una vez que haya completado su selecci\u00f3n, debe hacer clic en el enlace \u201ccarrito\u201d en la parte superior de la p\u00e1gina y se le dirigir\u00e1 a la p\u00e1gina del carrito.<\/li>\n\n\n\n<li>Una vez que haya completado su selecci\u00f3n, debe hacer clic en el enlace \u201ccarrito\u201d en la parte superior de la p\u00e1gina y se le dirigir\u00e1 a la p\u00e1gina del carrito.<\/li>\n\n\n\n<li>En la p\u00e1gina del carrito puede revisar su selecci\u00f3n, cambiar cantidades o eliminar art\u00edculos.<\/li>\n\n\n\n<li>Al final, debe indicar la direcci\u00f3n de env\u00edo (que puede diferir de la direcci\u00f3n de registro), seleccionar el pago y completar el pedido, siguiendo las instrucciones de pago.<\/li>\n<\/ul>\n\n\n\n<p>Cuando env\u00ede su pedido, recibir\u00e1 un correo electr\u00f3nico de confirmaci\u00f3n con el n\u00famero de pedido, la referencia de los productos solicitados, la direcci\u00f3n de env\u00edo y el m\u00e9todo de pago.<\/p>\n\n\n\n<p>En caso de duda, siempre puede contactarnos en:<br><a href=\"mailto:encomendas@gloopbaby.com\">geral@gloopbaby.com<\/a>.<\/p>\n\n\n\n<p>Despu\u00e9s de completar su pedido, tiene 5 d\u00edas h\u00e1biles para realizar el pago, o se cancelar\u00e1 autom\u00e1ticamente.<\/p>\n\n\n\n<p><strong>M\u00c9TODOS DE PAGO<\/strong><\/p>\n\n\n\n<p>Todos los precios est\u00e1n listados en EURO e incluyen el IVA a la tasa vigente. Los costos de transporte no est\u00e1n incluidos. Estos solo se pueden dar despu\u00e9s de completar el pedido.<\/p>\n\n\n\n<p>Su factura siempre acompa\u00f1ar\u00e1 su pedido.<\/p>\n\n\n\n<p>gloop se reserva el derecho de ajustar, en cualquier momento, sus precios, promociones, art\u00edculos y caracter\u00edsticas. Los precios que se reducen durante las ventas y promociones solo son v\u00e1lidos durante el per\u00edodo indicado.<\/p>\n\n\n\n<p>gloop acepta los siguientes m\u00e9todos de pago:<\/p>\n\n\n\n<p><strong>Paypal \u2013<\/strong> &nbsp;si elige usar una tarjeta de cr\u00e9dito, puede pagar a trav\u00e9s de Paypal y ser\u00e1 redirigido de inmediato a su sitio web.<\/p>\n\n\n\n<p><strong>Transferencia Bancaria \u2013<\/strong>&nbsp;tambi\u00e9n puede pagar su pedido mediante transferencia bancaria. Nuestro IBAN se proporcionar\u00e1 al final del proceso de compra. Ingrese su nombre y apellido de referencia al descargar. Debe enviarnos un comprobante de pago a la direcci\u00f3n de correo electr\u00f3nico&nbsp;<a href=\"mailto:encomendas@gloopbaby.com\">geral@gloopbaby.com<\/a>&nbsp;para proceder a enviar su pedido lo m\u00e1s r\u00e1pido posible.<\/p>\n\n\n\n<p><strong>Apple Pay<\/strong>&nbsp;\u2013 Puede realizar su pago de forma totalmente segura, introduciendo los datos de su tarjeta.<\/p>\n\n\n\n<p><strong>Google Pay<\/strong>&nbsp;\u2013 Puede realizar su pago de forma totalmente segura, introduciendo los datos de su tarjeta.<\/p>\n\n\n\n<p><strong>ENTREGA<\/strong><\/p>\n\n\n\n<p>Su pedido ser\u00e1 enviado en 24 a 48 horas despu\u00e9s de la confirmaci\u00f3n del pago. Si por alg\u00fan motivo excepcional nos demoramos en el env\u00edo (por ejemplo, en caso de huelgas del transportista, interrupciones inesperadas de existencias, etc.) nos comunicaremos con usted de inmediato.<\/p>\n\n\n\n<p>Dependiendo del pa\u00eds de env\u00edo, su pedido tendr\u00e1 un costo adicional por el env\u00edo, de la siguiente manera:<\/p>\n\n\n\n<ul class=\"wp-block-list\">\n<li>Portugal \u2013 4.99\u20ac<\/li>\n\n\n\n<li>Madeira\/A\u00e7ores \u2013 6.95\u20ac<\/li>\n\n\n\n<li>UE \u2013 9.95\u20ac<\/li>\n\n\n\n<li>UK \u2013 24.95\u20ac<\/li>\n\n\n\n<li>Suiza \u2013 24.90\u20ac<\/li>\n\n\n\n<li>Otros \u2013 9.90\u20ac<\/li>\n<\/ul>\n\n\n\n<p>Entrega gratuita a partir de 100\u20ac (excepto Suiza y el UK).<\/p>\n\n\n\n<p>Tenga en cuenta que los pedidos internacionales pueden estar sujetos a derechos de aduana o tasas de importaci\u00f3n en el momento de la entrada de las acciones en su pa\u00eds. No conocemos estos cargos y no podemos predecir su valor, ya que difieren de un pa\u00eds a otro. Debe comunicarse con las autoridades locales para obtener m\u00e1s informaci\u00f3n.<\/p>\n\n\n\n<p>Le sugerimos que indique una direcci\u00f3n de env\u00edo si es m\u00e1s probable que haya alguien disponible para recibirla.<\/p>\n\n\n\n<p>Los pedidos se entregan a trav\u00e9s del transportista DPD y BATCH.<\/p>\n\n\n\n<p><strong>CAMBIOS Y DEVOLUCIONES<\/strong><\/p>\n\n\n\n<p>Al recibir su pedido, si por alguna raz\u00f3n no est\u00e1 satisfecho, tiene 14 d\u00edas para cambiar o devolver el producto comprado.<\/p>\n\n\n\n<p>Para esto debe contactarnos por correo electr\u00f3nico a&nbsp;<a href=\"mailto:geral@gloopbaby.com\">geral@gloopbaby.com<\/a>&nbsp;indicando la causa, el n\u00famero de la factura y la devoluci\u00f3n o cambio del producto de referencia.<\/p>\n\n\n\n<p>Los productos para devoluci\u00f3n o cambio deber\u00e1n ir acompa\u00f1ados del embalaje original con sus etiquetas intactas y sin ning\u00fan signo de uso. Debe protegerse adecuadamente para que no se da\u00f1e durante la operaci\u00f3n de transporte.<\/p>\n\n\n\n<p>Los gastos de env\u00edo y \/ o devoluci\u00f3n son responsabilidad exclusiva del cliente.<\/p>\n\n\n\n<p>Pol\u00edtica de Cancelaci\u00f3n y Devoluci\u00f3n con plazos y condiciones (de conformidad con el derecho de libre resoluci\u00f3n en los contratos celebrados a distancia o celebrados fuera del establecimiento \u2013 Decreto-Ley n\u00ba 24\/2014 \u2013 art 10).<\/p>\n\n\n\n<p><\/p>\n\n\n\n<figure class=\"wp-block-image size-full is-resized\"><img fetchpriority=\"high\" decoding=\"async\" width=\"584\" height=\"110\" src=\"https:\/\/gloopbaby.com\/wp-content\/uploads\/2025\/07\/5-variantes-mb-mbw-cc-ap-gp.png\" alt=\"\" class=\"wp-image-135622\" style=\"width:449px;height:auto\" srcset=\"https:\/\/gloopbaby.com\/wp-content\/uploads\/2025\/07\/5-variantes-mb-mbw-cc-ap-gp.png 584w, https:\/\/gloopbaby.com\/wp-content\/uploads\/2025\/07\/5-variantes-mb-mbw-cc-ap-gp-300x57.png 300w\" sizes=\"(max-width: 584px) 100vw, 584px\" \/><\/figure>\n","protected":false},"excerpt":{"rendered":"<p>COMO ORDENAR Para ordenar nuestros art\u00edculos en nuestra tienda online debe seguir estos pasos: Cuando env\u00ede su pedido, recibir\u00e1 un correo electr\u00f3nico de confirmaci\u00f3n con el n\u00famero de pedido, la referencia de los productos solicitados, la direcci\u00f3n de env\u00edo y el m\u00e9todo de pago. En caso de duda, siempre puede contactarnos en:geral@gloopbaby.com. Despu\u00e9s de completar [&hellip;]<\/p>\n","protected":false},"author":1,"featured_media":135622,"parent":0,"menu_order":0,"comment_status":"closed","ping_status":"closed","template":"","meta":{"_acf_changed":false,"footnotes":""},"class_list":["post-33231","page","type-page","status-publish","has-post-thumbnail","hentry"],"acf":[],"yoast_head":"<!-- This site is optimized with the Yoast SEO plugin v27.4 - https:\/\/yoast.com\/product\/yoast-seo-wordpress\/ -->\n<title>T\u00e9rminos y condiciones - Gloop Baby<\/title>\n<meta name=\"robots\" content=\"index, follow, max-snippet:-1, max-image-preview:large, max-video-preview:-1\" \/>\n<link rel=\"canonical\" href=\"https:\/\/gloopbaby.com\/es\/terminos-y-condiciones\/\" \/>\n<meta property=\"og:locale\" content=\"es_ES\" \/>\n<meta property=\"og:type\" content=\"article\" \/>\n<meta property=\"og:title\" content=\"T\u00e9rminos y condiciones - Gloop Baby\" \/>\n<meta property=\"og:description\" content=\"COMO ORDENAR Para ordenar nuestros art\u00edculos en nuestra tienda online debe seguir estos pasos: Cuando env\u00ede su pedido, recibir\u00e1 un correo electr\u00f3nico de confirmaci\u00f3n con el n\u00famero de pedido, la referencia de los productos solicitados, la direcci\u00f3n de env\u00edo y el m\u00e9todo de pago. En caso de duda, siempre puede contactarnos en:geral@gloopbaby.com. Despu\u00e9s de completar [&hellip;]\" \/>\n<meta property=\"og:url\" content=\"https:\/\/gloopbaby.com\/es\/terminos-y-condiciones\/\" \/>\n<meta property=\"og:site_name\" content=\"Gloop Baby\" \/>\n<meta property=\"article:modified_time\" content=\"2025-10-31T12:33:04+00:00\" \/>\n<meta property=\"og:image\" content=\"https:\/\/gloopbaby.com\/wp-content\/uploads\/2025\/07\/5-variantes-mb-mbw-cc-ap-gp.png\" \/>\n\t<meta property=\"og:image:width\" content=\"584\" \/>\n\t<meta property=\"og:image:height\" content=\"110\" \/>\n\t<meta property=\"og:image:type\" content=\"image\/png\" \/>\n<meta name=\"twitter:card\" content=\"summary_large_image\" \/>\n<meta name=\"twitter:label1\" content=\"Tiempo de lectura\" \/>\n\t<meta name=\"twitter:data1\" content=\"5 minutos\" \/>\n<script type=\"application\/ld+json\" class=\"yoast-schema-graph\">{\"@context\":\"https:\\\/\\\/schema.org\",\"@graph\":[{\"@type\":\"WebPage\",\"@id\":\"https:\\\/\\\/gloopbaby.com\\\/es\\\/terminos-y-condiciones\\\/\",\"url\":\"https:\\\/\\\/gloopbaby.com\\\/es\\\/terminos-y-condiciones\\\/\",\"name\":\"T\u00e9rminos y condiciones - Gloop Baby\",\"isPartOf\":{\"@id\":\"https:\\\/\\\/gloopbaby.com\\\/es\\\/#website\"},\"primaryImageOfPage\":{\"@id\":\"https:\\\/\\\/gloopbaby.com\\\/es\\\/terminos-y-condiciones\\\/#primaryimage\"},\"image\":{\"@id\":\"https:\\\/\\\/gloopbaby.com\\\/es\\\/terminos-y-condiciones\\\/#primaryimage\"},\"thumbnailUrl\":\"https:\\\/\\\/gloopbaby.com\\\/wp-content\\\/uploads\\\/2025\\\/07\\\/5-variantes-mb-mbw-cc-ap-gp.png\",\"datePublished\":\"2023-06-27T10:18:10+00:00\",\"dateModified\":\"2025-10-31T12:33:04+00:00\",\"breadcrumb\":{\"@id\":\"https:\\\/\\\/gloopbaby.com\\\/es\\\/terminos-y-condiciones\\\/#breadcrumb\"},\"inLanguage\":\"es\",\"potentialAction\":[{\"@type\":\"ReadAction\",\"target\":[\"https:\\\/\\\/gloopbaby.com\\\/es\\\/terminos-y-condiciones\\\/\"]}]},{\"@type\":\"ImageObject\",\"inLanguage\":\"es\",\"@id\":\"https:\\\/\\\/gloopbaby.com\\\/es\\\/terminos-y-condiciones\\\/#primaryimage\",\"url\":\"https:\\\/\\\/gloopbaby.com\\\/wp-content\\\/uploads\\\/2025\\\/07\\\/5-variantes-mb-mbw-cc-ap-gp.png\",\"contentUrl\":\"https:\\\/\\\/gloopbaby.com\\\/wp-content\\\/uploads\\\/2025\\\/07\\\/5-variantes-mb-mbw-cc-ap-gp.png\",\"width\":584,\"height\":110},{\"@type\":\"BreadcrumbList\",\"@id\":\"https:\\\/\\\/gloopbaby.com\\\/es\\\/terminos-y-condiciones\\\/#breadcrumb\",\"itemListElement\":[{\"@type\":\"ListItem\",\"position\":1,\"name\":\"In\u00edcio\",\"item\":\"https:\\\/\\\/gloopbaby.com\\\/es\\\/\"},{\"@type\":\"ListItem\",\"position\":2,\"name\":\"T\u00e9rminos y condiciones\"}]},{\"@type\":\"WebSite\",\"@id\":\"https:\\\/\\\/gloopbaby.com\\\/es\\\/#website\",\"url\":\"https:\\\/\\\/gloopbaby.com\\\/es\\\/\",\"name\":\"Gloop Baby\",\"description\":\"\",\"publisher\":{\"@id\":\"https:\\\/\\\/gloopbaby.com\\\/es\\\/#organization\"},\"potentialAction\":[{\"@type\":\"SearchAction\",\"target\":{\"@type\":\"EntryPoint\",\"urlTemplate\":\"https:\\\/\\\/gloopbaby.com\\\/es\\\/?s={search_term_string}\"},\"query-input\":{\"@type\":\"PropertyValueSpecification\",\"valueRequired\":true,\"valueName\":\"search_term_string\"}}],\"inLanguage\":\"es\"},{\"@type\":\"Organization\",\"@id\":\"https:\\\/\\\/gloopbaby.com\\\/es\\\/#organization\",\"name\":\"Gloop Baby\",\"url\":\"https:\\\/\\\/gloopbaby.com\\\/es\\\/\",\"logo\":{\"@type\":\"ImageObject\",\"inLanguage\":\"es\",\"@id\":\"https:\\\/\\\/gloopbaby.com\\\/es\\\/#\\\/schema\\\/logo\\\/image\\\/\",\"url\":\"https:\\\/\\\/gloopbaby.com\\\/wp-content\\\/uploads\\\/2023\\\/06\\\/gloop-logo.svg\",\"contentUrl\":\"https:\\\/\\\/gloopbaby.com\\\/wp-content\\\/uploads\\\/2023\\\/06\\\/gloop-logo.svg\",\"width\":100,\"height\":100,\"caption\":\"Gloop Baby\"},\"image\":{\"@id\":\"https:\\\/\\\/gloopbaby.com\\\/es\\\/#\\\/schema\\\/logo\\\/image\\\/\"}}]}<\/script>\n<!-- \/ Yoast SEO plugin. -->","yoast_head_json":{"title":"T\u00e9rminos y condiciones - Gloop Baby","robots":{"index":"index","follow":"follow","max-snippet":"max-snippet:-1","max-image-preview":"max-image-preview:large","max-video-preview":"max-video-preview:-1"},"canonical":"https:\/\/gloopbaby.com\/es\/terminos-y-condiciones\/","og_locale":"es_ES","og_type":"article","og_title":"T\u00e9rminos y condiciones - Gloop Baby","og_description":"COMO ORDENAR Para ordenar nuestros art\u00edculos en nuestra tienda online debe seguir estos pasos: Cuando env\u00ede su pedido, recibir\u00e1 un correo electr\u00f3nico de confirmaci\u00f3n con el n\u00famero de pedido, la referencia de los productos solicitados, la direcci\u00f3n de env\u00edo y el m\u00e9todo de pago. En caso de duda, siempre puede contactarnos en:geral@gloopbaby.com. Despu\u00e9s de completar [&hellip;]","og_url":"https:\/\/gloopbaby.com\/es\/terminos-y-condiciones\/","og_site_name":"Gloop Baby","article_modified_time":"2025-10-31T12:33:04+00:00","og_image":[{"width":584,"height":110,"url":"https:\/\/gloopbaby.com\/wp-content\/uploads\/2025\/07\/5-variantes-mb-mbw-cc-ap-gp.png","type":"image\/png"}],"twitter_card":"summary_large_image","twitter_misc":{"Tiempo de lectura":"5 minutos"},"schema":{"@context":"https:\/\/schema.org","@graph":[{"@type":"WebPage","@id":"https:\/\/gloopbaby.com\/es\/terminos-y-condiciones\/","url":"https:\/\/gloopbaby.com\/es\/terminos-y-condiciones\/","name":"T\u00e9rminos y condiciones - Gloop Baby","isPartOf":{"@id":"https:\/\/gloopbaby.com\/es\/#website"},"primaryImageOfPage":{"@id":"https:\/\/gloopbaby.com\/es\/terminos-y-condiciones\/#primaryimage"},"image":{"@id":"https:\/\/gloopbaby.com\/es\/terminos-y-condiciones\/#primaryimage"},"thumbnailUrl":"https:\/\/gloopbaby.com\/wp-content\/uploads\/2025\/07\/5-variantes-mb-mbw-cc-ap-gp.png","datePublished":"2023-06-27T10:18:10+00:00","dateModified":"2025-10-31T12:33:04+00:00","breadcrumb":{"@id":"https:\/\/gloopbaby.com\/es\/terminos-y-condiciones\/#breadcrumb"},"inLanguage":"es","potentialAction":[{"@type":"ReadAction","target":["https:\/\/gloopbaby.com\/es\/terminos-y-condiciones\/"]}]},{"@type":"ImageObject","inLanguage":"es","@id":"https:\/\/gloopbaby.com\/es\/terminos-y-condiciones\/#primaryimage","url":"https:\/\/gloopbaby.com\/wp-content\/uploads\/2025\/07\/5-variantes-mb-mbw-cc-ap-gp.png","contentUrl":"https:\/\/gloopbaby.com\/wp-content\/uploads\/2025\/07\/5-variantes-mb-mbw-cc-ap-gp.png","width":584,"height":110},{"@type":"BreadcrumbList","@id":"https:\/\/gloopbaby.com\/es\/terminos-y-condiciones\/#breadcrumb","itemListElement":[{"@type":"ListItem","position":1,"name":"In\u00edcio","item":"https:\/\/gloopbaby.com\/es\/"},{"@type":"ListItem","position":2,"name":"T\u00e9rminos y condiciones"}]},{"@type":"WebSite","@id":"https:\/\/gloopbaby.com\/es\/#website","url":"https:\/\/gloopbaby.com\/es\/","name":"Gloop Baby","description":"","publisher":{"@id":"https:\/\/gloopbaby.com\/es\/#organization"},"potentialAction":[{"@type":"SearchAction","target":{"@type":"EntryPoint","urlTemplate":"https:\/\/gloopbaby.com\/es\/?s={search_term_string}"},"query-input":{"@type":"PropertyValueSpecification","valueRequired":true,"valueName":"search_term_string"}}],"inLanguage":"es"},{"@type":"Organization","@id":"https:\/\/gloopbaby.com\/es\/#organization","name":"Gloop Baby","url":"https:\/\/gloopbaby.com\/es\/","logo":{"@type":"ImageObject","inLanguage":"es","@id":"https:\/\/gloopbaby.com\/es\/#\/schema\/logo\/image\/","url":"https:\/\/gloopbaby.com\/wp-content\/uploads\/2023\/06\/gloop-logo.svg","contentUrl":"https:\/\/gloopbaby.com\/wp-content\/uploads\/2023\/06\/gloop-logo.svg","width":100,"height":100,"caption":"Gloop Baby"},"image":{"@id":"https:\/\/gloopbaby.com\/es\/#\/schema\/logo\/image\/"}}]}},"_links":{"self":[{"href":"https:\/\/gloopbaby.com\/es\/wp-json\/wp\/v2\/pages\/33231","targetHints":{"allow":["GET"]}}],"collection":[{"href":"https:\/\/gloopbaby.com\/es\/wp-json\/wp\/v2\/pages"}],"about":[{"href":"https:\/\/gloopbaby.com\/es\/wp-json\/wp\/v2\/types\/page"}],"author":[{"embeddable":true,"href":"https:\/\/gloopbaby.com\/es\/wp-json\/wp\/v2\/users\/1"}],"replies":[{"embeddable":true,"href":"https:\/\/gloopbaby.com\/es\/wp-json\/wp\/v2\/comments?post=33231"}],"version-history":[{"count":6,"href":"https:\/\/gloopbaby.com\/es\/wp-json\/wp\/v2\/pages\/33231\/revisions"}],"predecessor-version":[{"id":139406,"href":"https:\/\/gloopbaby.com\/es\/wp-json\/wp\/v2\/pages\/33231\/revisions\/139406"}],"wp:featuredmedia":[{"embeddable":true,"href":"https:\/\/gloopbaby.com\/es\/wp-json\/wp\/v2\/media\/135622"}],"wp:attachment":[{"href":"https:\/\/gloopbaby.com\/es\/wp-json\/wp\/v2\/media?parent=33231"}],"curies":[{"name":"wp","href":"https:\/\/api.w.org\/{rel}","templated":true}]}}