{"id":137651,"date":"2025-09-30T14:23:46","date_gmt":"2025-09-30T14:23:46","guid":{"rendered":"https:\/\/gloopbaby.com\/preguntas-frecuentes\/"},"modified":"2025-10-31T12:31:26","modified_gmt":"2025-10-31T12:31:26","slug":"preguntas-frecuentes","status":"publish","type":"page","link":"https:\/\/gloopbaby.com\/es\/preguntas-frecuentes\/","title":{"rendered":"Preguntas frecuentes"},"content":{"rendered":"\t\t<div data-elementor-type=\"wp-page\" data-elementor-id=\"137651\" class=\"elementor elementor-137651 elementor-137639\" data-elementor-post-type=\"page\">\n\t\t\t\t<div class=\"elementor-element elementor-element-12d89a8c e-flex e-con-boxed e-con e-parent\" data-id=\"12d89a8c\" data-element_type=\"container\" data-e-type=\"container\">\n\t\t\t\t\t<div class=\"e-con-inner\">\n\t\t\t\t<div class=\"elementor-element elementor-element-3941ead7 elementor-widget elementor-widget-text-editor\" data-id=\"3941ead7\" data-element_type=\"widget\" data-e-type=\"widget\" data-widget_type=\"text-editor.default\">\n\t\t\t\t<div class=\"elementor-widget-container\">\n\t\t\t\t\t\t\t\t\t<h3><strong>Entregas<br><\/strong><\/h3>\n<ul class=\"wp-block-list\">\n<li><strong>Cu\u00e1les son los costos y plazos de env\u00edo?<\/strong><\/li>\n<\/ul>\n<figure class=\"wp-block-table\">\n<table class=\"has-fixed-layout\">\n<tbody>\n<tr>\n<td><strong>Entrega a domicilio<\/strong><\/td>\n<td><strong>Costo de env\u00edo*<\/strong><\/td>\n<td><strong>Tiempo de entrega<\/strong><\/td>\n<\/tr>\n<tr>\n<td>Portugal Continental<\/td>\n<td>4,99\u20ac&nbsp;<\/td>\n<td>El 1 a 2 d\u00edas h\u00e1biles<\/td>\n<\/tr>\n<tr>\n<td>Islas Madeira \/ Azores<\/td>\n<td>6,95\u20ac<\/td>\n<td>El 2 a 5 d\u00edas h\u00e1biles<\/td>\n<\/tr>\n<tr>\n<td>Espa\u00f1a<\/td>\n<td>9.95\u20ac<\/td>\n<td>El 1 a 2 d\u00edas h\u00e1biles<\/td>\n<\/tr>\n<tr>\n<td>uni\u00f3n Europea<\/td>\n<td>9.95\u20ac<\/td>\n<td>El 2 a 5 d\u00edas h\u00e1biles<\/td>\n<\/tr>\n<tr>\n<td>UK<\/td>\n<td>24.95\u20ac<\/td>\n<td>&nbsp;<\/td>\n<\/tr>\n<tr>\n<td>Suiza<\/td>\n<td>24.90\u20ac<\/td>\n<td>&nbsp;<\/td>\n<\/tr>\n<tr>\n<td>Otros<\/td>\n<td>9.90\u20ac<\/td>\n<td>&#8211; &#8211; &#8211;&nbsp;<\/td>\n<\/tr>\n<\/tbody>\n<\/table>\n<\/figure>\n<p>*Env\u00edo gratuito a partir de 100\u20ac (excepto Suiza y Reino Unido).<\/p>\n<ul class=\"wp-block-list\">\n<li><strong>C\u00f3mo funciona el servicio de entrega de Gloop? <\/strong>Una vez que tu pedido est\u00e9 listo, recibir\u00e1s informaci\u00f3n de seguimiento por correo electr\u00f3nico.<br>Este correo electr\u00f3nico incluir\u00e1 un c\u00f3digo de seguimiento y un enlace para acceder al sitio web del transportista y rastrear la entrega de tu pedido a la direcci\u00f3n deseada.<\/li>\n<li><strong>Se puede enviar mi pedido a otro pa\u00eds?<\/strong><\/li>\n<\/ul>\n<p>S\u00ed, simplemente indica en la direcci\u00f3n de entrega la direcci\u00f3n a la que enviaremos tu pedido.<\/p>\n<h3>&nbsp;<\/h3>\n<h3><strong>Cambio y devoluci\u00f3n<\/strong><\/h3>\n<ul class=\"wp-block-list\">\n<li><strong>Cu\u00e1les son las condiciones de cambio o devoluci\u00f3n? <\/strong>Tras recibir tu pedido, si encuentras alg\u00fan problema o defecto con el art\u00edculo, o si por cualquier motivo te arrepientes o no est\u00e1s satisfecho, tienes 14 d\u00edas para cambiarlo o devolverlo.<\/li>\n<\/ul>\n<p>Para ello deber\u00e1 ponerse en contacto con Gloop a trav\u00e9s del correo electr\u00f3nico geral@gloopbaby.com indicando el motivo, el n\u00famero de factura y la referencia del producto a devolver o cambiar.<\/p>\n<p>Los productos a devolver o cambiar deber\u00e1n ir acompa\u00f1ados del embalaje original, con sus etiquetas intactas y sin ning\u00fan signo de uso.<\/p>\n<p>Los art\u00edculos deben estar debidamente protegidos para evitar da\u00f1os durante el env\u00edo. Los gastos de env\u00edo y\/o devoluci\u00f3n corren exclusivamente a cargo del cliente. En caso de devoluciones por defectos de fabricaci\u00f3n, Gloop cubrir\u00e1 los gastos de env\u00edo del art\u00edculo devuelto.<\/p>\n<ul class=\"wp-block-list\">\n<li><strong>C\u00f3mo y cu\u00e1ndo recibo mi reembolso? <\/strong>Los reembolsos siempre se emiten al m\u00e9todo de pago original y se procesan dentro de los 14 d\u00edas posteriores a la recepci\u00f3n de los art\u00edculos en el centro de devoluciones.<\/li>\n<\/ul>\n<p>Recibir\u00e1s una notificaci\u00f3n por email confirmando la llegada de tu pedido al centro de recogida y el reembolso del importe del pedido.<\/p>\n<h3><strong>M\u00e9todos de pago<\/strong><\/h3>\n<ul class=\"wp-block-list\">\n<li><strong>Qu\u00e9 m\u00e9todos de pago est\u00e1n disponibles?<\/strong><\/li>\n<\/ul>\n<p>Disponemos de los siguientes m\u00e9todos de pago:<\/p>\n<ul class=\"wp-block-list\">\n<li>MBWay<\/li>\n<li>Ref. Multibanco<\/li>\n<li>Visa<\/li>\n<li>Mastercard<\/li>\n<li>Apple Pay&nbsp;<\/li>\n<li>Google Pay<\/li>\n<li>Paypal<\/li>\n<li>Transferencia Bancaria<\/li>\n<\/ul>\n<h3>&nbsp;<\/h3>\n<h3><strong>Orden<\/strong><\/h3>\n<ul class=\"wp-block-list\">\n<li><strong>Necesito crear una cuenta? <\/strong>No es necesario crear una cuenta en nuestro sitio web para realizar un pedido. Tambi\u00e9n puedes comprar como invitado.<\/li>\n<li><strong>C\u00f3mo realizo una compra? <\/strong>Empieza por ver los art\u00edculos que quieres y, navegando por las categor\u00edas en el encabezado, puedes elegir el tipo de producto que deseas, por ejemplo: Peleles, Sacos de dormir, Cunas, Protectores para Beb\u00e9s, etc.\n<p>Al hacer clic en el art\u00edculo, aparecer\u00e1 la p\u00e1gina del producto, donde encontrar\u00e1s informaci\u00f3n detallada, incluyendo precio, n\u00famero de referencia, composici\u00f3n e instrucciones de cuidado.<\/p>\n<\/li>\n<\/ul>\n<p>Elige una talla\/art\u00edculo y haz clic en \u00abA\u00f1adir\u00bb. Puedes seguir viendo los art\u00edculos como antes o completar el proceso de pedido. Para empezar, haz clic en \u00abVer carrito\u00bb.<\/p>\n<p>Si tienes un cup\u00f3n o c\u00f3digo promocional que quieras descontar de tu compra, introd\u00facelo y haz clic en \u00abAplicar cup\u00f3n\u00bb.<\/p>\n<p>Para procesar su pedido, haga clic en \u00abFinalizar pedido\u00bb. A continuaci\u00f3n, complete la informaci\u00f3n para emitir la factura, as\u00ed como el m\u00e9todo de pago deseado (cajero autom\u00e1tico, MBWay, Apple Pay, Google Pay, tarjeta de cr\u00e9dito, PayPal o transferencia bancaria).<\/p>\n<p>Confirma tu compra. Una vez realizada, recibir\u00e1s un mensaje inform\u00e1ndote de que el pedido se ha realizado. En breve, tambi\u00e9n recibir\u00e1s un correo electr\u00f3nico de confirmaci\u00f3n.<\/p>\n<ul class=\"wp-block-list\">\n<li><strong>Puedo seguir el estado de mi pedido? <\/strong>Si has creado una cuenta, puedes consultar el estado de tu pedido en Mi Cuenta y consultar su seguimiento.<\/li>\n<\/ul>\n<p>Si tiene alguna pregunta, cont\u00e1ctenos por correo electr\u00f3nico a geral@gloopbaby.com<\/p>\n<ul class=\"wp-block-list\">\n<li><strong>Puedo cancelar un pedido? <\/strong>Si desea cancelar un pedido, env\u00ede un correo electr\u00f3nico a geral@gloopbaby.com lo antes posible para que podamos hablar sobre la posibilidad de cancelarlo.\n<p>Si el pedido ya se ha procesado, no se puede cancelar y podr\u00e1 devolverlo de acuerdo con los t\u00e9rminos y condiciones.<\/p>\n<\/li>\n<\/ul>\n<ul class=\"wp-block-list\">\n<li><strong>Puedo cambiar la direcci\u00f3n de entrega de un pedido ya confirmado?<\/strong><\/li>\n<\/ul>\n<p>Si desea cambiar la direcci\u00f3n de un pedido, deber\u00e1 registrar uno nuevo. Para ello, env\u00ede un correo electr\u00f3nico a geral@gloopbaby.com lo antes posible para que podamos comprobar si puede cancelar el pedido actual.<\/p>\n<h3>&nbsp;<\/h3>\n<h3><strong>Producto<\/strong><\/h3>\n<ul class=\"wp-block-list\">\n<li><strong>Gu\u00eda de tallas<\/strong><\/li>\n<\/ul>\n<figure class=\"wp-block-table\">\n<table class=\"has-fixed-layout\">\n<tbody>\n<tr>\n<td><strong>Edad<\/strong><\/td>\n<td><strong>Altura (cm)<\/strong><\/td>\n<td><strong>Pecho (cm)<\/strong><\/td>\n<td><strong>Cintura (cm)<\/strong><\/td>\n<\/tr>\n<tr>\n<td>0-1 meses<\/td>\n<td>50-55<\/td>\n<td>41<\/td>\n<td>40.5<\/td>\n<\/tr>\n<tr>\n<td>0-3 meses<\/td>\n<td>50-62<\/td>\n<td>43<\/td>\n<td>42.5<\/td>\n<\/tr>\n<tr>\n<td>0-6 meses<\/td>\n<td>50-68<\/td>\n<td>45<\/td>\n<td>44.5<\/td>\n<\/tr>\n<tr>\n<td>0-12 meses<\/td>\n<td>50-80<\/td>\n<td>49<\/td>\n<td>48.5<\/td>\n<\/tr>\n<tr>\n<td>1-3 meses<\/td>\n<td>55-62<\/td>\n<td>43<\/td>\n<td>42.5<\/td>\n<\/tr>\n<tr>\n<td>3-6 meses<\/td>\n<td>62-68<\/td>\n<td>45<\/td>\n<td>44.5<\/td>\n<\/tr>\n<tr>\n<td>6-9 meses<\/td>\n<td>68-74<\/td>\n<td>47<\/td>\n<td>46.5<\/td>\n<\/tr>\n<tr>\n<td>6-12 meses<\/td>\n<td>68-80<\/td>\n<td>49<\/td>\n<td>48.5<\/td>\n<\/tr>\n<tr>\n<td>9-12 meses<\/td>\n<td>74-80<\/td>\n<td>49<\/td>\n<td>48.5<\/td>\n<\/tr>\n<tr>\n<td>12-24 meses<\/td>\n<td>80-88<\/td>\n<td>53<\/td>\n<td>52.5<\/td>\n<\/tr>\n<\/tbody>\n<\/table>\n<\/figure>\n<ul class=\"wp-block-list\">\n<li>\n<h5><strong>Qu\u00e9 cuidados debo tener con los productos Gloop? <\/strong><\/h5>\n<\/li>\n<li>Recomendamos consultar la informaci\u00f3n disponible en las etiquetas o p\u00e1ginas de producto sobre la composici\u00f3n y las instrucciones de lavado. En cualquier caso, aqu\u00ed tienes algunas recomendaciones:<\/li>\n<li>A la hora de lavar, se debe separar la ropa por color y seg\u00fan su grado de suciedad, para evitar exponer las prendas a ciclos m\u00e1s largos de lo necesario;<\/li>\n<li>Lavar a altas temperaturas da\u00f1a la integridad de las telas y hace que los colores sean menos vibrantes, as\u00ed que trate de lavar a bajas temperaturas;<\/li>\n<li>La luz solar directa hace que los colores se desvanezcan, as\u00ed que procura dejarlos secar en ambientes protegidos de la luz solar;<\/li>\n<li>El detergente es un agente de limpieza, pero tambi\u00e9n puede provocar abrasi\u00f3n en los tejidos, por lo que conviene utilizar las dosis recomendadas y nunca utilizar demasiado;<\/li>\n<li>Para obtener mejores resultados en el ciclo de lavado, trate de no llenar completamente el tambor, para permitir que la ropa se mueva libremente, permitiendo una mejor higiene y lavado.<\/li>\n<\/ul>\n<h3>&nbsp;<\/h3>\n<h3><strong>El saco de dormir ideal<\/strong><\/h3>\n<ul class=\"wp-block-list\">\n<li><strong>C\u00f3mo elegir un saco de dormir<\/strong><\/li>\n<\/ul>\n<figure class=\"wp-block-image size-large is-resized\"><img fetchpriority=\"high\" decoding=\"async\" width=\"818\" height=\"1024\" class=\"wp-image-138000\" style=\"width: 637px; height: auto;\" src=\"https:\/\/gloopbaby.com\/wp-content\/uploads\/2025\/10\/tabela-tog-ES-818x1024.jpg\" alt=\"\" srcset=\"https:\/\/gloopbaby.com\/wp-content\/uploads\/2025\/10\/tabela-tog-ES-818x1024.jpg 818w, https:\/\/gloopbaby.com\/wp-content\/uploads\/2025\/10\/tabela-tog-ES-240x300.jpg 240w, https:\/\/gloopbaby.com\/wp-content\/uploads\/2025\/10\/tabela-tog-ES-768x962.jpg 768w, https:\/\/gloopbaby.com\/wp-content\/uploads\/2025\/10\/tabela-tog-ES-900x1127.jpg 900w, https:\/\/gloopbaby.com\/wp-content\/uploads\/2025\/10\/tabela-tog-ES.jpg 962w\" sizes=\"(max-width: 818px) 100vw, 818px\" \/><\/figure>\t\t\t\t\t\t\t\t<\/div>\n\t\t\t\t<\/div>\n\t\t\t\t\t<\/div>\n\t\t\t\t<\/div>\n\t\t\t\t<\/div>\n\t\t","protected":false},"excerpt":{"rendered":"<p>Entregas Cu\u00e1les son los costos y plazos de env\u00edo? Entrega a domicilio Costo de env\u00edo* Tiempo de entrega Portugal Continental 4,99\u20ac&nbsp; El 1 a 2 d\u00edas h\u00e1biles Islas Madeira \/ Azores 6,95\u20ac El 2 a 5 d\u00edas h\u00e1biles Espa\u00f1a 9.95\u20ac El 1 a 2 d\u00edas h\u00e1biles uni\u00f3n Europea 9.95\u20ac El 2 a 5 d\u00edas h\u00e1biles [&hellip;]<\/p>\n","protected":false},"author":2,"featured_media":0,"parent":0,"menu_order":0,"comment_status":"closed","ping_status":"closed","template":"","meta":{"_acf_changed":false,"footnotes":""},"class_list":["post-137651","page","type-page","status-publish","hentry"],"acf":[],"yoast_head":"<!-- This site is optimized with the Yoast SEO plugin v27.3 - https:\/\/yoast.com\/product\/yoast-seo-wordpress\/ -->\n<title>Preguntas frecuentes | productos para beb\u00e9s de algod\u00f3n org\u00e1nico - Gloop Baby<\/title>\n<meta name=\"description\" content=\"Necesitas ayuda con tu pedido? Una vez que est\u00e9 listo, recibir\u00e1s informaci\u00f3n de seguimiento por correo electr\u00f3nico.\" \/>\n<meta name=\"robots\" content=\"index, follow, max-snippet:-1, max-image-preview:large, max-video-preview:-1\" \/>\n<link rel=\"canonical\" href=\"https:\/\/gloopbaby.com\/es\/preguntas-frecuentes\/\" \/>\n<meta property=\"og:locale\" content=\"es_ES\" \/>\n<meta property=\"og:type\" content=\"article\" \/>\n<meta property=\"og:title\" content=\"Preguntas frecuentes | productos para beb\u00e9s de algod\u00f3n org\u00e1nico - Gloop Baby\" \/>\n<meta property=\"og:description\" content=\"Necesitas ayuda con tu pedido? Una vez que est\u00e9 listo, recibir\u00e1s informaci\u00f3n de seguimiento por correo electr\u00f3nico.\" \/>\n<meta property=\"og:url\" content=\"https:\/\/gloopbaby.com\/es\/preguntas-frecuentes\/\" \/>\n<meta property=\"og:site_name\" content=\"Gloop Baby\" \/>\n<meta property=\"article:modified_time\" content=\"2025-10-31T12:31:26+00:00\" \/>\n<meta property=\"og:image\" content=\"https:\/\/gloopbaby.com\/wp-content\/uploads\/2025\/10\/tabela-tog-ES.jpg\" \/>\n\t<meta property=\"og:image:width\" content=\"962\" \/>\n\t<meta property=\"og:image:height\" content=\"1205\" \/>\n\t<meta property=\"og:image:type\" content=\"image\/jpeg\" \/>\n<meta name=\"twitter:card\" content=\"summary_large_image\" \/>\n<meta name=\"twitter:label1\" content=\"Tiempo de lectura\" \/>\n\t<meta name=\"twitter:data1\" content=\"5 minutos\" \/>\n<script type=\"application\/ld+json\" class=\"yoast-schema-graph\">{\"@context\":\"https:\\\/\\\/schema.org\",\"@graph\":[{\"@type\":\"WebPage\",\"@id\":\"https:\\\/\\\/gloopbaby.com\\\/es\\\/preguntas-frecuentes\\\/\",\"url\":\"https:\\\/\\\/gloopbaby.com\\\/es\\\/preguntas-frecuentes\\\/\",\"name\":\"Preguntas frecuentes | productos para beb\u00e9s de algod\u00f3n org\u00e1nico - Gloop Baby\",\"isPartOf\":{\"@id\":\"https:\\\/\\\/gloopbaby.com\\\/es\\\/#website\"},\"primaryImageOfPage\":{\"@id\":\"https:\\\/\\\/gloopbaby.com\\\/es\\\/preguntas-frecuentes\\\/#primaryimage\"},\"image\":{\"@id\":\"https:\\\/\\\/gloopbaby.com\\\/es\\\/preguntas-frecuentes\\\/#primaryimage\"},\"thumbnailUrl\":\"https:\\\/\\\/gloopbaby.com\\\/wp-content\\\/uploads\\\/2025\\\/10\\\/tabela-tog-ES-818x1024.jpg\",\"datePublished\":\"2025-09-30T14:23:46+00:00\",\"dateModified\":\"2025-10-31T12:31:26+00:00\",\"description\":\"Necesitas ayuda con tu pedido? Una vez que est\u00e9 listo, recibir\u00e1s informaci\u00f3n de seguimiento por correo electr\u00f3nico.\",\"breadcrumb\":{\"@id\":\"https:\\\/\\\/gloopbaby.com\\\/es\\\/preguntas-frecuentes\\\/#breadcrumb\"},\"inLanguage\":\"es\",\"potentialAction\":[{\"@type\":\"ReadAction\",\"target\":[\"https:\\\/\\\/gloopbaby.com\\\/es\\\/preguntas-frecuentes\\\/\"]}]},{\"@type\":\"ImageObject\",\"inLanguage\":\"es\",\"@id\":\"https:\\\/\\\/gloopbaby.com\\\/es\\\/preguntas-frecuentes\\\/#primaryimage\",\"url\":\"https:\\\/\\\/gloopbaby.com\\\/wp-content\\\/uploads\\\/2025\\\/10\\\/tabela-tog-ES-818x1024.jpg\",\"contentUrl\":\"https:\\\/\\\/gloopbaby.com\\\/wp-content\\\/uploads\\\/2025\\\/10\\\/tabela-tog-ES-818x1024.jpg\"},{\"@type\":\"BreadcrumbList\",\"@id\":\"https:\\\/\\\/gloopbaby.com\\\/es\\\/preguntas-frecuentes\\\/#breadcrumb\",\"itemListElement\":[{\"@type\":\"ListItem\",\"position\":1,\"name\":\"In\u00edcio\",\"item\":\"https:\\\/\\\/gloopbaby.com\\\/es\\\/\"},{\"@type\":\"ListItem\",\"position\":2,\"name\":\"Preguntas frecuentes\"}]},{\"@type\":\"WebSite\",\"@id\":\"https:\\\/\\\/gloopbaby.com\\\/es\\\/#website\",\"url\":\"https:\\\/\\\/gloopbaby.com\\\/es\\\/\",\"name\":\"Gloop Baby\",\"description\":\"\",\"publisher\":{\"@id\":\"https:\\\/\\\/gloopbaby.com\\\/es\\\/#organization\"},\"potentialAction\":[{\"@type\":\"SearchAction\",\"target\":{\"@type\":\"EntryPoint\",\"urlTemplate\":\"https:\\\/\\\/gloopbaby.com\\\/es\\\/?s={search_term_string}\"},\"query-input\":{\"@type\":\"PropertyValueSpecification\",\"valueRequired\":true,\"valueName\":\"search_term_string\"}}],\"inLanguage\":\"es\"},{\"@type\":\"Organization\",\"@id\":\"https:\\\/\\\/gloopbaby.com\\\/es\\\/#organization\",\"name\":\"Gloop Baby\",\"url\":\"https:\\\/\\\/gloopbaby.com\\\/es\\\/\",\"logo\":{\"@type\":\"ImageObject\",\"inLanguage\":\"es\",\"@id\":\"https:\\\/\\\/gloopbaby.com\\\/es\\\/#\\\/schema\\\/logo\\\/image\\\/\",\"url\":\"https:\\\/\\\/gloopbaby.com\\\/wp-content\\\/uploads\\\/2023\\\/06\\\/gloop-logo.svg\",\"contentUrl\":\"https:\\\/\\\/gloopbaby.com\\\/wp-content\\\/uploads\\\/2023\\\/06\\\/gloop-logo.svg\",\"width\":100,\"height\":100,\"caption\":\"Gloop Baby\"},\"image\":{\"@id\":\"https:\\\/\\\/gloopbaby.com\\\/es\\\/#\\\/schema\\\/logo\\\/image\\\/\"}}]}<\/script>\n<!-- \/ Yoast SEO plugin. -->","yoast_head_json":{"title":"Preguntas frecuentes | productos para beb\u00e9s de algod\u00f3n org\u00e1nico - Gloop Baby","description":"Necesitas ayuda con tu pedido? Una vez que est\u00e9 listo, recibir\u00e1s informaci\u00f3n de seguimiento por correo electr\u00f3nico.","robots":{"index":"index","follow":"follow","max-snippet":"max-snippet:-1","max-image-preview":"max-image-preview:large","max-video-preview":"max-video-preview:-1"},"canonical":"https:\/\/gloopbaby.com\/es\/preguntas-frecuentes\/","og_locale":"es_ES","og_type":"article","og_title":"Preguntas frecuentes | productos para beb\u00e9s de algod\u00f3n org\u00e1nico - Gloop Baby","og_description":"Necesitas ayuda con tu pedido? Una vez que est\u00e9 listo, recibir\u00e1s informaci\u00f3n de seguimiento por correo electr\u00f3nico.","og_url":"https:\/\/gloopbaby.com\/es\/preguntas-frecuentes\/","og_site_name":"Gloop Baby","article_modified_time":"2025-10-31T12:31:26+00:00","og_image":[{"width":962,"height":1205,"url":"https:\/\/gloopbaby.com\/wp-content\/uploads\/2025\/10\/tabela-tog-ES.jpg","type":"image\/jpeg"}],"twitter_card":"summary_large_image","twitter_misc":{"Tiempo de lectura":"5 minutos"},"schema":{"@context":"https:\/\/schema.org","@graph":[{"@type":"WebPage","@id":"https:\/\/gloopbaby.com\/es\/preguntas-frecuentes\/","url":"https:\/\/gloopbaby.com\/es\/preguntas-frecuentes\/","name":"Preguntas frecuentes | productos para beb\u00e9s de algod\u00f3n org\u00e1nico - Gloop Baby","isPartOf":{"@id":"https:\/\/gloopbaby.com\/es\/#website"},"primaryImageOfPage":{"@id":"https:\/\/gloopbaby.com\/es\/preguntas-frecuentes\/#primaryimage"},"image":{"@id":"https:\/\/gloopbaby.com\/es\/preguntas-frecuentes\/#primaryimage"},"thumbnailUrl":"https:\/\/gloopbaby.com\/wp-content\/uploads\/2025\/10\/tabela-tog-ES-818x1024.jpg","datePublished":"2025-09-30T14:23:46+00:00","dateModified":"2025-10-31T12:31:26+00:00","description":"Necesitas ayuda con tu pedido? Una vez que est\u00e9 listo, recibir\u00e1s informaci\u00f3n de seguimiento por correo electr\u00f3nico.","breadcrumb":{"@id":"https:\/\/gloopbaby.com\/es\/preguntas-frecuentes\/#breadcrumb"},"inLanguage":"es","potentialAction":[{"@type":"ReadAction","target":["https:\/\/gloopbaby.com\/es\/preguntas-frecuentes\/"]}]},{"@type":"ImageObject","inLanguage":"es","@id":"https:\/\/gloopbaby.com\/es\/preguntas-frecuentes\/#primaryimage","url":"https:\/\/gloopbaby.com\/wp-content\/uploads\/2025\/10\/tabela-tog-ES-818x1024.jpg","contentUrl":"https:\/\/gloopbaby.com\/wp-content\/uploads\/2025\/10\/tabela-tog-ES-818x1024.jpg"},{"@type":"BreadcrumbList","@id":"https:\/\/gloopbaby.com\/es\/preguntas-frecuentes\/#breadcrumb","itemListElement":[{"@type":"ListItem","position":1,"name":"In\u00edcio","item":"https:\/\/gloopbaby.com\/es\/"},{"@type":"ListItem","position":2,"name":"Preguntas frecuentes"}]},{"@type":"WebSite","@id":"https:\/\/gloopbaby.com\/es\/#website","url":"https:\/\/gloopbaby.com\/es\/","name":"Gloop Baby","description":"","publisher":{"@id":"https:\/\/gloopbaby.com\/es\/#organization"},"potentialAction":[{"@type":"SearchAction","target":{"@type":"EntryPoint","urlTemplate":"https:\/\/gloopbaby.com\/es\/?s={search_term_string}"},"query-input":{"@type":"PropertyValueSpecification","valueRequired":true,"valueName":"search_term_string"}}],"inLanguage":"es"},{"@type":"Organization","@id":"https:\/\/gloopbaby.com\/es\/#organization","name":"Gloop Baby","url":"https:\/\/gloopbaby.com\/es\/","logo":{"@type":"ImageObject","inLanguage":"es","@id":"https:\/\/gloopbaby.com\/es\/#\/schema\/logo\/image\/","url":"https:\/\/gloopbaby.com\/wp-content\/uploads\/2023\/06\/gloop-logo.svg","contentUrl":"https:\/\/gloopbaby.com\/wp-content\/uploads\/2023\/06\/gloop-logo.svg","width":100,"height":100,"caption":"Gloop Baby"},"image":{"@id":"https:\/\/gloopbaby.com\/es\/#\/schema\/logo\/image\/"}}]}},"_links":{"self":[{"href":"https:\/\/gloopbaby.com\/es\/wp-json\/wp\/v2\/pages\/137651","targetHints":{"allow":["GET"]}}],"collection":[{"href":"https:\/\/gloopbaby.com\/es\/wp-json\/wp\/v2\/pages"}],"about":[{"href":"https:\/\/gloopbaby.com\/es\/wp-json\/wp\/v2\/types\/page"}],"author":[{"embeddable":true,"href":"https:\/\/gloopbaby.com\/es\/wp-json\/wp\/v2\/users\/2"}],"replies":[{"embeddable":true,"href":"https:\/\/gloopbaby.com\/es\/wp-json\/wp\/v2\/comments?post=137651"}],"version-history":[{"count":8,"href":"https:\/\/gloopbaby.com\/es\/wp-json\/wp\/v2\/pages\/137651\/revisions"}],"predecessor-version":[{"id":139404,"href":"https:\/\/gloopbaby.com\/es\/wp-json\/wp\/v2\/pages\/137651\/revisions\/139404"}],"wp:attachment":[{"href":"https:\/\/gloopbaby.com\/es\/wp-json\/wp\/v2\/media?parent=137651"}],"curies":[{"name":"wp","href":"https:\/\/api.w.org\/{rel}","templated":true}]}}