{"id":135700,"date":"2025-07-28T09:46:00","date_gmt":"2025-07-28T09:46:00","guid":{"rendered":"https:\/\/gloopbaby.com\/entrega-y-devoluciones\/"},"modified":"2025-10-31T12:32:22","modified_gmt":"2025-10-31T12:32:22","slug":"entrega-y-devoluciones","status":"publish","type":"page","link":"https:\/\/gloopbaby.com\/es\/entrega-y-devoluciones\/","title":{"rendered":"ENTREGA Y DEVOLUCIONES"},"content":{"rendered":"\n<p>ENTREGA<\/p>\n\n\n\n<p>Su pedido ser\u00e1 enviado en 24 a 48 horas despu\u00e9s de la confirmaci\u00f3n del pago. Si por alg\u00fan motivo excepcional nos demoramos en el env\u00edo (por ejemplo, en caso de huelgas del transportista, interrupciones inesperadas de existencias, etc.) nos comunicaremos con usted de inmediato. Dependiendo del pa\u00eds de env\u00edo, su pedido tendr\u00e1 un costo adicional por el env\u00edo, de la siguiente manera:<\/p>\n\n\n\n<ul class=\"wp-block-list\">\n<li>Portugal \u2013 4.99\u20ac\u00a0<\/li>\n\n\n\n<li>Madeira\/A\u00e7ores \u2013 6.95\u20ac<\/li>\n\n\n\n<li>UE \u2013 9.95\u20ac<\/li>\n\n\n\n<li>UK \u2013 24.95\u20ac<\/li>\n\n\n\n<li>Suiza \u2013 24.95\u20ac<\/li>\n\n\n\n<li>Noruega \u2013 24.95\u20ac<\/li>\n<\/ul>\n\n\n\n<p>Entrega gratuita a partir de 100\u20ac (excepto Suiza, Noruega y el UK)<\/p>\n\n\n\n<p>Tenga en cuenta que los pedidos internacionales pueden estar sujetos a derechos de aduana o tasas de importaci\u00f3n en el momento de la entrada de las acciones en su pa\u00eds. No conocemos estos cargos y no podemos predecir su valor, ya que difieren de un pa\u00eds a otro. Debe comunicarse con las autoridades locales para obtener m\u00e1s informaci\u00f3n.<\/p>\n\n\n\n<p>Aunque utilizamos todos los medios disponibles para garantizar que su pedido se entregue dentro del plazo previsto, no nos hacemos responsables de retrasos causados por factores fuera de nuestro control.<\/p>\n\n\n\n<p>Le sugerimos que indique una direcci\u00f3n de env\u00edo si es m\u00e1s probable que haya alguien disponible para recibirla.<\/p>\n\n\n\n<p>Los pedidos se entregan a trav\u00e9s del transportista DPD y BATCH.<\/p>\n\n\n\n<p>CAMBIOS Y DEVOLUCIONES<\/p>\n\n\n\n<p>Al recibir su pedido, si por alguna raz\u00f3n no est\u00e1 satisfecho, tiene 14 d\u00edas para cambiar o devolver el producto comprado.<\/p>\n\n\n\n<p>Para esto debe contactarnos por correo electr\u00f3nico a&nbsp;<a href=\"mailto:geral@gloopbaby.com\">geral@gloopbaby.com<\/a>&nbsp;indicando la causa, el n\u00famero de la factura y la devoluci\u00f3n o cambio del producto de referencia.<\/p>\n\n\n\n<p>Los productos para devoluci\u00f3n o cambio deber\u00e1n ir acompa\u00f1ados del embalaje original con sus etiquetas intactas y sin ning\u00fan signo de uso. <\/p>\n\n\n\n<p>Debe protegerse adecuadamente para que no se da\u00f1e durante la operaci\u00f3n de transporte. Los gastos de env\u00edo y \/ o devoluci\u00f3n son responsabilidad exclusiva del cliente.<\/p>\n\n\n\n<p>Pol\u00edtica de Cancelaci\u00f3n y Devoluci\u00f3n con plazos y condiciones (de conformidad con el derecho de libre resoluci\u00f3n en los contratos celebrados a distancia o celebrados fuera del establecimiento \u2013 Decreto-Ley n\u00ba 24\/2014 \u2013 art 10).<\/p>\n\n\n\n<p><\/p>\n","protected":false},"excerpt":{"rendered":"<p>ENTREGA Su pedido ser\u00e1 enviado en 24 a 48 horas despu\u00e9s de la confirmaci\u00f3n del pago. Si por alg\u00fan motivo excepcional nos demoramos en el env\u00edo (por ejemplo, en caso de huelgas del transportista, interrupciones inesperadas de existencias, etc.) nos comunicaremos con usted de inmediato. Dependiendo del pa\u00eds de env\u00edo, su pedido tendr\u00e1 un costo [&hellip;]<\/p>\n","protected":false},"author":2,"featured_media":0,"parent":0,"menu_order":0,"comment_status":"closed","ping_status":"closed","template":"","meta":{"_acf_changed":false,"footnotes":""},"class_list":["post-135700","page","type-page","status-publish","hentry"],"acf":[],"yoast_head":"<!-- This site is optimized with the Yoast SEO plugin v27.3 - https:\/\/yoast.com\/product\/yoast-seo-wordpress\/ -->\n<title>ENTREGA Y DEVOLUCIONES - Gloop Baby<\/title>\n<meta name=\"robots\" content=\"index, follow, max-snippet:-1, max-image-preview:large, max-video-preview:-1\" \/>\n<link rel=\"canonical\" href=\"https:\/\/gloopbaby.com\/es\/entrega-y-devoluciones\/\" \/>\n<meta property=\"og:locale\" content=\"es_ES\" \/>\n<meta property=\"og:type\" content=\"article\" \/>\n<meta property=\"og:title\" content=\"ENTREGA Y DEVOLUCIONES - Gloop Baby\" \/>\n<meta property=\"og:description\" content=\"ENTREGA Su pedido ser\u00e1 enviado en 24 a 48 horas despu\u00e9s de la confirmaci\u00f3n del pago. Si por alg\u00fan motivo excepcional nos demoramos en el env\u00edo (por ejemplo, en caso de huelgas del transportista, interrupciones inesperadas de existencias, etc.) nos comunicaremos con usted de inmediato. Dependiendo del pa\u00eds de env\u00edo, su pedido tendr\u00e1 un costo [&hellip;]\" \/>\n<meta property=\"og:url\" content=\"https:\/\/gloopbaby.com\/es\/entrega-y-devoluciones\/\" \/>\n<meta property=\"og:site_name\" content=\"Gloop Baby\" \/>\n<meta property=\"article:modified_time\" content=\"2025-10-31T12:32:22+00:00\" \/>\n<meta property=\"og:image\" content=\"https:\/\/gloopbaby.com\/wp-content\/uploads\/2025\/09\/logo-insta-scaled.jpg\" \/>\n\t<meta property=\"og:image:width\" content=\"2560\" \/>\n\t<meta property=\"og:image:height\" content=\"2560\" \/>\n\t<meta property=\"og:image:type\" content=\"image\/jpeg\" \/>\n<meta name=\"twitter:card\" content=\"summary_large_image\" \/>\n<script type=\"application\/ld+json\" class=\"yoast-schema-graph\">{\"@context\":\"https:\\\/\\\/schema.org\",\"@graph\":[{\"@type\":\"WebPage\",\"@id\":\"https:\\\/\\\/gloopbaby.com\\\/es\\\/entrega-y-devoluciones\\\/\",\"url\":\"https:\\\/\\\/gloopbaby.com\\\/es\\\/entrega-y-devoluciones\\\/\",\"name\":\"ENTREGA Y DEVOLUCIONES - Gloop Baby\",\"isPartOf\":{\"@id\":\"https:\\\/\\\/gloopbaby.com\\\/es\\\/#website\"},\"datePublished\":\"2025-07-28T09:46:00+00:00\",\"dateModified\":\"2025-10-31T12:32:22+00:00\",\"breadcrumb\":{\"@id\":\"https:\\\/\\\/gloopbaby.com\\\/es\\\/entrega-y-devoluciones\\\/#breadcrumb\"},\"inLanguage\":\"es\",\"potentialAction\":[{\"@type\":\"ReadAction\",\"target\":[\"https:\\\/\\\/gloopbaby.com\\\/es\\\/entrega-y-devoluciones\\\/\"]}]},{\"@type\":\"BreadcrumbList\",\"@id\":\"https:\\\/\\\/gloopbaby.com\\\/es\\\/entrega-y-devoluciones\\\/#breadcrumb\",\"itemListElement\":[{\"@type\":\"ListItem\",\"position\":1,\"name\":\"In\u00edcio\",\"item\":\"https:\\\/\\\/gloopbaby.com\\\/es\\\/\"},{\"@type\":\"ListItem\",\"position\":2,\"name\":\"ENTREGA Y DEVOLUCIONES\"}]},{\"@type\":\"WebSite\",\"@id\":\"https:\\\/\\\/gloopbaby.com\\\/es\\\/#website\",\"url\":\"https:\\\/\\\/gloopbaby.com\\\/es\\\/\",\"name\":\"Gloop Baby\",\"description\":\"\",\"publisher\":{\"@id\":\"https:\\\/\\\/gloopbaby.com\\\/es\\\/#organization\"},\"potentialAction\":[{\"@type\":\"SearchAction\",\"target\":{\"@type\":\"EntryPoint\",\"urlTemplate\":\"https:\\\/\\\/gloopbaby.com\\\/es\\\/?s={search_term_string}\"},\"query-input\":{\"@type\":\"PropertyValueSpecification\",\"valueRequired\":true,\"valueName\":\"search_term_string\"}}],\"inLanguage\":\"es\"},{\"@type\":\"Organization\",\"@id\":\"https:\\\/\\\/gloopbaby.com\\\/es\\\/#organization\",\"name\":\"Gloop Baby\",\"url\":\"https:\\\/\\\/gloopbaby.com\\\/es\\\/\",\"logo\":{\"@type\":\"ImageObject\",\"inLanguage\":\"es\",\"@id\":\"https:\\\/\\\/gloopbaby.com\\\/es\\\/#\\\/schema\\\/logo\\\/image\\\/\",\"url\":\"https:\\\/\\\/gloopbaby.com\\\/wp-content\\\/uploads\\\/2023\\\/06\\\/gloop-logo.svg\",\"contentUrl\":\"https:\\\/\\\/gloopbaby.com\\\/wp-content\\\/uploads\\\/2023\\\/06\\\/gloop-logo.svg\",\"width\":100,\"height\":100,\"caption\":\"Gloop Baby\"},\"image\":{\"@id\":\"https:\\\/\\\/gloopbaby.com\\\/es\\\/#\\\/schema\\\/logo\\\/image\\\/\"}}]}<\/script>\n<!-- \/ Yoast SEO plugin. -->","yoast_head_json":{"title":"ENTREGA Y DEVOLUCIONES - Gloop Baby","robots":{"index":"index","follow":"follow","max-snippet":"max-snippet:-1","max-image-preview":"max-image-preview:large","max-video-preview":"max-video-preview:-1"},"canonical":"https:\/\/gloopbaby.com\/es\/entrega-y-devoluciones\/","og_locale":"es_ES","og_type":"article","og_title":"ENTREGA Y DEVOLUCIONES - Gloop Baby","og_description":"ENTREGA Su pedido ser\u00e1 enviado en 24 a 48 horas despu\u00e9s de la confirmaci\u00f3n del pago. Si por alg\u00fan motivo excepcional nos demoramos en el env\u00edo (por ejemplo, en caso de huelgas del transportista, interrupciones inesperadas de existencias, etc.) nos comunicaremos con usted de inmediato. Dependiendo del pa\u00eds de env\u00edo, su pedido tendr\u00e1 un costo [&hellip;]","og_url":"https:\/\/gloopbaby.com\/es\/entrega-y-devoluciones\/","og_site_name":"Gloop Baby","article_modified_time":"2025-10-31T12:32:22+00:00","og_image":[{"width":2560,"height":2560,"url":"https:\/\/gloopbaby.com\/wp-content\/uploads\/2025\/09\/logo-insta-scaled.jpg","type":"image\/jpeg"}],"twitter_card":"summary_large_image","schema":{"@context":"https:\/\/schema.org","@graph":[{"@type":"WebPage","@id":"https:\/\/gloopbaby.com\/es\/entrega-y-devoluciones\/","url":"https:\/\/gloopbaby.com\/es\/entrega-y-devoluciones\/","name":"ENTREGA Y DEVOLUCIONES - Gloop Baby","isPartOf":{"@id":"https:\/\/gloopbaby.com\/es\/#website"},"datePublished":"2025-07-28T09:46:00+00:00","dateModified":"2025-10-31T12:32:22+00:00","breadcrumb":{"@id":"https:\/\/gloopbaby.com\/es\/entrega-y-devoluciones\/#breadcrumb"},"inLanguage":"es","potentialAction":[{"@type":"ReadAction","target":["https:\/\/gloopbaby.com\/es\/entrega-y-devoluciones\/"]}]},{"@type":"BreadcrumbList","@id":"https:\/\/gloopbaby.com\/es\/entrega-y-devoluciones\/#breadcrumb","itemListElement":[{"@type":"ListItem","position":1,"name":"In\u00edcio","item":"https:\/\/gloopbaby.com\/es\/"},{"@type":"ListItem","position":2,"name":"ENTREGA Y DEVOLUCIONES"}]},{"@type":"WebSite","@id":"https:\/\/gloopbaby.com\/es\/#website","url":"https:\/\/gloopbaby.com\/es\/","name":"Gloop Baby","description":"","publisher":{"@id":"https:\/\/gloopbaby.com\/es\/#organization"},"potentialAction":[{"@type":"SearchAction","target":{"@type":"EntryPoint","urlTemplate":"https:\/\/gloopbaby.com\/es\/?s={search_term_string}"},"query-input":{"@type":"PropertyValueSpecification","valueRequired":true,"valueName":"search_term_string"}}],"inLanguage":"es"},{"@type":"Organization","@id":"https:\/\/gloopbaby.com\/es\/#organization","name":"Gloop Baby","url":"https:\/\/gloopbaby.com\/es\/","logo":{"@type":"ImageObject","inLanguage":"es","@id":"https:\/\/gloopbaby.com\/es\/#\/schema\/logo\/image\/","url":"https:\/\/gloopbaby.com\/wp-content\/uploads\/2023\/06\/gloop-logo.svg","contentUrl":"https:\/\/gloopbaby.com\/wp-content\/uploads\/2023\/06\/gloop-logo.svg","width":100,"height":100,"caption":"Gloop Baby"},"image":{"@id":"https:\/\/gloopbaby.com\/es\/#\/schema\/logo\/image\/"}}]}},"_links":{"self":[{"href":"https:\/\/gloopbaby.com\/es\/wp-json\/wp\/v2\/pages\/135700","targetHints":{"allow":["GET"]}}],"collection":[{"href":"https:\/\/gloopbaby.com\/es\/wp-json\/wp\/v2\/pages"}],"about":[{"href":"https:\/\/gloopbaby.com\/es\/wp-json\/wp\/v2\/types\/page"}],"author":[{"embeddable":true,"href":"https:\/\/gloopbaby.com\/es\/wp-json\/wp\/v2\/users\/2"}],"replies":[{"embeddable":true,"href":"https:\/\/gloopbaby.com\/es\/wp-json\/wp\/v2\/comments?post=135700"}],"version-history":[{"count":4,"href":"https:\/\/gloopbaby.com\/es\/wp-json\/wp\/v2\/pages\/135700\/revisions"}],"predecessor-version":[{"id":139405,"href":"https:\/\/gloopbaby.com\/es\/wp-json\/wp\/v2\/pages\/135700\/revisions\/139405"}],"wp:attachment":[{"href":"https:\/\/gloopbaby.com\/es\/wp-json\/wp\/v2\/media?parent=135700"}],"curies":[{"name":"wp","href":"https:\/\/api.w.org\/{rel}","templated":true}]}}