{"id":135690,"date":"2025-07-28T07:58:38","date_gmt":"2025-07-28T07:58:38","guid":{"rendered":"https:\/\/gloopbaby.com\/metodos-de-pago\/"},"modified":"2025-07-28T09:25:34","modified_gmt":"2025-07-28T09:25:34","slug":"metodos-de-pago","status":"publish","type":"page","link":"https:\/\/gloopbaby.com\/es\/metodos-de-pago\/","title":{"rendered":"M\u00c9TODOS DE PAGO"},"content":{"rendered":"\n<p>Todos los precios est\u00e1n listados en EURO e incluyen el IVA a la tasa vigente. Los costos de transporte no est\u00e1n incluidos. Estos solo se pueden dar despu\u00e9s de completar el pedido.<\/p>\n\n\n\n<p>Su factura siempre acompa\u00f1ar\u00e1 su pedido.<\/p>\n\n\n\n<p>gloop se reserva el derecho de ajustar, en cualquier momento, sus precios, promociones, art\u00edculos y caracter\u00edsticas. Los precios que se reducen durante las ventas y promociones solo son v\u00e1lidos durante el per\u00edodo indicado.<\/p>\n\n\n\n<p>gloop acepta los siguientes m\u00e9todos de pago:<\/p>\n\n\n\n<ul class=\"wp-block-list\">\n<li><strong>PAYPAL \u2013<\/strong>&nbsp;si elige usar una tarjeta de cr\u00e9dito, puede pagar a trav\u00e9s de Paypal y ser\u00e1 redirigido de inmediato a su sitio web.<\/li>\n\n\n\n<li><strong>TRANSFERENCIA BANCARIA \u2013<\/strong>&nbsp;tambi\u00e9n puede pagar su pedido mediante transferencia bancaria. Nuestro IBAN se proporcionar\u00e1 al final del proceso de compra. Ingrese su nombre y apellido de referencia al descargar. Debe enviarnos un comprobante de pago a la direcci\u00f3n de correo electr\u00f3nico&nbsp;<a href=\"mailto:encomendas@gloopbaby.com\">geral@gloopbaby.com<\/a>&nbsp;para proceder a enviar su pedido lo m\u00e1s r\u00e1pido posible.<br><br>&nbsp;<\/li>\n\n\n\n<li><strong>APPLE PAY<\/strong>&nbsp;\u2013 Puede realizar su pago de forma totalmente segura, introduciendo los datos de su tarjeta.<\/li>\n\n\n\n<li><strong>GOOGLE PAY<\/strong>\u00a0\u2013 Puede realizar su pago de forma totalmente segura, introduciendo los datos de su tarjeta.<\/li>\n<\/ul>\n\n\n\n<p><\/p>\n","protected":false},"excerpt":{"rendered":"<p>Todos los precios est\u00e1n listados en EURO e incluyen el IVA a la tasa vigente. Los costos de transporte no est\u00e1n incluidos. Estos solo se pueden dar despu\u00e9s de completar el pedido. Su factura siempre acompa\u00f1ar\u00e1 su pedido. gloop se reserva el derecho de ajustar, en cualquier momento, sus precios, promociones, art\u00edculos y caracter\u00edsticas. Los [&hellip;]<\/p>\n","protected":false},"author":2,"featured_media":0,"parent":0,"menu_order":0,"comment_status":"closed","ping_status":"closed","template":"","meta":{"_acf_changed":false,"footnotes":""},"class_list":["post-135690","page","type-page","status-publish","hentry"],"acf":[],"yoast_head":"<!-- This site is optimized with the Yoast SEO plugin v27.3 - https:\/\/yoast.com\/product\/yoast-seo-wordpress\/ -->\n<title>M\u00c9TODOS DE PAGO - Gloop Baby<\/title>\n<meta name=\"robots\" content=\"index, follow, max-snippet:-1, max-image-preview:large, max-video-preview:-1\" \/>\n<link rel=\"canonical\" href=\"https:\/\/gloopbaby.com\/es\/metodos-de-pago\/\" \/>\n<meta property=\"og:locale\" content=\"es_ES\" \/>\n<meta property=\"og:type\" content=\"article\" \/>\n<meta property=\"og:title\" content=\"M\u00c9TODOS DE PAGO - Gloop Baby\" \/>\n<meta property=\"og:description\" content=\"Todos los precios est\u00e1n listados en EURO e incluyen el IVA a la tasa vigente. Los costos de transporte no est\u00e1n incluidos. Estos solo se pueden dar despu\u00e9s de completar el pedido. Su factura siempre acompa\u00f1ar\u00e1 su pedido. gloop se reserva el derecho de ajustar, en cualquier momento, sus precios, promociones, art\u00edculos y caracter\u00edsticas. Los [&hellip;]\" \/>\n<meta property=\"og:url\" content=\"https:\/\/gloopbaby.com\/es\/metodos-de-pago\/\" \/>\n<meta property=\"og:site_name\" content=\"Gloop Baby\" \/>\n<meta property=\"article:modified_time\" content=\"2025-07-28T09:25:34+00:00\" \/>\n<meta property=\"og:image\" content=\"https:\/\/gloopbaby.com\/wp-content\/uploads\/2025\/09\/logo-insta-scaled.jpg\" \/>\n\t<meta property=\"og:image:width\" content=\"2560\" \/>\n\t<meta property=\"og:image:height\" content=\"2560\" \/>\n\t<meta property=\"og:image:type\" content=\"image\/jpeg\" \/>\n<meta name=\"twitter:card\" content=\"summary_large_image\" \/>\n<meta name=\"twitter:label1\" content=\"Tiempo de lectura\" \/>\n\t<meta name=\"twitter:data1\" content=\"2 minutos\" \/>\n<script type=\"application\/ld+json\" class=\"yoast-schema-graph\">{\"@context\":\"https:\\\/\\\/schema.org\",\"@graph\":[{\"@type\":\"WebPage\",\"@id\":\"https:\\\/\\\/gloopbaby.com\\\/es\\\/metodos-de-pago\\\/\",\"url\":\"https:\\\/\\\/gloopbaby.com\\\/es\\\/metodos-de-pago\\\/\",\"name\":\"M\u00c9TODOS DE PAGO - Gloop Baby\",\"isPartOf\":{\"@id\":\"https:\\\/\\\/gloopbaby.com\\\/es\\\/#website\"},\"datePublished\":\"2025-07-28T07:58:38+00:00\",\"dateModified\":\"2025-07-28T09:25:34+00:00\",\"breadcrumb\":{\"@id\":\"https:\\\/\\\/gloopbaby.com\\\/es\\\/metodos-de-pago\\\/#breadcrumb\"},\"inLanguage\":\"es\",\"potentialAction\":[{\"@type\":\"ReadAction\",\"target\":[\"https:\\\/\\\/gloopbaby.com\\\/es\\\/metodos-de-pago\\\/\"]}]},{\"@type\":\"BreadcrumbList\",\"@id\":\"https:\\\/\\\/gloopbaby.com\\\/es\\\/metodos-de-pago\\\/#breadcrumb\",\"itemListElement\":[{\"@type\":\"ListItem\",\"position\":1,\"name\":\"In\u00edcio\",\"item\":\"https:\\\/\\\/gloopbaby.com\\\/es\\\/\"},{\"@type\":\"ListItem\",\"position\":2,\"name\":\"M\u00c9TODOS DE PAGO\"}]},{\"@type\":\"WebSite\",\"@id\":\"https:\\\/\\\/gloopbaby.com\\\/es\\\/#website\",\"url\":\"https:\\\/\\\/gloopbaby.com\\\/es\\\/\",\"name\":\"Gloop Baby\",\"description\":\"\",\"publisher\":{\"@id\":\"https:\\\/\\\/gloopbaby.com\\\/es\\\/#organization\"},\"potentialAction\":[{\"@type\":\"SearchAction\",\"target\":{\"@type\":\"EntryPoint\",\"urlTemplate\":\"https:\\\/\\\/gloopbaby.com\\\/es\\\/?s={search_term_string}\"},\"query-input\":{\"@type\":\"PropertyValueSpecification\",\"valueRequired\":true,\"valueName\":\"search_term_string\"}}],\"inLanguage\":\"es\"},{\"@type\":\"Organization\",\"@id\":\"https:\\\/\\\/gloopbaby.com\\\/es\\\/#organization\",\"name\":\"Gloop Baby\",\"url\":\"https:\\\/\\\/gloopbaby.com\\\/es\\\/\",\"logo\":{\"@type\":\"ImageObject\",\"inLanguage\":\"es\",\"@id\":\"https:\\\/\\\/gloopbaby.com\\\/es\\\/#\\\/schema\\\/logo\\\/image\\\/\",\"url\":\"https:\\\/\\\/gloopbaby.com\\\/wp-content\\\/uploads\\\/2023\\\/06\\\/gloop-logo.svg\",\"contentUrl\":\"https:\\\/\\\/gloopbaby.com\\\/wp-content\\\/uploads\\\/2023\\\/06\\\/gloop-logo.svg\",\"width\":100,\"height\":100,\"caption\":\"Gloop Baby\"},\"image\":{\"@id\":\"https:\\\/\\\/gloopbaby.com\\\/es\\\/#\\\/schema\\\/logo\\\/image\\\/\"}}]}<\/script>\n<!-- \/ Yoast SEO plugin. -->","yoast_head_json":{"title":"M\u00c9TODOS DE PAGO - Gloop Baby","robots":{"index":"index","follow":"follow","max-snippet":"max-snippet:-1","max-image-preview":"max-image-preview:large","max-video-preview":"max-video-preview:-1"},"canonical":"https:\/\/gloopbaby.com\/es\/metodos-de-pago\/","og_locale":"es_ES","og_type":"article","og_title":"M\u00c9TODOS DE PAGO - Gloop Baby","og_description":"Todos los precios est\u00e1n listados en EURO e incluyen el IVA a la tasa vigente. Los costos de transporte no est\u00e1n incluidos. Estos solo se pueden dar despu\u00e9s de completar el pedido. Su factura siempre acompa\u00f1ar\u00e1 su pedido. gloop se reserva el derecho de ajustar, en cualquier momento, sus precios, promociones, art\u00edculos y caracter\u00edsticas. Los [&hellip;]","og_url":"https:\/\/gloopbaby.com\/es\/metodos-de-pago\/","og_site_name":"Gloop Baby","article_modified_time":"2025-07-28T09:25:34+00:00","og_image":[{"width":2560,"height":2560,"url":"https:\/\/gloopbaby.com\/wp-content\/uploads\/2025\/09\/logo-insta-scaled.jpg","type":"image\/jpeg"}],"twitter_card":"summary_large_image","twitter_misc":{"Tiempo de lectura":"2 minutos"},"schema":{"@context":"https:\/\/schema.org","@graph":[{"@type":"WebPage","@id":"https:\/\/gloopbaby.com\/es\/metodos-de-pago\/","url":"https:\/\/gloopbaby.com\/es\/metodos-de-pago\/","name":"M\u00c9TODOS DE PAGO - Gloop Baby","isPartOf":{"@id":"https:\/\/gloopbaby.com\/es\/#website"},"datePublished":"2025-07-28T07:58:38+00:00","dateModified":"2025-07-28T09:25:34+00:00","breadcrumb":{"@id":"https:\/\/gloopbaby.com\/es\/metodos-de-pago\/#breadcrumb"},"inLanguage":"es","potentialAction":[{"@type":"ReadAction","target":["https:\/\/gloopbaby.com\/es\/metodos-de-pago\/"]}]},{"@type":"BreadcrumbList","@id":"https:\/\/gloopbaby.com\/es\/metodos-de-pago\/#breadcrumb","itemListElement":[{"@type":"ListItem","position":1,"name":"In\u00edcio","item":"https:\/\/gloopbaby.com\/es\/"},{"@type":"ListItem","position":2,"name":"M\u00c9TODOS DE PAGO"}]},{"@type":"WebSite","@id":"https:\/\/gloopbaby.com\/es\/#website","url":"https:\/\/gloopbaby.com\/es\/","name":"Gloop Baby","description":"","publisher":{"@id":"https:\/\/gloopbaby.com\/es\/#organization"},"potentialAction":[{"@type":"SearchAction","target":{"@type":"EntryPoint","urlTemplate":"https:\/\/gloopbaby.com\/es\/?s={search_term_string}"},"query-input":{"@type":"PropertyValueSpecification","valueRequired":true,"valueName":"search_term_string"}}],"inLanguage":"es"},{"@type":"Organization","@id":"https:\/\/gloopbaby.com\/es\/#organization","name":"Gloop Baby","url":"https:\/\/gloopbaby.com\/es\/","logo":{"@type":"ImageObject","inLanguage":"es","@id":"https:\/\/gloopbaby.com\/es\/#\/schema\/logo\/image\/","url":"https:\/\/gloopbaby.com\/wp-content\/uploads\/2023\/06\/gloop-logo.svg","contentUrl":"https:\/\/gloopbaby.com\/wp-content\/uploads\/2023\/06\/gloop-logo.svg","width":100,"height":100,"caption":"Gloop Baby"},"image":{"@id":"https:\/\/gloopbaby.com\/es\/#\/schema\/logo\/image\/"}}]}},"_links":{"self":[{"href":"https:\/\/gloopbaby.com\/es\/wp-json\/wp\/v2\/pages\/135690","targetHints":{"allow":["GET"]}}],"collection":[{"href":"https:\/\/gloopbaby.com\/es\/wp-json\/wp\/v2\/pages"}],"about":[{"href":"https:\/\/gloopbaby.com\/es\/wp-json\/wp\/v2\/types\/page"}],"author":[{"embeddable":true,"href":"https:\/\/gloopbaby.com\/es\/wp-json\/wp\/v2\/users\/2"}],"replies":[{"embeddable":true,"href":"https:\/\/gloopbaby.com\/es\/wp-json\/wp\/v2\/comments?post=135690"}],"version-history":[{"count":2,"href":"https:\/\/gloopbaby.com\/es\/wp-json\/wp\/v2\/pages\/135690\/revisions"}],"predecessor-version":[{"id":135692,"href":"https:\/\/gloopbaby.com\/es\/wp-json\/wp\/v2\/pages\/135690\/revisions\/135692"}],"wp:attachment":[{"href":"https:\/\/gloopbaby.com\/es\/wp-json\/wp\/v2\/media?parent=135690"}],"curies":[{"name":"wp","href":"https:\/\/api.w.org\/{rel}","templated":true}]}}