{"id":143378,"date":"2026-02-12T08:20:23","date_gmt":"2026-02-12T08:20:23","guid":{"rendered":"https:\/\/gloopbaby.com\/?post_type=product&#038;p=143378"},"modified":"2026-02-12T09:34:46","modified_gmt":"2026-02-12T09:34:46","slug":"gloop-2-in-1-blanket-sleepy-copia","status":"publish","type":"product","link":"https:\/\/gloopbaby.com\/en\/product\/home-and-sleep-en\/bed-en\/blankets-en\/gloop-2-in-1-blanket\/gloop-2-in-1-blanket-sleepy-copia\/","title":{"rendered":"gloop! 2 in 1 Blanket Little Garden"},"content":{"rendered":"<pre id=\"tw-target-text\" class=\"tw-data-text tw-text-large tw-ta\" dir=\"ltr\" tabindex=\"-1\" role=\"text\" data-placeholder=\"Tradu\u00e7\u00e3o\" data-ved=\"2ahUKEwi6nJ3q29GSAxW5NfsDHc_pC74Q3ewLegQIDBAW\" aria-label=\"Texto traduzido: The gloop! 2-in-1 blanket is ideal for accompanying your baby. Versatile and comfortable, it can be used in the crib or as extra support throughout the day. Baby items in organic cotton The gloop! 2-in-1 baby blanket was designed to offer comfort, practicality and versatility in the daily lives of families. Thanks to its functional design, it can be used as a traditional blanket or as a padded support, easily adapting to the different needs of the baby. Ideal for use in the crib, stroller or playpen, the gloop! blanket provides a soft and cozy touch, helping to keep the baby comfortable in any environment. Made in Portugal with 100% certified organic cotton, the gloop! blanket is soft, breathable and ideal for the baby's delicate skin. Features: Fabric: 100% certified organic cotton Size: blanket: 100x74cm | Cushion: 37x25cm Made in Portugal Comfortable, lightweight and breathable\"><span class=\"Y2IQFc\" lang=\"en\">The <strong>gloop! 2-in-1 baby blanket<\/strong> was designed to offer comfort, practicality and versatility in the daily lives of families. Thanks to its functional design, it can be used as a traditional blanket or as a padded support, easily adapting to the different needs of the baby.\r\n\r\nIdeal for use in the <strong>crib, stroller or playpen<\/strong>, the gloop! blanket provides a soft and cozy touch, helping to keep the baby comfortable in any environment. Made in Portugal with <strong>100% certified organic cotton<\/strong>, the gloop! blanket is soft, breathable and ideal for the baby's delicate skin.<\/span><\/pre>\n<p data-start=\"922\" data-end=\"942\"><strong data-start=\"922\" data-end=\"942\">Features:<\/strong><\/p>\n<ul data-start=\"943\" data-end=\"1100\">\n<li data-start=\"943\" data-end=\"989\">\n<p data-start=\"945\" data-end=\"989\">Fabric: 100% certified organic cotton<\/p>\n<\/li>\n<li data-start=\"990\" data-end=\"1011\">\n<p data-start=\"992\" data-end=\"1011\">Size: blanket: 100x74cm | cushion: 37x25cm<\/p>\n<\/li>\n<li data-start=\"1012\" data-end=\"1037\">\n<p data-start=\"1014\" data-end=\"1037\">Made in Portugal<\/p>\n<\/li>\n<li data-start=\"1066\" data-end=\"1100\">\n<p data-start=\"1068\" data-end=\"1100\"><span class=\"Y2IQFc\" lang=\"en\">Comfortable, lightweight and breathable<\/span><\/p>\n<\/li>\n<\/ul>\n","protected":false},"excerpt":{"rendered":"<p>The gloop! 2-in-1 baby blanket was designed to offer comfort, practicality and versatility in the daily lives of families. Thanks to its functional design, it can be used as a traditional blanket or as a padded support, easily adapting to the different needs of the baby. Ideal for use in the crib, stroller or playpen, [&hellip;]<\/p>\n","protected":false},"featured_media":143398,"comment_status":"closed","ping_status":"closed","template":"","meta":{"_acf_changed":false},"product_brand":[],"product_cat":[1048,1143,1033,1979,1034,1941],"product_tag":[],"class_list":{"0":"post-143378","1":"product","2":"type-product","3":"status-publish","4":"has-post-thumbnail","6":"product_cat-bed-en","7":"product_cat-blankets-en","8":"product_cat-collections-en","9":"product_cat-gloop-2-in-1-blanket","10":"product_cat-home-and-sleep-en","11":"product_cat-little-garden-en","13":"first","14":"instock","15":"taxable","16":"shipping-taxable","17":"purchasable","18":"product-type-simple"},"acf":[],"yoast_head":"<!-- This site is optimized with the Yoast SEO plugin v27.4 - https:\/\/yoast.com\/product\/yoast-seo-wordpress\/ -->\n<title>gloop! 2 in 1 Blanket Little Garden - Gloop Baby<\/title>\n<meta name=\"description\" content=\"Descobre a Manta 0-3 meses da gloop baby. Confort\u00e1vel e segura para o teu beb\u00e9 em 100% algod\u00e3o biol\u00f3gico. Fabricado em Portugal. Tamanho 65x75cm.\" \/>\n<meta name=\"robots\" content=\"index, follow, max-snippet:-1, max-image-preview:large, max-video-preview:-1\" \/>\n<link rel=\"canonical\" href=\"https:\/\/gloopbaby.com\/en\/product\/home-and-sleep-en\/bed-en\/blankets-en\/gloop-2-in-1-blanket\/gloop-2-in-1-blanket-sleepy-copia\/\" \/>\n<meta property=\"og:locale\" content=\"en_US\" \/>\n<meta property=\"og:type\" content=\"article\" \/>\n<meta property=\"og:title\" content=\"gloop! 2 in 1 Blanket Little Garden - Gloop Baby\" \/>\n<meta property=\"og:description\" content=\"Descobre a Manta 0-3 meses da gloop baby. Confort\u00e1vel e segura para o teu beb\u00e9 em 100% algod\u00e3o biol\u00f3gico. Fabricado em Portugal. Tamanho 65x75cm.\" \/>\n<meta property=\"og:url\" content=\"https:\/\/gloopbaby.com\/en\/product\/home-and-sleep-en\/bed-en\/blankets-en\/gloop-2-in-1-blanket\/gloop-2-in-1-blanket-sleepy-copia\/\" \/>\n<meta property=\"og:site_name\" content=\"Gloop Baby\" \/>\n<meta property=\"article:modified_time\" content=\"2026-02-12T09:34:46+00:00\" \/>\n<meta property=\"og:image\" content=\"https:\/\/gloopbaby.com\/wp-content\/uploads\/2026\/02\/Gloop-2025-216.jpg\" \/>\n\t<meta property=\"og:image:width\" content=\"1075\" \/>\n\t<meta property=\"og:image:height\" content=\"1613\" \/>\n\t<meta property=\"og:image:type\" content=\"image\/jpeg\" \/>\n<meta name=\"twitter:card\" content=\"summary_large_image\" \/>\n<meta name=\"twitter:label1\" content=\"Est. reading time\" \/>\n\t<meta name=\"twitter:data1\" content=\"1 minute\" \/>\n<script type=\"application\/ld+json\" class=\"yoast-schema-graph\">{\"@context\":\"https:\\\/\\\/schema.org\",\"@graph\":[{\"@type\":\"WebPage\",\"@id\":\"https:\\\/\\\/gloopbaby.com\\\/en\\\/product\\\/home-and-sleep-en\\\/bed-en\\\/blankets-en\\\/gloop-2-in-1-blanket\\\/gloop-2-in-1-blanket-sleepy-copia\\\/\",\"url\":\"https:\\\/\\\/gloopbaby.com\\\/en\\\/product\\\/home-and-sleep-en\\\/bed-en\\\/blankets-en\\\/gloop-2-in-1-blanket\\\/gloop-2-in-1-blanket-sleepy-copia\\\/\",\"name\":\"gloop! 2 in 1 Blanket Little Garden - Gloop Baby\",\"isPartOf\":{\"@id\":\"https:\\\/\\\/gloopbaby.com\\\/en\\\/#website\"},\"primaryImageOfPage\":{\"@id\":\"https:\\\/\\\/gloopbaby.com\\\/en\\\/product\\\/home-and-sleep-en\\\/bed-en\\\/blankets-en\\\/gloop-2-in-1-blanket\\\/gloop-2-in-1-blanket-sleepy-copia\\\/#primaryimage\"},\"image\":{\"@id\":\"https:\\\/\\\/gloopbaby.com\\\/en\\\/product\\\/home-and-sleep-en\\\/bed-en\\\/blankets-en\\\/gloop-2-in-1-blanket\\\/gloop-2-in-1-blanket-sleepy-copia\\\/#primaryimage\"},\"thumbnailUrl\":\"https:\\\/\\\/gloopbaby.com\\\/wp-content\\\/uploads\\\/2026\\\/02\\\/Gloop-2025-216.jpg\",\"datePublished\":\"2026-02-12T08:20:23+00:00\",\"dateModified\":\"2026-02-12T09:34:46+00:00\",\"description\":\"Descobre a Manta 0-3 meses da gloop baby. Confort\u00e1vel e segura para o teu beb\u00e9 em 100% algod\u00e3o biol\u00f3gico. Fabricado em Portugal. Tamanho 65x75cm.\",\"breadcrumb\":{\"@id\":\"https:\\\/\\\/gloopbaby.com\\\/en\\\/product\\\/home-and-sleep-en\\\/bed-en\\\/blankets-en\\\/gloop-2-in-1-blanket\\\/gloop-2-in-1-blanket-sleepy-copia\\\/#breadcrumb\"},\"inLanguage\":\"en-US\",\"potentialAction\":[{\"@type\":\"ReadAction\",\"target\":[\"https:\\\/\\\/gloopbaby.com\\\/en\\\/product\\\/home-and-sleep-en\\\/bed-en\\\/blankets-en\\\/gloop-2-in-1-blanket\\\/gloop-2-in-1-blanket-sleepy-copia\\\/\"]}]},{\"@type\":\"ImageObject\",\"inLanguage\":\"en-US\",\"@id\":\"https:\\\/\\\/gloopbaby.com\\\/en\\\/product\\\/home-and-sleep-en\\\/bed-en\\\/blankets-en\\\/gloop-2-in-1-blanket\\\/gloop-2-in-1-blanket-sleepy-copia\\\/#primaryimage\",\"url\":\"https:\\\/\\\/gloopbaby.com\\\/wp-content\\\/uploads\\\/2026\\\/02\\\/Gloop-2025-216.jpg\",\"contentUrl\":\"https:\\\/\\\/gloopbaby.com\\\/wp-content\\\/uploads\\\/2026\\\/02\\\/Gloop-2025-216.jpg\",\"width\":1075,\"height\":1613},{\"@type\":\"BreadcrumbList\",\"@id\":\"https:\\\/\\\/gloopbaby.com\\\/en\\\/product\\\/home-and-sleep-en\\\/bed-en\\\/blankets-en\\\/gloop-2-in-1-blanket\\\/gloop-2-in-1-blanket-sleepy-copia\\\/#breadcrumb\",\"itemListElement\":[{\"@type\":\"ListItem\",\"position\":1,\"name\":\"In\u00edcio\",\"item\":\"https:\\\/\\\/gloopbaby.com\\\/en\\\/\"},{\"@type\":\"ListItem\",\"position\":2,\"name\":\"Shop\",\"item\":\"https:\\\/\\\/gloopbaby.com\\\/loja\\\/\"},{\"@type\":\"ListItem\",\"position\":3,\"name\":\"gloop! 2 in 1 Blanket Little Garden\"}]},{\"@type\":\"WebSite\",\"@id\":\"https:\\\/\\\/gloopbaby.com\\\/en\\\/#website\",\"url\":\"https:\\\/\\\/gloopbaby.com\\\/en\\\/\",\"name\":\"Gloop Baby\",\"description\":\"\",\"publisher\":{\"@id\":\"https:\\\/\\\/gloopbaby.com\\\/en\\\/#organization\"},\"potentialAction\":[{\"@type\":\"SearchAction\",\"target\":{\"@type\":\"EntryPoint\",\"urlTemplate\":\"https:\\\/\\\/gloopbaby.com\\\/en\\\/?s={search_term_string}\"},\"query-input\":{\"@type\":\"PropertyValueSpecification\",\"valueRequired\":true,\"valueName\":\"search_term_string\"}}],\"inLanguage\":\"en-US\"},{\"@type\":\"Organization\",\"@id\":\"https:\\\/\\\/gloopbaby.com\\\/en\\\/#organization\",\"name\":\"Gloop Baby\",\"url\":\"https:\\\/\\\/gloopbaby.com\\\/en\\\/\",\"logo\":{\"@type\":\"ImageObject\",\"inLanguage\":\"en-US\",\"@id\":\"https:\\\/\\\/gloopbaby.com\\\/en\\\/#\\\/schema\\\/logo\\\/image\\\/\",\"url\":\"https:\\\/\\\/gloopbaby.com\\\/wp-content\\\/uploads\\\/2023\\\/06\\\/gloop-logo.svg\",\"contentUrl\":\"https:\\\/\\\/gloopbaby.com\\\/wp-content\\\/uploads\\\/2023\\\/06\\\/gloop-logo.svg\",\"width\":100,\"height\":100,\"caption\":\"Gloop Baby\"},\"image\":{\"@id\":\"https:\\\/\\\/gloopbaby.com\\\/en\\\/#\\\/schema\\\/logo\\\/image\\\/\"}}]}<\/script>\n<!-- \/ Yoast SEO plugin. -->","yoast_head_json":{"title":"gloop! 2 in 1 Blanket Little Garden - Gloop Baby","description":"Descobre a Manta 0-3 meses da gloop baby. Confort\u00e1vel e segura para o teu beb\u00e9 em 100% algod\u00e3o biol\u00f3gico. Fabricado em Portugal. Tamanho 65x75cm.","robots":{"index":"index","follow":"follow","max-snippet":"max-snippet:-1","max-image-preview":"max-image-preview:large","max-video-preview":"max-video-preview:-1"},"canonical":"https:\/\/gloopbaby.com\/en\/product\/home-and-sleep-en\/bed-en\/blankets-en\/gloop-2-in-1-blanket\/gloop-2-in-1-blanket-sleepy-copia\/","og_locale":"en_US","og_type":"article","og_title":"gloop! 2 in 1 Blanket Little Garden - Gloop Baby","og_description":"Descobre a Manta 0-3 meses da gloop baby. Confort\u00e1vel e segura para o teu beb\u00e9 em 100% algod\u00e3o biol\u00f3gico. Fabricado em Portugal. Tamanho 65x75cm.","og_url":"https:\/\/gloopbaby.com\/en\/product\/home-and-sleep-en\/bed-en\/blankets-en\/gloop-2-in-1-blanket\/gloop-2-in-1-blanket-sleepy-copia\/","og_site_name":"Gloop Baby","article_modified_time":"2026-02-12T09:34:46+00:00","og_image":[{"width":1075,"height":1613,"url":"https:\/\/gloopbaby.com\/wp-content\/uploads\/2026\/02\/Gloop-2025-216.jpg","type":"image\/jpeg"}],"twitter_card":"summary_large_image","twitter_misc":{"Est. reading time":"1 minute"},"schema":{"@context":"https:\/\/schema.org","@graph":[{"@type":"WebPage","@id":"https:\/\/gloopbaby.com\/en\/product\/home-and-sleep-en\/bed-en\/blankets-en\/gloop-2-in-1-blanket\/gloop-2-in-1-blanket-sleepy-copia\/","url":"https:\/\/gloopbaby.com\/en\/product\/home-and-sleep-en\/bed-en\/blankets-en\/gloop-2-in-1-blanket\/gloop-2-in-1-blanket-sleepy-copia\/","name":"gloop! 2 in 1 Blanket Little Garden - Gloop Baby","isPartOf":{"@id":"https:\/\/gloopbaby.com\/en\/#website"},"primaryImageOfPage":{"@id":"https:\/\/gloopbaby.com\/en\/product\/home-and-sleep-en\/bed-en\/blankets-en\/gloop-2-in-1-blanket\/gloop-2-in-1-blanket-sleepy-copia\/#primaryimage"},"image":{"@id":"https:\/\/gloopbaby.com\/en\/product\/home-and-sleep-en\/bed-en\/blankets-en\/gloop-2-in-1-blanket\/gloop-2-in-1-blanket-sleepy-copia\/#primaryimage"},"thumbnailUrl":"https:\/\/gloopbaby.com\/wp-content\/uploads\/2026\/02\/Gloop-2025-216.jpg","datePublished":"2026-02-12T08:20:23+00:00","dateModified":"2026-02-12T09:34:46+00:00","description":"Descobre a Manta 0-3 meses da gloop baby. Confort\u00e1vel e segura para o teu beb\u00e9 em 100% algod\u00e3o biol\u00f3gico. Fabricado em Portugal. Tamanho 65x75cm.","breadcrumb":{"@id":"https:\/\/gloopbaby.com\/en\/product\/home-and-sleep-en\/bed-en\/blankets-en\/gloop-2-in-1-blanket\/gloop-2-in-1-blanket-sleepy-copia\/#breadcrumb"},"inLanguage":"en-US","potentialAction":[{"@type":"ReadAction","target":["https:\/\/gloopbaby.com\/en\/product\/home-and-sleep-en\/bed-en\/blankets-en\/gloop-2-in-1-blanket\/gloop-2-in-1-blanket-sleepy-copia\/"]}]},{"@type":"ImageObject","inLanguage":"en-US","@id":"https:\/\/gloopbaby.com\/en\/product\/home-and-sleep-en\/bed-en\/blankets-en\/gloop-2-in-1-blanket\/gloop-2-in-1-blanket-sleepy-copia\/#primaryimage","url":"https:\/\/gloopbaby.com\/wp-content\/uploads\/2026\/02\/Gloop-2025-216.jpg","contentUrl":"https:\/\/gloopbaby.com\/wp-content\/uploads\/2026\/02\/Gloop-2025-216.jpg","width":1075,"height":1613},{"@type":"BreadcrumbList","@id":"https:\/\/gloopbaby.com\/en\/product\/home-and-sleep-en\/bed-en\/blankets-en\/gloop-2-in-1-blanket\/gloop-2-in-1-blanket-sleepy-copia\/#breadcrumb","itemListElement":[{"@type":"ListItem","position":1,"name":"In\u00edcio","item":"https:\/\/gloopbaby.com\/en\/"},{"@type":"ListItem","position":2,"name":"Shop","item":"https:\/\/gloopbaby.com\/loja\/"},{"@type":"ListItem","position":3,"name":"gloop! 2 in 1 Blanket Little Garden"}]},{"@type":"WebSite","@id":"https:\/\/gloopbaby.com\/en\/#website","url":"https:\/\/gloopbaby.com\/en\/","name":"Gloop Baby","description":"","publisher":{"@id":"https:\/\/gloopbaby.com\/en\/#organization"},"potentialAction":[{"@type":"SearchAction","target":{"@type":"EntryPoint","urlTemplate":"https:\/\/gloopbaby.com\/en\/?s={search_term_string}"},"query-input":{"@type":"PropertyValueSpecification","valueRequired":true,"valueName":"search_term_string"}}],"inLanguage":"en-US"},{"@type":"Organization","@id":"https:\/\/gloopbaby.com\/en\/#organization","name":"Gloop Baby","url":"https:\/\/gloopbaby.com\/en\/","logo":{"@type":"ImageObject","inLanguage":"en-US","@id":"https:\/\/gloopbaby.com\/en\/#\/schema\/logo\/image\/","url":"https:\/\/gloopbaby.com\/wp-content\/uploads\/2023\/06\/gloop-logo.svg","contentUrl":"https:\/\/gloopbaby.com\/wp-content\/uploads\/2023\/06\/gloop-logo.svg","width":100,"height":100,"caption":"Gloop Baby"},"image":{"@id":"https:\/\/gloopbaby.com\/en\/#\/schema\/logo\/image\/"}}]}},"_links":{"self":[{"href":"https:\/\/gloopbaby.com\/en\/wp-json\/wp\/v2\/product\/143378","targetHints":{"allow":["GET"]}}],"collection":[{"href":"https:\/\/gloopbaby.com\/en\/wp-json\/wp\/v2\/product"}],"about":[{"href":"https:\/\/gloopbaby.com\/en\/wp-json\/wp\/v2\/types\/product"}],"replies":[{"embeddable":true,"href":"https:\/\/gloopbaby.com\/en\/wp-json\/wp\/v2\/comments?post=143378"}],"wp:featuredmedia":[{"embeddable":true,"href":"https:\/\/gloopbaby.com\/en\/wp-json\/wp\/v2\/media\/143398"}],"wp:attachment":[{"href":"https:\/\/gloopbaby.com\/en\/wp-json\/wp\/v2\/media?parent=143378"}],"wp:term":[{"taxonomy":"product_brand","embeddable":true,"href":"https:\/\/gloopbaby.com\/en\/wp-json\/wp\/v2\/product_brand?post=143378"},{"taxonomy":"product_cat","embeddable":true,"href":"https:\/\/gloopbaby.com\/en\/wp-json\/wp\/v2\/product_cat?post=143378"},{"taxonomy":"product_tag","embeddable":true,"href":"https:\/\/gloopbaby.com\/en\/wp-json\/wp\/v2\/product_tag?post=143378"}],"curies":[{"name":"wp","href":"https:\/\/api.w.org\/{rel}","templated":true}]}}