{"id":138172,"date":"2025-10-07T15:38:46","date_gmt":"2025-10-07T15:38:46","guid":{"rendered":"https:\/\/gloopbaby.com\/?post_type=product&#038;p=138172"},"modified":"2025-10-09T13:36:19","modified_gmt":"2025-10-09T13:36:19","slug":"baby-positioning-pillow-safari","status":"publish","type":"product","link":"https:\/\/gloopbaby.com\/en\/product\/home-and-sleep-en\/baby-positioning-pillow\/baby-positioning-pillow-safari\/","title":{"rendered":"Baby Positioning Pillow Safari"},"content":{"rendered":"<p>The gloop! Positioning Pillow (Anti-Roll) for babies is designed to keep your baby lying on their side comfortably and safely. It prevents them from rolling over while sleeping, while ensuring freedom of movement. To alternate which side your baby is sleeping on, the side positioner should be turned so that the larger side is always on their back.<\/p>\n<p>Suitable for all bed sizes, it should only be used until your baby is able to roll over independently. The outside is made with our 100% organic cotton certified and the polyester interior. Made in Portugal. Size: 35x27cm<\/p>\n<p>With a modern and neutral design, it matches any decor. A safe, eco-friendly, and stylish choice for your baby.<\/p>\n<p>&nbsp;<\/p>\n","protected":false},"excerpt":{"rendered":"<p>The gloop! Positioning Pillow (Anti-Roll) for babies is designed to keep your baby lying on their side comfortably and safely. It prevents them from rolling over while sleeping, while ensuring freedom of movement. To alternate which side your baby is sleeping on, the side positioner should be turned so that the larger side is always [&hellip;]<\/p>\n","protected":false},"featured_media":138236,"comment_status":"closed","ping_status":"closed","template":"","meta":{"_acf_changed":false},"product_brand":[],"product_cat":[1918,1033,1034,1074],"product_tag":[],"class_list":{"0":"post-138172","1":"product","2":"type-product","3":"status-publish","4":"has-post-thumbnail","6":"product_cat-baby-positioning-pillow","7":"product_cat-collections-en","8":"product_cat-home-and-sleep-en","9":"product_cat-safari-en","11":"first","12":"instock","13":"taxable","14":"shipping-taxable","15":"purchasable","16":"product-type-simple"},"acf":[],"yoast_head":"<!-- This site is optimized with the Yoast SEO plugin v27.3 - https:\/\/yoast.com\/product\/yoast-seo-wordpress\/ -->\n<title>Baby Positioning Pillow Safari | baby products in organic cotton - Gloop Baby<\/title>\n<meta name=\"description\" content=\"The gloop! baby Positioning Pillow (Anti-Roll) is designed to keep your baby lying on their side comfortably and safely. Made with 100% organic cotton.\" \/>\n<meta name=\"robots\" content=\"index, follow, max-snippet:-1, max-image-preview:large, max-video-preview:-1\" \/>\n<link rel=\"canonical\" href=\"https:\/\/gloopbaby.com\/en\/product\/home-and-sleep-en\/baby-positioning-pillow\/baby-positioning-pillow-safari\/\" \/>\n<meta property=\"og:locale\" content=\"en_US\" \/>\n<meta property=\"og:type\" content=\"article\" \/>\n<meta property=\"og:title\" content=\"Baby Positioning Pillow Safari | baby products in organic cotton - Gloop Baby\" \/>\n<meta property=\"og:description\" content=\"The gloop! baby Positioning Pillow (Anti-Roll) is designed to keep your baby lying on their side comfortably and safely. Made with 100% organic cotton.\" \/>\n<meta property=\"og:url\" content=\"https:\/\/gloopbaby.com\/en\/product\/home-and-sleep-en\/baby-positioning-pillow\/baby-positioning-pillow-safari\/\" \/>\n<meta property=\"og:site_name\" content=\"Gloop Baby\" \/>\n<meta property=\"article:modified_time\" content=\"2025-10-09T13:36:19+00:00\" \/>\n<meta property=\"og:image\" content=\"https:\/\/gloopbaby.com\/wp-content\/uploads\/2025\/10\/almofada-posi-40-2.jpg\" \/>\n\t<meta property=\"og:image:width\" content=\"600\" \/>\n\t<meta property=\"og:image:height\" content=\"900\" \/>\n\t<meta property=\"og:image:type\" content=\"image\/jpeg\" \/>\n<meta name=\"twitter:card\" content=\"summary_large_image\" \/>\n<meta name=\"twitter:label1\" content=\"Est. reading time\" \/>\n\t<meta name=\"twitter:data1\" content=\"1 minute\" \/>\n<script type=\"application\/ld+json\" class=\"yoast-schema-graph\">{\"@context\":\"https:\\\/\\\/schema.org\",\"@graph\":[{\"@type\":\"WebPage\",\"@id\":\"https:\\\/\\\/gloopbaby.com\\\/en\\\/product\\\/home-and-sleep-en\\\/baby-positioning-pillow\\\/baby-positioning-pillow-safari\\\/\",\"url\":\"https:\\\/\\\/gloopbaby.com\\\/en\\\/product\\\/home-and-sleep-en\\\/baby-positioning-pillow\\\/baby-positioning-pillow-safari\\\/\",\"name\":\"Baby Positioning Pillow Safari | baby products in organic cotton - Gloop Baby\",\"isPartOf\":{\"@id\":\"https:\\\/\\\/gloopbaby.com\\\/en\\\/#website\"},\"primaryImageOfPage\":{\"@id\":\"https:\\\/\\\/gloopbaby.com\\\/en\\\/product\\\/home-and-sleep-en\\\/baby-positioning-pillow\\\/baby-positioning-pillow-safari\\\/#primaryimage\"},\"image\":{\"@id\":\"https:\\\/\\\/gloopbaby.com\\\/en\\\/product\\\/home-and-sleep-en\\\/baby-positioning-pillow\\\/baby-positioning-pillow-safari\\\/#primaryimage\"},\"thumbnailUrl\":\"https:\\\/\\\/gloopbaby.com\\\/wp-content\\\/uploads\\\/2025\\\/10\\\/almofada-posi-40-2.jpg\",\"datePublished\":\"2025-10-07T15:38:46+00:00\",\"dateModified\":\"2025-10-09T13:36:19+00:00\",\"description\":\"The gloop! baby Positioning Pillow (Anti-Roll) is designed to keep your baby lying on their side comfortably and safely. Made with 100% organic cotton.\",\"breadcrumb\":{\"@id\":\"https:\\\/\\\/gloopbaby.com\\\/en\\\/product\\\/home-and-sleep-en\\\/baby-positioning-pillow\\\/baby-positioning-pillow-safari\\\/#breadcrumb\"},\"inLanguage\":\"en-US\",\"potentialAction\":[{\"@type\":\"ReadAction\",\"target\":[\"https:\\\/\\\/gloopbaby.com\\\/en\\\/product\\\/home-and-sleep-en\\\/baby-positioning-pillow\\\/baby-positioning-pillow-safari\\\/\"]}]},{\"@type\":\"ImageObject\",\"inLanguage\":\"en-US\",\"@id\":\"https:\\\/\\\/gloopbaby.com\\\/en\\\/product\\\/home-and-sleep-en\\\/baby-positioning-pillow\\\/baby-positioning-pillow-safari\\\/#primaryimage\",\"url\":\"https:\\\/\\\/gloopbaby.com\\\/wp-content\\\/uploads\\\/2025\\\/10\\\/almofada-posi-40-2.jpg\",\"contentUrl\":\"https:\\\/\\\/gloopbaby.com\\\/wp-content\\\/uploads\\\/2025\\\/10\\\/almofada-posi-40-2.jpg\",\"width\":600,\"height\":900,\"caption\":\"Almofada posicionamento beb\u00e9 gloop em algod\u00e3o org\u00e2nico\"},{\"@type\":\"BreadcrumbList\",\"@id\":\"https:\\\/\\\/gloopbaby.com\\\/en\\\/product\\\/home-and-sleep-en\\\/baby-positioning-pillow\\\/baby-positioning-pillow-safari\\\/#breadcrumb\",\"itemListElement\":[{\"@type\":\"ListItem\",\"position\":1,\"name\":\"In\u00edcio\",\"item\":\"https:\\\/\\\/gloopbaby.com\\\/en\\\/\"},{\"@type\":\"ListItem\",\"position\":2,\"name\":\"Shop\",\"item\":\"https:\\\/\\\/gloopbaby.com\\\/loja\\\/\"},{\"@type\":\"ListItem\",\"position\":3,\"name\":\"Baby Positioning Pillow Safari\"}]},{\"@type\":\"WebSite\",\"@id\":\"https:\\\/\\\/gloopbaby.com\\\/en\\\/#website\",\"url\":\"https:\\\/\\\/gloopbaby.com\\\/en\\\/\",\"name\":\"Gloop Baby\",\"description\":\"\",\"publisher\":{\"@id\":\"https:\\\/\\\/gloopbaby.com\\\/en\\\/#organization\"},\"potentialAction\":[{\"@type\":\"SearchAction\",\"target\":{\"@type\":\"EntryPoint\",\"urlTemplate\":\"https:\\\/\\\/gloopbaby.com\\\/en\\\/?s={search_term_string}\"},\"query-input\":{\"@type\":\"PropertyValueSpecification\",\"valueRequired\":true,\"valueName\":\"search_term_string\"}}],\"inLanguage\":\"en-US\"},{\"@type\":\"Organization\",\"@id\":\"https:\\\/\\\/gloopbaby.com\\\/en\\\/#organization\",\"name\":\"Gloop Baby\",\"url\":\"https:\\\/\\\/gloopbaby.com\\\/en\\\/\",\"logo\":{\"@type\":\"ImageObject\",\"inLanguage\":\"en-US\",\"@id\":\"https:\\\/\\\/gloopbaby.com\\\/en\\\/#\\\/schema\\\/logo\\\/image\\\/\",\"url\":\"https:\\\/\\\/gloopbaby.com\\\/wp-content\\\/uploads\\\/2023\\\/06\\\/gloop-logo.svg\",\"contentUrl\":\"https:\\\/\\\/gloopbaby.com\\\/wp-content\\\/uploads\\\/2023\\\/06\\\/gloop-logo.svg\",\"width\":100,\"height\":100,\"caption\":\"Gloop Baby\"},\"image\":{\"@id\":\"https:\\\/\\\/gloopbaby.com\\\/en\\\/#\\\/schema\\\/logo\\\/image\\\/\"}}]}<\/script>\n<!-- \/ Yoast SEO plugin. -->","yoast_head_json":{"title":"Baby Positioning Pillow Safari | baby products in organic cotton - Gloop Baby","description":"The gloop! baby Positioning Pillow (Anti-Roll) is designed to keep your baby lying on their side comfortably and safely. Made with 100% organic cotton.","robots":{"index":"index","follow":"follow","max-snippet":"max-snippet:-1","max-image-preview":"max-image-preview:large","max-video-preview":"max-video-preview:-1"},"canonical":"https:\/\/gloopbaby.com\/en\/product\/home-and-sleep-en\/baby-positioning-pillow\/baby-positioning-pillow-safari\/","og_locale":"en_US","og_type":"article","og_title":"Baby Positioning Pillow Safari | baby products in organic cotton - Gloop Baby","og_description":"The gloop! baby Positioning Pillow (Anti-Roll) is designed to keep your baby lying on their side comfortably and safely. Made with 100% organic cotton.","og_url":"https:\/\/gloopbaby.com\/en\/product\/home-and-sleep-en\/baby-positioning-pillow\/baby-positioning-pillow-safari\/","og_site_name":"Gloop Baby","article_modified_time":"2025-10-09T13:36:19+00:00","og_image":[{"width":600,"height":900,"url":"https:\/\/gloopbaby.com\/wp-content\/uploads\/2025\/10\/almofada-posi-40-2.jpg","type":"image\/jpeg"}],"twitter_card":"summary_large_image","twitter_misc":{"Est. reading time":"1 minute"},"schema":{"@context":"https:\/\/schema.org","@graph":[{"@type":"WebPage","@id":"https:\/\/gloopbaby.com\/en\/product\/home-and-sleep-en\/baby-positioning-pillow\/baby-positioning-pillow-safari\/","url":"https:\/\/gloopbaby.com\/en\/product\/home-and-sleep-en\/baby-positioning-pillow\/baby-positioning-pillow-safari\/","name":"Baby Positioning Pillow Safari | baby products in organic cotton - Gloop Baby","isPartOf":{"@id":"https:\/\/gloopbaby.com\/en\/#website"},"primaryImageOfPage":{"@id":"https:\/\/gloopbaby.com\/en\/product\/home-and-sleep-en\/baby-positioning-pillow\/baby-positioning-pillow-safari\/#primaryimage"},"image":{"@id":"https:\/\/gloopbaby.com\/en\/product\/home-and-sleep-en\/baby-positioning-pillow\/baby-positioning-pillow-safari\/#primaryimage"},"thumbnailUrl":"https:\/\/gloopbaby.com\/wp-content\/uploads\/2025\/10\/almofada-posi-40-2.jpg","datePublished":"2025-10-07T15:38:46+00:00","dateModified":"2025-10-09T13:36:19+00:00","description":"The gloop! baby Positioning Pillow (Anti-Roll) is designed to keep your baby lying on their side comfortably and safely. Made with 100% organic cotton.","breadcrumb":{"@id":"https:\/\/gloopbaby.com\/en\/product\/home-and-sleep-en\/baby-positioning-pillow\/baby-positioning-pillow-safari\/#breadcrumb"},"inLanguage":"en-US","potentialAction":[{"@type":"ReadAction","target":["https:\/\/gloopbaby.com\/en\/product\/home-and-sleep-en\/baby-positioning-pillow\/baby-positioning-pillow-safari\/"]}]},{"@type":"ImageObject","inLanguage":"en-US","@id":"https:\/\/gloopbaby.com\/en\/product\/home-and-sleep-en\/baby-positioning-pillow\/baby-positioning-pillow-safari\/#primaryimage","url":"https:\/\/gloopbaby.com\/wp-content\/uploads\/2025\/10\/almofada-posi-40-2.jpg","contentUrl":"https:\/\/gloopbaby.com\/wp-content\/uploads\/2025\/10\/almofada-posi-40-2.jpg","width":600,"height":900,"caption":"Almofada posicionamento beb\u00e9 gloop em algod\u00e3o org\u00e2nico"},{"@type":"BreadcrumbList","@id":"https:\/\/gloopbaby.com\/en\/product\/home-and-sleep-en\/baby-positioning-pillow\/baby-positioning-pillow-safari\/#breadcrumb","itemListElement":[{"@type":"ListItem","position":1,"name":"In\u00edcio","item":"https:\/\/gloopbaby.com\/en\/"},{"@type":"ListItem","position":2,"name":"Shop","item":"https:\/\/gloopbaby.com\/loja\/"},{"@type":"ListItem","position":3,"name":"Baby Positioning Pillow Safari"}]},{"@type":"WebSite","@id":"https:\/\/gloopbaby.com\/en\/#website","url":"https:\/\/gloopbaby.com\/en\/","name":"Gloop Baby","description":"","publisher":{"@id":"https:\/\/gloopbaby.com\/en\/#organization"},"potentialAction":[{"@type":"SearchAction","target":{"@type":"EntryPoint","urlTemplate":"https:\/\/gloopbaby.com\/en\/?s={search_term_string}"},"query-input":{"@type":"PropertyValueSpecification","valueRequired":true,"valueName":"search_term_string"}}],"inLanguage":"en-US"},{"@type":"Organization","@id":"https:\/\/gloopbaby.com\/en\/#organization","name":"Gloop Baby","url":"https:\/\/gloopbaby.com\/en\/","logo":{"@type":"ImageObject","inLanguage":"en-US","@id":"https:\/\/gloopbaby.com\/en\/#\/schema\/logo\/image\/","url":"https:\/\/gloopbaby.com\/wp-content\/uploads\/2023\/06\/gloop-logo.svg","contentUrl":"https:\/\/gloopbaby.com\/wp-content\/uploads\/2023\/06\/gloop-logo.svg","width":100,"height":100,"caption":"Gloop Baby"},"image":{"@id":"https:\/\/gloopbaby.com\/en\/#\/schema\/logo\/image\/"}}]}},"_links":{"self":[{"href":"https:\/\/gloopbaby.com\/en\/wp-json\/wp\/v2\/product\/138172","targetHints":{"allow":["GET"]}}],"collection":[{"href":"https:\/\/gloopbaby.com\/en\/wp-json\/wp\/v2\/product"}],"about":[{"href":"https:\/\/gloopbaby.com\/en\/wp-json\/wp\/v2\/types\/product"}],"replies":[{"embeddable":true,"href":"https:\/\/gloopbaby.com\/en\/wp-json\/wp\/v2\/comments?post=138172"}],"wp:featuredmedia":[{"embeddable":true,"href":"https:\/\/gloopbaby.com\/en\/wp-json\/wp\/v2\/media\/138236"}],"wp:attachment":[{"href":"https:\/\/gloopbaby.com\/en\/wp-json\/wp\/v2\/media?parent=138172"}],"wp:term":[{"taxonomy":"product_brand","embeddable":true,"href":"https:\/\/gloopbaby.com\/en\/wp-json\/wp\/v2\/product_brand?post=138172"},{"taxonomy":"product_cat","embeddable":true,"href":"https:\/\/gloopbaby.com\/en\/wp-json\/wp\/v2\/product_cat?post=138172"},{"taxonomy":"product_tag","embeddable":true,"href":"https:\/\/gloopbaby.com\/en\/wp-json\/wp\/v2\/product_tag?post=138172"}],"curies":[{"name":"wp","href":"https:\/\/api.w.org\/{rel}","templated":true}]}}