{"id":135390,"date":"2025-07-17T14:21:00","date_gmt":"2025-07-17T14:21:00","guid":{"rendered":"https:\/\/gloopbaby.com\/?post_type=product&#038;p=135390"},"modified":"2025-07-17T14:30:11","modified_gmt":"2025-07-17T14:30:11","slug":"winter-sweatshirt-zebra","status":"publish","type":"product","link":"https:\/\/gloopbaby.com\/en\/product\/clothing-en\/sweatshirt-en\/winter-sweatshirt-en\/winter-sweatshirt-zebra\/","title":{"rendered":"Winter Sweatshirt Zebra"},"content":{"rendered":"<p>Winter sweatshirt with round neck and long sleeves. Button fastening along the shoulder. Ribbed trims. Made with our 100% organic cotton certified. Made in Portugal. Size: 1-3 months (62cm) | 3-6 months (68cm) | 6-9 months (74cm) | 9-12 months (80cm).<\/p>\n","protected":false},"excerpt":{"rendered":"<p>Winter sweatshirt with round neck and long sleeves. Button fastening along the shoulder. Ribbed trims. Made with our 100% organic cotton certified. Made in Portugal. Size: 1-3 months (62cm) | 3-6 months (68cm) | 6-9 months (74cm) | 9-12 months (80cm).<\/p>\n","protected":false},"featured_media":135437,"comment_status":"closed","ping_status":"closed","template":"","meta":{"_acf_changed":false},"product_brand":[],"product_cat":[1032,1033,1091,1113,1691],"product_tag":[],"class_list":{"0":"post-135390","1":"product","2":"type-product","3":"status-publish","4":"has-post-thumbnail","6":"product_cat-clothing-en","7":"product_cat-collections-en","8":"product_cat-sweatshirt-en","9":"product_cat-winter-sweatshirt-en","10":"product_cat-zebra-en","12":"first","13":"instock","14":"taxable","15":"shipping-taxable","16":"purchasable","17":"product-type-variable"},"acf":[],"yoast_head":"<!-- This site is optimized with the Yoast SEO plugin v27.4 - https:\/\/yoast.com\/product\/yoast-seo-wordpress\/ -->\n<title>Winter Sweatshirt Zebra - Gloop Baby<\/title>\n<meta name=\"robots\" content=\"index, follow, max-snippet:-1, max-image-preview:large, max-video-preview:-1\" \/>\n<link rel=\"canonical\" href=\"https:\/\/gloopbaby.com\/en\/product\/clothing-en\/sweatshirt-en\/winter-sweatshirt-en\/winter-sweatshirt-zebra\/\" \/>\n<meta property=\"og:locale\" content=\"en_US\" \/>\n<meta property=\"og:type\" content=\"article\" \/>\n<meta property=\"og:title\" content=\"Winter Sweatshirt Zebra - Gloop Baby\" \/>\n<meta property=\"og:description\" content=\"Winter sweatshirt with round neck and long sleeves. Button fastening along the shoulder. Ribbed trims. Made with our 100% organic cotton certified. Made in Portugal. Size: 1-3 months (62cm) | 3-6 months (68cm) | 6-9 months (74cm) | 9-12 months (80cm).\" \/>\n<meta property=\"og:url\" content=\"https:\/\/gloopbaby.com\/en\/product\/clothing-en\/sweatshirt-en\/winter-sweatshirt-en\/winter-sweatshirt-zebra\/\" \/>\n<meta property=\"og:site_name\" content=\"Gloop Baby\" \/>\n<meta property=\"article:modified_time\" content=\"2025-07-17T14:30:11+00:00\" \/>\n<meta property=\"og:image\" content=\"https:\/\/gloopbaby.com\/wp-content\/uploads\/2025\/07\/sweat-51-5.jpg\" \/>\n\t<meta property=\"og:image:width\" content=\"600\" \/>\n\t<meta property=\"og:image:height\" content=\"900\" \/>\n\t<meta property=\"og:image:type\" content=\"image\/jpeg\" \/>\n<meta name=\"twitter:card\" content=\"summary_large_image\" \/>\n<script type=\"application\/ld+json\" class=\"yoast-schema-graph\">{\"@context\":\"https:\\\/\\\/schema.org\",\"@graph\":[{\"@type\":\"WebPage\",\"@id\":\"https:\\\/\\\/gloopbaby.com\\\/en\\\/product\\\/clothing-en\\\/sweatshirt-en\\\/winter-sweatshirt-en\\\/winter-sweatshirt-zebra\\\/\",\"url\":\"https:\\\/\\\/gloopbaby.com\\\/en\\\/product\\\/clothing-en\\\/sweatshirt-en\\\/winter-sweatshirt-en\\\/winter-sweatshirt-zebra\\\/\",\"name\":\"Winter Sweatshirt Zebra - Gloop Baby\",\"isPartOf\":{\"@id\":\"https:\\\/\\\/gloopbaby.com\\\/en\\\/#website\"},\"primaryImageOfPage\":{\"@id\":\"https:\\\/\\\/gloopbaby.com\\\/en\\\/product\\\/clothing-en\\\/sweatshirt-en\\\/winter-sweatshirt-en\\\/winter-sweatshirt-zebra\\\/#primaryimage\"},\"image\":{\"@id\":\"https:\\\/\\\/gloopbaby.com\\\/en\\\/product\\\/clothing-en\\\/sweatshirt-en\\\/winter-sweatshirt-en\\\/winter-sweatshirt-zebra\\\/#primaryimage\"},\"thumbnailUrl\":\"https:\\\/\\\/gloopbaby.com\\\/wp-content\\\/uploads\\\/2025\\\/07\\\/sweat-51-5.jpg\",\"datePublished\":\"2025-07-17T14:21:00+00:00\",\"dateModified\":\"2025-07-17T14:30:11+00:00\",\"breadcrumb\":{\"@id\":\"https:\\\/\\\/gloopbaby.com\\\/en\\\/product\\\/clothing-en\\\/sweatshirt-en\\\/winter-sweatshirt-en\\\/winter-sweatshirt-zebra\\\/#breadcrumb\"},\"inLanguage\":\"en-US\",\"potentialAction\":[{\"@type\":\"ReadAction\",\"target\":[\"https:\\\/\\\/gloopbaby.com\\\/en\\\/product\\\/clothing-en\\\/sweatshirt-en\\\/winter-sweatshirt-en\\\/winter-sweatshirt-zebra\\\/\"]}]},{\"@type\":\"ImageObject\",\"inLanguage\":\"en-US\",\"@id\":\"https:\\\/\\\/gloopbaby.com\\\/en\\\/product\\\/clothing-en\\\/sweatshirt-en\\\/winter-sweatshirt-en\\\/winter-sweatshirt-zebra\\\/#primaryimage\",\"url\":\"https:\\\/\\\/gloopbaby.com\\\/wp-content\\\/uploads\\\/2025\\\/07\\\/sweat-51-5.jpg\",\"contentUrl\":\"https:\\\/\\\/gloopbaby.com\\\/wp-content\\\/uploads\\\/2025\\\/07\\\/sweat-51-5.jpg\",\"width\":600,\"height\":900,\"caption\":\"Sweatshirt de inverno beb\u00e9 em algod\u00e3o org\u00e2nico \u2013 Zebra | Gloop Baby\"},{\"@type\":\"BreadcrumbList\",\"@id\":\"https:\\\/\\\/gloopbaby.com\\\/en\\\/product\\\/clothing-en\\\/sweatshirt-en\\\/winter-sweatshirt-en\\\/winter-sweatshirt-zebra\\\/#breadcrumb\",\"itemListElement\":[{\"@type\":\"ListItem\",\"position\":1,\"name\":\"In\u00edcio\",\"item\":\"https:\\\/\\\/gloopbaby.com\\\/en\\\/\"},{\"@type\":\"ListItem\",\"position\":2,\"name\":\"Shop\",\"item\":\"https:\\\/\\\/gloopbaby.com\\\/loja\\\/\"},{\"@type\":\"ListItem\",\"position\":3,\"name\":\"Winter Sweatshirt Zebra\"}]},{\"@type\":\"WebSite\",\"@id\":\"https:\\\/\\\/gloopbaby.com\\\/en\\\/#website\",\"url\":\"https:\\\/\\\/gloopbaby.com\\\/en\\\/\",\"name\":\"Gloop Baby\",\"description\":\"\",\"publisher\":{\"@id\":\"https:\\\/\\\/gloopbaby.com\\\/en\\\/#organization\"},\"potentialAction\":[{\"@type\":\"SearchAction\",\"target\":{\"@type\":\"EntryPoint\",\"urlTemplate\":\"https:\\\/\\\/gloopbaby.com\\\/en\\\/?s={search_term_string}\"},\"query-input\":{\"@type\":\"PropertyValueSpecification\",\"valueRequired\":true,\"valueName\":\"search_term_string\"}}],\"inLanguage\":\"en-US\"},{\"@type\":\"Organization\",\"@id\":\"https:\\\/\\\/gloopbaby.com\\\/en\\\/#organization\",\"name\":\"Gloop Baby\",\"url\":\"https:\\\/\\\/gloopbaby.com\\\/en\\\/\",\"logo\":{\"@type\":\"ImageObject\",\"inLanguage\":\"en-US\",\"@id\":\"https:\\\/\\\/gloopbaby.com\\\/en\\\/#\\\/schema\\\/logo\\\/image\\\/\",\"url\":\"https:\\\/\\\/gloopbaby.com\\\/wp-content\\\/uploads\\\/2023\\\/06\\\/gloop-logo.svg\",\"contentUrl\":\"https:\\\/\\\/gloopbaby.com\\\/wp-content\\\/uploads\\\/2023\\\/06\\\/gloop-logo.svg\",\"width\":100,\"height\":100,\"caption\":\"Gloop Baby\"},\"image\":{\"@id\":\"https:\\\/\\\/gloopbaby.com\\\/en\\\/#\\\/schema\\\/logo\\\/image\\\/\"}}]}<\/script>\n<!-- \/ Yoast SEO plugin. -->","yoast_head_json":{"title":"Winter Sweatshirt Zebra - Gloop Baby","robots":{"index":"index","follow":"follow","max-snippet":"max-snippet:-1","max-image-preview":"max-image-preview:large","max-video-preview":"max-video-preview:-1"},"canonical":"https:\/\/gloopbaby.com\/en\/product\/clothing-en\/sweatshirt-en\/winter-sweatshirt-en\/winter-sweatshirt-zebra\/","og_locale":"en_US","og_type":"article","og_title":"Winter Sweatshirt Zebra - Gloop Baby","og_description":"Winter sweatshirt with round neck and long sleeves. Button fastening along the shoulder. Ribbed trims. Made with our 100% organic cotton certified. Made in Portugal. Size: 1-3 months (62cm) | 3-6 months (68cm) | 6-9 months (74cm) | 9-12 months (80cm).","og_url":"https:\/\/gloopbaby.com\/en\/product\/clothing-en\/sweatshirt-en\/winter-sweatshirt-en\/winter-sweatshirt-zebra\/","og_site_name":"Gloop Baby","article_modified_time":"2025-07-17T14:30:11+00:00","og_image":[{"width":600,"height":900,"url":"https:\/\/gloopbaby.com\/wp-content\/uploads\/2025\/07\/sweat-51-5.jpg","type":"image\/jpeg"}],"twitter_card":"summary_large_image","schema":{"@context":"https:\/\/schema.org","@graph":[{"@type":"WebPage","@id":"https:\/\/gloopbaby.com\/en\/product\/clothing-en\/sweatshirt-en\/winter-sweatshirt-en\/winter-sweatshirt-zebra\/","url":"https:\/\/gloopbaby.com\/en\/product\/clothing-en\/sweatshirt-en\/winter-sweatshirt-en\/winter-sweatshirt-zebra\/","name":"Winter Sweatshirt Zebra - Gloop Baby","isPartOf":{"@id":"https:\/\/gloopbaby.com\/en\/#website"},"primaryImageOfPage":{"@id":"https:\/\/gloopbaby.com\/en\/product\/clothing-en\/sweatshirt-en\/winter-sweatshirt-en\/winter-sweatshirt-zebra\/#primaryimage"},"image":{"@id":"https:\/\/gloopbaby.com\/en\/product\/clothing-en\/sweatshirt-en\/winter-sweatshirt-en\/winter-sweatshirt-zebra\/#primaryimage"},"thumbnailUrl":"https:\/\/gloopbaby.com\/wp-content\/uploads\/2025\/07\/sweat-51-5.jpg","datePublished":"2025-07-17T14:21:00+00:00","dateModified":"2025-07-17T14:30:11+00:00","breadcrumb":{"@id":"https:\/\/gloopbaby.com\/en\/product\/clothing-en\/sweatshirt-en\/winter-sweatshirt-en\/winter-sweatshirt-zebra\/#breadcrumb"},"inLanguage":"en-US","potentialAction":[{"@type":"ReadAction","target":["https:\/\/gloopbaby.com\/en\/product\/clothing-en\/sweatshirt-en\/winter-sweatshirt-en\/winter-sweatshirt-zebra\/"]}]},{"@type":"ImageObject","inLanguage":"en-US","@id":"https:\/\/gloopbaby.com\/en\/product\/clothing-en\/sweatshirt-en\/winter-sweatshirt-en\/winter-sweatshirt-zebra\/#primaryimage","url":"https:\/\/gloopbaby.com\/wp-content\/uploads\/2025\/07\/sweat-51-5.jpg","contentUrl":"https:\/\/gloopbaby.com\/wp-content\/uploads\/2025\/07\/sweat-51-5.jpg","width":600,"height":900,"caption":"Sweatshirt de inverno beb\u00e9 em algod\u00e3o org\u00e2nico \u2013 Zebra | Gloop Baby"},{"@type":"BreadcrumbList","@id":"https:\/\/gloopbaby.com\/en\/product\/clothing-en\/sweatshirt-en\/winter-sweatshirt-en\/winter-sweatshirt-zebra\/#breadcrumb","itemListElement":[{"@type":"ListItem","position":1,"name":"In\u00edcio","item":"https:\/\/gloopbaby.com\/en\/"},{"@type":"ListItem","position":2,"name":"Shop","item":"https:\/\/gloopbaby.com\/loja\/"},{"@type":"ListItem","position":3,"name":"Winter Sweatshirt Zebra"}]},{"@type":"WebSite","@id":"https:\/\/gloopbaby.com\/en\/#website","url":"https:\/\/gloopbaby.com\/en\/","name":"Gloop Baby","description":"","publisher":{"@id":"https:\/\/gloopbaby.com\/en\/#organization"},"potentialAction":[{"@type":"SearchAction","target":{"@type":"EntryPoint","urlTemplate":"https:\/\/gloopbaby.com\/en\/?s={search_term_string}"},"query-input":{"@type":"PropertyValueSpecification","valueRequired":true,"valueName":"search_term_string"}}],"inLanguage":"en-US"},{"@type":"Organization","@id":"https:\/\/gloopbaby.com\/en\/#organization","name":"Gloop Baby","url":"https:\/\/gloopbaby.com\/en\/","logo":{"@type":"ImageObject","inLanguage":"en-US","@id":"https:\/\/gloopbaby.com\/en\/#\/schema\/logo\/image\/","url":"https:\/\/gloopbaby.com\/wp-content\/uploads\/2023\/06\/gloop-logo.svg","contentUrl":"https:\/\/gloopbaby.com\/wp-content\/uploads\/2023\/06\/gloop-logo.svg","width":100,"height":100,"caption":"Gloop Baby"},"image":{"@id":"https:\/\/gloopbaby.com\/en\/#\/schema\/logo\/image\/"}}]}},"_links":{"self":[{"href":"https:\/\/gloopbaby.com\/en\/wp-json\/wp\/v2\/product\/135390","targetHints":{"allow":["GET"]}}],"collection":[{"href":"https:\/\/gloopbaby.com\/en\/wp-json\/wp\/v2\/product"}],"about":[{"href":"https:\/\/gloopbaby.com\/en\/wp-json\/wp\/v2\/types\/product"}],"replies":[{"embeddable":true,"href":"https:\/\/gloopbaby.com\/en\/wp-json\/wp\/v2\/comments?post=135390"}],"wp:featuredmedia":[{"embeddable":true,"href":"https:\/\/gloopbaby.com\/en\/wp-json\/wp\/v2\/media\/135437"}],"wp:attachment":[{"href":"https:\/\/gloopbaby.com\/en\/wp-json\/wp\/v2\/media?parent=135390"}],"wp:term":[{"taxonomy":"product_brand","embeddable":true,"href":"https:\/\/gloopbaby.com\/en\/wp-json\/wp\/v2\/product_brand?post=135390"},{"taxonomy":"product_cat","embeddable":true,"href":"https:\/\/gloopbaby.com\/en\/wp-json\/wp\/v2\/product_cat?post=135390"},{"taxonomy":"product_tag","embeddable":true,"href":"https:\/\/gloopbaby.com\/en\/wp-json\/wp\/v2\/product_tag?post=135390"}],"curies":[{"name":"wp","href":"https:\/\/api.w.org\/{rel}","templated":true}]}}