{"id":12585,"date":"2023-06-20T16:21:25","date_gmt":"2023-06-20T16:21:25","guid":{"rendered":"https:\/\/gloopbaby.com\/produto\/robe-para-banho-organic-green-0-12-meses\/"},"modified":"2024-05-15T15:20:38","modified_gmt":"2024-05-15T15:20:38","slug":"robe-para-banho-organic-green-0-12-meses","status":"publish","type":"product","link":"https:\/\/gloopbaby.com\/en\/product\/bath\/bath-robe\/bath-robe-0-12m\/robe-para-banho-organic-green-0-12-meses\/","title":{"rendered":"Bath Robe Organic Green 0-12 months"},"content":{"rendered":"<p>Elegant and practical robe gloop! is for the baby not to feel cold after bathing. Placed just after bathing the robe gloop! dry and cuddle the baby with its superabsorbent material. Made with our 100% organic cotton certified. Made in Portugal. Size: 45x74cm<\/p>\n","protected":false},"excerpt":{"rendered":"<p>Elegant and practical robe gloop! is for the baby not to feel cold after bathing. Placed just after bathing the robe gloop! dry and cuddle the baby with its superabsorbent material. Made with our 100% organic cotton certified. Made in Portugal. Size: 45x74cm<\/p>\n","protected":false},"featured_media":37383,"comment_status":"closed","ping_status":"closed","template":"","meta":{"_acf_changed":false},"product_brand":[],"product_cat":[1123,1031,1124,1126,1033,1072],"product_tag":[],"class_list":{"0":"post-12585","1":"product","2":"type-product","3":"status-publish","4":"has-post-thumbnail","6":"product_cat-bath","7":"product_cat-bath-and-nursery-en","8":"product_cat-bath-robe","9":"product_cat-bath-robe-0-12m","10":"product_cat-collections-en","11":"product_cat-organic-green-en","13":"first","14":"instock","15":"taxable","16":"shipping-taxable","17":"purchasable","18":"product-type-simple"},"acf":[],"yoast_head":"<!-- This site is optimized with the Yoast SEO plugin v27.3 - https:\/\/yoast.com\/product\/yoast-seo-wordpress\/ -->\n<title>Bath Robe Organic Green 0-12 months - Gloop Baby<\/title>\n<meta name=\"robots\" content=\"index, follow, max-snippet:-1, max-image-preview:large, max-video-preview:-1\" \/>\n<link rel=\"canonical\" href=\"https:\/\/gloopbaby.com\/en\/product\/bath\/bath-robe\/bath-robe-0-12m\/robe-para-banho-organic-green-0-12-meses\/\" \/>\n<meta property=\"og:locale\" content=\"en_US\" \/>\n<meta property=\"og:type\" content=\"article\" \/>\n<meta property=\"og:title\" content=\"Bath Robe Organic Green 0-12 months - Gloop Baby\" \/>\n<meta property=\"og:description\" content=\"Elegant and practical robe gloop! is for the baby not to feel cold after bathing. Placed just after bathing the robe gloop! dry and cuddle the baby with its superabsorbent material. Made with our 100% organic cotton certified. Made in Portugal. Size: 45x74cm\" \/>\n<meta property=\"og:url\" content=\"https:\/\/gloopbaby.com\/en\/product\/bath\/bath-robe\/bath-robe-0-12m\/robe-para-banho-organic-green-0-12-meses\/\" \/>\n<meta property=\"og:site_name\" content=\"Gloop Baby\" \/>\n<meta property=\"article:modified_time\" content=\"2024-05-15T15:20:38+00:00\" \/>\n<meta property=\"og:image\" content=\"https:\/\/gloopbaby.com\/wp-content\/uploads\/2023\/06\/robe-organic-green.jpg\" \/>\n\t<meta property=\"og:image:width\" content=\"1000\" \/>\n\t<meta property=\"og:image:height\" content=\"1500\" \/>\n\t<meta property=\"og:image:type\" content=\"image\/jpeg\" \/>\n<meta name=\"twitter:card\" content=\"summary_large_image\" \/>\n<script type=\"application\/ld+json\" class=\"yoast-schema-graph\">{\"@context\":\"https:\\\/\\\/schema.org\",\"@graph\":[{\"@type\":\"WebPage\",\"@id\":\"https:\\\/\\\/gloopbaby.com\\\/en\\\/product\\\/bath\\\/bath-robe\\\/bath-robe-0-12m\\\/robe-para-banho-organic-green-0-12-meses\\\/\",\"url\":\"https:\\\/\\\/gloopbaby.com\\\/en\\\/product\\\/bath\\\/bath-robe\\\/bath-robe-0-12m\\\/robe-para-banho-organic-green-0-12-meses\\\/\",\"name\":\"Bath Robe Organic Green 0-12 months - Gloop Baby\",\"isPartOf\":{\"@id\":\"https:\\\/\\\/gloopbaby.com\\\/en\\\/#website\"},\"primaryImageOfPage\":{\"@id\":\"https:\\\/\\\/gloopbaby.com\\\/en\\\/product\\\/bath\\\/bath-robe\\\/bath-robe-0-12m\\\/robe-para-banho-organic-green-0-12-meses\\\/#primaryimage\"},\"image\":{\"@id\":\"https:\\\/\\\/gloopbaby.com\\\/en\\\/product\\\/bath\\\/bath-robe\\\/bath-robe-0-12m\\\/robe-para-banho-organic-green-0-12-meses\\\/#primaryimage\"},\"thumbnailUrl\":\"https:\\\/\\\/gloopbaby.com\\\/wp-content\\\/uploads\\\/2023\\\/06\\\/robe-organic-green.jpg\",\"datePublished\":\"2023-06-20T16:21:25+00:00\",\"dateModified\":\"2024-05-15T15:20:38+00:00\",\"breadcrumb\":{\"@id\":\"https:\\\/\\\/gloopbaby.com\\\/en\\\/product\\\/bath\\\/bath-robe\\\/bath-robe-0-12m\\\/robe-para-banho-organic-green-0-12-meses\\\/#breadcrumb\"},\"inLanguage\":\"en-US\",\"potentialAction\":[{\"@type\":\"ReadAction\",\"target\":[\"https:\\\/\\\/gloopbaby.com\\\/en\\\/product\\\/bath\\\/bath-robe\\\/bath-robe-0-12m\\\/robe-para-banho-organic-green-0-12-meses\\\/\"]}]},{\"@type\":\"ImageObject\",\"inLanguage\":\"en-US\",\"@id\":\"https:\\\/\\\/gloopbaby.com\\\/en\\\/product\\\/bath\\\/bath-robe\\\/bath-robe-0-12m\\\/robe-para-banho-organic-green-0-12-meses\\\/#primaryimage\",\"url\":\"https:\\\/\\\/gloopbaby.com\\\/wp-content\\\/uploads\\\/2023\\\/06\\\/robe-organic-green.jpg\",\"contentUrl\":\"https:\\\/\\\/gloopbaby.com\\\/wp-content\\\/uploads\\\/2023\\\/06\\\/robe-organic-green.jpg\",\"width\":1000,\"height\":1500,\"caption\":\"robe para beb\u00e9 em algod\u00e3o org\u00e2nico Organic Green\"},{\"@type\":\"BreadcrumbList\",\"@id\":\"https:\\\/\\\/gloopbaby.com\\\/en\\\/product\\\/bath\\\/bath-robe\\\/bath-robe-0-12m\\\/robe-para-banho-organic-green-0-12-meses\\\/#breadcrumb\",\"itemListElement\":[{\"@type\":\"ListItem\",\"position\":1,\"name\":\"In\u00edcio\",\"item\":\"https:\\\/\\\/gloopbaby.com\\\/en\\\/\"},{\"@type\":\"ListItem\",\"position\":2,\"name\":\"Shop\",\"item\":\"https:\\\/\\\/gloopbaby.com\\\/loja\\\/\"},{\"@type\":\"ListItem\",\"position\":3,\"name\":\"Bath Robe Organic Green 0-12 months\"}]},{\"@type\":\"WebSite\",\"@id\":\"https:\\\/\\\/gloopbaby.com\\\/en\\\/#website\",\"url\":\"https:\\\/\\\/gloopbaby.com\\\/en\\\/\",\"name\":\"Gloop Baby\",\"description\":\"\",\"publisher\":{\"@id\":\"https:\\\/\\\/gloopbaby.com\\\/en\\\/#organization\"},\"potentialAction\":[{\"@type\":\"SearchAction\",\"target\":{\"@type\":\"EntryPoint\",\"urlTemplate\":\"https:\\\/\\\/gloopbaby.com\\\/en\\\/?s={search_term_string}\"},\"query-input\":{\"@type\":\"PropertyValueSpecification\",\"valueRequired\":true,\"valueName\":\"search_term_string\"}}],\"inLanguage\":\"en-US\"},{\"@type\":\"Organization\",\"@id\":\"https:\\\/\\\/gloopbaby.com\\\/en\\\/#organization\",\"name\":\"Gloop Baby\",\"url\":\"https:\\\/\\\/gloopbaby.com\\\/en\\\/\",\"logo\":{\"@type\":\"ImageObject\",\"inLanguage\":\"en-US\",\"@id\":\"https:\\\/\\\/gloopbaby.com\\\/en\\\/#\\\/schema\\\/logo\\\/image\\\/\",\"url\":\"https:\\\/\\\/gloopbaby.com\\\/wp-content\\\/uploads\\\/2023\\\/06\\\/gloop-logo.svg\",\"contentUrl\":\"https:\\\/\\\/gloopbaby.com\\\/wp-content\\\/uploads\\\/2023\\\/06\\\/gloop-logo.svg\",\"width\":100,\"height\":100,\"caption\":\"Gloop Baby\"},\"image\":{\"@id\":\"https:\\\/\\\/gloopbaby.com\\\/en\\\/#\\\/schema\\\/logo\\\/image\\\/\"}}]}<\/script>\n<!-- \/ Yoast SEO plugin. -->","yoast_head_json":{"title":"Bath Robe Organic Green 0-12 months - Gloop Baby","robots":{"index":"index","follow":"follow","max-snippet":"max-snippet:-1","max-image-preview":"max-image-preview:large","max-video-preview":"max-video-preview:-1"},"canonical":"https:\/\/gloopbaby.com\/en\/product\/bath\/bath-robe\/bath-robe-0-12m\/robe-para-banho-organic-green-0-12-meses\/","og_locale":"en_US","og_type":"article","og_title":"Bath Robe Organic Green 0-12 months - Gloop Baby","og_description":"Elegant and practical robe gloop! is for the baby not to feel cold after bathing. Placed just after bathing the robe gloop! dry and cuddle the baby with its superabsorbent material. Made with our 100% organic cotton certified. Made in Portugal. Size: 45x74cm","og_url":"https:\/\/gloopbaby.com\/en\/product\/bath\/bath-robe\/bath-robe-0-12m\/robe-para-banho-organic-green-0-12-meses\/","og_site_name":"Gloop Baby","article_modified_time":"2024-05-15T15:20:38+00:00","og_image":[{"width":1000,"height":1500,"url":"https:\/\/gloopbaby.com\/wp-content\/uploads\/2023\/06\/robe-organic-green.jpg","type":"image\/jpeg"}],"twitter_card":"summary_large_image","schema":{"@context":"https:\/\/schema.org","@graph":[{"@type":"WebPage","@id":"https:\/\/gloopbaby.com\/en\/product\/bath\/bath-robe\/bath-robe-0-12m\/robe-para-banho-organic-green-0-12-meses\/","url":"https:\/\/gloopbaby.com\/en\/product\/bath\/bath-robe\/bath-robe-0-12m\/robe-para-banho-organic-green-0-12-meses\/","name":"Bath Robe Organic Green 0-12 months - Gloop Baby","isPartOf":{"@id":"https:\/\/gloopbaby.com\/en\/#website"},"primaryImageOfPage":{"@id":"https:\/\/gloopbaby.com\/en\/product\/bath\/bath-robe\/bath-robe-0-12m\/robe-para-banho-organic-green-0-12-meses\/#primaryimage"},"image":{"@id":"https:\/\/gloopbaby.com\/en\/product\/bath\/bath-robe\/bath-robe-0-12m\/robe-para-banho-organic-green-0-12-meses\/#primaryimage"},"thumbnailUrl":"https:\/\/gloopbaby.com\/wp-content\/uploads\/2023\/06\/robe-organic-green.jpg","datePublished":"2023-06-20T16:21:25+00:00","dateModified":"2024-05-15T15:20:38+00:00","breadcrumb":{"@id":"https:\/\/gloopbaby.com\/en\/product\/bath\/bath-robe\/bath-robe-0-12m\/robe-para-banho-organic-green-0-12-meses\/#breadcrumb"},"inLanguage":"en-US","potentialAction":[{"@type":"ReadAction","target":["https:\/\/gloopbaby.com\/en\/product\/bath\/bath-robe\/bath-robe-0-12m\/robe-para-banho-organic-green-0-12-meses\/"]}]},{"@type":"ImageObject","inLanguage":"en-US","@id":"https:\/\/gloopbaby.com\/en\/product\/bath\/bath-robe\/bath-robe-0-12m\/robe-para-banho-organic-green-0-12-meses\/#primaryimage","url":"https:\/\/gloopbaby.com\/wp-content\/uploads\/2023\/06\/robe-organic-green.jpg","contentUrl":"https:\/\/gloopbaby.com\/wp-content\/uploads\/2023\/06\/robe-organic-green.jpg","width":1000,"height":1500,"caption":"robe para beb\u00e9 em algod\u00e3o org\u00e2nico Organic Green"},{"@type":"BreadcrumbList","@id":"https:\/\/gloopbaby.com\/en\/product\/bath\/bath-robe\/bath-robe-0-12m\/robe-para-banho-organic-green-0-12-meses\/#breadcrumb","itemListElement":[{"@type":"ListItem","position":1,"name":"In\u00edcio","item":"https:\/\/gloopbaby.com\/en\/"},{"@type":"ListItem","position":2,"name":"Shop","item":"https:\/\/gloopbaby.com\/loja\/"},{"@type":"ListItem","position":3,"name":"Bath Robe Organic Green 0-12 months"}]},{"@type":"WebSite","@id":"https:\/\/gloopbaby.com\/en\/#website","url":"https:\/\/gloopbaby.com\/en\/","name":"Gloop Baby","description":"","publisher":{"@id":"https:\/\/gloopbaby.com\/en\/#organization"},"potentialAction":[{"@type":"SearchAction","target":{"@type":"EntryPoint","urlTemplate":"https:\/\/gloopbaby.com\/en\/?s={search_term_string}"},"query-input":{"@type":"PropertyValueSpecification","valueRequired":true,"valueName":"search_term_string"}}],"inLanguage":"en-US"},{"@type":"Organization","@id":"https:\/\/gloopbaby.com\/en\/#organization","name":"Gloop Baby","url":"https:\/\/gloopbaby.com\/en\/","logo":{"@type":"ImageObject","inLanguage":"en-US","@id":"https:\/\/gloopbaby.com\/en\/#\/schema\/logo\/image\/","url":"https:\/\/gloopbaby.com\/wp-content\/uploads\/2023\/06\/gloop-logo.svg","contentUrl":"https:\/\/gloopbaby.com\/wp-content\/uploads\/2023\/06\/gloop-logo.svg","width":100,"height":100,"caption":"Gloop Baby"},"image":{"@id":"https:\/\/gloopbaby.com\/en\/#\/schema\/logo\/image\/"}}]}},"_links":{"self":[{"href":"https:\/\/gloopbaby.com\/en\/wp-json\/wp\/v2\/product\/12585","targetHints":{"allow":["GET"]}}],"collection":[{"href":"https:\/\/gloopbaby.com\/en\/wp-json\/wp\/v2\/product"}],"about":[{"href":"https:\/\/gloopbaby.com\/en\/wp-json\/wp\/v2\/types\/product"}],"replies":[{"embeddable":true,"href":"https:\/\/gloopbaby.com\/en\/wp-json\/wp\/v2\/comments?post=12585"}],"wp:featuredmedia":[{"embeddable":true,"href":"https:\/\/gloopbaby.com\/en\/wp-json\/wp\/v2\/media\/37383"}],"wp:attachment":[{"href":"https:\/\/gloopbaby.com\/en\/wp-json\/wp\/v2\/media?parent=12585"}],"wp:term":[{"taxonomy":"product_brand","embeddable":true,"href":"https:\/\/gloopbaby.com\/en\/wp-json\/wp\/v2\/product_brand?post=12585"},{"taxonomy":"product_cat","embeddable":true,"href":"https:\/\/gloopbaby.com\/en\/wp-json\/wp\/v2\/product_cat?post=12585"},{"taxonomy":"product_tag","embeddable":true,"href":"https:\/\/gloopbaby.com\/en\/wp-json\/wp\/v2\/product_tag?post=12585"}],"curies":[{"name":"wp","href":"https:\/\/api.w.org\/{rel}","templated":true}]}}