{"id":12567,"date":"2023-06-20T16:23:12","date_gmt":"2023-06-20T16:23:12","guid":{"rendered":"https:\/\/gloopbaby.com\/produto\/resguardo-para-cama-organic-green\/"},"modified":"2024-05-15T11:36:27","modified_gmt":"2024-05-15T11:36:27","slug":"resguardo-para-cama-organic-green","status":"publish","type":"product","link":"https:\/\/gloopbaby.com\/en\/product\/home-and-sleep-en\/bed-en\/cot-bumper-en\/classic-cot-bumper-en\/resguardo-para-cama-organic-green\/","title":{"rendered":"Cot Bumper Organic Green"},"content":{"rendered":"<p>The classic cot bumper gloop! protects the bed head and half of two sides. Put your baby in safety during sleep by protecting him from the bed rails. The outside is made with our 100% organic cotton certified and the filling is polyester. Size: 190x35cm<\/p>\n","protected":false},"excerpt":{"rendered":"<p>The classic cot bumper gloop! protects the bed head and half of two sides. Put your baby in safety during sleep by protecting him from the bed rails. The outside is made with our 100% organic cotton certified and the filling is polyester. Size: 190x35cm<\/p>\n","protected":false},"featured_media":37280,"comment_status":"closed","ping_status":"closed","template":"","meta":{"_acf_changed":false},"product_brand":[],"product_cat":[1048,1149,1033,1147,1034,1072],"product_tag":[],"class_list":{"0":"post-12567","1":"product","2":"type-product","3":"status-publish","4":"has-post-thumbnail","6":"product_cat-bed-en","7":"product_cat-classic-cot-bumper-en","8":"product_cat-collections-en","9":"product_cat-cot-bumper-en","10":"product_cat-home-and-sleep-en","11":"product_cat-organic-green-en","13":"first","14":"instock","15":"taxable","16":"shipping-taxable","17":"purchasable","18":"product-type-simple"},"acf":[],"yoast_head":"<!-- This site is optimized with the Yoast SEO plugin v27.3 - https:\/\/yoast.com\/product\/yoast-seo-wordpress\/ -->\n<title>Cot Bumper Organic Green - Gloop Baby<\/title>\n<meta name=\"robots\" content=\"index, follow, max-snippet:-1, max-image-preview:large, max-video-preview:-1\" \/>\n<link rel=\"canonical\" href=\"https:\/\/gloopbaby.com\/en\/product\/home-and-sleep-en\/bed-en\/cot-bumper-en\/classic-cot-bumper-en\/resguardo-para-cama-organic-green\/\" \/>\n<meta property=\"og:locale\" content=\"en_US\" \/>\n<meta property=\"og:type\" content=\"article\" \/>\n<meta property=\"og:title\" content=\"Cot Bumper Organic Green - Gloop Baby\" \/>\n<meta property=\"og:description\" content=\"The classic cot bumper gloop! protects the bed head and half of two sides. Put your baby in safety during sleep by protecting him from the bed rails. The outside is made with our 100% organic cotton certified and the filling is polyester. Size: 190x35cm\" \/>\n<meta property=\"og:url\" content=\"https:\/\/gloopbaby.com\/en\/product\/home-and-sleep-en\/bed-en\/cot-bumper-en\/classic-cot-bumper-en\/resguardo-para-cama-organic-green\/\" \/>\n<meta property=\"og:site_name\" content=\"Gloop Baby\" \/>\n<meta property=\"article:modified_time\" content=\"2024-05-15T11:36:27+00:00\" \/>\n<meta property=\"og:image\" content=\"https:\/\/gloopbaby.com\/wp-content\/uploads\/2023\/06\/resguardo-classi-organi-green.jpg\" \/>\n\t<meta property=\"og:image:width\" content=\"1000\" \/>\n\t<meta property=\"og:image:height\" content=\"1500\" \/>\n\t<meta property=\"og:image:type\" content=\"image\/jpeg\" \/>\n<meta name=\"twitter:card\" content=\"summary_large_image\" \/>\n<script type=\"application\/ld+json\" class=\"yoast-schema-graph\">{\"@context\":\"https:\\\/\\\/schema.org\",\"@graph\":[{\"@type\":\"WebPage\",\"@id\":\"https:\\\/\\\/gloopbaby.com\\\/en\\\/product\\\/home-and-sleep-en\\\/bed-en\\\/cot-bumper-en\\\/classic-cot-bumper-en\\\/resguardo-para-cama-organic-green\\\/\",\"url\":\"https:\\\/\\\/gloopbaby.com\\\/en\\\/product\\\/home-and-sleep-en\\\/bed-en\\\/cot-bumper-en\\\/classic-cot-bumper-en\\\/resguardo-para-cama-organic-green\\\/\",\"name\":\"Cot Bumper Organic Green - Gloop Baby\",\"isPartOf\":{\"@id\":\"https:\\\/\\\/gloopbaby.com\\\/en\\\/#website\"},\"primaryImageOfPage\":{\"@id\":\"https:\\\/\\\/gloopbaby.com\\\/en\\\/product\\\/home-and-sleep-en\\\/bed-en\\\/cot-bumper-en\\\/classic-cot-bumper-en\\\/resguardo-para-cama-organic-green\\\/#primaryimage\"},\"image\":{\"@id\":\"https:\\\/\\\/gloopbaby.com\\\/en\\\/product\\\/home-and-sleep-en\\\/bed-en\\\/cot-bumper-en\\\/classic-cot-bumper-en\\\/resguardo-para-cama-organic-green\\\/#primaryimage\"},\"thumbnailUrl\":\"https:\\\/\\\/gloopbaby.com\\\/wp-content\\\/uploads\\\/2023\\\/06\\\/resguardo-classi-organi-green.jpg\",\"datePublished\":\"2023-06-20T16:23:12+00:00\",\"dateModified\":\"2024-05-15T11:36:27+00:00\",\"breadcrumb\":{\"@id\":\"https:\\\/\\\/gloopbaby.com\\\/en\\\/product\\\/home-and-sleep-en\\\/bed-en\\\/cot-bumper-en\\\/classic-cot-bumper-en\\\/resguardo-para-cama-organic-green\\\/#breadcrumb\"},\"inLanguage\":\"en-US\",\"potentialAction\":[{\"@type\":\"ReadAction\",\"target\":[\"https:\\\/\\\/gloopbaby.com\\\/en\\\/product\\\/home-and-sleep-en\\\/bed-en\\\/cot-bumper-en\\\/classic-cot-bumper-en\\\/resguardo-para-cama-organic-green\\\/\"]}]},{\"@type\":\"ImageObject\",\"inLanguage\":\"en-US\",\"@id\":\"https:\\\/\\\/gloopbaby.com\\\/en\\\/product\\\/home-and-sleep-en\\\/bed-en\\\/cot-bumper-en\\\/classic-cot-bumper-en\\\/resguardo-para-cama-organic-green\\\/#primaryimage\",\"url\":\"https:\\\/\\\/gloopbaby.com\\\/wp-content\\\/uploads\\\/2023\\\/06\\\/resguardo-classi-organi-green.jpg\",\"contentUrl\":\"https:\\\/\\\/gloopbaby.com\\\/wp-content\\\/uploads\\\/2023\\\/06\\\/resguardo-classi-organi-green.jpg\",\"width\":1000,\"height\":1500,\"caption\":\"Resguardo de cama para beb\u00e9 Gloop 190x35cm em algod\u00e3o biol\u00f3gico\"},{\"@type\":\"BreadcrumbList\",\"@id\":\"https:\\\/\\\/gloopbaby.com\\\/en\\\/product\\\/home-and-sleep-en\\\/bed-en\\\/cot-bumper-en\\\/classic-cot-bumper-en\\\/resguardo-para-cama-organic-green\\\/#breadcrumb\",\"itemListElement\":[{\"@type\":\"ListItem\",\"position\":1,\"name\":\"In\u00edcio\",\"item\":\"https:\\\/\\\/gloopbaby.com\\\/en\\\/\"},{\"@type\":\"ListItem\",\"position\":2,\"name\":\"Shop\",\"item\":\"https:\\\/\\\/gloopbaby.com\\\/loja\\\/\"},{\"@type\":\"ListItem\",\"position\":3,\"name\":\"Cot Bumper Organic Green\"}]},{\"@type\":\"WebSite\",\"@id\":\"https:\\\/\\\/gloopbaby.com\\\/en\\\/#website\",\"url\":\"https:\\\/\\\/gloopbaby.com\\\/en\\\/\",\"name\":\"Gloop Baby\",\"description\":\"\",\"publisher\":{\"@id\":\"https:\\\/\\\/gloopbaby.com\\\/en\\\/#organization\"},\"potentialAction\":[{\"@type\":\"SearchAction\",\"target\":{\"@type\":\"EntryPoint\",\"urlTemplate\":\"https:\\\/\\\/gloopbaby.com\\\/en\\\/?s={search_term_string}\"},\"query-input\":{\"@type\":\"PropertyValueSpecification\",\"valueRequired\":true,\"valueName\":\"search_term_string\"}}],\"inLanguage\":\"en-US\"},{\"@type\":\"Organization\",\"@id\":\"https:\\\/\\\/gloopbaby.com\\\/en\\\/#organization\",\"name\":\"Gloop Baby\",\"url\":\"https:\\\/\\\/gloopbaby.com\\\/en\\\/\",\"logo\":{\"@type\":\"ImageObject\",\"inLanguage\":\"en-US\",\"@id\":\"https:\\\/\\\/gloopbaby.com\\\/en\\\/#\\\/schema\\\/logo\\\/image\\\/\",\"url\":\"https:\\\/\\\/gloopbaby.com\\\/wp-content\\\/uploads\\\/2023\\\/06\\\/gloop-logo.svg\",\"contentUrl\":\"https:\\\/\\\/gloopbaby.com\\\/wp-content\\\/uploads\\\/2023\\\/06\\\/gloop-logo.svg\",\"width\":100,\"height\":100,\"caption\":\"Gloop Baby\"},\"image\":{\"@id\":\"https:\\\/\\\/gloopbaby.com\\\/en\\\/#\\\/schema\\\/logo\\\/image\\\/\"}}]}<\/script>\n<!-- \/ Yoast SEO plugin. -->","yoast_head_json":{"title":"Cot Bumper Organic Green - Gloop Baby","robots":{"index":"index","follow":"follow","max-snippet":"max-snippet:-1","max-image-preview":"max-image-preview:large","max-video-preview":"max-video-preview:-1"},"canonical":"https:\/\/gloopbaby.com\/en\/product\/home-and-sleep-en\/bed-en\/cot-bumper-en\/classic-cot-bumper-en\/resguardo-para-cama-organic-green\/","og_locale":"en_US","og_type":"article","og_title":"Cot Bumper Organic Green - Gloop Baby","og_description":"The classic cot bumper gloop! protects the bed head and half of two sides. Put your baby in safety during sleep by protecting him from the bed rails. The outside is made with our 100% organic cotton certified and the filling is polyester. Size: 190x35cm","og_url":"https:\/\/gloopbaby.com\/en\/product\/home-and-sleep-en\/bed-en\/cot-bumper-en\/classic-cot-bumper-en\/resguardo-para-cama-organic-green\/","og_site_name":"Gloop Baby","article_modified_time":"2024-05-15T11:36:27+00:00","og_image":[{"width":1000,"height":1500,"url":"https:\/\/gloopbaby.com\/wp-content\/uploads\/2023\/06\/resguardo-classi-organi-green.jpg","type":"image\/jpeg"}],"twitter_card":"summary_large_image","schema":{"@context":"https:\/\/schema.org","@graph":[{"@type":"WebPage","@id":"https:\/\/gloopbaby.com\/en\/product\/home-and-sleep-en\/bed-en\/cot-bumper-en\/classic-cot-bumper-en\/resguardo-para-cama-organic-green\/","url":"https:\/\/gloopbaby.com\/en\/product\/home-and-sleep-en\/bed-en\/cot-bumper-en\/classic-cot-bumper-en\/resguardo-para-cama-organic-green\/","name":"Cot Bumper Organic Green - Gloop Baby","isPartOf":{"@id":"https:\/\/gloopbaby.com\/en\/#website"},"primaryImageOfPage":{"@id":"https:\/\/gloopbaby.com\/en\/product\/home-and-sleep-en\/bed-en\/cot-bumper-en\/classic-cot-bumper-en\/resguardo-para-cama-organic-green\/#primaryimage"},"image":{"@id":"https:\/\/gloopbaby.com\/en\/product\/home-and-sleep-en\/bed-en\/cot-bumper-en\/classic-cot-bumper-en\/resguardo-para-cama-organic-green\/#primaryimage"},"thumbnailUrl":"https:\/\/gloopbaby.com\/wp-content\/uploads\/2023\/06\/resguardo-classi-organi-green.jpg","datePublished":"2023-06-20T16:23:12+00:00","dateModified":"2024-05-15T11:36:27+00:00","breadcrumb":{"@id":"https:\/\/gloopbaby.com\/en\/product\/home-and-sleep-en\/bed-en\/cot-bumper-en\/classic-cot-bumper-en\/resguardo-para-cama-organic-green\/#breadcrumb"},"inLanguage":"en-US","potentialAction":[{"@type":"ReadAction","target":["https:\/\/gloopbaby.com\/en\/product\/home-and-sleep-en\/bed-en\/cot-bumper-en\/classic-cot-bumper-en\/resguardo-para-cama-organic-green\/"]}]},{"@type":"ImageObject","inLanguage":"en-US","@id":"https:\/\/gloopbaby.com\/en\/product\/home-and-sleep-en\/bed-en\/cot-bumper-en\/classic-cot-bumper-en\/resguardo-para-cama-organic-green\/#primaryimage","url":"https:\/\/gloopbaby.com\/wp-content\/uploads\/2023\/06\/resguardo-classi-organi-green.jpg","contentUrl":"https:\/\/gloopbaby.com\/wp-content\/uploads\/2023\/06\/resguardo-classi-organi-green.jpg","width":1000,"height":1500,"caption":"Resguardo de cama para beb\u00e9 Gloop 190x35cm em algod\u00e3o biol\u00f3gico"},{"@type":"BreadcrumbList","@id":"https:\/\/gloopbaby.com\/en\/product\/home-and-sleep-en\/bed-en\/cot-bumper-en\/classic-cot-bumper-en\/resguardo-para-cama-organic-green\/#breadcrumb","itemListElement":[{"@type":"ListItem","position":1,"name":"In\u00edcio","item":"https:\/\/gloopbaby.com\/en\/"},{"@type":"ListItem","position":2,"name":"Shop","item":"https:\/\/gloopbaby.com\/loja\/"},{"@type":"ListItem","position":3,"name":"Cot Bumper Organic Green"}]},{"@type":"WebSite","@id":"https:\/\/gloopbaby.com\/en\/#website","url":"https:\/\/gloopbaby.com\/en\/","name":"Gloop Baby","description":"","publisher":{"@id":"https:\/\/gloopbaby.com\/en\/#organization"},"potentialAction":[{"@type":"SearchAction","target":{"@type":"EntryPoint","urlTemplate":"https:\/\/gloopbaby.com\/en\/?s={search_term_string}"},"query-input":{"@type":"PropertyValueSpecification","valueRequired":true,"valueName":"search_term_string"}}],"inLanguage":"en-US"},{"@type":"Organization","@id":"https:\/\/gloopbaby.com\/en\/#organization","name":"Gloop Baby","url":"https:\/\/gloopbaby.com\/en\/","logo":{"@type":"ImageObject","inLanguage":"en-US","@id":"https:\/\/gloopbaby.com\/en\/#\/schema\/logo\/image\/","url":"https:\/\/gloopbaby.com\/wp-content\/uploads\/2023\/06\/gloop-logo.svg","contentUrl":"https:\/\/gloopbaby.com\/wp-content\/uploads\/2023\/06\/gloop-logo.svg","width":100,"height":100,"caption":"Gloop Baby"},"image":{"@id":"https:\/\/gloopbaby.com\/en\/#\/schema\/logo\/image\/"}}]}},"_links":{"self":[{"href":"https:\/\/gloopbaby.com\/en\/wp-json\/wp\/v2\/product\/12567","targetHints":{"allow":["GET"]}}],"collection":[{"href":"https:\/\/gloopbaby.com\/en\/wp-json\/wp\/v2\/product"}],"about":[{"href":"https:\/\/gloopbaby.com\/en\/wp-json\/wp\/v2\/types\/product"}],"replies":[{"embeddable":true,"href":"https:\/\/gloopbaby.com\/en\/wp-json\/wp\/v2\/comments?post=12567"}],"wp:featuredmedia":[{"embeddable":true,"href":"https:\/\/gloopbaby.com\/en\/wp-json\/wp\/v2\/media\/37280"}],"wp:attachment":[{"href":"https:\/\/gloopbaby.com\/en\/wp-json\/wp\/v2\/media?parent=12567"}],"wp:term":[{"taxonomy":"product_brand","embeddable":true,"href":"https:\/\/gloopbaby.com\/en\/wp-json\/wp\/v2\/product_brand?post=12567"},{"taxonomy":"product_cat","embeddable":true,"href":"https:\/\/gloopbaby.com\/en\/wp-json\/wp\/v2\/product_cat?post=12567"},{"taxonomy":"product_tag","embeddable":true,"href":"https:\/\/gloopbaby.com\/en\/wp-json\/wp\/v2\/product_tag?post=12567"}],"curies":[{"name":"wp","href":"https:\/\/api.w.org\/{rel}","templated":true}]}}