{"id":123339,"date":"2024-09-18T09:54:18","date_gmt":"2024-09-18T09:54:18","guid":{"rendered":"https:\/\/gloopbaby.com\/?post_type=product&#038;p=123339"},"modified":"2024-10-11T09:38:16","modified_gmt":"2024-10-11T09:38:16","slug":"breastfeeding-pillow-colorful-stars","status":"publish","type":"product","link":"https:\/\/gloopbaby.com\/en\/product\/breastfeeding\/breastfeeding-pillow\/breastfeeding-pillow-colorful-stars\/","title":{"rendered":"Breastfeeding Pillow Colorful Stars"},"content":{"rendered":"<p>The breastfeeding pillow gloop! with big size gives you the perfect comfort at time of baby feeding. Allow also to support the baby in different occasions. The outside is made with our 100% organic cotton certified and the filling is polyester. Size: 160x30cm<\/p>\n","protected":false},"excerpt":{"rendered":"<p>The breastfeeding pillow gloop! with big size gives you the perfect comfort at time of baby feeding. Allow also to support the baby in different occasions. The outside is made with our 100% organic cotton certified and the filling is polyester. Size: 160x30cm<\/p>\n","protected":false},"featured_media":125465,"comment_status":"closed","ping_status":"closed","template":"","meta":{"_acf_changed":false},"product_brand":[],"product_cat":[1031,1114,1115,1033,1715],"product_tag":[],"class_list":{"0":"post-123339","1":"product","2":"type-product","3":"status-publish","4":"has-post-thumbnail","6":"product_cat-bath-and-nursery-en","7":"product_cat-breastfeeding","8":"product_cat-breastfeeding-pillow","9":"product_cat-collections-en","10":"product_cat-colorful-stars-en","12":"first","13":"instock","14":"taxable","15":"shipping-taxable","16":"purchasable","17":"product-type-simple"},"acf":[],"yoast_head":"<!-- This site is optimized with the Yoast SEO plugin v27.3 - https:\/\/yoast.com\/product\/yoast-seo-wordpress\/ -->\n<title>Breastfeeding Pillow Colorful Stars - Gloop Baby<\/title>\n<meta name=\"robots\" content=\"index, follow, max-snippet:-1, max-image-preview:large, max-video-preview:-1\" \/>\n<link rel=\"canonical\" href=\"https:\/\/gloopbaby.com\/en\/product\/breastfeeding\/breastfeeding-pillow\/breastfeeding-pillow-colorful-stars\/\" \/>\n<meta property=\"og:locale\" content=\"en_US\" \/>\n<meta property=\"og:type\" content=\"article\" \/>\n<meta property=\"og:title\" content=\"Breastfeeding Pillow Colorful Stars - Gloop Baby\" \/>\n<meta property=\"og:description\" content=\"The breastfeeding pillow gloop! with big size gives you the perfect comfort at time of baby feeding. Allow also to support the baby in different occasions. The outside is made with our 100% organic cotton certified and the filling is polyester. Size: 160x30cm\" \/>\n<meta property=\"og:url\" content=\"https:\/\/gloopbaby.com\/en\/product\/breastfeeding\/breastfeeding-pillow\/breastfeeding-pillow-colorful-stars\/\" \/>\n<meta property=\"og:site_name\" content=\"Gloop Baby\" \/>\n<meta property=\"article:modified_time\" content=\"2024-10-11T09:38:16+00:00\" \/>\n<meta property=\"og:image\" content=\"https:\/\/gloopbaby.com\/wp-content\/uploads\/2024\/09\/almofada-amamen-55-4.jpg\" \/>\n\t<meta property=\"og:image:width\" content=\"600\" \/>\n\t<meta property=\"og:image:height\" content=\"900\" \/>\n\t<meta property=\"og:image:type\" content=\"image\/jpeg\" \/>\n<meta name=\"twitter:card\" content=\"summary_large_image\" \/>\n<script type=\"application\/ld+json\" class=\"yoast-schema-graph\">{\"@context\":\"https:\\\/\\\/schema.org\",\"@graph\":[{\"@type\":\"WebPage\",\"@id\":\"https:\\\/\\\/gloopbaby.com\\\/en\\\/product\\\/breastfeeding\\\/breastfeeding-pillow\\\/breastfeeding-pillow-colorful-stars\\\/\",\"url\":\"https:\\\/\\\/gloopbaby.com\\\/en\\\/product\\\/breastfeeding\\\/breastfeeding-pillow\\\/breastfeeding-pillow-colorful-stars\\\/\",\"name\":\"Breastfeeding Pillow Colorful Stars - Gloop Baby\",\"isPartOf\":{\"@id\":\"https:\\\/\\\/gloopbaby.com\\\/en\\\/#website\"},\"primaryImageOfPage\":{\"@id\":\"https:\\\/\\\/gloopbaby.com\\\/en\\\/product\\\/breastfeeding\\\/breastfeeding-pillow\\\/breastfeeding-pillow-colorful-stars\\\/#primaryimage\"},\"image\":{\"@id\":\"https:\\\/\\\/gloopbaby.com\\\/en\\\/product\\\/breastfeeding\\\/breastfeeding-pillow\\\/breastfeeding-pillow-colorful-stars\\\/#primaryimage\"},\"thumbnailUrl\":\"https:\\\/\\\/gloopbaby.com\\\/wp-content\\\/uploads\\\/2024\\\/09\\\/almofada-amamen-55-4.jpg\",\"datePublished\":\"2024-09-18T09:54:18+00:00\",\"dateModified\":\"2024-10-11T09:38:16+00:00\",\"breadcrumb\":{\"@id\":\"https:\\\/\\\/gloopbaby.com\\\/en\\\/product\\\/breastfeeding\\\/breastfeeding-pillow\\\/breastfeeding-pillow-colorful-stars\\\/#breadcrumb\"},\"inLanguage\":\"en-US\",\"potentialAction\":[{\"@type\":\"ReadAction\",\"target\":[\"https:\\\/\\\/gloopbaby.com\\\/en\\\/product\\\/breastfeeding\\\/breastfeeding-pillow\\\/breastfeeding-pillow-colorful-stars\\\/\"]}]},{\"@type\":\"ImageObject\",\"inLanguage\":\"en-US\",\"@id\":\"https:\\\/\\\/gloopbaby.com\\\/en\\\/product\\\/breastfeeding\\\/breastfeeding-pillow\\\/breastfeeding-pillow-colorful-stars\\\/#primaryimage\",\"url\":\"https:\\\/\\\/gloopbaby.com\\\/wp-content\\\/uploads\\\/2024\\\/09\\\/almofada-amamen-55-4.jpg\",\"contentUrl\":\"https:\\\/\\\/gloopbaby.com\\\/wp-content\\\/uploads\\\/2024\\\/09\\\/almofada-amamen-55-4.jpg\",\"width\":600,\"height\":900,\"caption\":\"Almofada amamenta\u00e7\u00e3o em algod\u00e3o org\u00e2nico Colorful Stars\"},{\"@type\":\"BreadcrumbList\",\"@id\":\"https:\\\/\\\/gloopbaby.com\\\/en\\\/product\\\/breastfeeding\\\/breastfeeding-pillow\\\/breastfeeding-pillow-colorful-stars\\\/#breadcrumb\",\"itemListElement\":[{\"@type\":\"ListItem\",\"position\":1,\"name\":\"In\u00edcio\",\"item\":\"https:\\\/\\\/gloopbaby.com\\\/en\\\/\"},{\"@type\":\"ListItem\",\"position\":2,\"name\":\"Shop\",\"item\":\"https:\\\/\\\/gloopbaby.com\\\/loja\\\/\"},{\"@type\":\"ListItem\",\"position\":3,\"name\":\"Breastfeeding Pillow Colorful Stars\"}]},{\"@type\":\"WebSite\",\"@id\":\"https:\\\/\\\/gloopbaby.com\\\/en\\\/#website\",\"url\":\"https:\\\/\\\/gloopbaby.com\\\/en\\\/\",\"name\":\"Gloop Baby\",\"description\":\"\",\"publisher\":{\"@id\":\"https:\\\/\\\/gloopbaby.com\\\/en\\\/#organization\"},\"potentialAction\":[{\"@type\":\"SearchAction\",\"target\":{\"@type\":\"EntryPoint\",\"urlTemplate\":\"https:\\\/\\\/gloopbaby.com\\\/en\\\/?s={search_term_string}\"},\"query-input\":{\"@type\":\"PropertyValueSpecification\",\"valueRequired\":true,\"valueName\":\"search_term_string\"}}],\"inLanguage\":\"en-US\"},{\"@type\":\"Organization\",\"@id\":\"https:\\\/\\\/gloopbaby.com\\\/en\\\/#organization\",\"name\":\"Gloop Baby\",\"url\":\"https:\\\/\\\/gloopbaby.com\\\/en\\\/\",\"logo\":{\"@type\":\"ImageObject\",\"inLanguage\":\"en-US\",\"@id\":\"https:\\\/\\\/gloopbaby.com\\\/en\\\/#\\\/schema\\\/logo\\\/image\\\/\",\"url\":\"https:\\\/\\\/gloopbaby.com\\\/wp-content\\\/uploads\\\/2023\\\/06\\\/gloop-logo.svg\",\"contentUrl\":\"https:\\\/\\\/gloopbaby.com\\\/wp-content\\\/uploads\\\/2023\\\/06\\\/gloop-logo.svg\",\"width\":100,\"height\":100,\"caption\":\"Gloop Baby\"},\"image\":{\"@id\":\"https:\\\/\\\/gloopbaby.com\\\/en\\\/#\\\/schema\\\/logo\\\/image\\\/\"}}]}<\/script>\n<!-- \/ Yoast SEO plugin. -->","yoast_head_json":{"title":"Breastfeeding Pillow Colorful Stars - Gloop Baby","robots":{"index":"index","follow":"follow","max-snippet":"max-snippet:-1","max-image-preview":"max-image-preview:large","max-video-preview":"max-video-preview:-1"},"canonical":"https:\/\/gloopbaby.com\/en\/product\/breastfeeding\/breastfeeding-pillow\/breastfeeding-pillow-colorful-stars\/","og_locale":"en_US","og_type":"article","og_title":"Breastfeeding Pillow Colorful Stars - Gloop Baby","og_description":"The breastfeeding pillow gloop! with big size gives you the perfect comfort at time of baby feeding. Allow also to support the baby in different occasions. The outside is made with our 100% organic cotton certified and the filling is polyester. Size: 160x30cm","og_url":"https:\/\/gloopbaby.com\/en\/product\/breastfeeding\/breastfeeding-pillow\/breastfeeding-pillow-colorful-stars\/","og_site_name":"Gloop Baby","article_modified_time":"2024-10-11T09:38:16+00:00","og_image":[{"width":600,"height":900,"url":"https:\/\/gloopbaby.com\/wp-content\/uploads\/2024\/09\/almofada-amamen-55-4.jpg","type":"image\/jpeg"}],"twitter_card":"summary_large_image","schema":{"@context":"https:\/\/schema.org","@graph":[{"@type":"WebPage","@id":"https:\/\/gloopbaby.com\/en\/product\/breastfeeding\/breastfeeding-pillow\/breastfeeding-pillow-colorful-stars\/","url":"https:\/\/gloopbaby.com\/en\/product\/breastfeeding\/breastfeeding-pillow\/breastfeeding-pillow-colorful-stars\/","name":"Breastfeeding Pillow Colorful Stars - Gloop Baby","isPartOf":{"@id":"https:\/\/gloopbaby.com\/en\/#website"},"primaryImageOfPage":{"@id":"https:\/\/gloopbaby.com\/en\/product\/breastfeeding\/breastfeeding-pillow\/breastfeeding-pillow-colorful-stars\/#primaryimage"},"image":{"@id":"https:\/\/gloopbaby.com\/en\/product\/breastfeeding\/breastfeeding-pillow\/breastfeeding-pillow-colorful-stars\/#primaryimage"},"thumbnailUrl":"https:\/\/gloopbaby.com\/wp-content\/uploads\/2024\/09\/almofada-amamen-55-4.jpg","datePublished":"2024-09-18T09:54:18+00:00","dateModified":"2024-10-11T09:38:16+00:00","breadcrumb":{"@id":"https:\/\/gloopbaby.com\/en\/product\/breastfeeding\/breastfeeding-pillow\/breastfeeding-pillow-colorful-stars\/#breadcrumb"},"inLanguage":"en-US","potentialAction":[{"@type":"ReadAction","target":["https:\/\/gloopbaby.com\/en\/product\/breastfeeding\/breastfeeding-pillow\/breastfeeding-pillow-colorful-stars\/"]}]},{"@type":"ImageObject","inLanguage":"en-US","@id":"https:\/\/gloopbaby.com\/en\/product\/breastfeeding\/breastfeeding-pillow\/breastfeeding-pillow-colorful-stars\/#primaryimage","url":"https:\/\/gloopbaby.com\/wp-content\/uploads\/2024\/09\/almofada-amamen-55-4.jpg","contentUrl":"https:\/\/gloopbaby.com\/wp-content\/uploads\/2024\/09\/almofada-amamen-55-4.jpg","width":600,"height":900,"caption":"Almofada amamenta\u00e7\u00e3o em algod\u00e3o org\u00e2nico Colorful Stars"},{"@type":"BreadcrumbList","@id":"https:\/\/gloopbaby.com\/en\/product\/breastfeeding\/breastfeeding-pillow\/breastfeeding-pillow-colorful-stars\/#breadcrumb","itemListElement":[{"@type":"ListItem","position":1,"name":"In\u00edcio","item":"https:\/\/gloopbaby.com\/en\/"},{"@type":"ListItem","position":2,"name":"Shop","item":"https:\/\/gloopbaby.com\/loja\/"},{"@type":"ListItem","position":3,"name":"Breastfeeding Pillow Colorful Stars"}]},{"@type":"WebSite","@id":"https:\/\/gloopbaby.com\/en\/#website","url":"https:\/\/gloopbaby.com\/en\/","name":"Gloop Baby","description":"","publisher":{"@id":"https:\/\/gloopbaby.com\/en\/#organization"},"potentialAction":[{"@type":"SearchAction","target":{"@type":"EntryPoint","urlTemplate":"https:\/\/gloopbaby.com\/en\/?s={search_term_string}"},"query-input":{"@type":"PropertyValueSpecification","valueRequired":true,"valueName":"search_term_string"}}],"inLanguage":"en-US"},{"@type":"Organization","@id":"https:\/\/gloopbaby.com\/en\/#organization","name":"Gloop Baby","url":"https:\/\/gloopbaby.com\/en\/","logo":{"@type":"ImageObject","inLanguage":"en-US","@id":"https:\/\/gloopbaby.com\/en\/#\/schema\/logo\/image\/","url":"https:\/\/gloopbaby.com\/wp-content\/uploads\/2023\/06\/gloop-logo.svg","contentUrl":"https:\/\/gloopbaby.com\/wp-content\/uploads\/2023\/06\/gloop-logo.svg","width":100,"height":100,"caption":"Gloop Baby"},"image":{"@id":"https:\/\/gloopbaby.com\/en\/#\/schema\/logo\/image\/"}}]}},"_links":{"self":[{"href":"https:\/\/gloopbaby.com\/en\/wp-json\/wp\/v2\/product\/123339","targetHints":{"allow":["GET"]}}],"collection":[{"href":"https:\/\/gloopbaby.com\/en\/wp-json\/wp\/v2\/product"}],"about":[{"href":"https:\/\/gloopbaby.com\/en\/wp-json\/wp\/v2\/types\/product"}],"replies":[{"embeddable":true,"href":"https:\/\/gloopbaby.com\/en\/wp-json\/wp\/v2\/comments?post=123339"}],"wp:featuredmedia":[{"embeddable":true,"href":"https:\/\/gloopbaby.com\/en\/wp-json\/wp\/v2\/media\/125465"}],"wp:attachment":[{"href":"https:\/\/gloopbaby.com\/en\/wp-json\/wp\/v2\/media?parent=123339"}],"wp:term":[{"taxonomy":"product_brand","embeddable":true,"href":"https:\/\/gloopbaby.com\/en\/wp-json\/wp\/v2\/product_brand?post=123339"},{"taxonomy":"product_cat","embeddable":true,"href":"https:\/\/gloopbaby.com\/en\/wp-json\/wp\/v2\/product_cat?post=123339"},{"taxonomy":"product_tag","embeddable":true,"href":"https:\/\/gloopbaby.com\/en\/wp-json\/wp\/v2\/product_tag?post=123339"}],"curies":[{"name":"wp","href":"https:\/\/api.w.org\/{rel}","templated":true}]}}