{"id":12299,"date":"2023-06-20T16:33:32","date_gmt":"2023-06-20T16:33:32","guid":{"rendered":"https:\/\/gloopbaby.com\/produto\/babete-triangulo-safari\/"},"modified":"2024-05-15T10:39:57","modified_gmt":"2024-05-15T10:39:57","slug":"babete-triangulo-safari","status":"publish","type":"product","link":"https:\/\/gloopbaby.com\/en\/product\/mealtime-en\/bibs-en\/bandana-bib\/babete-triangulo-safari\/","title":{"rendered":"Bandana Bib Safari"},"content":{"rendered":"<p>The Bandana bib is soft, pratical and superabsorvent that will make your life easier on time of feeding of your baby. Made with our 100% organic cotton certified. Made in Portugal. Size: 40x17cm<\/p>\n","protected":false},"excerpt":{"rendered":"<p>The Bandana bib is soft, pratical and superabsorvent that will make your life easier on time of feeding of your baby. Made with our 100% organic cotton certified. Made in Portugal. Size: 40x17cm<\/p>\n","protected":false},"featured_media":34013,"comment_status":"closed","ping_status":"closed","template":"","meta":{"_acf_changed":false},"product_brand":[],"product_cat":[1121,1118,1033,1035,1074],"product_tag":[],"class_list":{"0":"post-12299","1":"product","2":"type-product","3":"status-publish","4":"has-post-thumbnail","6":"product_cat-bandana-bib","7":"product_cat-bibs-en","8":"product_cat-collections-en","9":"product_cat-mealtime-en","10":"product_cat-safari-en","12":"first","13":"instock","14":"taxable","15":"shipping-taxable","16":"purchasable","17":"product-type-simple"},"acf":[],"yoast_head":"<!-- This site is optimized with the Yoast SEO plugin v27.3 - https:\/\/yoast.com\/product\/yoast-seo-wordpress\/ -->\n<title>Bandana Bib Safari - Gloop Baby<\/title>\n<meta name=\"robots\" content=\"index, follow, max-snippet:-1, max-image-preview:large, max-video-preview:-1\" \/>\n<link rel=\"canonical\" href=\"https:\/\/gloopbaby.com\/en\/product\/mealtime-en\/bibs-en\/bandana-bib\/babete-triangulo-safari\/\" \/>\n<meta property=\"og:locale\" content=\"en_US\" \/>\n<meta property=\"og:type\" content=\"article\" \/>\n<meta property=\"og:title\" content=\"Bandana Bib Safari - Gloop Baby\" \/>\n<meta property=\"og:description\" content=\"The Bandana bib is soft, pratical and superabsorvent that will make your life easier on time of feeding of your baby. Made with our 100% organic cotton certified. Made in Portugal. Size: 40x17cm\" \/>\n<meta property=\"og:url\" content=\"https:\/\/gloopbaby.com\/en\/product\/mealtime-en\/bibs-en\/bandana-bib\/babete-triangulo-safari\/\" \/>\n<meta property=\"og:site_name\" content=\"Gloop Baby\" \/>\n<meta property=\"article:modified_time\" content=\"2024-05-15T10:39:57+00:00\" \/>\n<meta property=\"og:image\" content=\"https:\/\/gloopbaby.com\/wp-content\/uploads\/2023\/06\/310821Gloop-agostoHD0618-1.jpg\" \/>\n\t<meta property=\"og:image:width\" content=\"946\" \/>\n\t<meta property=\"og:image:height\" content=\"1418\" \/>\n\t<meta property=\"og:image:type\" content=\"image\/jpeg\" \/>\n<meta name=\"twitter:card\" content=\"summary_large_image\" \/>\n<script type=\"application\/ld+json\" class=\"yoast-schema-graph\">{\"@context\":\"https:\\\/\\\/schema.org\",\"@graph\":[{\"@type\":\"WebPage\",\"@id\":\"https:\\\/\\\/gloopbaby.com\\\/en\\\/product\\\/mealtime-en\\\/bibs-en\\\/bandana-bib\\\/babete-triangulo-safari\\\/\",\"url\":\"https:\\\/\\\/gloopbaby.com\\\/en\\\/product\\\/mealtime-en\\\/bibs-en\\\/bandana-bib\\\/babete-triangulo-safari\\\/\",\"name\":\"Bandana Bib Safari - Gloop Baby\",\"isPartOf\":{\"@id\":\"https:\\\/\\\/gloopbaby.com\\\/en\\\/#website\"},\"primaryImageOfPage\":{\"@id\":\"https:\\\/\\\/gloopbaby.com\\\/en\\\/product\\\/mealtime-en\\\/bibs-en\\\/bandana-bib\\\/babete-triangulo-safari\\\/#primaryimage\"},\"image\":{\"@id\":\"https:\\\/\\\/gloopbaby.com\\\/en\\\/product\\\/mealtime-en\\\/bibs-en\\\/bandana-bib\\\/babete-triangulo-safari\\\/#primaryimage\"},\"thumbnailUrl\":\"https:\\\/\\\/gloopbaby.com\\\/wp-content\\\/uploads\\\/2023\\\/06\\\/310821Gloop-agostoHD0618-1.jpg\",\"datePublished\":\"2023-06-20T16:33:32+00:00\",\"dateModified\":\"2024-05-15T10:39:57+00:00\",\"breadcrumb\":{\"@id\":\"https:\\\/\\\/gloopbaby.com\\\/en\\\/product\\\/mealtime-en\\\/bibs-en\\\/bandana-bib\\\/babete-triangulo-safari\\\/#breadcrumb\"},\"inLanguage\":\"en-US\",\"potentialAction\":[{\"@type\":\"ReadAction\",\"target\":[\"https:\\\/\\\/gloopbaby.com\\\/en\\\/product\\\/mealtime-en\\\/bibs-en\\\/bandana-bib\\\/babete-triangulo-safari\\\/\"]}]},{\"@type\":\"ImageObject\",\"inLanguage\":\"en-US\",\"@id\":\"https:\\\/\\\/gloopbaby.com\\\/en\\\/product\\\/mealtime-en\\\/bibs-en\\\/bandana-bib\\\/babete-triangulo-safari\\\/#primaryimage\",\"url\":\"https:\\\/\\\/gloopbaby.com\\\/wp-content\\\/uploads\\\/2023\\\/06\\\/310821Gloop-agostoHD0618-1.jpg\",\"contentUrl\":\"https:\\\/\\\/gloopbaby.com\\\/wp-content\\\/uploads\\\/2023\\\/06\\\/310821Gloop-agostoHD0618-1.jpg\",\"width\":946,\"height\":1418,\"caption\":\"babete tri\u00e2ngulo para beb\u00e9 em algod\u00e3o org\u00e2nico safari\"},{\"@type\":\"BreadcrumbList\",\"@id\":\"https:\\\/\\\/gloopbaby.com\\\/en\\\/product\\\/mealtime-en\\\/bibs-en\\\/bandana-bib\\\/babete-triangulo-safari\\\/#breadcrumb\",\"itemListElement\":[{\"@type\":\"ListItem\",\"position\":1,\"name\":\"In\u00edcio\",\"item\":\"https:\\\/\\\/gloopbaby.com\\\/en\\\/\"},{\"@type\":\"ListItem\",\"position\":2,\"name\":\"Shop\",\"item\":\"https:\\\/\\\/gloopbaby.com\\\/loja\\\/\"},{\"@type\":\"ListItem\",\"position\":3,\"name\":\"Bandana Bib Safari\"}]},{\"@type\":\"WebSite\",\"@id\":\"https:\\\/\\\/gloopbaby.com\\\/en\\\/#website\",\"url\":\"https:\\\/\\\/gloopbaby.com\\\/en\\\/\",\"name\":\"Gloop Baby\",\"description\":\"\",\"publisher\":{\"@id\":\"https:\\\/\\\/gloopbaby.com\\\/en\\\/#organization\"},\"potentialAction\":[{\"@type\":\"SearchAction\",\"target\":{\"@type\":\"EntryPoint\",\"urlTemplate\":\"https:\\\/\\\/gloopbaby.com\\\/en\\\/?s={search_term_string}\"},\"query-input\":{\"@type\":\"PropertyValueSpecification\",\"valueRequired\":true,\"valueName\":\"search_term_string\"}}],\"inLanguage\":\"en-US\"},{\"@type\":\"Organization\",\"@id\":\"https:\\\/\\\/gloopbaby.com\\\/en\\\/#organization\",\"name\":\"Gloop Baby\",\"url\":\"https:\\\/\\\/gloopbaby.com\\\/en\\\/\",\"logo\":{\"@type\":\"ImageObject\",\"inLanguage\":\"en-US\",\"@id\":\"https:\\\/\\\/gloopbaby.com\\\/en\\\/#\\\/schema\\\/logo\\\/image\\\/\",\"url\":\"https:\\\/\\\/gloopbaby.com\\\/wp-content\\\/uploads\\\/2023\\\/06\\\/gloop-logo.svg\",\"contentUrl\":\"https:\\\/\\\/gloopbaby.com\\\/wp-content\\\/uploads\\\/2023\\\/06\\\/gloop-logo.svg\",\"width\":100,\"height\":100,\"caption\":\"Gloop Baby\"},\"image\":{\"@id\":\"https:\\\/\\\/gloopbaby.com\\\/en\\\/#\\\/schema\\\/logo\\\/image\\\/\"}}]}<\/script>\n<!-- \/ Yoast SEO plugin. -->","yoast_head_json":{"title":"Bandana Bib Safari - Gloop Baby","robots":{"index":"index","follow":"follow","max-snippet":"max-snippet:-1","max-image-preview":"max-image-preview:large","max-video-preview":"max-video-preview:-1"},"canonical":"https:\/\/gloopbaby.com\/en\/product\/mealtime-en\/bibs-en\/bandana-bib\/babete-triangulo-safari\/","og_locale":"en_US","og_type":"article","og_title":"Bandana Bib Safari - Gloop Baby","og_description":"The Bandana bib is soft, pratical and superabsorvent that will make your life easier on time of feeding of your baby. Made with our 100% organic cotton certified. Made in Portugal. Size: 40x17cm","og_url":"https:\/\/gloopbaby.com\/en\/product\/mealtime-en\/bibs-en\/bandana-bib\/babete-triangulo-safari\/","og_site_name":"Gloop Baby","article_modified_time":"2024-05-15T10:39:57+00:00","og_image":[{"width":946,"height":1418,"url":"https:\/\/gloopbaby.com\/wp-content\/uploads\/2023\/06\/310821Gloop-agostoHD0618-1.jpg","type":"image\/jpeg"}],"twitter_card":"summary_large_image","schema":{"@context":"https:\/\/schema.org","@graph":[{"@type":"WebPage","@id":"https:\/\/gloopbaby.com\/en\/product\/mealtime-en\/bibs-en\/bandana-bib\/babete-triangulo-safari\/","url":"https:\/\/gloopbaby.com\/en\/product\/mealtime-en\/bibs-en\/bandana-bib\/babete-triangulo-safari\/","name":"Bandana Bib Safari - Gloop Baby","isPartOf":{"@id":"https:\/\/gloopbaby.com\/en\/#website"},"primaryImageOfPage":{"@id":"https:\/\/gloopbaby.com\/en\/product\/mealtime-en\/bibs-en\/bandana-bib\/babete-triangulo-safari\/#primaryimage"},"image":{"@id":"https:\/\/gloopbaby.com\/en\/product\/mealtime-en\/bibs-en\/bandana-bib\/babete-triangulo-safari\/#primaryimage"},"thumbnailUrl":"https:\/\/gloopbaby.com\/wp-content\/uploads\/2023\/06\/310821Gloop-agostoHD0618-1.jpg","datePublished":"2023-06-20T16:33:32+00:00","dateModified":"2024-05-15T10:39:57+00:00","breadcrumb":{"@id":"https:\/\/gloopbaby.com\/en\/product\/mealtime-en\/bibs-en\/bandana-bib\/babete-triangulo-safari\/#breadcrumb"},"inLanguage":"en-US","potentialAction":[{"@type":"ReadAction","target":["https:\/\/gloopbaby.com\/en\/product\/mealtime-en\/bibs-en\/bandana-bib\/babete-triangulo-safari\/"]}]},{"@type":"ImageObject","inLanguage":"en-US","@id":"https:\/\/gloopbaby.com\/en\/product\/mealtime-en\/bibs-en\/bandana-bib\/babete-triangulo-safari\/#primaryimage","url":"https:\/\/gloopbaby.com\/wp-content\/uploads\/2023\/06\/310821Gloop-agostoHD0618-1.jpg","contentUrl":"https:\/\/gloopbaby.com\/wp-content\/uploads\/2023\/06\/310821Gloop-agostoHD0618-1.jpg","width":946,"height":1418,"caption":"babete tri\u00e2ngulo para beb\u00e9 em algod\u00e3o org\u00e2nico safari"},{"@type":"BreadcrumbList","@id":"https:\/\/gloopbaby.com\/en\/product\/mealtime-en\/bibs-en\/bandana-bib\/babete-triangulo-safari\/#breadcrumb","itemListElement":[{"@type":"ListItem","position":1,"name":"In\u00edcio","item":"https:\/\/gloopbaby.com\/en\/"},{"@type":"ListItem","position":2,"name":"Shop","item":"https:\/\/gloopbaby.com\/loja\/"},{"@type":"ListItem","position":3,"name":"Bandana Bib Safari"}]},{"@type":"WebSite","@id":"https:\/\/gloopbaby.com\/en\/#website","url":"https:\/\/gloopbaby.com\/en\/","name":"Gloop Baby","description":"","publisher":{"@id":"https:\/\/gloopbaby.com\/en\/#organization"},"potentialAction":[{"@type":"SearchAction","target":{"@type":"EntryPoint","urlTemplate":"https:\/\/gloopbaby.com\/en\/?s={search_term_string}"},"query-input":{"@type":"PropertyValueSpecification","valueRequired":true,"valueName":"search_term_string"}}],"inLanguage":"en-US"},{"@type":"Organization","@id":"https:\/\/gloopbaby.com\/en\/#organization","name":"Gloop Baby","url":"https:\/\/gloopbaby.com\/en\/","logo":{"@type":"ImageObject","inLanguage":"en-US","@id":"https:\/\/gloopbaby.com\/en\/#\/schema\/logo\/image\/","url":"https:\/\/gloopbaby.com\/wp-content\/uploads\/2023\/06\/gloop-logo.svg","contentUrl":"https:\/\/gloopbaby.com\/wp-content\/uploads\/2023\/06\/gloop-logo.svg","width":100,"height":100,"caption":"Gloop Baby"},"image":{"@id":"https:\/\/gloopbaby.com\/en\/#\/schema\/logo\/image\/"}}]}},"_links":{"self":[{"href":"https:\/\/gloopbaby.com\/en\/wp-json\/wp\/v2\/product\/12299","targetHints":{"allow":["GET"]}}],"collection":[{"href":"https:\/\/gloopbaby.com\/en\/wp-json\/wp\/v2\/product"}],"about":[{"href":"https:\/\/gloopbaby.com\/en\/wp-json\/wp\/v2\/types\/product"}],"replies":[{"embeddable":true,"href":"https:\/\/gloopbaby.com\/en\/wp-json\/wp\/v2\/comments?post=12299"}],"wp:featuredmedia":[{"embeddable":true,"href":"https:\/\/gloopbaby.com\/en\/wp-json\/wp\/v2\/media\/34013"}],"wp:attachment":[{"href":"https:\/\/gloopbaby.com\/en\/wp-json\/wp\/v2\/media?parent=12299"}],"wp:term":[{"taxonomy":"product_brand","embeddable":true,"href":"https:\/\/gloopbaby.com\/en\/wp-json\/wp\/v2\/product_brand?post=12299"},{"taxonomy":"product_cat","embeddable":true,"href":"https:\/\/gloopbaby.com\/en\/wp-json\/wp\/v2\/product_cat?post=12299"},{"taxonomy":"product_tag","embeddable":true,"href":"https:\/\/gloopbaby.com\/en\/wp-json\/wp\/v2\/product_tag?post=12299"}],"curies":[{"name":"wp","href":"https:\/\/api.w.org\/{rel}","templated":true}]}}