{"id":12261,"date":"2023-06-20T16:38:38","date_gmt":"2023-06-20T16:38:38","guid":{"rendered":"https:\/\/gloopbaby.com\/produto\/cama-ninho-safari\/"},"modified":"2025-10-09T10:43:11","modified_gmt":"2025-10-09T10:43:11","slug":"cama-ninho-safari","status":"publish","type":"product","link":"https:\/\/gloopbaby.com\/en\/product\/home-and-sleep-en\/sweet-little-bed-en\/cama-ninho-safari\/","title":{"rendered":"Sweet little bed Safari"},"content":{"rendered":"<ul>\n<li>Age: 0-6M<\/li>\n<li>Size: 450 mm wide, 770-870 mm (770 mm closed and 870 opened)<\/li>\n<li>Cover: 100% organic cotton certified<\/li>\n<li>Filling: 100% Polyester<\/li>\n<\/ul>\n<p>Sweet little bed is the accessory that every recent parents need to be comfortable and safe on many activities of their baby. Sweet Little bed offers to the baby a safe and comfy place where he can sleep, co-sleep, play and get diaper changes. The sweet little bed is easy to transport, the portable characteristic and his lightweight allow the easy transport, easy to travel, from room to room, grandma\u2019s house or vacation.<\/p>\n<p>To purchase just the cover, simply select the &#8220;No Filling (Cover Only)&#8221; option.<\/p>\n<p><strong>Safety Instructions:<\/strong><\/p>\n<ul>\n<li>Must always be used in a childsafe and supervisioned environment<\/li>\n<li>Child\u2019s head should be positioned at the head end of sweet little bed<\/li>\n<li>Always ensure that the sweet little bed is placed fully supported on its back on a flat, firm and stable surface<\/li>\n<li>Do use the sweet little bed on a elevate surface.<\/li>\n<li>Always place the child on his back to sleep and rest.<\/li>\n<li>Tummy time must be strictly supervised<\/li>\n<li>Keep pillows and other soft objects, such as stuffed toys, out of the enfant\u2019s sleeping\/resting environment<\/li>\n<li>Sweet little does not harbor heat. Dress the child according to the room temperature. Use gloop! muslins for swaddling.<\/li>\n<li>Blankets and quilts must always be secured, E.G. safely tucked the pod.<\/li>\n<li>Check the sweet little bed regularly for damaged seams and similar. Damages must be fixed immediately.<\/li>\n<\/ul>\n<p><strong>Care Instructions:<\/strong><\/p>\n<ul>\n<li>Wash with similar colors. Always use a washing bag for the cover and the tube.<\/li>\n<li>The tube rarely needs washing, shaking and ventilating it is usualy enough.<\/li>\n<li>If washing the tube, use a washing bag.<\/li>\n<li>When wet, the tube should be trumble-dried at low or medium heat.<\/li>\n<li>Then fluff\/shake it by hand so it regains shape.<\/li>\n<li>If still somewhat damp, lay flat to dry.<\/li>\n<li>Check regularly for damaged seams.<\/li>\n<\/ul>\n","protected":false},"excerpt":{"rendered":"<p>Age: 0-6M Size: 450 mm wide, 770-870 mm (770 mm closed and 870 opened) Cover: 100% organic cotton certified Filling: 100% Polyester Sweet little bed is the accessory that every recent parents need to be comfortable and safe on many activities of their baby. Sweet Little bed offers to the baby a safe and comfy [&hellip;]<\/p>\n","protected":false},"featured_media":33900,"comment_status":"closed","ping_status":"closed","template":"","meta":{"_acf_changed":false},"product_brand":[],"product_cat":[1033,1034,1074,1142],"product_tag":[],"class_list":{"0":"post-12261","1":"product","2":"type-product","3":"status-publish","4":"has-post-thumbnail","6":"product_cat-collections-en","7":"product_cat-home-and-sleep-en","8":"product_cat-safari-en","9":"product_cat-sweet-little-bed-en","11":"first","12":"instock","13":"taxable","14":"shipping-taxable","15":"purchasable","16":"product-type-variable"},"acf":[],"yoast_head":"<!-- This site is optimized with the Yoast SEO plugin v27.3 - https:\/\/yoast.com\/product\/yoast-seo-wordpress\/ -->\n<title>Sweet little bed Safari - Gloop Baby<\/title>\n<meta name=\"robots\" content=\"index, follow, max-snippet:-1, max-image-preview:large, max-video-preview:-1\" \/>\n<link rel=\"canonical\" href=\"https:\/\/gloopbaby.com\/en\/product\/home-and-sleep-en\/sweet-little-bed-en\/cama-ninho-safari\/\" \/>\n<meta property=\"og:locale\" content=\"en_US\" \/>\n<meta property=\"og:type\" content=\"article\" \/>\n<meta property=\"og:title\" content=\"Sweet little bed Safari - Gloop Baby\" \/>\n<meta property=\"og:description\" content=\"Age: 0-6M Size: 450 mm wide, 770-870 mm (770 mm closed and 870 opened) Cover: 100% organic cotton certified Filling: 100% Polyester Sweet little bed is the accessory that every recent parents need to be comfortable and safe on many activities of their baby. Sweet Little bed offers to the baby a safe and comfy [&hellip;]\" \/>\n<meta property=\"og:url\" content=\"https:\/\/gloopbaby.com\/en\/product\/home-and-sleep-en\/sweet-little-bed-en\/cama-ninho-safari\/\" \/>\n<meta property=\"og:site_name\" content=\"Gloop Baby\" \/>\n<meta property=\"article:modified_time\" content=\"2025-10-09T10:43:11+00:00\" \/>\n<meta property=\"og:image\" content=\"https:\/\/gloopbaby.com\/wp-content\/uploads\/2023\/06\/310821Gloop-agostoHD0078-1.jpg\" \/>\n\t<meta property=\"og:image:width\" content=\"987\" \/>\n\t<meta property=\"og:image:height\" content=\"1480\" \/>\n\t<meta property=\"og:image:type\" content=\"image\/jpeg\" \/>\n<meta name=\"twitter:card\" content=\"summary_large_image\" \/>\n<meta name=\"twitter:label1\" content=\"Est. reading time\" \/>\n\t<meta name=\"twitter:data1\" content=\"2 minutes\" \/>\n<script type=\"application\/ld+json\" class=\"yoast-schema-graph\">{\"@context\":\"https:\\\/\\\/schema.org\",\"@graph\":[{\"@type\":\"WebPage\",\"@id\":\"https:\\\/\\\/gloopbaby.com\\\/en\\\/product\\\/home-and-sleep-en\\\/sweet-little-bed-en\\\/cama-ninho-safari\\\/\",\"url\":\"https:\\\/\\\/gloopbaby.com\\\/en\\\/product\\\/home-and-sleep-en\\\/sweet-little-bed-en\\\/cama-ninho-safari\\\/\",\"name\":\"Sweet little bed Safari - Gloop Baby\",\"isPartOf\":{\"@id\":\"https:\\\/\\\/gloopbaby.com\\\/en\\\/#website\"},\"primaryImageOfPage\":{\"@id\":\"https:\\\/\\\/gloopbaby.com\\\/en\\\/product\\\/home-and-sleep-en\\\/sweet-little-bed-en\\\/cama-ninho-safari\\\/#primaryimage\"},\"image\":{\"@id\":\"https:\\\/\\\/gloopbaby.com\\\/en\\\/product\\\/home-and-sleep-en\\\/sweet-little-bed-en\\\/cama-ninho-safari\\\/#primaryimage\"},\"thumbnailUrl\":\"https:\\\/\\\/gloopbaby.com\\\/wp-content\\\/uploads\\\/2023\\\/06\\\/310821Gloop-agostoHD0078-1.jpg\",\"datePublished\":\"2023-06-20T16:38:38+00:00\",\"dateModified\":\"2025-10-09T10:43:11+00:00\",\"breadcrumb\":{\"@id\":\"https:\\\/\\\/gloopbaby.com\\\/en\\\/product\\\/home-and-sleep-en\\\/sweet-little-bed-en\\\/cama-ninho-safari\\\/#breadcrumb\"},\"inLanguage\":\"en-US\",\"potentialAction\":[{\"@type\":\"ReadAction\",\"target\":[\"https:\\\/\\\/gloopbaby.com\\\/en\\\/product\\\/home-and-sleep-en\\\/sweet-little-bed-en\\\/cama-ninho-safari\\\/\"]}]},{\"@type\":\"ImageObject\",\"inLanguage\":\"en-US\",\"@id\":\"https:\\\/\\\/gloopbaby.com\\\/en\\\/product\\\/home-and-sleep-en\\\/sweet-little-bed-en\\\/cama-ninho-safari\\\/#primaryimage\",\"url\":\"https:\\\/\\\/gloopbaby.com\\\/wp-content\\\/uploads\\\/2023\\\/06\\\/310821Gloop-agostoHD0078-1.jpg\",\"contentUrl\":\"https:\\\/\\\/gloopbaby.com\\\/wp-content\\\/uploads\\\/2023\\\/06\\\/310821Gloop-agostoHD0078-1.jpg\",\"width\":987,\"height\":1480,\"caption\":\"cama ninho para beb\u00e9 em algod\u00e3o org\u00e2nico safari\"},{\"@type\":\"BreadcrumbList\",\"@id\":\"https:\\\/\\\/gloopbaby.com\\\/en\\\/product\\\/home-and-sleep-en\\\/sweet-little-bed-en\\\/cama-ninho-safari\\\/#breadcrumb\",\"itemListElement\":[{\"@type\":\"ListItem\",\"position\":1,\"name\":\"In\u00edcio\",\"item\":\"https:\\\/\\\/gloopbaby.com\\\/en\\\/\"},{\"@type\":\"ListItem\",\"position\":2,\"name\":\"Shop\",\"item\":\"https:\\\/\\\/gloopbaby.com\\\/loja\\\/\"},{\"@type\":\"ListItem\",\"position\":3,\"name\":\"Sweet little bed Safari\"}]},{\"@type\":\"WebSite\",\"@id\":\"https:\\\/\\\/gloopbaby.com\\\/en\\\/#website\",\"url\":\"https:\\\/\\\/gloopbaby.com\\\/en\\\/\",\"name\":\"Gloop Baby\",\"description\":\"\",\"publisher\":{\"@id\":\"https:\\\/\\\/gloopbaby.com\\\/en\\\/#organization\"},\"potentialAction\":[{\"@type\":\"SearchAction\",\"target\":{\"@type\":\"EntryPoint\",\"urlTemplate\":\"https:\\\/\\\/gloopbaby.com\\\/en\\\/?s={search_term_string}\"},\"query-input\":{\"@type\":\"PropertyValueSpecification\",\"valueRequired\":true,\"valueName\":\"search_term_string\"}}],\"inLanguage\":\"en-US\"},{\"@type\":\"Organization\",\"@id\":\"https:\\\/\\\/gloopbaby.com\\\/en\\\/#organization\",\"name\":\"Gloop Baby\",\"url\":\"https:\\\/\\\/gloopbaby.com\\\/en\\\/\",\"logo\":{\"@type\":\"ImageObject\",\"inLanguage\":\"en-US\",\"@id\":\"https:\\\/\\\/gloopbaby.com\\\/en\\\/#\\\/schema\\\/logo\\\/image\\\/\",\"url\":\"https:\\\/\\\/gloopbaby.com\\\/wp-content\\\/uploads\\\/2023\\\/06\\\/gloop-logo.svg\",\"contentUrl\":\"https:\\\/\\\/gloopbaby.com\\\/wp-content\\\/uploads\\\/2023\\\/06\\\/gloop-logo.svg\",\"width\":100,\"height\":100,\"caption\":\"Gloop Baby\"},\"image\":{\"@id\":\"https:\\\/\\\/gloopbaby.com\\\/en\\\/#\\\/schema\\\/logo\\\/image\\\/\"}}]}<\/script>\n<!-- \/ Yoast SEO plugin. -->","yoast_head_json":{"title":"Sweet little bed Safari - Gloop Baby","robots":{"index":"index","follow":"follow","max-snippet":"max-snippet:-1","max-image-preview":"max-image-preview:large","max-video-preview":"max-video-preview:-1"},"canonical":"https:\/\/gloopbaby.com\/en\/product\/home-and-sleep-en\/sweet-little-bed-en\/cama-ninho-safari\/","og_locale":"en_US","og_type":"article","og_title":"Sweet little bed Safari - Gloop Baby","og_description":"Age: 0-6M Size: 450 mm wide, 770-870 mm (770 mm closed and 870 opened) Cover: 100% organic cotton certified Filling: 100% Polyester Sweet little bed is the accessory that every recent parents need to be comfortable and safe on many activities of their baby. Sweet Little bed offers to the baby a safe and comfy [&hellip;]","og_url":"https:\/\/gloopbaby.com\/en\/product\/home-and-sleep-en\/sweet-little-bed-en\/cama-ninho-safari\/","og_site_name":"Gloop Baby","article_modified_time":"2025-10-09T10:43:11+00:00","og_image":[{"width":987,"height":1480,"url":"https:\/\/gloopbaby.com\/wp-content\/uploads\/2023\/06\/310821Gloop-agostoHD0078-1.jpg","type":"image\/jpeg"}],"twitter_card":"summary_large_image","twitter_misc":{"Est. reading time":"2 minutes"},"schema":{"@context":"https:\/\/schema.org","@graph":[{"@type":"WebPage","@id":"https:\/\/gloopbaby.com\/en\/product\/home-and-sleep-en\/sweet-little-bed-en\/cama-ninho-safari\/","url":"https:\/\/gloopbaby.com\/en\/product\/home-and-sleep-en\/sweet-little-bed-en\/cama-ninho-safari\/","name":"Sweet little bed Safari - Gloop Baby","isPartOf":{"@id":"https:\/\/gloopbaby.com\/en\/#website"},"primaryImageOfPage":{"@id":"https:\/\/gloopbaby.com\/en\/product\/home-and-sleep-en\/sweet-little-bed-en\/cama-ninho-safari\/#primaryimage"},"image":{"@id":"https:\/\/gloopbaby.com\/en\/product\/home-and-sleep-en\/sweet-little-bed-en\/cama-ninho-safari\/#primaryimage"},"thumbnailUrl":"https:\/\/gloopbaby.com\/wp-content\/uploads\/2023\/06\/310821Gloop-agostoHD0078-1.jpg","datePublished":"2023-06-20T16:38:38+00:00","dateModified":"2025-10-09T10:43:11+00:00","breadcrumb":{"@id":"https:\/\/gloopbaby.com\/en\/product\/home-and-sleep-en\/sweet-little-bed-en\/cama-ninho-safari\/#breadcrumb"},"inLanguage":"en-US","potentialAction":[{"@type":"ReadAction","target":["https:\/\/gloopbaby.com\/en\/product\/home-and-sleep-en\/sweet-little-bed-en\/cama-ninho-safari\/"]}]},{"@type":"ImageObject","inLanguage":"en-US","@id":"https:\/\/gloopbaby.com\/en\/product\/home-and-sleep-en\/sweet-little-bed-en\/cama-ninho-safari\/#primaryimage","url":"https:\/\/gloopbaby.com\/wp-content\/uploads\/2023\/06\/310821Gloop-agostoHD0078-1.jpg","contentUrl":"https:\/\/gloopbaby.com\/wp-content\/uploads\/2023\/06\/310821Gloop-agostoHD0078-1.jpg","width":987,"height":1480,"caption":"cama ninho para beb\u00e9 em algod\u00e3o org\u00e2nico safari"},{"@type":"BreadcrumbList","@id":"https:\/\/gloopbaby.com\/en\/product\/home-and-sleep-en\/sweet-little-bed-en\/cama-ninho-safari\/#breadcrumb","itemListElement":[{"@type":"ListItem","position":1,"name":"In\u00edcio","item":"https:\/\/gloopbaby.com\/en\/"},{"@type":"ListItem","position":2,"name":"Shop","item":"https:\/\/gloopbaby.com\/loja\/"},{"@type":"ListItem","position":3,"name":"Sweet little bed Safari"}]},{"@type":"WebSite","@id":"https:\/\/gloopbaby.com\/en\/#website","url":"https:\/\/gloopbaby.com\/en\/","name":"Gloop Baby","description":"","publisher":{"@id":"https:\/\/gloopbaby.com\/en\/#organization"},"potentialAction":[{"@type":"SearchAction","target":{"@type":"EntryPoint","urlTemplate":"https:\/\/gloopbaby.com\/en\/?s={search_term_string}"},"query-input":{"@type":"PropertyValueSpecification","valueRequired":true,"valueName":"search_term_string"}}],"inLanguage":"en-US"},{"@type":"Organization","@id":"https:\/\/gloopbaby.com\/en\/#organization","name":"Gloop Baby","url":"https:\/\/gloopbaby.com\/en\/","logo":{"@type":"ImageObject","inLanguage":"en-US","@id":"https:\/\/gloopbaby.com\/en\/#\/schema\/logo\/image\/","url":"https:\/\/gloopbaby.com\/wp-content\/uploads\/2023\/06\/gloop-logo.svg","contentUrl":"https:\/\/gloopbaby.com\/wp-content\/uploads\/2023\/06\/gloop-logo.svg","width":100,"height":100,"caption":"Gloop Baby"},"image":{"@id":"https:\/\/gloopbaby.com\/en\/#\/schema\/logo\/image\/"}}]}},"_links":{"self":[{"href":"https:\/\/gloopbaby.com\/en\/wp-json\/wp\/v2\/product\/12261","targetHints":{"allow":["GET"]}}],"collection":[{"href":"https:\/\/gloopbaby.com\/en\/wp-json\/wp\/v2\/product"}],"about":[{"href":"https:\/\/gloopbaby.com\/en\/wp-json\/wp\/v2\/types\/product"}],"replies":[{"embeddable":true,"href":"https:\/\/gloopbaby.com\/en\/wp-json\/wp\/v2\/comments?post=12261"}],"wp:featuredmedia":[{"embeddable":true,"href":"https:\/\/gloopbaby.com\/en\/wp-json\/wp\/v2\/media\/33900"}],"wp:attachment":[{"href":"https:\/\/gloopbaby.com\/en\/wp-json\/wp\/v2\/media?parent=12261"}],"wp:term":[{"taxonomy":"product_brand","embeddable":true,"href":"https:\/\/gloopbaby.com\/en\/wp-json\/wp\/v2\/product_brand?post=12261"},{"taxonomy":"product_cat","embeddable":true,"href":"https:\/\/gloopbaby.com\/en\/wp-json\/wp\/v2\/product_cat?post=12261"},{"taxonomy":"product_tag","embeddable":true,"href":"https:\/\/gloopbaby.com\/en\/wp-json\/wp\/v2\/product_tag?post=12261"}],"curies":[{"name":"wp","href":"https:\/\/api.w.org\/{rel}","templated":true}]}}