{"id":12255,"date":"2023-06-20T16:39:27","date_gmt":"2023-06-20T16:39:27","guid":{"rendered":"https:\/\/gloopbaby.com\/produto\/manta-safari-0-3-meses\/"},"modified":"2024-05-15T10:12:30","modified_gmt":"2024-05-15T10:12:30","slug":"manta-safari-0-3-meses","status":"publish","type":"product","link":"https:\/\/gloopbaby.com\/en\/product\/home-and-sleep-en\/bed-en\/blankets-en\/blanket-0-3m-en\/manta-safari-0-3-meses\/","title":{"rendered":"Blanket Safari 0-3 months"},"content":{"rendered":"<p>Blanket 0-3 months gloop! with its cosy texture is practical and comfortable. Perfect to go along with the baby at sleeping nights or during the day to feel cosy. The outside is made with our 100% organic cotton. Size: 65x75cm<\/p>\n","protected":false},"excerpt":{"rendered":"<p>Blanket 0-3 months gloop! with its cosy texture is practical and comfortable. Perfect to go along with the baby at sleeping nights or during the day to feel cosy. The outside is made with our 100% organic cotton. Size: 65x75cm<\/p>\n","protected":false},"featured_media":33874,"comment_status":"closed","ping_status":"closed","template":"","meta":{"_acf_changed":false},"product_brand":[],"product_cat":[1048,1152,1143,1033,1034,1074],"product_tag":[],"class_list":{"0":"post-12255","1":"product","2":"type-product","3":"status-publish","4":"has-post-thumbnail","6":"product_cat-bed-en","7":"product_cat-blanket-0-3m-en","8":"product_cat-blankets-en","9":"product_cat-collections-en","10":"product_cat-home-and-sleep-en","11":"product_cat-safari-en","13":"first","14":"instock","15":"taxable","16":"shipping-taxable","17":"purchasable","18":"product-type-simple"},"acf":[],"yoast_head":"<!-- This site is optimized with the Yoast SEO plugin v27.3 - https:\/\/yoast.com\/product\/yoast-seo-wordpress\/ -->\n<title>Blanket Safari 0-3 months - Gloop Baby<\/title>\n<meta name=\"robots\" content=\"index, follow, max-snippet:-1, max-image-preview:large, max-video-preview:-1\" \/>\n<link rel=\"canonical\" href=\"https:\/\/gloopbaby.com\/en\/product\/home-and-sleep-en\/bed-en\/blankets-en\/blanket-0-3m-en\/manta-safari-0-3-meses\/\" \/>\n<meta property=\"og:locale\" content=\"en_US\" \/>\n<meta property=\"og:type\" content=\"article\" \/>\n<meta property=\"og:title\" content=\"Blanket Safari 0-3 months - Gloop Baby\" \/>\n<meta property=\"og:description\" content=\"Blanket 0-3 months gloop! with its cosy texture is practical and comfortable. Perfect to go along with the baby at sleeping nights or during the day to feel cosy. The outside is made with our 100% organic cotton. Size: 65x75cm\" \/>\n<meta property=\"og:url\" content=\"https:\/\/gloopbaby.com\/en\/product\/home-and-sleep-en\/bed-en\/blankets-en\/blanket-0-3m-en\/manta-safari-0-3-meses\/\" \/>\n<meta property=\"og:site_name\" content=\"Gloop Baby\" \/>\n<meta property=\"article:modified_time\" content=\"2024-05-15T10:12:30+00:00\" \/>\n<meta property=\"og:image\" content=\"https:\/\/gloopbaby.com\/wp-content\/uploads\/2023\/06\/310821Gloop-agostoHD0110.jpg\" \/>\n\t<meta property=\"og:image:width\" content=\"909\" \/>\n\t<meta property=\"og:image:height\" content=\"1364\" \/>\n\t<meta property=\"og:image:type\" content=\"image\/jpeg\" \/>\n<meta name=\"twitter:card\" content=\"summary_large_image\" \/>\n<script type=\"application\/ld+json\" class=\"yoast-schema-graph\">{\"@context\":\"https:\\\/\\\/schema.org\",\"@graph\":[{\"@type\":\"WebPage\",\"@id\":\"https:\\\/\\\/gloopbaby.com\\\/en\\\/product\\\/home-and-sleep-en\\\/bed-en\\\/blankets-en\\\/blanket-0-3m-en\\\/manta-safari-0-3-meses\\\/\",\"url\":\"https:\\\/\\\/gloopbaby.com\\\/en\\\/product\\\/home-and-sleep-en\\\/bed-en\\\/blankets-en\\\/blanket-0-3m-en\\\/manta-safari-0-3-meses\\\/\",\"name\":\"Blanket Safari 0-3 months - Gloop Baby\",\"isPartOf\":{\"@id\":\"https:\\\/\\\/gloopbaby.com\\\/en\\\/#website\"},\"primaryImageOfPage\":{\"@id\":\"https:\\\/\\\/gloopbaby.com\\\/en\\\/product\\\/home-and-sleep-en\\\/bed-en\\\/blankets-en\\\/blanket-0-3m-en\\\/manta-safari-0-3-meses\\\/#primaryimage\"},\"image\":{\"@id\":\"https:\\\/\\\/gloopbaby.com\\\/en\\\/product\\\/home-and-sleep-en\\\/bed-en\\\/blankets-en\\\/blanket-0-3m-en\\\/manta-safari-0-3-meses\\\/#primaryimage\"},\"thumbnailUrl\":\"https:\\\/\\\/gloopbaby.com\\\/wp-content\\\/uploads\\\/2023\\\/06\\\/310821Gloop-agostoHD0110.jpg\",\"datePublished\":\"2023-06-20T16:39:27+00:00\",\"dateModified\":\"2024-05-15T10:12:30+00:00\",\"breadcrumb\":{\"@id\":\"https:\\\/\\\/gloopbaby.com\\\/en\\\/product\\\/home-and-sleep-en\\\/bed-en\\\/blankets-en\\\/blanket-0-3m-en\\\/manta-safari-0-3-meses\\\/#breadcrumb\"},\"inLanguage\":\"en-US\",\"potentialAction\":[{\"@type\":\"ReadAction\",\"target\":[\"https:\\\/\\\/gloopbaby.com\\\/en\\\/product\\\/home-and-sleep-en\\\/bed-en\\\/blankets-en\\\/blanket-0-3m-en\\\/manta-safari-0-3-meses\\\/\"]}]},{\"@type\":\"ImageObject\",\"inLanguage\":\"en-US\",\"@id\":\"https:\\\/\\\/gloopbaby.com\\\/en\\\/product\\\/home-and-sleep-en\\\/bed-en\\\/blankets-en\\\/blanket-0-3m-en\\\/manta-safari-0-3-meses\\\/#primaryimage\",\"url\":\"https:\\\/\\\/gloopbaby.com\\\/wp-content\\\/uploads\\\/2023\\\/06\\\/310821Gloop-agostoHD0110.jpg\",\"contentUrl\":\"https:\\\/\\\/gloopbaby.com\\\/wp-content\\\/uploads\\\/2023\\\/06\\\/310821Gloop-agostoHD0110.jpg\",\"width\":909,\"height\":1364,\"caption\":\"Manta de algod\u00e3o biol\u00f3gico gloop para beb\u00e9 0-3 meses\"},{\"@type\":\"BreadcrumbList\",\"@id\":\"https:\\\/\\\/gloopbaby.com\\\/en\\\/product\\\/home-and-sleep-en\\\/bed-en\\\/blankets-en\\\/blanket-0-3m-en\\\/manta-safari-0-3-meses\\\/#breadcrumb\",\"itemListElement\":[{\"@type\":\"ListItem\",\"position\":1,\"name\":\"In\u00edcio\",\"item\":\"https:\\\/\\\/gloopbaby.com\\\/en\\\/\"},{\"@type\":\"ListItem\",\"position\":2,\"name\":\"Shop\",\"item\":\"https:\\\/\\\/gloopbaby.com\\\/loja\\\/\"},{\"@type\":\"ListItem\",\"position\":3,\"name\":\"Blanket Safari 0-3 months\"}]},{\"@type\":\"WebSite\",\"@id\":\"https:\\\/\\\/gloopbaby.com\\\/en\\\/#website\",\"url\":\"https:\\\/\\\/gloopbaby.com\\\/en\\\/\",\"name\":\"Gloop Baby\",\"description\":\"\",\"publisher\":{\"@id\":\"https:\\\/\\\/gloopbaby.com\\\/en\\\/#organization\"},\"potentialAction\":[{\"@type\":\"SearchAction\",\"target\":{\"@type\":\"EntryPoint\",\"urlTemplate\":\"https:\\\/\\\/gloopbaby.com\\\/en\\\/?s={search_term_string}\"},\"query-input\":{\"@type\":\"PropertyValueSpecification\",\"valueRequired\":true,\"valueName\":\"search_term_string\"}}],\"inLanguage\":\"en-US\"},{\"@type\":\"Organization\",\"@id\":\"https:\\\/\\\/gloopbaby.com\\\/en\\\/#organization\",\"name\":\"Gloop Baby\",\"url\":\"https:\\\/\\\/gloopbaby.com\\\/en\\\/\",\"logo\":{\"@type\":\"ImageObject\",\"inLanguage\":\"en-US\",\"@id\":\"https:\\\/\\\/gloopbaby.com\\\/en\\\/#\\\/schema\\\/logo\\\/image\\\/\",\"url\":\"https:\\\/\\\/gloopbaby.com\\\/wp-content\\\/uploads\\\/2023\\\/06\\\/gloop-logo.svg\",\"contentUrl\":\"https:\\\/\\\/gloopbaby.com\\\/wp-content\\\/uploads\\\/2023\\\/06\\\/gloop-logo.svg\",\"width\":100,\"height\":100,\"caption\":\"Gloop Baby\"},\"image\":{\"@id\":\"https:\\\/\\\/gloopbaby.com\\\/en\\\/#\\\/schema\\\/logo\\\/image\\\/\"}}]}<\/script>\n<!-- \/ Yoast SEO plugin. -->","yoast_head_json":{"title":"Blanket Safari 0-3 months - Gloop Baby","robots":{"index":"index","follow":"follow","max-snippet":"max-snippet:-1","max-image-preview":"max-image-preview:large","max-video-preview":"max-video-preview:-1"},"canonical":"https:\/\/gloopbaby.com\/en\/product\/home-and-sleep-en\/bed-en\/blankets-en\/blanket-0-3m-en\/manta-safari-0-3-meses\/","og_locale":"en_US","og_type":"article","og_title":"Blanket Safari 0-3 months - Gloop Baby","og_description":"Blanket 0-3 months gloop! with its cosy texture is practical and comfortable. Perfect to go along with the baby at sleeping nights or during the day to feel cosy. The outside is made with our 100% organic cotton. Size: 65x75cm","og_url":"https:\/\/gloopbaby.com\/en\/product\/home-and-sleep-en\/bed-en\/blankets-en\/blanket-0-3m-en\/manta-safari-0-3-meses\/","og_site_name":"Gloop Baby","article_modified_time":"2024-05-15T10:12:30+00:00","og_image":[{"width":909,"height":1364,"url":"https:\/\/gloopbaby.com\/wp-content\/uploads\/2023\/06\/310821Gloop-agostoHD0110.jpg","type":"image\/jpeg"}],"twitter_card":"summary_large_image","schema":{"@context":"https:\/\/schema.org","@graph":[{"@type":"WebPage","@id":"https:\/\/gloopbaby.com\/en\/product\/home-and-sleep-en\/bed-en\/blankets-en\/blanket-0-3m-en\/manta-safari-0-3-meses\/","url":"https:\/\/gloopbaby.com\/en\/product\/home-and-sleep-en\/bed-en\/blankets-en\/blanket-0-3m-en\/manta-safari-0-3-meses\/","name":"Blanket Safari 0-3 months - Gloop Baby","isPartOf":{"@id":"https:\/\/gloopbaby.com\/en\/#website"},"primaryImageOfPage":{"@id":"https:\/\/gloopbaby.com\/en\/product\/home-and-sleep-en\/bed-en\/blankets-en\/blanket-0-3m-en\/manta-safari-0-3-meses\/#primaryimage"},"image":{"@id":"https:\/\/gloopbaby.com\/en\/product\/home-and-sleep-en\/bed-en\/blankets-en\/blanket-0-3m-en\/manta-safari-0-3-meses\/#primaryimage"},"thumbnailUrl":"https:\/\/gloopbaby.com\/wp-content\/uploads\/2023\/06\/310821Gloop-agostoHD0110.jpg","datePublished":"2023-06-20T16:39:27+00:00","dateModified":"2024-05-15T10:12:30+00:00","breadcrumb":{"@id":"https:\/\/gloopbaby.com\/en\/product\/home-and-sleep-en\/bed-en\/blankets-en\/blanket-0-3m-en\/manta-safari-0-3-meses\/#breadcrumb"},"inLanguage":"en-US","potentialAction":[{"@type":"ReadAction","target":["https:\/\/gloopbaby.com\/en\/product\/home-and-sleep-en\/bed-en\/blankets-en\/blanket-0-3m-en\/manta-safari-0-3-meses\/"]}]},{"@type":"ImageObject","inLanguage":"en-US","@id":"https:\/\/gloopbaby.com\/en\/product\/home-and-sleep-en\/bed-en\/blankets-en\/blanket-0-3m-en\/manta-safari-0-3-meses\/#primaryimage","url":"https:\/\/gloopbaby.com\/wp-content\/uploads\/2023\/06\/310821Gloop-agostoHD0110.jpg","contentUrl":"https:\/\/gloopbaby.com\/wp-content\/uploads\/2023\/06\/310821Gloop-agostoHD0110.jpg","width":909,"height":1364,"caption":"Manta de algod\u00e3o biol\u00f3gico gloop para beb\u00e9 0-3 meses"},{"@type":"BreadcrumbList","@id":"https:\/\/gloopbaby.com\/en\/product\/home-and-sleep-en\/bed-en\/blankets-en\/blanket-0-3m-en\/manta-safari-0-3-meses\/#breadcrumb","itemListElement":[{"@type":"ListItem","position":1,"name":"In\u00edcio","item":"https:\/\/gloopbaby.com\/en\/"},{"@type":"ListItem","position":2,"name":"Shop","item":"https:\/\/gloopbaby.com\/loja\/"},{"@type":"ListItem","position":3,"name":"Blanket Safari 0-3 months"}]},{"@type":"WebSite","@id":"https:\/\/gloopbaby.com\/en\/#website","url":"https:\/\/gloopbaby.com\/en\/","name":"Gloop Baby","description":"","publisher":{"@id":"https:\/\/gloopbaby.com\/en\/#organization"},"potentialAction":[{"@type":"SearchAction","target":{"@type":"EntryPoint","urlTemplate":"https:\/\/gloopbaby.com\/en\/?s={search_term_string}"},"query-input":{"@type":"PropertyValueSpecification","valueRequired":true,"valueName":"search_term_string"}}],"inLanguage":"en-US"},{"@type":"Organization","@id":"https:\/\/gloopbaby.com\/en\/#organization","name":"Gloop Baby","url":"https:\/\/gloopbaby.com\/en\/","logo":{"@type":"ImageObject","inLanguage":"en-US","@id":"https:\/\/gloopbaby.com\/en\/#\/schema\/logo\/image\/","url":"https:\/\/gloopbaby.com\/wp-content\/uploads\/2023\/06\/gloop-logo.svg","contentUrl":"https:\/\/gloopbaby.com\/wp-content\/uploads\/2023\/06\/gloop-logo.svg","width":100,"height":100,"caption":"Gloop Baby"},"image":{"@id":"https:\/\/gloopbaby.com\/en\/#\/schema\/logo\/image\/"}}]}},"_links":{"self":[{"href":"https:\/\/gloopbaby.com\/en\/wp-json\/wp\/v2\/product\/12255","targetHints":{"allow":["GET"]}}],"collection":[{"href":"https:\/\/gloopbaby.com\/en\/wp-json\/wp\/v2\/product"}],"about":[{"href":"https:\/\/gloopbaby.com\/en\/wp-json\/wp\/v2\/types\/product"}],"replies":[{"embeddable":true,"href":"https:\/\/gloopbaby.com\/en\/wp-json\/wp\/v2\/comments?post=12255"}],"wp:featuredmedia":[{"embeddable":true,"href":"https:\/\/gloopbaby.com\/en\/wp-json\/wp\/v2\/media\/33874"}],"wp:attachment":[{"href":"https:\/\/gloopbaby.com\/en\/wp-json\/wp\/v2\/media?parent=12255"}],"wp:term":[{"taxonomy":"product_brand","embeddable":true,"href":"https:\/\/gloopbaby.com\/en\/wp-json\/wp\/v2\/product_brand?post=12255"},{"taxonomy":"product_cat","embeddable":true,"href":"https:\/\/gloopbaby.com\/en\/wp-json\/wp\/v2\/product_cat?post=12255"},{"taxonomy":"product_tag","embeddable":true,"href":"https:\/\/gloopbaby.com\/en\/wp-json\/wp\/v2\/product_tag?post=12255"}],"curies":[{"name":"wp","href":"https:\/\/api.w.org\/{rel}","templated":true}]}}