{"id":10648,"date":"2023-06-21T09:19:55","date_gmt":"2023-06-21T09:19:55","guid":{"rendered":"https:\/\/gloopbaby.com\/produto\/almofada-de-amamentacao-soft-sky\/"},"modified":"2024-05-14T08:32:42","modified_gmt":"2024-05-14T08:32:42","slug":"almofada-de-amamentacao-soft-sky","status":"publish","type":"product","link":"https:\/\/gloopbaby.com\/en\/product\/breastfeeding\/breastfeeding-pillow\/almofada-de-amamentacao-soft-sky\/","title":{"rendered":"Breastfeeding Pillow Soft Sky"},"content":{"rendered":"<p>The breastfeeding pillow gloop! with big size gives you the perfect comfort at time of baby feeding. Allow also to support the baby in different occasions. The outside is made with our 100% organic cotton certified and the filling is polyester. Size: 160x30cm<\/p>\n","protected":false},"excerpt":{"rendered":"<p>The breastfeeding pillow gloop! with big size gives you the perfect comfort at time of baby feeding. Allow also to support the baby in different occasions. The outside is made with our 100% organic cotton certified and the filling is polyester. Size: 160x30cm<\/p>\n","protected":false},"featured_media":35432,"comment_status":"closed","ping_status":"closed","template":"","meta":{"_acf_changed":false},"product_brand":[],"product_cat":[1031,1114,1115,1075],"product_tag":[],"class_list":{"0":"post-10648","1":"product","2":"type-product","3":"status-publish","4":"has-post-thumbnail","6":"product_cat-bath-and-nursery-en","7":"product_cat-breastfeeding","8":"product_cat-breastfeeding-pillow","9":"product_cat-soft-sky-en","11":"first","12":"instock","13":"taxable","14":"shipping-taxable","15":"purchasable","16":"product-type-simple"},"acf":[],"yoast_head":"<!-- This site is optimized with the Yoast SEO plugin v27.3 - https:\/\/yoast.com\/product\/yoast-seo-wordpress\/ -->\n<title>Breastfeeding Pillow Soft Sky - Gloop Baby<\/title>\n<meta name=\"robots\" content=\"index, follow, max-snippet:-1, max-image-preview:large, max-video-preview:-1\" \/>\n<link rel=\"canonical\" href=\"https:\/\/gloopbaby.com\/en\/product\/breastfeeding\/breastfeeding-pillow\/almofada-de-amamentacao-soft-sky\/\" \/>\n<meta property=\"og:locale\" content=\"en_US\" \/>\n<meta property=\"og:type\" content=\"article\" \/>\n<meta property=\"og:title\" content=\"Breastfeeding Pillow Soft Sky - Gloop Baby\" \/>\n<meta property=\"og:description\" content=\"The breastfeeding pillow gloop! with big size gives you the perfect comfort at time of baby feeding. Allow also to support the baby in different occasions. The outside is made with our 100% organic cotton certified and the filling is polyester. Size: 160x30cm\" \/>\n<meta property=\"og:url\" content=\"https:\/\/gloopbaby.com\/en\/product\/breastfeeding\/breastfeeding-pillow\/almofada-de-amamentacao-soft-sky\/\" \/>\n<meta property=\"og:site_name\" content=\"Gloop Baby\" \/>\n<meta property=\"article:modified_time\" content=\"2024-05-14T08:32:42+00:00\" \/>\n<meta property=\"og:image\" content=\"https:\/\/gloopbaby.com\/wp-content\/uploads\/2023\/06\/almofada-soft-sky.jpg\" \/>\n\t<meta property=\"og:image:width\" content=\"1000\" \/>\n\t<meta property=\"og:image:height\" content=\"1500\" \/>\n\t<meta property=\"og:image:type\" content=\"image\/jpeg\" \/>\n<meta name=\"twitter:card\" content=\"summary_large_image\" \/>\n<script type=\"application\/ld+json\" class=\"yoast-schema-graph\">{\"@context\":\"https:\\\/\\\/schema.org\",\"@graph\":[{\"@type\":\"WebPage\",\"@id\":\"https:\\\/\\\/gloopbaby.com\\\/en\\\/product\\\/breastfeeding\\\/breastfeeding-pillow\\\/almofada-de-amamentacao-soft-sky\\\/\",\"url\":\"https:\\\/\\\/gloopbaby.com\\\/en\\\/product\\\/breastfeeding\\\/breastfeeding-pillow\\\/almofada-de-amamentacao-soft-sky\\\/\",\"name\":\"Breastfeeding Pillow Soft Sky - Gloop Baby\",\"isPartOf\":{\"@id\":\"https:\\\/\\\/gloopbaby.com\\\/en\\\/#website\"},\"primaryImageOfPage\":{\"@id\":\"https:\\\/\\\/gloopbaby.com\\\/en\\\/product\\\/breastfeeding\\\/breastfeeding-pillow\\\/almofada-de-amamentacao-soft-sky\\\/#primaryimage\"},\"image\":{\"@id\":\"https:\\\/\\\/gloopbaby.com\\\/en\\\/product\\\/breastfeeding\\\/breastfeeding-pillow\\\/almofada-de-amamentacao-soft-sky\\\/#primaryimage\"},\"thumbnailUrl\":\"https:\\\/\\\/gloopbaby.com\\\/wp-content\\\/uploads\\\/2023\\\/06\\\/almofada-soft-sky.jpg\",\"datePublished\":\"2023-06-21T09:19:55+00:00\",\"dateModified\":\"2024-05-14T08:32:42+00:00\",\"breadcrumb\":{\"@id\":\"https:\\\/\\\/gloopbaby.com\\\/en\\\/product\\\/breastfeeding\\\/breastfeeding-pillow\\\/almofada-de-amamentacao-soft-sky\\\/#breadcrumb\"},\"inLanguage\":\"en-US\",\"potentialAction\":[{\"@type\":\"ReadAction\",\"target\":[\"https:\\\/\\\/gloopbaby.com\\\/en\\\/product\\\/breastfeeding\\\/breastfeeding-pillow\\\/almofada-de-amamentacao-soft-sky\\\/\"]}]},{\"@type\":\"ImageObject\",\"inLanguage\":\"en-US\",\"@id\":\"https:\\\/\\\/gloopbaby.com\\\/en\\\/product\\\/breastfeeding\\\/breastfeeding-pillow\\\/almofada-de-amamentacao-soft-sky\\\/#primaryimage\",\"url\":\"https:\\\/\\\/gloopbaby.com\\\/wp-content\\\/uploads\\\/2023\\\/06\\\/almofada-soft-sky.jpg\",\"contentUrl\":\"https:\\\/\\\/gloopbaby.com\\\/wp-content\\\/uploads\\\/2023\\\/06\\\/almofada-soft-sky.jpg\",\"width\":1000,\"height\":1500,\"caption\":\"Almofada amamenta\u00e7\u00e3o em algod\u00e3o org\u00e2nico Soft Sky\"},{\"@type\":\"BreadcrumbList\",\"@id\":\"https:\\\/\\\/gloopbaby.com\\\/en\\\/product\\\/breastfeeding\\\/breastfeeding-pillow\\\/almofada-de-amamentacao-soft-sky\\\/#breadcrumb\",\"itemListElement\":[{\"@type\":\"ListItem\",\"position\":1,\"name\":\"In\u00edcio\",\"item\":\"https:\\\/\\\/gloopbaby.com\\\/en\\\/\"},{\"@type\":\"ListItem\",\"position\":2,\"name\":\"Shop\",\"item\":\"https:\\\/\\\/gloopbaby.com\\\/loja\\\/\"},{\"@type\":\"ListItem\",\"position\":3,\"name\":\"Breastfeeding Pillow Soft Sky\"}]},{\"@type\":\"WebSite\",\"@id\":\"https:\\\/\\\/gloopbaby.com\\\/en\\\/#website\",\"url\":\"https:\\\/\\\/gloopbaby.com\\\/en\\\/\",\"name\":\"Gloop Baby\",\"description\":\"\",\"publisher\":{\"@id\":\"https:\\\/\\\/gloopbaby.com\\\/en\\\/#organization\"},\"potentialAction\":[{\"@type\":\"SearchAction\",\"target\":{\"@type\":\"EntryPoint\",\"urlTemplate\":\"https:\\\/\\\/gloopbaby.com\\\/en\\\/?s={search_term_string}\"},\"query-input\":{\"@type\":\"PropertyValueSpecification\",\"valueRequired\":true,\"valueName\":\"search_term_string\"}}],\"inLanguage\":\"en-US\"},{\"@type\":\"Organization\",\"@id\":\"https:\\\/\\\/gloopbaby.com\\\/en\\\/#organization\",\"name\":\"Gloop Baby\",\"url\":\"https:\\\/\\\/gloopbaby.com\\\/en\\\/\",\"logo\":{\"@type\":\"ImageObject\",\"inLanguage\":\"en-US\",\"@id\":\"https:\\\/\\\/gloopbaby.com\\\/en\\\/#\\\/schema\\\/logo\\\/image\\\/\",\"url\":\"https:\\\/\\\/gloopbaby.com\\\/wp-content\\\/uploads\\\/2023\\\/06\\\/gloop-logo.svg\",\"contentUrl\":\"https:\\\/\\\/gloopbaby.com\\\/wp-content\\\/uploads\\\/2023\\\/06\\\/gloop-logo.svg\",\"width\":100,\"height\":100,\"caption\":\"Gloop Baby\"},\"image\":{\"@id\":\"https:\\\/\\\/gloopbaby.com\\\/en\\\/#\\\/schema\\\/logo\\\/image\\\/\"}}]}<\/script>\n<!-- \/ Yoast SEO plugin. -->","yoast_head_json":{"title":"Breastfeeding Pillow Soft Sky - Gloop Baby","robots":{"index":"index","follow":"follow","max-snippet":"max-snippet:-1","max-image-preview":"max-image-preview:large","max-video-preview":"max-video-preview:-1"},"canonical":"https:\/\/gloopbaby.com\/en\/product\/breastfeeding\/breastfeeding-pillow\/almofada-de-amamentacao-soft-sky\/","og_locale":"en_US","og_type":"article","og_title":"Breastfeeding Pillow Soft Sky - Gloop Baby","og_description":"The breastfeeding pillow gloop! with big size gives you the perfect comfort at time of baby feeding. Allow also to support the baby in different occasions. The outside is made with our 100% organic cotton certified and the filling is polyester. Size: 160x30cm","og_url":"https:\/\/gloopbaby.com\/en\/product\/breastfeeding\/breastfeeding-pillow\/almofada-de-amamentacao-soft-sky\/","og_site_name":"Gloop Baby","article_modified_time":"2024-05-14T08:32:42+00:00","og_image":[{"width":1000,"height":1500,"url":"https:\/\/gloopbaby.com\/wp-content\/uploads\/2023\/06\/almofada-soft-sky.jpg","type":"image\/jpeg"}],"twitter_card":"summary_large_image","schema":{"@context":"https:\/\/schema.org","@graph":[{"@type":"WebPage","@id":"https:\/\/gloopbaby.com\/en\/product\/breastfeeding\/breastfeeding-pillow\/almofada-de-amamentacao-soft-sky\/","url":"https:\/\/gloopbaby.com\/en\/product\/breastfeeding\/breastfeeding-pillow\/almofada-de-amamentacao-soft-sky\/","name":"Breastfeeding Pillow Soft Sky - Gloop Baby","isPartOf":{"@id":"https:\/\/gloopbaby.com\/en\/#website"},"primaryImageOfPage":{"@id":"https:\/\/gloopbaby.com\/en\/product\/breastfeeding\/breastfeeding-pillow\/almofada-de-amamentacao-soft-sky\/#primaryimage"},"image":{"@id":"https:\/\/gloopbaby.com\/en\/product\/breastfeeding\/breastfeeding-pillow\/almofada-de-amamentacao-soft-sky\/#primaryimage"},"thumbnailUrl":"https:\/\/gloopbaby.com\/wp-content\/uploads\/2023\/06\/almofada-soft-sky.jpg","datePublished":"2023-06-21T09:19:55+00:00","dateModified":"2024-05-14T08:32:42+00:00","breadcrumb":{"@id":"https:\/\/gloopbaby.com\/en\/product\/breastfeeding\/breastfeeding-pillow\/almofada-de-amamentacao-soft-sky\/#breadcrumb"},"inLanguage":"en-US","potentialAction":[{"@type":"ReadAction","target":["https:\/\/gloopbaby.com\/en\/product\/breastfeeding\/breastfeeding-pillow\/almofada-de-amamentacao-soft-sky\/"]}]},{"@type":"ImageObject","inLanguage":"en-US","@id":"https:\/\/gloopbaby.com\/en\/product\/breastfeeding\/breastfeeding-pillow\/almofada-de-amamentacao-soft-sky\/#primaryimage","url":"https:\/\/gloopbaby.com\/wp-content\/uploads\/2023\/06\/almofada-soft-sky.jpg","contentUrl":"https:\/\/gloopbaby.com\/wp-content\/uploads\/2023\/06\/almofada-soft-sky.jpg","width":1000,"height":1500,"caption":"Almofada amamenta\u00e7\u00e3o em algod\u00e3o org\u00e2nico Soft Sky"},{"@type":"BreadcrumbList","@id":"https:\/\/gloopbaby.com\/en\/product\/breastfeeding\/breastfeeding-pillow\/almofada-de-amamentacao-soft-sky\/#breadcrumb","itemListElement":[{"@type":"ListItem","position":1,"name":"In\u00edcio","item":"https:\/\/gloopbaby.com\/en\/"},{"@type":"ListItem","position":2,"name":"Shop","item":"https:\/\/gloopbaby.com\/loja\/"},{"@type":"ListItem","position":3,"name":"Breastfeeding Pillow Soft Sky"}]},{"@type":"WebSite","@id":"https:\/\/gloopbaby.com\/en\/#website","url":"https:\/\/gloopbaby.com\/en\/","name":"Gloop Baby","description":"","publisher":{"@id":"https:\/\/gloopbaby.com\/en\/#organization"},"potentialAction":[{"@type":"SearchAction","target":{"@type":"EntryPoint","urlTemplate":"https:\/\/gloopbaby.com\/en\/?s={search_term_string}"},"query-input":{"@type":"PropertyValueSpecification","valueRequired":true,"valueName":"search_term_string"}}],"inLanguage":"en-US"},{"@type":"Organization","@id":"https:\/\/gloopbaby.com\/en\/#organization","name":"Gloop Baby","url":"https:\/\/gloopbaby.com\/en\/","logo":{"@type":"ImageObject","inLanguage":"en-US","@id":"https:\/\/gloopbaby.com\/en\/#\/schema\/logo\/image\/","url":"https:\/\/gloopbaby.com\/wp-content\/uploads\/2023\/06\/gloop-logo.svg","contentUrl":"https:\/\/gloopbaby.com\/wp-content\/uploads\/2023\/06\/gloop-logo.svg","width":100,"height":100,"caption":"Gloop Baby"},"image":{"@id":"https:\/\/gloopbaby.com\/en\/#\/schema\/logo\/image\/"}}]}},"_links":{"self":[{"href":"https:\/\/gloopbaby.com\/en\/wp-json\/wp\/v2\/product\/10648","targetHints":{"allow":["GET"]}}],"collection":[{"href":"https:\/\/gloopbaby.com\/en\/wp-json\/wp\/v2\/product"}],"about":[{"href":"https:\/\/gloopbaby.com\/en\/wp-json\/wp\/v2\/types\/product"}],"replies":[{"embeddable":true,"href":"https:\/\/gloopbaby.com\/en\/wp-json\/wp\/v2\/comments?post=10648"}],"wp:featuredmedia":[{"embeddable":true,"href":"https:\/\/gloopbaby.com\/en\/wp-json\/wp\/v2\/media\/35432"}],"wp:attachment":[{"href":"https:\/\/gloopbaby.com\/en\/wp-json\/wp\/v2\/media?parent=10648"}],"wp:term":[{"taxonomy":"product_brand","embeddable":true,"href":"https:\/\/gloopbaby.com\/en\/wp-json\/wp\/v2\/product_brand?post=10648"},{"taxonomy":"product_cat","embeddable":true,"href":"https:\/\/gloopbaby.com\/en\/wp-json\/wp\/v2\/product_cat?post=10648"},{"taxonomy":"product_tag","embeddable":true,"href":"https:\/\/gloopbaby.com\/en\/wp-json\/wp\/v2\/product_tag?post=10648"}],"curies":[{"name":"wp","href":"https:\/\/api.w.org\/{rel}","templated":true}]}}