{"id":10605,"date":"2023-06-21T09:22:26","date_gmt":"2023-06-21T09:22:26","guid":{"rendered":"https:\/\/gloopbaby.com\/produto\/capa-de-edredon-fronha-de-almofada-enchimento-soft-sky\/"},"modified":"2023-10-31T12:03:45","modified_gmt":"2023-10-31T12:03:45","slug":"capa-de-edredon-fronha-de-almofada-enchimento-soft-sky","status":"publish","type":"product","link":"https:\/\/gloopbaby.com\/en\/product\/home-and-sleep-en\/bed-en\/duvet-en\/pack-duvet-cover-en\/capa-de-edredon-fronha-de-almofada-enchimento-soft-sky\/","title":{"rendered":"Pack Duvet Cover + Filling + Pillowcase Soft Sky"},"content":{"rendered":"<p>The pack cover + duvet gloop! is perfect for keeping your baby warm and cosy at night. It is quite easy to separate the parts to be washed. The outside is made with our 100% organic cotton certified and the filling is polyester. Size: Duvet cover- 100x140cm | Pillowcase- 40x60cm<br \/>\nNote: White filling for duvet cover.<\/p>\n","protected":false},"excerpt":{"rendered":"<p>The pack cover + duvet gloop! is perfect for keeping your baby warm and cosy at night. It is quite easy to separate the parts to be washed. The outside is made with our 100% organic cotton certified and the filling is polyester. Size: Duvet cover- 100x140cm | Pillowcase- 40x60cm Note: White filling for duvet [&hellip;]<\/p>\n","protected":false},"featured_media":35331,"comment_status":"closed","ping_status":"closed","template":"","meta":{"_acf_changed":false},"product_brand":[],"product_cat":[1048,1033,1049,1034,1145,1075],"product_tag":[],"class_list":{"0":"post-10605","1":"product","2":"type-product","3":"status-publish","4":"has-post-thumbnail","6":"product_cat-bed-en","7":"product_cat-collections-en","8":"product_cat-duvet-en","9":"product_cat-home-and-sleep-en","10":"product_cat-pack-duvet-cover-en","11":"product_cat-soft-sky-en","13":"first","14":"instock","15":"taxable","16":"shipping-taxable","17":"purchasable","18":"product-type-simple"},"acf":[],"yoast_head":"<!-- This site is optimized with the Yoast SEO plugin v27.3 - https:\/\/yoast.com\/product\/yoast-seo-wordpress\/ -->\n<title>Pack Duvet Cover + Filling + Pillowcase Soft Sky - Gloop Baby<\/title>\n<meta name=\"robots\" content=\"index, follow, max-snippet:-1, max-image-preview:large, max-video-preview:-1\" \/>\n<link rel=\"canonical\" href=\"https:\/\/gloopbaby.com\/en\/product\/home-and-sleep-en\/bed-en\/duvet-en\/pack-duvet-cover-en\/capa-de-edredon-fronha-de-almofada-enchimento-soft-sky\/\" \/>\n<meta property=\"og:locale\" content=\"en_US\" \/>\n<meta property=\"og:type\" content=\"article\" \/>\n<meta property=\"og:title\" content=\"Pack Duvet Cover + Filling + Pillowcase Soft Sky - Gloop Baby\" \/>\n<meta property=\"og:description\" content=\"The pack cover + duvet gloop! is perfect for keeping your baby warm and cosy at night. It is quite easy to separate the parts to be washed. The outside is made with our 100% organic cotton certified and the filling is polyester. Size: Duvet cover- 100x140cm | Pillowcase- 40x60cm Note: White filling for duvet [&hellip;]\" \/>\n<meta property=\"og:url\" content=\"https:\/\/gloopbaby.com\/en\/product\/home-and-sleep-en\/bed-en\/duvet-en\/pack-duvet-cover-en\/capa-de-edredon-fronha-de-almofada-enchimento-soft-sky\/\" \/>\n<meta property=\"og:site_name\" content=\"Gloop Baby\" \/>\n<meta property=\"article:modified_time\" content=\"2023-10-31T12:03:45+00:00\" \/>\n<meta property=\"og:image\" content=\"https:\/\/gloopbaby.com\/wp-content\/uploads\/2023\/06\/edredon-soft-skty4.jpg\" \/>\n\t<meta property=\"og:image:width\" content=\"1000\" \/>\n\t<meta property=\"og:image:height\" content=\"1500\" \/>\n\t<meta property=\"og:image:type\" content=\"image\/jpeg\" \/>\n<meta name=\"twitter:card\" content=\"summary_large_image\" \/>\n<script type=\"application\/ld+json\" class=\"yoast-schema-graph\">{\"@context\":\"https:\\\/\\\/schema.org\",\"@graph\":[{\"@type\":\"WebPage\",\"@id\":\"https:\\\/\\\/gloopbaby.com\\\/en\\\/product\\\/home-and-sleep-en\\\/bed-en\\\/duvet-en\\\/pack-duvet-cover-en\\\/capa-de-edredon-fronha-de-almofada-enchimento-soft-sky\\\/\",\"url\":\"https:\\\/\\\/gloopbaby.com\\\/en\\\/product\\\/home-and-sleep-en\\\/bed-en\\\/duvet-en\\\/pack-duvet-cover-en\\\/capa-de-edredon-fronha-de-almofada-enchimento-soft-sky\\\/\",\"name\":\"Pack Duvet Cover + Filling + Pillowcase Soft Sky - Gloop Baby\",\"isPartOf\":{\"@id\":\"https:\\\/\\\/gloopbaby.com\\\/en\\\/#website\"},\"primaryImageOfPage\":{\"@id\":\"https:\\\/\\\/gloopbaby.com\\\/en\\\/product\\\/home-and-sleep-en\\\/bed-en\\\/duvet-en\\\/pack-duvet-cover-en\\\/capa-de-edredon-fronha-de-almofada-enchimento-soft-sky\\\/#primaryimage\"},\"image\":{\"@id\":\"https:\\\/\\\/gloopbaby.com\\\/en\\\/product\\\/home-and-sleep-en\\\/bed-en\\\/duvet-en\\\/pack-duvet-cover-en\\\/capa-de-edredon-fronha-de-almofada-enchimento-soft-sky\\\/#primaryimage\"},\"thumbnailUrl\":\"https:\\\/\\\/gloopbaby.com\\\/wp-content\\\/uploads\\\/2023\\\/06\\\/edredon-soft-skty4.jpg\",\"datePublished\":\"2023-06-21T09:22:26+00:00\",\"dateModified\":\"2023-10-31T12:03:45+00:00\",\"breadcrumb\":{\"@id\":\"https:\\\/\\\/gloopbaby.com\\\/en\\\/product\\\/home-and-sleep-en\\\/bed-en\\\/duvet-en\\\/pack-duvet-cover-en\\\/capa-de-edredon-fronha-de-almofada-enchimento-soft-sky\\\/#breadcrumb\"},\"inLanguage\":\"en-US\",\"potentialAction\":[{\"@type\":\"ReadAction\",\"target\":[\"https:\\\/\\\/gloopbaby.com\\\/en\\\/product\\\/home-and-sleep-en\\\/bed-en\\\/duvet-en\\\/pack-duvet-cover-en\\\/capa-de-edredon-fronha-de-almofada-enchimento-soft-sky\\\/\"]}]},{\"@type\":\"ImageObject\",\"inLanguage\":\"en-US\",\"@id\":\"https:\\\/\\\/gloopbaby.com\\\/en\\\/product\\\/home-and-sleep-en\\\/bed-en\\\/duvet-en\\\/pack-duvet-cover-en\\\/capa-de-edredon-fronha-de-almofada-enchimento-soft-sky\\\/#primaryimage\",\"url\":\"https:\\\/\\\/gloopbaby.com\\\/wp-content\\\/uploads\\\/2023\\\/06\\\/edredon-soft-skty4.jpg\",\"contentUrl\":\"https:\\\/\\\/gloopbaby.com\\\/wp-content\\\/uploads\\\/2023\\\/06\\\/edredon-soft-skty4.jpg\",\"width\":1000,\"height\":1500,\"caption\":\"Conjunto de edredon para beb\u00e9 com enchimento e fronha gloop baby em algod\u00e3o biol\u00f3gico\"},{\"@type\":\"BreadcrumbList\",\"@id\":\"https:\\\/\\\/gloopbaby.com\\\/en\\\/product\\\/home-and-sleep-en\\\/bed-en\\\/duvet-en\\\/pack-duvet-cover-en\\\/capa-de-edredon-fronha-de-almofada-enchimento-soft-sky\\\/#breadcrumb\",\"itemListElement\":[{\"@type\":\"ListItem\",\"position\":1,\"name\":\"In\u00edcio\",\"item\":\"https:\\\/\\\/gloopbaby.com\\\/en\\\/\"},{\"@type\":\"ListItem\",\"position\":2,\"name\":\"Shop\",\"item\":\"https:\\\/\\\/gloopbaby.com\\\/loja\\\/\"},{\"@type\":\"ListItem\",\"position\":3,\"name\":\"Pack Duvet Cover + Filling + Pillowcase Soft Sky\"}]},{\"@type\":\"WebSite\",\"@id\":\"https:\\\/\\\/gloopbaby.com\\\/en\\\/#website\",\"url\":\"https:\\\/\\\/gloopbaby.com\\\/en\\\/\",\"name\":\"Gloop Baby\",\"description\":\"\",\"publisher\":{\"@id\":\"https:\\\/\\\/gloopbaby.com\\\/en\\\/#organization\"},\"potentialAction\":[{\"@type\":\"SearchAction\",\"target\":{\"@type\":\"EntryPoint\",\"urlTemplate\":\"https:\\\/\\\/gloopbaby.com\\\/en\\\/?s={search_term_string}\"},\"query-input\":{\"@type\":\"PropertyValueSpecification\",\"valueRequired\":true,\"valueName\":\"search_term_string\"}}],\"inLanguage\":\"en-US\"},{\"@type\":\"Organization\",\"@id\":\"https:\\\/\\\/gloopbaby.com\\\/en\\\/#organization\",\"name\":\"Gloop Baby\",\"url\":\"https:\\\/\\\/gloopbaby.com\\\/en\\\/\",\"logo\":{\"@type\":\"ImageObject\",\"inLanguage\":\"en-US\",\"@id\":\"https:\\\/\\\/gloopbaby.com\\\/en\\\/#\\\/schema\\\/logo\\\/image\\\/\",\"url\":\"https:\\\/\\\/gloopbaby.com\\\/wp-content\\\/uploads\\\/2023\\\/06\\\/gloop-logo.svg\",\"contentUrl\":\"https:\\\/\\\/gloopbaby.com\\\/wp-content\\\/uploads\\\/2023\\\/06\\\/gloop-logo.svg\",\"width\":100,\"height\":100,\"caption\":\"Gloop Baby\"},\"image\":{\"@id\":\"https:\\\/\\\/gloopbaby.com\\\/en\\\/#\\\/schema\\\/logo\\\/image\\\/\"}}]}<\/script>\n<!-- \/ Yoast SEO plugin. -->","yoast_head_json":{"title":"Pack Duvet Cover + Filling + Pillowcase Soft Sky - Gloop Baby","robots":{"index":"index","follow":"follow","max-snippet":"max-snippet:-1","max-image-preview":"max-image-preview:large","max-video-preview":"max-video-preview:-1"},"canonical":"https:\/\/gloopbaby.com\/en\/product\/home-and-sleep-en\/bed-en\/duvet-en\/pack-duvet-cover-en\/capa-de-edredon-fronha-de-almofada-enchimento-soft-sky\/","og_locale":"en_US","og_type":"article","og_title":"Pack Duvet Cover + Filling + Pillowcase Soft Sky - Gloop Baby","og_description":"The pack cover + duvet gloop! is perfect for keeping your baby warm and cosy at night. It is quite easy to separate the parts to be washed. The outside is made with our 100% organic cotton certified and the filling is polyester. Size: Duvet cover- 100x140cm | Pillowcase- 40x60cm Note: White filling for duvet [&hellip;]","og_url":"https:\/\/gloopbaby.com\/en\/product\/home-and-sleep-en\/bed-en\/duvet-en\/pack-duvet-cover-en\/capa-de-edredon-fronha-de-almofada-enchimento-soft-sky\/","og_site_name":"Gloop Baby","article_modified_time":"2023-10-31T12:03:45+00:00","og_image":[{"width":1000,"height":1500,"url":"https:\/\/gloopbaby.com\/wp-content\/uploads\/2023\/06\/edredon-soft-skty4.jpg","type":"image\/jpeg"}],"twitter_card":"summary_large_image","schema":{"@context":"https:\/\/schema.org","@graph":[{"@type":"WebPage","@id":"https:\/\/gloopbaby.com\/en\/product\/home-and-sleep-en\/bed-en\/duvet-en\/pack-duvet-cover-en\/capa-de-edredon-fronha-de-almofada-enchimento-soft-sky\/","url":"https:\/\/gloopbaby.com\/en\/product\/home-and-sleep-en\/bed-en\/duvet-en\/pack-duvet-cover-en\/capa-de-edredon-fronha-de-almofada-enchimento-soft-sky\/","name":"Pack Duvet Cover + Filling + Pillowcase Soft Sky - Gloop Baby","isPartOf":{"@id":"https:\/\/gloopbaby.com\/en\/#website"},"primaryImageOfPage":{"@id":"https:\/\/gloopbaby.com\/en\/product\/home-and-sleep-en\/bed-en\/duvet-en\/pack-duvet-cover-en\/capa-de-edredon-fronha-de-almofada-enchimento-soft-sky\/#primaryimage"},"image":{"@id":"https:\/\/gloopbaby.com\/en\/product\/home-and-sleep-en\/bed-en\/duvet-en\/pack-duvet-cover-en\/capa-de-edredon-fronha-de-almofada-enchimento-soft-sky\/#primaryimage"},"thumbnailUrl":"https:\/\/gloopbaby.com\/wp-content\/uploads\/2023\/06\/edredon-soft-skty4.jpg","datePublished":"2023-06-21T09:22:26+00:00","dateModified":"2023-10-31T12:03:45+00:00","breadcrumb":{"@id":"https:\/\/gloopbaby.com\/en\/product\/home-and-sleep-en\/bed-en\/duvet-en\/pack-duvet-cover-en\/capa-de-edredon-fronha-de-almofada-enchimento-soft-sky\/#breadcrumb"},"inLanguage":"en-US","potentialAction":[{"@type":"ReadAction","target":["https:\/\/gloopbaby.com\/en\/product\/home-and-sleep-en\/bed-en\/duvet-en\/pack-duvet-cover-en\/capa-de-edredon-fronha-de-almofada-enchimento-soft-sky\/"]}]},{"@type":"ImageObject","inLanguage":"en-US","@id":"https:\/\/gloopbaby.com\/en\/product\/home-and-sleep-en\/bed-en\/duvet-en\/pack-duvet-cover-en\/capa-de-edredon-fronha-de-almofada-enchimento-soft-sky\/#primaryimage","url":"https:\/\/gloopbaby.com\/wp-content\/uploads\/2023\/06\/edredon-soft-skty4.jpg","contentUrl":"https:\/\/gloopbaby.com\/wp-content\/uploads\/2023\/06\/edredon-soft-skty4.jpg","width":1000,"height":1500,"caption":"Conjunto de edredon para beb\u00e9 com enchimento e fronha gloop baby em algod\u00e3o biol\u00f3gico"},{"@type":"BreadcrumbList","@id":"https:\/\/gloopbaby.com\/en\/product\/home-and-sleep-en\/bed-en\/duvet-en\/pack-duvet-cover-en\/capa-de-edredon-fronha-de-almofada-enchimento-soft-sky\/#breadcrumb","itemListElement":[{"@type":"ListItem","position":1,"name":"In\u00edcio","item":"https:\/\/gloopbaby.com\/en\/"},{"@type":"ListItem","position":2,"name":"Shop","item":"https:\/\/gloopbaby.com\/loja\/"},{"@type":"ListItem","position":3,"name":"Pack Duvet Cover + Filling + Pillowcase Soft Sky"}]},{"@type":"WebSite","@id":"https:\/\/gloopbaby.com\/en\/#website","url":"https:\/\/gloopbaby.com\/en\/","name":"Gloop Baby","description":"","publisher":{"@id":"https:\/\/gloopbaby.com\/en\/#organization"},"potentialAction":[{"@type":"SearchAction","target":{"@type":"EntryPoint","urlTemplate":"https:\/\/gloopbaby.com\/en\/?s={search_term_string}"},"query-input":{"@type":"PropertyValueSpecification","valueRequired":true,"valueName":"search_term_string"}}],"inLanguage":"en-US"},{"@type":"Organization","@id":"https:\/\/gloopbaby.com\/en\/#organization","name":"Gloop Baby","url":"https:\/\/gloopbaby.com\/en\/","logo":{"@type":"ImageObject","inLanguage":"en-US","@id":"https:\/\/gloopbaby.com\/en\/#\/schema\/logo\/image\/","url":"https:\/\/gloopbaby.com\/wp-content\/uploads\/2023\/06\/gloop-logo.svg","contentUrl":"https:\/\/gloopbaby.com\/wp-content\/uploads\/2023\/06\/gloop-logo.svg","width":100,"height":100,"caption":"Gloop Baby"},"image":{"@id":"https:\/\/gloopbaby.com\/en\/#\/schema\/logo\/image\/"}}]}},"_links":{"self":[{"href":"https:\/\/gloopbaby.com\/en\/wp-json\/wp\/v2\/product\/10605","targetHints":{"allow":["GET"]}}],"collection":[{"href":"https:\/\/gloopbaby.com\/en\/wp-json\/wp\/v2\/product"}],"about":[{"href":"https:\/\/gloopbaby.com\/en\/wp-json\/wp\/v2\/types\/product"}],"replies":[{"embeddable":true,"href":"https:\/\/gloopbaby.com\/en\/wp-json\/wp\/v2\/comments?post=10605"}],"wp:featuredmedia":[{"embeddable":true,"href":"https:\/\/gloopbaby.com\/en\/wp-json\/wp\/v2\/media\/35331"}],"wp:attachment":[{"href":"https:\/\/gloopbaby.com\/en\/wp-json\/wp\/v2\/media?parent=10605"}],"wp:term":[{"taxonomy":"product_brand","embeddable":true,"href":"https:\/\/gloopbaby.com\/en\/wp-json\/wp\/v2\/product_brand?post=10605"},{"taxonomy":"product_cat","embeddable":true,"href":"https:\/\/gloopbaby.com\/en\/wp-json\/wp\/v2\/product_cat?post=10605"},{"taxonomy":"product_tag","embeddable":true,"href":"https:\/\/gloopbaby.com\/en\/wp-json\/wp\/v2\/product_tag?post=10605"}],"curies":[{"name":"wp","href":"https:\/\/api.w.org\/{rel}","templated":true}]}}