{"id":10219,"date":"2023-06-21T11:36:49","date_gmt":"2023-06-21T11:36:49","guid":{"rendered":"https:\/\/gloopbaby.com\/produto\/manta-farm-0-3-meses\/"},"modified":"2024-05-13T08:59:15","modified_gmt":"2024-05-13T08:59:15","slug":"manta-farm-0-3-meses","status":"publish","type":"product","link":"https:\/\/gloopbaby.com\/en\/product\/home-and-sleep-en\/bed-en\/blankets-en\/blanket-0-3m-en\/manta-farm-0-3-meses\/","title":{"rendered":"Blanket Farm 0-3 months"},"content":{"rendered":"<p>Blanket 0-3 months gloop! with its cosy texture is practical and comfortable. Perfect to go along with the baby at sleeping nights or during the day to feel cosy. The outside is made with our 100% organic cotton. Size: 65x75cm<\/p>\n","protected":false},"excerpt":{"rendered":"<p>Blanket 0-3 months gloop! with its cosy texture is practical and comfortable. Perfect to go along with the baby at sleeping nights or during the day to feel cosy. The outside is made with our 100% organic cotton. Size: 65x75cm<\/p>\n","protected":false},"featured_media":112758,"comment_status":"closed","ping_status":"closed","template":"","meta":{"_acf_changed":false},"product_brand":[],"product_cat":[1048,1152,1143,1069,1034],"product_tag":[],"class_list":{"0":"post-10219","1":"product","2":"type-product","3":"status-publish","4":"has-post-thumbnail","6":"product_cat-bed-en","7":"product_cat-blanket-0-3m-en","8":"product_cat-blankets-en","9":"product_cat-farm-en","10":"product_cat-home-and-sleep-en","12":"first","13":"instock","14":"taxable","15":"shipping-taxable","16":"purchasable","17":"product-type-simple"},"acf":[],"yoast_head":"<!-- This site is optimized with the Yoast SEO plugin v27.3 - https:\/\/yoast.com\/product\/yoast-seo-wordpress\/ -->\n<title>Blanket Farm 0-3 months - Gloop Baby<\/title>\n<meta name=\"robots\" content=\"index, follow, max-snippet:-1, max-image-preview:large, max-video-preview:-1\" \/>\n<link rel=\"canonical\" href=\"https:\/\/gloopbaby.com\/en\/product\/home-and-sleep-en\/bed-en\/blankets-en\/blanket-0-3m-en\/manta-farm-0-3-meses\/\" \/>\n<meta property=\"og:locale\" content=\"en_US\" \/>\n<meta property=\"og:type\" content=\"article\" \/>\n<meta property=\"og:title\" content=\"Blanket Farm 0-3 months - Gloop Baby\" \/>\n<meta property=\"og:description\" content=\"Blanket 0-3 months gloop! with its cosy texture is practical and comfortable. Perfect to go along with the baby at sleeping nights or during the day to feel cosy. The outside is made with our 100% organic cotton. Size: 65x75cm\" \/>\n<meta property=\"og:url\" content=\"https:\/\/gloopbaby.com\/en\/product\/home-and-sleep-en\/bed-en\/blankets-en\/blanket-0-3m-en\/manta-farm-0-3-meses\/\" \/>\n<meta property=\"og:site_name\" content=\"Gloop Baby\" \/>\n<meta property=\"article:modified_time\" content=\"2024-05-13T08:59:15+00:00\" \/>\n<meta property=\"og:image\" content=\"https:\/\/gloopbaby.com\/wp-content\/uploads\/2023\/06\/manta-3.jpg\" \/>\n\t<meta property=\"og:image:width\" content=\"600\" \/>\n\t<meta property=\"og:image:height\" content=\"900\" \/>\n\t<meta property=\"og:image:type\" content=\"image\/jpeg\" \/>\n<meta name=\"twitter:card\" content=\"summary_large_image\" \/>\n<script type=\"application\/ld+json\" class=\"yoast-schema-graph\">{\"@context\":\"https:\\\/\\\/schema.org\",\"@graph\":[{\"@type\":\"WebPage\",\"@id\":\"https:\\\/\\\/gloopbaby.com\\\/en\\\/product\\\/home-and-sleep-en\\\/bed-en\\\/blankets-en\\\/blanket-0-3m-en\\\/manta-farm-0-3-meses\\\/\",\"url\":\"https:\\\/\\\/gloopbaby.com\\\/en\\\/product\\\/home-and-sleep-en\\\/bed-en\\\/blankets-en\\\/blanket-0-3m-en\\\/manta-farm-0-3-meses\\\/\",\"name\":\"Blanket Farm 0-3 months - Gloop Baby\",\"isPartOf\":{\"@id\":\"https:\\\/\\\/gloopbaby.com\\\/en\\\/#website\"},\"primaryImageOfPage\":{\"@id\":\"https:\\\/\\\/gloopbaby.com\\\/en\\\/product\\\/home-and-sleep-en\\\/bed-en\\\/blankets-en\\\/blanket-0-3m-en\\\/manta-farm-0-3-meses\\\/#primaryimage\"},\"image\":{\"@id\":\"https:\\\/\\\/gloopbaby.com\\\/en\\\/product\\\/home-and-sleep-en\\\/bed-en\\\/blankets-en\\\/blanket-0-3m-en\\\/manta-farm-0-3-meses\\\/#primaryimage\"},\"thumbnailUrl\":\"https:\\\/\\\/gloopbaby.com\\\/wp-content\\\/uploads\\\/2023\\\/06\\\/manta-3.jpg\",\"datePublished\":\"2023-06-21T11:36:49+00:00\",\"dateModified\":\"2024-05-13T08:59:15+00:00\",\"breadcrumb\":{\"@id\":\"https:\\\/\\\/gloopbaby.com\\\/en\\\/product\\\/home-and-sleep-en\\\/bed-en\\\/blankets-en\\\/blanket-0-3m-en\\\/manta-farm-0-3-meses\\\/#breadcrumb\"},\"inLanguage\":\"en-US\",\"potentialAction\":[{\"@type\":\"ReadAction\",\"target\":[\"https:\\\/\\\/gloopbaby.com\\\/en\\\/product\\\/home-and-sleep-en\\\/bed-en\\\/blankets-en\\\/blanket-0-3m-en\\\/manta-farm-0-3-meses\\\/\"]}]},{\"@type\":\"ImageObject\",\"inLanguage\":\"en-US\",\"@id\":\"https:\\\/\\\/gloopbaby.com\\\/en\\\/product\\\/home-and-sleep-en\\\/bed-en\\\/blankets-en\\\/blanket-0-3m-en\\\/manta-farm-0-3-meses\\\/#primaryimage\",\"url\":\"https:\\\/\\\/gloopbaby.com\\\/wp-content\\\/uploads\\\/2023\\\/06\\\/manta-3.jpg\",\"contentUrl\":\"https:\\\/\\\/gloopbaby.com\\\/wp-content\\\/uploads\\\/2023\\\/06\\\/manta-3.jpg\",\"width\":600,\"height\":900,\"caption\":\"Manta de algod\u00e3o biol\u00f3gico gloop para beb\u00e9 0-3 meses\"},{\"@type\":\"BreadcrumbList\",\"@id\":\"https:\\\/\\\/gloopbaby.com\\\/en\\\/product\\\/home-and-sleep-en\\\/bed-en\\\/blankets-en\\\/blanket-0-3m-en\\\/manta-farm-0-3-meses\\\/#breadcrumb\",\"itemListElement\":[{\"@type\":\"ListItem\",\"position\":1,\"name\":\"In\u00edcio\",\"item\":\"https:\\\/\\\/gloopbaby.com\\\/en\\\/\"},{\"@type\":\"ListItem\",\"position\":2,\"name\":\"Shop\",\"item\":\"https:\\\/\\\/gloopbaby.com\\\/loja\\\/\"},{\"@type\":\"ListItem\",\"position\":3,\"name\":\"Blanket Farm 0-3 months\"}]},{\"@type\":\"WebSite\",\"@id\":\"https:\\\/\\\/gloopbaby.com\\\/en\\\/#website\",\"url\":\"https:\\\/\\\/gloopbaby.com\\\/en\\\/\",\"name\":\"Gloop Baby\",\"description\":\"\",\"publisher\":{\"@id\":\"https:\\\/\\\/gloopbaby.com\\\/en\\\/#organization\"},\"potentialAction\":[{\"@type\":\"SearchAction\",\"target\":{\"@type\":\"EntryPoint\",\"urlTemplate\":\"https:\\\/\\\/gloopbaby.com\\\/en\\\/?s={search_term_string}\"},\"query-input\":{\"@type\":\"PropertyValueSpecification\",\"valueRequired\":true,\"valueName\":\"search_term_string\"}}],\"inLanguage\":\"en-US\"},{\"@type\":\"Organization\",\"@id\":\"https:\\\/\\\/gloopbaby.com\\\/en\\\/#organization\",\"name\":\"Gloop Baby\",\"url\":\"https:\\\/\\\/gloopbaby.com\\\/en\\\/\",\"logo\":{\"@type\":\"ImageObject\",\"inLanguage\":\"en-US\",\"@id\":\"https:\\\/\\\/gloopbaby.com\\\/en\\\/#\\\/schema\\\/logo\\\/image\\\/\",\"url\":\"https:\\\/\\\/gloopbaby.com\\\/wp-content\\\/uploads\\\/2023\\\/06\\\/gloop-logo.svg\",\"contentUrl\":\"https:\\\/\\\/gloopbaby.com\\\/wp-content\\\/uploads\\\/2023\\\/06\\\/gloop-logo.svg\",\"width\":100,\"height\":100,\"caption\":\"Gloop Baby\"},\"image\":{\"@id\":\"https:\\\/\\\/gloopbaby.com\\\/en\\\/#\\\/schema\\\/logo\\\/image\\\/\"}}]}<\/script>\n<!-- \/ Yoast SEO plugin. -->","yoast_head_json":{"title":"Blanket Farm 0-3 months - Gloop Baby","robots":{"index":"index","follow":"follow","max-snippet":"max-snippet:-1","max-image-preview":"max-image-preview:large","max-video-preview":"max-video-preview:-1"},"canonical":"https:\/\/gloopbaby.com\/en\/product\/home-and-sleep-en\/bed-en\/blankets-en\/blanket-0-3m-en\/manta-farm-0-3-meses\/","og_locale":"en_US","og_type":"article","og_title":"Blanket Farm 0-3 months - Gloop Baby","og_description":"Blanket 0-3 months gloop! with its cosy texture is practical and comfortable. Perfect to go along with the baby at sleeping nights or during the day to feel cosy. The outside is made with our 100% organic cotton. Size: 65x75cm","og_url":"https:\/\/gloopbaby.com\/en\/product\/home-and-sleep-en\/bed-en\/blankets-en\/blanket-0-3m-en\/manta-farm-0-3-meses\/","og_site_name":"Gloop Baby","article_modified_time":"2024-05-13T08:59:15+00:00","og_image":[{"width":600,"height":900,"url":"https:\/\/gloopbaby.com\/wp-content\/uploads\/2023\/06\/manta-3.jpg","type":"image\/jpeg"}],"twitter_card":"summary_large_image","schema":{"@context":"https:\/\/schema.org","@graph":[{"@type":"WebPage","@id":"https:\/\/gloopbaby.com\/en\/product\/home-and-sleep-en\/bed-en\/blankets-en\/blanket-0-3m-en\/manta-farm-0-3-meses\/","url":"https:\/\/gloopbaby.com\/en\/product\/home-and-sleep-en\/bed-en\/blankets-en\/blanket-0-3m-en\/manta-farm-0-3-meses\/","name":"Blanket Farm 0-3 months - Gloop Baby","isPartOf":{"@id":"https:\/\/gloopbaby.com\/en\/#website"},"primaryImageOfPage":{"@id":"https:\/\/gloopbaby.com\/en\/product\/home-and-sleep-en\/bed-en\/blankets-en\/blanket-0-3m-en\/manta-farm-0-3-meses\/#primaryimage"},"image":{"@id":"https:\/\/gloopbaby.com\/en\/product\/home-and-sleep-en\/bed-en\/blankets-en\/blanket-0-3m-en\/manta-farm-0-3-meses\/#primaryimage"},"thumbnailUrl":"https:\/\/gloopbaby.com\/wp-content\/uploads\/2023\/06\/manta-3.jpg","datePublished":"2023-06-21T11:36:49+00:00","dateModified":"2024-05-13T08:59:15+00:00","breadcrumb":{"@id":"https:\/\/gloopbaby.com\/en\/product\/home-and-sleep-en\/bed-en\/blankets-en\/blanket-0-3m-en\/manta-farm-0-3-meses\/#breadcrumb"},"inLanguage":"en-US","potentialAction":[{"@type":"ReadAction","target":["https:\/\/gloopbaby.com\/en\/product\/home-and-sleep-en\/bed-en\/blankets-en\/blanket-0-3m-en\/manta-farm-0-3-meses\/"]}]},{"@type":"ImageObject","inLanguage":"en-US","@id":"https:\/\/gloopbaby.com\/en\/product\/home-and-sleep-en\/bed-en\/blankets-en\/blanket-0-3m-en\/manta-farm-0-3-meses\/#primaryimage","url":"https:\/\/gloopbaby.com\/wp-content\/uploads\/2023\/06\/manta-3.jpg","contentUrl":"https:\/\/gloopbaby.com\/wp-content\/uploads\/2023\/06\/manta-3.jpg","width":600,"height":900,"caption":"Manta de algod\u00e3o biol\u00f3gico gloop para beb\u00e9 0-3 meses"},{"@type":"BreadcrumbList","@id":"https:\/\/gloopbaby.com\/en\/product\/home-and-sleep-en\/bed-en\/blankets-en\/blanket-0-3m-en\/manta-farm-0-3-meses\/#breadcrumb","itemListElement":[{"@type":"ListItem","position":1,"name":"In\u00edcio","item":"https:\/\/gloopbaby.com\/en\/"},{"@type":"ListItem","position":2,"name":"Shop","item":"https:\/\/gloopbaby.com\/loja\/"},{"@type":"ListItem","position":3,"name":"Blanket Farm 0-3 months"}]},{"@type":"WebSite","@id":"https:\/\/gloopbaby.com\/en\/#website","url":"https:\/\/gloopbaby.com\/en\/","name":"Gloop Baby","description":"","publisher":{"@id":"https:\/\/gloopbaby.com\/en\/#organization"},"potentialAction":[{"@type":"SearchAction","target":{"@type":"EntryPoint","urlTemplate":"https:\/\/gloopbaby.com\/en\/?s={search_term_string}"},"query-input":{"@type":"PropertyValueSpecification","valueRequired":true,"valueName":"search_term_string"}}],"inLanguage":"en-US"},{"@type":"Organization","@id":"https:\/\/gloopbaby.com\/en\/#organization","name":"Gloop Baby","url":"https:\/\/gloopbaby.com\/en\/","logo":{"@type":"ImageObject","inLanguage":"en-US","@id":"https:\/\/gloopbaby.com\/en\/#\/schema\/logo\/image\/","url":"https:\/\/gloopbaby.com\/wp-content\/uploads\/2023\/06\/gloop-logo.svg","contentUrl":"https:\/\/gloopbaby.com\/wp-content\/uploads\/2023\/06\/gloop-logo.svg","width":100,"height":100,"caption":"Gloop Baby"},"image":{"@id":"https:\/\/gloopbaby.com\/en\/#\/schema\/logo\/image\/"}}]}},"_links":{"self":[{"href":"https:\/\/gloopbaby.com\/en\/wp-json\/wp\/v2\/product\/10219","targetHints":{"allow":["GET"]}}],"collection":[{"href":"https:\/\/gloopbaby.com\/en\/wp-json\/wp\/v2\/product"}],"about":[{"href":"https:\/\/gloopbaby.com\/en\/wp-json\/wp\/v2\/types\/product"}],"replies":[{"embeddable":true,"href":"https:\/\/gloopbaby.com\/en\/wp-json\/wp\/v2\/comments?post=10219"}],"wp:featuredmedia":[{"embeddable":true,"href":"https:\/\/gloopbaby.com\/en\/wp-json\/wp\/v2\/media\/112758"}],"wp:attachment":[{"href":"https:\/\/gloopbaby.com\/en\/wp-json\/wp\/v2\/media?parent=10219"}],"wp:term":[{"taxonomy":"product_brand","embeddable":true,"href":"https:\/\/gloopbaby.com\/en\/wp-json\/wp\/v2\/product_brand?post=10219"},{"taxonomy":"product_cat","embeddable":true,"href":"https:\/\/gloopbaby.com\/en\/wp-json\/wp\/v2\/product_cat?post=10219"},{"taxonomy":"product_tag","embeddable":true,"href":"https:\/\/gloopbaby.com\/en\/wp-json\/wp\/v2\/product_tag?post=10219"}],"curies":[{"name":"wp","href":"https:\/\/api.w.org\/{rel}","templated":true}]}}