{"id":137643,"date":"2025-09-30T14:23:46","date_gmt":"2025-09-30T14:23:46","guid":{"rendered":"https:\/\/gloopbaby.com\/faqs\/"},"modified":"2025-10-31T12:29:04","modified_gmt":"2025-10-31T12:29:04","slug":"faqs","status":"publish","type":"page","link":"https:\/\/gloopbaby.com\/en\/faqs\/","title":{"rendered":"FAQ&#8217;s"},"content":{"rendered":"\t\t<div data-elementor-type=\"wp-page\" data-elementor-id=\"137643\" class=\"elementor elementor-137643 elementor-137639\" data-elementor-post-type=\"page\">\n\t\t\t\t<div class=\"elementor-element elementor-element-29a09493 e-flex e-con-boxed e-con e-parent\" data-id=\"29a09493\" data-element_type=\"container\" data-e-type=\"container\">\n\t\t\t\t\t<div class=\"e-con-inner\">\n\t\t\t\t<div class=\"elementor-element elementor-element-15642002 elementor-widget elementor-widget-text-editor\" data-id=\"15642002\" data-element_type=\"widget\" data-e-type=\"widget\" data-widget_type=\"text-editor.default\">\n\t\t\t\t<div class=\"elementor-widget-container\">\n\t\t\t\t\t\t\t\t\t<h3><strong>Deliveries <\/strong><\/h3>\n<ul class=\"wp-block-list\">\n<li style=\"list-style-type: none;\">&nbsp;<\/li>\n<\/ul>\n<ul class=\"wp-block-list\">\n<li style=\"list-style-type: none;\">\n<ul class=\"wp-block-list\">\n<li><strong>What are the delivery costs and times?<\/strong><\/li>\n<\/ul>\n<\/li>\n<\/ul>\n<figure class=\"wp-block-table\">\n<table class=\"has-fixed-layout\">\n<tbody>\n<tr>\n<td><strong>Home Delivery<\/strong><\/td>\n<td><strong>Home Delivery*<\/strong><\/td>\n<td><strong>Delivery time<\/strong><\/td>\n<\/tr>\n<tr>\n<td>Mainland Portugal<\/td>\n<td>4,99\u20ac&nbsp;<\/td>\n<td>1 to 2 business days<\/td>\n<\/tr>\n<tr>\n<td>Madeira \/ Azores Islands<\/td>\n<td>6,95\u20ac<\/td>\n<td>2 to 5 business days<\/td>\n<\/tr>\n<tr>\n<td>Spain<\/td>\n<td>9.95\u20ac<\/td>\n<td>1 to 2 business days<\/td>\n<\/tr>\n<tr>\n<td>Europe<\/td>\n<td>9.95\u20ac<\/td>\n<td>2 to 5 business days<\/td>\n<\/tr>\n<tr>\n<td>UK<\/td>\n<td>24.95\u20ac<\/td>\n<td>&nbsp;<\/td>\n<\/tr>\n<tr>\n<td>Switzerland<\/td>\n<td>24.90\u20ac<\/td>\n<td>&nbsp;<\/td>\n<\/tr>\n<tr>\n<td>Others<\/td>\n<td>9.90\u20ac<\/td>\n<td>&#8211; &#8211; &#8211;&nbsp;<\/td>\n<\/tr>\n<\/tbody>\n<\/table>\n<\/figure>\n<p>*Free shipping from \u20ac100 (except Switzerland and UK).<\/p>\n<ul class=\"wp-block-list\">\n<li style=\"list-style-type: none;\">&nbsp;<\/li>\n<\/ul>\n<ul class=\"wp-block-list\">\n<li style=\"list-style-type: none;\">\n<ul class=\"wp-block-list\">\n<li><strong>How does the Gloop delivery service work? <\/strong>Once your order is ready, you&#8217;ll receive tracking information via email.<br>This email will include a tracking code and a link to access the carrier&#8217;s website and track your order&#8217;s delivery to your desired address.<\/li>\n<\/ul>\n<\/li>\n<\/ul>\n<ul class=\"wp-block-list\">\n<li style=\"list-style-type: none;\">\n<ul class=\"wp-block-list\">\n<li><strong>Can my order be shipped to another country?<\/strong><\/li>\n<\/ul>\n<\/li>\n<\/ul>\n<p>Yes, simply indicate in the delivery address the address to which we will send your order.<\/p>\n<p><\/p>\n<h3><strong>Exchange &amp; Return<\/strong><\/h3>\n<ul class=\"wp-block-list\">\n<li style=\"list-style-type: none;\">&nbsp;<\/li>\n<\/ul>\n<ul class=\"wp-block-list\">\n<li style=\"list-style-type: none;\">\n<ul class=\"wp-block-list\">\n<li><strong>What are the exchange or return conditions? <\/strong>After receiving your order, if there is a problem\/defect with the item, or if for any reason you regret or are not satisfied, you have 14 days to exchange or return the item purchased.<\/li>\n<\/ul>\n<\/li>\n<\/ul>\n<p>To do so, you must contact Gloop via email at geral@gloopbaby.com indicating the reason, the invoice number and the reference of the product to be returned or exchanged.<\/p>\n<p>Products to be returned or exchanged must be accompanied by the original packaging, with their labels intact and without any signs of use.<\/p>\n<p>Items must be properly protected to prevent damage during shipping. Shipping and\/or return costs are the customer&#8217;s sole responsibility. In the case of returns due to a defective item, Gloop will cover the shipping costs for the returned item.<\/p>\n<ul class=\"wp-block-list\">\n<li style=\"list-style-type: none;\">&nbsp;<\/li>\n<\/ul>\n<ul class=\"wp-block-list\">\n<li style=\"list-style-type: none;\">\n<ul class=\"wp-block-list\">\n<li><strong>How and when do I receive my refund? <\/strong>Refunds are always issued to the original payment method and processed within 14 days of receiving the items at the returns center.<\/li>\n<\/ul>\n<\/li>\n<\/ul>\n<p>You will receive an email notification confirming the arrival of your order at the collection center and the refund of the order amount.<\/p>\n<h3>&nbsp;<\/h3>\n<h3><strong>Payment methods<\/strong><\/h3>\n<ul class=\"wp-block-list\">\n<li style=\"list-style-type: none;\">&nbsp;<\/li>\n<\/ul>\n<p><strong>What payment methods are available?<\/strong><\/p>\n<p>We have the following payment methods available:<\/p>\n<ul class=\"wp-block-list\">\n<li style=\"list-style-type: none;\">&nbsp;<\/li>\n<\/ul>\n<ul class=\"wp-block-list\">\n<li style=\"list-style-type: none;\">\n<ul class=\"wp-block-list\">\n<li>MBWay<\/li>\n<\/ul>\n<\/li>\n<\/ul>\n<ul class=\"wp-block-list\">\n<li style=\"list-style-type: none;\">\n<ul class=\"wp-block-list\">\n<li>Ref. Multibanco<\/li>\n<\/ul>\n<\/li>\n<\/ul>\n<ul class=\"wp-block-list\">\n<li style=\"list-style-type: none;\">\n<ul class=\"wp-block-list\">\n<li>Visa<\/li>\n<\/ul>\n<\/li>\n<\/ul>\n<ul class=\"wp-block-list\">\n<li style=\"list-style-type: none;\">\n<ul class=\"wp-block-list\">\n<li>Mastercard<\/li>\n<\/ul>\n<\/li>\n<\/ul>\n<ul class=\"wp-block-list\">\n<li style=\"list-style-type: none;\">\n<ul class=\"wp-block-list\">\n<li>Apple Pay&nbsp;<\/li>\n<\/ul>\n<\/li>\n<\/ul>\n<ul class=\"wp-block-list\">\n<li style=\"list-style-type: none;\">\n<ul class=\"wp-block-list\">\n<li>Google Pay<\/li>\n<\/ul>\n<\/li>\n<\/ul>\n<ul class=\"wp-block-list\">\n<li style=\"list-style-type: none;\">\n<ul class=\"wp-block-list\">\n<li>Paypal<\/li>\n<\/ul>\n<\/li>\n<\/ul>\n<ul class=\"wp-block-list\">\n<li style=\"list-style-type: none;\">\n<ul class=\"wp-block-list\">\n<li>Bank Transfer<\/li>\n<\/ul>\n<\/li>\n<\/ul>\n<h3>&nbsp;<\/h3>\n<h3><strong>Order<\/strong><\/h3>\n<ul class=\"wp-block-list\">\n<li style=\"list-style-type: none;\">&nbsp;<\/li>\n<\/ul>\n<ul class=\"wp-block-list\">\n<li style=\"list-style-type: none;\">\n<ul class=\"wp-block-list\">\n<li><strong>Do I need to create an account? <\/strong>You don&#8217;t need to create an account on our website to place an order. You can also make a purchase as a &#8220;guest.&#8221;<\/li>\n<\/ul>\n<\/li>\n<\/ul>\n<ul class=\"wp-block-list\">\n<li style=\"list-style-type: none;\">\n<ul class=\"wp-block-list\">\n<li><strong>How do I make a purchase? <\/strong>You should start by viewing the items you want, and by navigating to the categories in the header, you can choose the type of product you want, for example: Babygrows, Muslins, Sleeping bag, Cot Bumpers, etc.\n<p>By clicking on the item, the product page will appear, where you&#8217;ll find the item in detail, including price, reference number, composition, and care instructions.<\/p>\n<\/li>\n<\/ul>\n<\/li>\n<\/ul>\n<p>Choose a size\/item and click &#8220;Add.&#8221; You can then choose to continue viewing items as described above or complete the ordering process. To begin the ordering process, click &#8220;View Cart.&#8221;<\/p>\n<p>If you have a coupon or promotional code that you would like to discount from your purchase, enter it and click &#8220;Apply Coupon.&#8221; Choose a size\/item and click &#8220;Add.&#8221; You can then choose to continue viewing items as described above or complete the ordering process. To begin the ordering process, click &#8220;View Cart.&#8221;<\/p>\n<p>If you have a coupon or promotional code that you would like to discount from your purchase, enter it and click &#8220;Apply Coupon.&#8221;<\/p>\n<p>To process your order, click &#8220;Finalize order.&#8221;<\/p>\n<p>Next, fill in the information to issue the invoice, as well as the desired payment method (ATM, MBWay, Apple Pay, Google Pay, Credit Card, PayPal, or Bank Transfer).<\/p>\n<p>Confirm your purchase. Once successful, you&#8217;ll receive a message informing you that the order has been placed. You&#8217;ll also receive an email confirming your order shortly.<\/p>\n<ul class=\"wp-block-list\">\n<li style=\"list-style-type: none;\">&nbsp;<\/li>\n<\/ul>\n<ul class=\"wp-block-list\">\n<li style=\"list-style-type: none;\">\n<ul class=\"wp-block-list\">\n<li><strong>Can I track the status of my order? <\/strong>If you&#8217;ve created an account, you can check the status of your order in My Account and check its tracking.<\/li>\n<\/ul>\n<\/li>\n<\/ul>\n<p>If you have any questions, please contact us via email at geral@gloopbaby.com<\/p>\n<ul class=\"wp-block-list\">\n<li style=\"list-style-type: none;\">&nbsp;<\/li>\n<\/ul>\n<ul class=\"wp-block-list\">\n<li style=\"list-style-type: none;\">\n<ul class=\"wp-block-list\">\n<li><strong>Can I cancel an order? <\/strong>If you wish to cancel an order, please send an email to geral@gloopbaby.com as soon as possible so we can discuss the possibility of canceling it.\n<p>If the order has already been processed, it cannot be canceled and you can then return it in accordance with the terms and conditions.<\/p>\n<\/li>\n<\/ul>\n<\/li>\n<\/ul>\n<ul class=\"wp-block-list\">\n<li style=\"list-style-type: none;\">&nbsp;<\/li>\n<\/ul>\n<ul class=\"wp-block-list\">\n<li style=\"list-style-type: none;\">\n<ul class=\"wp-block-list\">\n<li><strong>Can I change the delivery address of an already confirmed order?<\/strong><\/li>\n<\/ul>\n<\/li>\n<\/ul>\n<p>If you wish to change the address of an order, you will need to register a new order. To do so, please send an email to geral@gloopbaby.com as soon as possible so we can check whether the current order can be canceled.<\/p>\n<h3>&nbsp;<\/h3>\n<h3><strong>Product<\/strong><\/h3>\n<ul class=\"wp-block-list\">\n<li style=\"list-style-type: none;\">&nbsp;<\/li>\n<\/ul>\n<ul class=\"wp-block-list\">\n<li style=\"list-style-type: none;\">\n<ul class=\"wp-block-list\">\n<li><strong>Size Guide<\/strong><\/li>\n<\/ul>\n<\/li>\n<\/ul>\n<figure class=\"wp-block-table\">\n<table class=\"has-fixed-layout\">\n<tbody>\n<tr>\n<td><strong>Age<\/strong><\/td>\n<td><strong>Height (cm)<\/strong><\/td>\n<td><strong>Chest (cm)<\/strong><\/td>\n<td><strong>Waist (cm)<\/strong><\/td>\n<\/tr>\n<tr>\n<td>0-1 months<\/td>\n<td>50-55<\/td>\n<td>41<\/td>\n<td>40.5<\/td>\n<\/tr>\n<tr>\n<td>0-3 months<\/td>\n<td>50-62<\/td>\n<td>43<\/td>\n<td>42.5<\/td>\n<\/tr>\n<tr>\n<td>0-6 months<\/td>\n<td>50-68<\/td>\n<td>45<\/td>\n<td>44.5<\/td>\n<\/tr>\n<tr>\n<td>0-12 months<\/td>\n<td>50-80<\/td>\n<td>49<\/td>\n<td>48.5<\/td>\n<\/tr>\n<tr>\n<td>1-3 months<\/td>\n<td>55-62<\/td>\n<td>43<\/td>\n<td>42.5<\/td>\n<\/tr>\n<tr>\n<td>3-6 months<\/td>\n<td>62-68<\/td>\n<td>45<\/td>\n<td>44.5<\/td>\n<\/tr>\n<tr>\n<td>6-9 months<\/td>\n<td>68-74<\/td>\n<td>47<\/td>\n<td>46.5<\/td>\n<\/tr>\n<tr>\n<td>6-12 months<\/td>\n<td>68-80<\/td>\n<td>49<\/td>\n<td>48.5<\/td>\n<\/tr>\n<tr>\n<td>9-12 months<\/td>\n<td>74-80<\/td>\n<td>49<\/td>\n<td>48.5<\/td>\n<\/tr>\n<tr>\n<td>12-24 months<\/td>\n<td>80-88<\/td>\n<td>53<\/td>\n<td>52.5<\/td>\n<\/tr>\n<\/tbody>\n<\/table>\n<\/figure>\n<ul class=\"wp-block-list\">\n<li style=\"list-style-type: none;\">&nbsp;<\/li>\n<\/ul>\n<h3>&nbsp;<\/h3>\n<h3><strong>What care should I take with Gloop! products?<\/strong><\/h3>\n<ul>\n<li style=\"list-style-type: none;\">\n<ul class=\"wp-block-list\">\n<li>We recommend checking the information available on the labels or product pages regarding composition and washing instructions. In any case, here are some recommendations:<\/li>\n<\/ul>\n<\/li>\n<\/ul>\n<ul class=\"wp-block-list\">\n<li style=\"list-style-type: none;\">\n<ul class=\"wp-block-list\">\n<li>When washing, you should separate clothes by color and according to how dirty they are, to avoid exposing the items to longer cycles than necessary;<\/li>\n<\/ul>\n<\/li>\n<\/ul>\n<ul class=\"wp-block-list\">\n<li style=\"list-style-type: none;\">\n<ul class=\"wp-block-list\">\n<li>Washing at high temperatures damages the integrity of fabrics and makes colors less vibrant, so try to wash at low temperatures;<\/li>\n<\/ul>\n<\/li>\n<\/ul>\n<ul class=\"wp-block-list\">\n<li style=\"list-style-type: none;\">\n<ul class=\"wp-block-list\">\n<li>Direct sunlight causes colors to fade, so try to let them dry in environments protected from sunlight;<\/li>\n<\/ul>\n<\/li>\n<\/ul>\n<ul class=\"wp-block-list\">\n<li style=\"list-style-type: none;\">\n<ul class=\"wp-block-list\">\n<li>Detergent is a cleaning agent, but it can also cause abrasion to fabrics, so try to use the recommended doses and never use too much;<\/li>\n<\/ul>\n<\/li>\n<\/ul>\n<ul class=\"wp-block-list\">\n<li style=\"list-style-type: none;\">\n<ul class=\"wp-block-list\">\n<li>For best results in the wash cycle, try not to completely fill the drum, in order to allow the clothes to move freely, allowing for better hygiene and washing.<\/li>\n<\/ul>\n<\/li>\n<\/ul>\n<h3>&nbsp;<\/h3>\n<h3><strong>Ideal sleeping bag<\/strong><\/h3>\n<ul class=\"wp-block-list\">\n<li style=\"list-style-type: none;\">&nbsp;<\/li>\n<\/ul>\n<ul class=\"wp-block-list\">\n<li style=\"list-style-type: none;\">\n<ul class=\"wp-block-list\">\n<li><strong>How to choose a TOG?<\/strong><\/li>\n<\/ul>\n<\/li>\n<\/ul>\n<figure class=\"wp-block-image size-large is-resized\"><img fetchpriority=\"high\" decoding=\"async\" width=\"818\" height=\"1024\" class=\"wp-image-137989\" style=\"width: 614px; height: auto;\" src=\"https:\/\/gloopbaby.com\/wp-content\/uploads\/2025\/10\/tabela-tog-EN-818x1024.jpg\" alt=\"\" srcset=\"https:\/\/gloopbaby.com\/wp-content\/uploads\/2025\/10\/tabela-tog-EN-818x1024.jpg 818w, https:\/\/gloopbaby.com\/wp-content\/uploads\/2025\/10\/tabela-tog-EN-240x300.jpg 240w, https:\/\/gloopbaby.com\/wp-content\/uploads\/2025\/10\/tabela-tog-EN-768x962.jpg 768w, https:\/\/gloopbaby.com\/wp-content\/uploads\/2025\/10\/tabela-tog-EN-900x1127.jpg 900w, https:\/\/gloopbaby.com\/wp-content\/uploads\/2025\/10\/tabela-tog-EN.jpg 962w\" sizes=\"(max-width: 818px) 100vw, 818px\" \/><\/figure>\t\t\t\t\t\t\t\t<\/div>\n\t\t\t\t<\/div>\n\t\t\t\t\t<\/div>\n\t\t\t\t<\/div>\n\t\t\t\t<\/div>\n\t\t","protected":false},"excerpt":{"rendered":"<p>Deliveries &nbsp; What are the delivery costs and times? Home Delivery Home Delivery* Delivery time Mainland Portugal 4,99\u20ac&nbsp; 1 to 2 business days Madeira \/ Azores Islands 6,95\u20ac 2 to 5 business days Spain 9.95\u20ac 1 to 2 business days Europe 9.95\u20ac 2 to 5 business days UK 24.95\u20ac &nbsp; Switzerland 24.90\u20ac &nbsp; Others 9.90\u20ac [&hellip;]<\/p>\n","protected":false},"author":2,"featured_media":0,"parent":0,"menu_order":0,"comment_status":"closed","ping_status":"closed","template":"","meta":{"_acf_changed":false,"footnotes":""},"class_list":["post-137643","page","type-page","status-publish","hentry"],"acf":[],"yoast_head":"<!-- This site is optimized with the Yoast SEO plugin v27.4 - https:\/\/yoast.com\/product\/yoast-seo-wordpress\/ -->\n<title>FAQ&#039;s | produtos para beb\u00e9 em algod\u00e3o org\u00e2nico - Gloop Baby<\/title>\n<meta name=\"description\" content=\"Precisa de ajuda com a encomenda? Assim que a sua encomenda estiver pronta, receber\u00e1 informa\u00e7\u00e3o por e-mail sobre o seguimento da encomenda.\" \/>\n<meta name=\"robots\" content=\"index, follow, max-snippet:-1, max-image-preview:large, max-video-preview:-1\" \/>\n<link rel=\"canonical\" href=\"https:\/\/gloopbaby.com\/en\/faqs\/\" \/>\n<meta property=\"og:locale\" content=\"en_US\" \/>\n<meta property=\"og:type\" content=\"article\" \/>\n<meta property=\"og:title\" content=\"FAQ&#039;s | produtos para beb\u00e9 em algod\u00e3o org\u00e2nico - Gloop Baby\" \/>\n<meta property=\"og:description\" content=\"Precisa de ajuda com a encomenda? Assim que a sua encomenda estiver pronta, receber\u00e1 informa\u00e7\u00e3o por e-mail sobre o seguimento da encomenda.\" \/>\n<meta property=\"og:url\" content=\"https:\/\/gloopbaby.com\/en\/faqs\/\" \/>\n<meta property=\"og:site_name\" content=\"Gloop Baby\" \/>\n<meta property=\"article:modified_time\" content=\"2025-10-31T12:29:04+00:00\" \/>\n<meta property=\"og:image\" content=\"https:\/\/gloopbaby.com\/wp-content\/uploads\/2025\/10\/tabela-tog-EN.jpg\" \/>\n\t<meta property=\"og:image:width\" content=\"962\" \/>\n\t<meta property=\"og:image:height\" content=\"1205\" \/>\n\t<meta property=\"og:image:type\" content=\"image\/jpeg\" \/>\n<meta name=\"twitter:card\" content=\"summary_large_image\" \/>\n<meta name=\"twitter:label1\" content=\"Est. reading time\" \/>\n\t<meta name=\"twitter:data1\" content=\"5 minutes\" \/>\n<script type=\"application\/ld+json\" class=\"yoast-schema-graph\">{\"@context\":\"https:\\\/\\\/schema.org\",\"@graph\":[{\"@type\":\"WebPage\",\"@id\":\"https:\\\/\\\/gloopbaby.com\\\/en\\\/faqs\\\/\",\"url\":\"https:\\\/\\\/gloopbaby.com\\\/en\\\/faqs\\\/\",\"name\":\"FAQ's | produtos para beb\u00e9 em algod\u00e3o org\u00e2nico - Gloop Baby\",\"isPartOf\":{\"@id\":\"https:\\\/\\\/gloopbaby.com\\\/en\\\/#website\"},\"primaryImageOfPage\":{\"@id\":\"https:\\\/\\\/gloopbaby.com\\\/en\\\/faqs\\\/#primaryimage\"},\"image\":{\"@id\":\"https:\\\/\\\/gloopbaby.com\\\/en\\\/faqs\\\/#primaryimage\"},\"thumbnailUrl\":\"https:\\\/\\\/gloopbaby.com\\\/wp-content\\\/uploads\\\/2025\\\/10\\\/tabela-tog-EN-818x1024.jpg\",\"datePublished\":\"2025-09-30T14:23:46+00:00\",\"dateModified\":\"2025-10-31T12:29:04+00:00\",\"description\":\"Precisa de ajuda com a encomenda? Assim que a sua encomenda estiver pronta, receber\u00e1 informa\u00e7\u00e3o por e-mail sobre o seguimento da encomenda.\",\"breadcrumb\":{\"@id\":\"https:\\\/\\\/gloopbaby.com\\\/en\\\/faqs\\\/#breadcrumb\"},\"inLanguage\":\"en-US\",\"potentialAction\":[{\"@type\":\"ReadAction\",\"target\":[\"https:\\\/\\\/gloopbaby.com\\\/en\\\/faqs\\\/\"]}]},{\"@type\":\"ImageObject\",\"inLanguage\":\"en-US\",\"@id\":\"https:\\\/\\\/gloopbaby.com\\\/en\\\/faqs\\\/#primaryimage\",\"url\":\"https:\\\/\\\/gloopbaby.com\\\/wp-content\\\/uploads\\\/2025\\\/10\\\/tabela-tog-EN-818x1024.jpg\",\"contentUrl\":\"https:\\\/\\\/gloopbaby.com\\\/wp-content\\\/uploads\\\/2025\\\/10\\\/tabela-tog-EN-818x1024.jpg\"},{\"@type\":\"BreadcrumbList\",\"@id\":\"https:\\\/\\\/gloopbaby.com\\\/en\\\/faqs\\\/#breadcrumb\",\"itemListElement\":[{\"@type\":\"ListItem\",\"position\":1,\"name\":\"In\u00edcio\",\"item\":\"https:\\\/\\\/gloopbaby.com\\\/en\\\/\"},{\"@type\":\"ListItem\",\"position\":2,\"name\":\"FAQ&#8217;s\"}]},{\"@type\":\"WebSite\",\"@id\":\"https:\\\/\\\/gloopbaby.com\\\/en\\\/#website\",\"url\":\"https:\\\/\\\/gloopbaby.com\\\/en\\\/\",\"name\":\"Gloop Baby\",\"description\":\"\",\"publisher\":{\"@id\":\"https:\\\/\\\/gloopbaby.com\\\/en\\\/#organization\"},\"potentialAction\":[{\"@type\":\"SearchAction\",\"target\":{\"@type\":\"EntryPoint\",\"urlTemplate\":\"https:\\\/\\\/gloopbaby.com\\\/en\\\/?s={search_term_string}\"},\"query-input\":{\"@type\":\"PropertyValueSpecification\",\"valueRequired\":true,\"valueName\":\"search_term_string\"}}],\"inLanguage\":\"en-US\"},{\"@type\":\"Organization\",\"@id\":\"https:\\\/\\\/gloopbaby.com\\\/en\\\/#organization\",\"name\":\"Gloop Baby\",\"url\":\"https:\\\/\\\/gloopbaby.com\\\/en\\\/\",\"logo\":{\"@type\":\"ImageObject\",\"inLanguage\":\"en-US\",\"@id\":\"https:\\\/\\\/gloopbaby.com\\\/en\\\/#\\\/schema\\\/logo\\\/image\\\/\",\"url\":\"https:\\\/\\\/gloopbaby.com\\\/wp-content\\\/uploads\\\/2023\\\/06\\\/gloop-logo.svg\",\"contentUrl\":\"https:\\\/\\\/gloopbaby.com\\\/wp-content\\\/uploads\\\/2023\\\/06\\\/gloop-logo.svg\",\"width\":100,\"height\":100,\"caption\":\"Gloop Baby\"},\"image\":{\"@id\":\"https:\\\/\\\/gloopbaby.com\\\/en\\\/#\\\/schema\\\/logo\\\/image\\\/\"}}]}<\/script>\n<!-- \/ Yoast SEO plugin. -->","yoast_head_json":{"title":"FAQ's | produtos para beb\u00e9 em algod\u00e3o org\u00e2nico - Gloop Baby","description":"Precisa de ajuda com a encomenda? Assim que a sua encomenda estiver pronta, receber\u00e1 informa\u00e7\u00e3o por e-mail sobre o seguimento da encomenda.","robots":{"index":"index","follow":"follow","max-snippet":"max-snippet:-1","max-image-preview":"max-image-preview:large","max-video-preview":"max-video-preview:-1"},"canonical":"https:\/\/gloopbaby.com\/en\/faqs\/","og_locale":"en_US","og_type":"article","og_title":"FAQ's | produtos para beb\u00e9 em algod\u00e3o org\u00e2nico - Gloop Baby","og_description":"Precisa de ajuda com a encomenda? Assim que a sua encomenda estiver pronta, receber\u00e1 informa\u00e7\u00e3o por e-mail sobre o seguimento da encomenda.","og_url":"https:\/\/gloopbaby.com\/en\/faqs\/","og_site_name":"Gloop Baby","article_modified_time":"2025-10-31T12:29:04+00:00","og_image":[{"width":962,"height":1205,"url":"https:\/\/gloopbaby.com\/wp-content\/uploads\/2025\/10\/tabela-tog-EN.jpg","type":"image\/jpeg"}],"twitter_card":"summary_large_image","twitter_misc":{"Est. reading time":"5 minutes"},"schema":{"@context":"https:\/\/schema.org","@graph":[{"@type":"WebPage","@id":"https:\/\/gloopbaby.com\/en\/faqs\/","url":"https:\/\/gloopbaby.com\/en\/faqs\/","name":"FAQ's | produtos para beb\u00e9 em algod\u00e3o org\u00e2nico - Gloop Baby","isPartOf":{"@id":"https:\/\/gloopbaby.com\/en\/#website"},"primaryImageOfPage":{"@id":"https:\/\/gloopbaby.com\/en\/faqs\/#primaryimage"},"image":{"@id":"https:\/\/gloopbaby.com\/en\/faqs\/#primaryimage"},"thumbnailUrl":"https:\/\/gloopbaby.com\/wp-content\/uploads\/2025\/10\/tabela-tog-EN-818x1024.jpg","datePublished":"2025-09-30T14:23:46+00:00","dateModified":"2025-10-31T12:29:04+00:00","description":"Precisa de ajuda com a encomenda? Assim que a sua encomenda estiver pronta, receber\u00e1 informa\u00e7\u00e3o por e-mail sobre o seguimento da encomenda.","breadcrumb":{"@id":"https:\/\/gloopbaby.com\/en\/faqs\/#breadcrumb"},"inLanguage":"en-US","potentialAction":[{"@type":"ReadAction","target":["https:\/\/gloopbaby.com\/en\/faqs\/"]}]},{"@type":"ImageObject","inLanguage":"en-US","@id":"https:\/\/gloopbaby.com\/en\/faqs\/#primaryimage","url":"https:\/\/gloopbaby.com\/wp-content\/uploads\/2025\/10\/tabela-tog-EN-818x1024.jpg","contentUrl":"https:\/\/gloopbaby.com\/wp-content\/uploads\/2025\/10\/tabela-tog-EN-818x1024.jpg"},{"@type":"BreadcrumbList","@id":"https:\/\/gloopbaby.com\/en\/faqs\/#breadcrumb","itemListElement":[{"@type":"ListItem","position":1,"name":"In\u00edcio","item":"https:\/\/gloopbaby.com\/en\/"},{"@type":"ListItem","position":2,"name":"FAQ&#8217;s"}]},{"@type":"WebSite","@id":"https:\/\/gloopbaby.com\/en\/#website","url":"https:\/\/gloopbaby.com\/en\/","name":"Gloop Baby","description":"","publisher":{"@id":"https:\/\/gloopbaby.com\/en\/#organization"},"potentialAction":[{"@type":"SearchAction","target":{"@type":"EntryPoint","urlTemplate":"https:\/\/gloopbaby.com\/en\/?s={search_term_string}"},"query-input":{"@type":"PropertyValueSpecification","valueRequired":true,"valueName":"search_term_string"}}],"inLanguage":"en-US"},{"@type":"Organization","@id":"https:\/\/gloopbaby.com\/en\/#organization","name":"Gloop Baby","url":"https:\/\/gloopbaby.com\/en\/","logo":{"@type":"ImageObject","inLanguage":"en-US","@id":"https:\/\/gloopbaby.com\/en\/#\/schema\/logo\/image\/","url":"https:\/\/gloopbaby.com\/wp-content\/uploads\/2023\/06\/gloop-logo.svg","contentUrl":"https:\/\/gloopbaby.com\/wp-content\/uploads\/2023\/06\/gloop-logo.svg","width":100,"height":100,"caption":"Gloop Baby"},"image":{"@id":"https:\/\/gloopbaby.com\/en\/#\/schema\/logo\/image\/"}}]}},"_links":{"self":[{"href":"https:\/\/gloopbaby.com\/en\/wp-json\/wp\/v2\/pages\/137643","targetHints":{"allow":["GET"]}}],"collection":[{"href":"https:\/\/gloopbaby.com\/en\/wp-json\/wp\/v2\/pages"}],"about":[{"href":"https:\/\/gloopbaby.com\/en\/wp-json\/wp\/v2\/types\/page"}],"author":[{"embeddable":true,"href":"https:\/\/gloopbaby.com\/en\/wp-json\/wp\/v2\/users\/2"}],"replies":[{"embeddable":true,"href":"https:\/\/gloopbaby.com\/en\/wp-json\/wp\/v2\/comments?post=137643"}],"version-history":[{"count":11,"href":"https:\/\/gloopbaby.com\/en\/wp-json\/wp\/v2\/pages\/137643\/revisions"}],"predecessor-version":[{"id":139401,"href":"https:\/\/gloopbaby.com\/en\/wp-json\/wp\/v2\/pages\/137643\/revisions\/139401"}],"wp:attachment":[{"href":"https:\/\/gloopbaby.com\/en\/wp-json\/wp\/v2\/media?parent=137643"}],"curies":[{"name":"wp","href":"https:\/\/api.w.org\/{rel}","templated":true}]}}